{"id":7,"date":"2018-01-25T13:53:38","date_gmt":"2018-01-25T11:53:38","guid":{"rendered":"http:\/\/www.showlink.fi\/shows\/aurarn2018\/?page_id=7"},"modified":"2025-12-05T15:17:05","modified_gmt":"2025-12-05T13:17:05","slug":"tervetuloa-auran-ryhmanayttelyyn-16-6-2018","status":"publish","type":"page","link":"https:\/\/www.showlink.fi\/shows\/lapuarn2026\/","title":{"rendered":"Tervetuloa Lapuan ryhm\u00e4n\u00e4yttelyyn 9.5.2026!"},"content":{"rendered":"\n<hr class=\"wp-block-separator has-text-color has-alpha-channel-opacity has-background\" style=\"background-color:#b8b8b836;color:#b8b8b836\"\/>\n\n\n\n<p><strong>N\u00e4yttelypaikka:<\/strong> Lapuan ravirata<br><strong>Osoite:<\/strong> Huhdannevantie 52, Lapua.<br><\/p>\n\n\n\n<p><strong>N\u00e4yttelyss\u00e4 arvostellaan FCI:n ryhm\u00e4t 3, 5, 6<\/strong> <strong>&amp; 7<\/strong><br>My\u00f6s pennut (7kk - alle 9 kk) ja<strong> Junior Handler <\/strong>kilpailu.<br><br><strong>FCI 3<\/strong> - Terrierit<br><strong>FCI 5<\/strong> - Pystykorvat ja alkukantaiset&nbsp;koirat<br><strong>FCI 6 <\/strong>- Ajavat ja j\u00e4ljest\u00e4v\u00e4t koirat<br><strong>FCI 7<\/strong> - Seisovat lintukoirat<br><\/p>\n\n\n\n<p><strong>J\u00e4rjest\u00e4j\u00e4:<\/strong> Lapuan Mets\u00e4stysseura<\/p>\n\n\n\n<figure class=\"wp-block-image size-full\"><img loading=\"lazy\" decoding=\"async\" width=\"248\" height=\"206\" src=\"https:\/\/www.showlink.fi\/shows\/lapuarn2026\/wp-content\/uploads\/sites\/46\/2025\/12\/lapuametsastys.jpg\" alt=\"\" class=\"wp-image-291\"\/><\/figure>\n\n\n\n<hr class=\"wp-block-separator has-text-color has-alpha-channel-opacity has-background\" style=\"background-color:#b8b8b836;color:#b8b8b836\"\/>\n\n\n\n<h3 class=\"wp-block-heading\">Tiedustelut<\/h3>\n\n\n\n<p><strong>Ilmoittautumisia koskevat tiedustelut<\/strong><br>Showlink Oy, arkisin klo 11-17 puh. 09 887 30320 tai e-mail: info@showlink.fi<br><em>Mainitsethan tiedustelussasi n\u00e4yttelyn sek\u00e4 koiran rekisterinumeron, jota tiedustelu koskee.<\/em><\/p>\n\n\n\n<p><strong>Muut tiedustelut ja keh\u00e4toimitsijat<\/strong><br>Virpi Palosaari<br>044 261 9758 (klo 17-19)<br>burningislecairnterrier@gmail.com<\/p>\n\n\n\n<p><strong>Tuomariharjoittelijat<\/strong><br>Kristina Erkkil\u00e4<br>kristina.erkkila@netikka.fi<\/p>\n\n\n\n<p><strong>Yhteisty\u00f6ss\u00e4<\/strong>: K-Supermarket, Vedenv\u00e4ki<\/p>\n\n\n\n<hr class=\"wp-block-separator has-text-color has-alpha-channel-opacity has-background\" style=\"background-color:#b8b8b836;color:#b8b8b836\"\/>\n\n\n\n<figure class=\"wp-block-image size-large\"><img loading=\"lazy\" decoding=\"async\" width=\"1024\" height=\"534\" src=\"https:\/\/www.showlink.fi\/shows\/lapuarn2026\/wp-content\/uploads\/sites\/46\/2025\/12\/vedenvaki-1024x534.jpg\" alt=\"\" class=\"wp-image-293\" srcset=\"https:\/\/www.showlink.fi\/shows\/lapuarn2026\/wp-content\/uploads\/sites\/46\/2025\/12\/vedenvaki-1024x534.jpg 1024w, https:\/\/www.showlink.fi\/shows\/lapuarn2026\/wp-content\/uploads\/sites\/46\/2025\/12\/vedenvaki-300x156.jpg 300w, https:\/\/www.showlink.fi\/shows\/lapuarn2026\/wp-content\/uploads\/sites\/46\/2025\/12\/vedenvaki-768x401.jpg 768w, https:\/\/www.showlink.fi\/shows\/lapuarn2026\/wp-content\/uploads\/sites\/46\/2025\/12\/vedenvaki-1536x801.jpg 1536w, https:\/\/www.showlink.fi\/shows\/lapuarn2026\/wp-content\/uploads\/sites\/46\/2025\/12\/vedenvaki-2048x1068.jpg 2048w, https:\/\/www.showlink.fi\/shows\/lapuarn2026\/wp-content\/uploads\/sites\/46\/2025\/12\/vedenvaki-960x501.jpg 960w\" sizes=\"auto, (max-width: 1024px) 100vw, 1024px\" \/><\/figure>\n","protected":false},"excerpt":{"rendered":"<p>N\u00e4yttelypaikka: Lapuan ravirataOsoite: Huhdannevantie 52, Lapua. N\u00e4yttelyss\u00e4 arvostellaan FCI:n ryhm\u00e4t 3, 5, 6 &amp; 7My\u00f6s pennut (7kk - alle 9 kk) ja Junior Handler kilpailu. FCI 3 - TerrieritFCI 5 - Pystykorvat ja alkukantaiset&nbsp;koiratFCI 6 - Ajavat ja j\u00e4ljest\u00e4v\u00e4t koiratFCI 7 - Seisovat lintukoirat J\u00e4rjest\u00e4j\u00e4: Lapuan Mets\u00e4stysseura Tiedustelut Ilmoittautumisia koskevat tiedustelutShowlink Oy, arkisin klo 11-17 <a href=\"https:\/\/www.showlink.fi\/shows\/lapuarn2026\/\" class=\"more-link\">...jatka lukemista<span class=\"screen-reader-text\"> \"Tervetuloa Lapuan ryhm\u00e4n\u00e4yttelyyn 9.5.2026!\"<\/span><\/a><\/p>\n","protected":false},"author":1,"featured_media":0,"parent":0,"menu_order":0,"comment_status":"closed","ping_status":"closed","template":"","meta":{"footnotes":""},"class_list":["post-7","page","type-page","status-publish","h-entry","hentry","h-as-page"],"_links":{"self":[{"href":"https:\/\/www.showlink.fi\/shows\/lapuarn2026\/wp-json\/wp\/v2\/pages\/7","targetHints":{"allow":["GET"]}}],"collection":[{"href":"https:\/\/www.showlink.fi\/shows\/lapuarn2026\/wp-json\/wp\/v2\/pages"}],"about":[{"href":"https:\/\/www.showlink.fi\/shows\/lapuarn2026\/wp-json\/wp\/v2\/types\/page"}],"author":[{"embeddable":true,"href":"https:\/\/www.showlink.fi\/shows\/lapuarn2026\/wp-json\/wp\/v2\/users\/1"}],"replies":[{"embeddable":true,"href":"https:\/\/www.showlink.fi\/shows\/lapuarn2026\/wp-json\/wp\/v2\/comments?post=7"}],"version-history":[{"count":52,"href":"https:\/\/www.showlink.fi\/shows\/lapuarn2026\/wp-json\/wp\/v2\/pages\/7\/revisions"}],"predecessor-version":[{"id":304,"href":"https:\/\/www.showlink.fi\/shows\/lapuarn2026\/wp-json\/wp\/v2\/pages\/7\/revisions\/304"}],"wp:attachment":[{"href":"https:\/\/www.showlink.fi\/shows\/lapuarn2026\/wp-json\/wp\/v2\/media?parent=7"}],"curies":[{"name":"wp","href":"https:\/\/api.w.org\/{rel}","templated":true}]}}