{"id":9,"date":"2018-01-25T13:55:36","date_gmt":"2018-01-25T11:55:36","guid":{"rendered":"http:\/\/www.showlink.fi\/shows\/aurarn2018\/?page_id=9"},"modified":"2025-12-04T15:24:04","modified_gmt":"2025-12-04T13:24:04","slug":"tuomari","status":"publish","type":"page","link":"https:\/\/www.showlink.fi\/shows\/lapuarn2026\/tuomari\/","title":{"rendered":"Tuomarit"},"content":{"rendered":"\n<p><strong>Ryhm\u00e4 3<\/strong><br><em>Varalla kaikille ryhm\u00e4 3 roduille\u00a0<strong>Hannele Jokisilta<\/strong><\/em><br>airedalenterrieri, amerikankarvatonterrieri, amerikanstaffordshirenterrieri, bedlingtoninterrieri, brasilianterrieri, bullterrieri, cairnterrieri, dandiedinmontinterrieri, englannink\u00e4\u00e4pi\u00f6terrieri, glen of imaalinterrieri, irlanninterrieri, jackrussellinterrieri, kettuterrierit, kerrynterrieri, k\u00e4\u00e4pi\u00f6bullterrieri, manchesterinterrieri, parsonrussellinterrieri, saksanmets\u00e4stysterrieri, silkkiterrieri, skotlanninterrieri, skyenterrieri, staffordshirenbullterrieri, vehn\u00e4terrieri, yorkshirenterrieri\u00a0<strong>Hannele Jokisilta<\/strong><br>amerikank\u00e4\u00e4pi\u00f6kettuterrieri, amerikanrottaterrieri, andalusianrottakoira, australianterrieri, biewerterrieri, borderterrieri, ceskyterrieri, japaninterrieri, lakelandinterrieri, norfolkinterrieri, norwichinterrieri, sealyhaminterrieri, tenterfieldinterrieri, valencianrottaterrieri, walesinterrieri, valkoinen l\u00e4nsiyl\u00e4maanterrieri\u00a0<strong>Sophie Aspholm<\/strong><\/p>\n\n\n\n<p><strong>Ryhm\u00e4 5<\/strong><br><em>Varalla kaikille ryhm\u00e4 5 roduille\u00a0<strong>Paavo Mattila<\/strong><\/em><br>akita, alaskanmalamuutti, american eskimo dog, amerikanakita, harmaa norjanhirvikoira, h\u00e4lleforsinkoira, it\u00e4siperianlaika, j\u00e4mtlanninpystykorva, karjalankarhukoira, l\u00e4nsisiperianlaika, musta norjanhirvikoira, pohjanpystykorva, suomenpystykorva, valkoinen ruotsinhirvikoira, ven\u00e4l\u00e4is-eurooppalainen laika\u00a0<strong>Esa Ruotsalainen<\/strong><br>buhund, chow chow, eurasier, gr\u00f6nlanninkoira, hokkaidonkoira, jakutianlaika, kaanaankoira, kainkoira, kanadaneskimokoira, kanarianpodenco, kintamani-balinkoira, kishunkoira, koreanjindonkoira, lunnikoira, musta tanskanpystykorva, samojedinkoira, shiba, shikokunkoira, siperianhusky, taiwaninkoira, tanskanpystykorva, thai ridgeback, thaimaanpystykorva\u00a0<strong>Reino Korpela<\/strong><br>muut rodut\u00a0<strong>Paavo Mattila<\/strong><\/p>\n\n\n\n<p><strong>Ryhm\u00e4 6<\/strong><br><em>Varalla kaikille ryhm\u00e4 6 roduille\u00a0<strong>Paavo Mattila<\/strong><\/em><br>kaikki rodut\u00a0<strong>Sophie Aspholm<\/strong><\/p>\n\n\n\n<p><strong>Ryhm\u00e4 7<\/strong><br><em>Varalla kaikille ryhm\u00e4 7 roduille\u00a0<strong>Sophie Aspholm<\/strong><\/em><br>kaikki rodut\u00a0<strong>Reino Korpela<\/strong><br><\/p>\n\n\n\n<p>Junior Handler\u00a0<strong>Henna Pohjanoksa<\/strong><\/p>\n\n\n\n<p><br>Ryhm\u00e4kilpailut<br>FCI 3<strong>\u00a0Hannele Jokisilta<\/strong><br>FCI 5<strong>\u00a0Paavo Mattila<\/strong><br>FCI 6<strong>\u00a0Sophie Aspholm<\/strong><br>FCI 7<strong>\u00a0Reino Korpela<\/strong><br><br>Paras juniori\u00a0<strong>Paavo Mattila<\/strong><br>Paras veteraani\u00a0<strong>Hannele Jokisilta<\/strong><br>Paras kasvattajaryhm\u00e4\u00a0<strong>Esa Ruotsalainen<\/strong><br>Best in Show<strong>\u00a0Esa Ruotsalainen<\/strong><\/p>\n","protected":false},"excerpt":{"rendered":"<p>Ryhm\u00e4 3Varalla kaikille ryhm\u00e4 3 roduille\u00a0Hannele Jokisiltaairedalenterrieri, amerikankarvatonterrieri, amerikanstaffordshirenterrieri, bedlingtoninterrieri, brasilianterrieri, bullterrieri, cairnterrieri, dandiedinmontinterrieri, englannink\u00e4\u00e4pi\u00f6terrieri, glen of imaalinterrieri, irlanninterrieri, jackrussellinterrieri, kettuterrierit, kerrynterrieri, k\u00e4\u00e4pi\u00f6bullterrieri, manchesterinterrieri, parsonrussellinterrieri, saksanmets\u00e4stysterrieri, silkkiterrieri, skotlanninterrieri, skyenterrieri, staffordshirenbullterrieri, vehn\u00e4terrieri, yorkshirenterrieri\u00a0Hannele Jokisiltaamerikank\u00e4\u00e4pi\u00f6kettuterrieri, amerikanrottaterrieri, andalusianrottakoira, australianterrieri, biewerterrieri, borderterrieri, ceskyterrieri, japaninterrieri, lakelandinterrieri, norfolkinterrieri, norwichinterrieri, sealyhaminterrieri, tenterfieldinterrieri, valencianrottaterrieri, walesinterrieri, valkoinen l\u00e4nsiyl\u00e4maanterrieri\u00a0Sophie Aspholm Ryhm\u00e4 5Varalla kaikille ryhm\u00e4 5 <a href=\"https:\/\/www.showlink.fi\/shows\/lapuarn2026\/tuomari\/\" class=\"more-link\">...jatka lukemista<span class=\"screen-reader-text\"> \"Tuomarit\"<\/span><\/a><\/p>\n","protected":false},"author":1,"featured_media":0,"parent":0,"menu_order":2,"comment_status":"closed","ping_status":"closed","template":"","meta":{"footnotes":""},"class_list":["post-9","page","type-page","status-publish","h-entry","hentry","h-as-page"],"_links":{"self":[{"href":"https:\/\/www.showlink.fi\/shows\/lapuarn2026\/wp-json\/wp\/v2\/pages\/9","targetHints":{"allow":["GET"]}}],"collection":[{"href":"https:\/\/www.showlink.fi\/shows\/lapuarn2026\/wp-json\/wp\/v2\/pages"}],"about":[{"href":"https:\/\/www.showlink.fi\/shows\/lapuarn2026\/wp-json\/wp\/v2\/types\/page"}],"author":[{"embeddable":true,"href":"https:\/\/www.showlink.fi\/shows\/lapuarn2026\/wp-json\/wp\/v2\/users\/1"}],"replies":[{"embeddable":true,"href":"https:\/\/www.showlink.fi\/shows\/lapuarn2026\/wp-json\/wp\/v2\/comments?post=9"}],"version-history":[{"count":22,"href":"https:\/\/www.showlink.fi\/shows\/lapuarn2026\/wp-json\/wp\/v2\/pages\/9\/revisions"}],"predecessor-version":[{"id":276,"href":"https:\/\/www.showlink.fi\/shows\/lapuarn2026\/wp-json\/wp\/v2\/pages\/9\/revisions\/276"}],"wp:attachment":[{"href":"https:\/\/www.showlink.fi\/shows\/lapuarn2026\/wp-json\/wp\/v2\/media?parent=9"}],"curies":[{"name":"wp","href":"https:\/\/api.w.org\/{rel}","templated":true}]}}