{"id":10,"date":"2018-11-16T09:40:03","date_gmt":"2018-11-16T07:40:03","guid":{"rendered":"http:\/\/www.showlink.fi\/shows\/hamina2019_ehdotus\/?page_id=10"},"modified":"2025-08-18T16:04:37","modified_gmt":"2025-08-18T13:04:37","slug":"tuomarit","status":"publish","type":"page","link":"https:\/\/www.showlink.fi\/shows\/leppavirtaRN2026\/?page_id=10","title":{"rendered":"Tuomarit"},"content":{"rendered":"\n<hr class=\"wp-block-separator has-text-color has-alpha-channel-opacity has-background\" style=\"background-color:#b59b8b3b;color:#b59b8b3b\"\/>\n\n\n\n<h2 class=\"wp-block-heading\"><strong>Lauantai 14.3.2026<\/strong> \u2013 <strong>FCI:n ryhm\u00e4t 5 ja 9<\/strong><\/h2>\n\n\n\n<p><strong>Ryhm\u00e4 5<\/strong><br>harmaa norjanhirvikoira, j\u00e4mtlanninpystykorva, karjalankarhukoira, lapinporokoira, musta norjanhirvikoira, pohjanpystykorva, ruotsinlapinkoira, suomenlapinkoira, suomenpystykorva, valkoinen ruotsinhirvikoira\u00a0<strong>Johanna Sarkkinen<\/strong><br>basenji, buhund, chow chow, etnankoira, eurasier, faaraokoira, hokkaidonkoira, ibizanpodencot, islanninlammaskoira, it\u00e4siperianlaika, japaninpystykorva, kaanaankoira, kainkoira, kanadaneskimokoira, kanarianpodenco, kintamani-balinkoira, kishunkoira, koreanjindonkoira, lunnikoira, l\u00e4nsig\u00f6\u00f6tanmaanpystykorva, l\u00e4nsisiperianlaika, meksikonkarvatonkoirat, musta tanskanpystykorva, perunkarvatonkoirat, grosspitzit, mittelspitzit, shiba, shikokunkoira, taiwaninkoira, tanskanpystykorva, thai ridgeback, thaimaanpystykorva, ven\u00e4l\u00e4is-eurooppalainen laika, volpino italiano\u00a0<strong>Nina Janger<\/strong><br>akita, alaskanmalamuutti, american eskimo dog, amerikanakita, gr\u00f6nlanninkoira, h\u00e4lleforsinkoira, jakutianlaika, portugalinpodengot, keeshond, kleinspitzit, pomeranian, samojedinkoira, siperianhusky\u00a0<strong>Tuula Savolainen<\/strong><\/p>\n\n\n\n<p><strong>Ryhm\u00e4 9<\/strong><br>bichon fris\u00e9, chihuahuat, kromfohrl\u00e4nder, markiesje, tiibetinspanieli\u00a0<strong>Heidi K\u00e4rkk\u00e4inen<\/strong><br>prahanrottakoira, ven\u00e4j\u00e4nbolonka, ven\u00e4j\u00e4ntoyt, villakoirat\u00a0<strong>Iren Naarits<\/strong>, Viro<br>bolognese, coton de tul\u00e9ar, griffon belge, griffon bruxellois, havannankoira, kiinanharjakoira, lhasa apso, l\u00f6wchen, maltankoira, petit brabancon, shih tzu, tiibetinterrieri\u00a0<strong>Monica Vikner Stafberg<\/strong>, Ruotsi<br>bostoninterrieri, cavalier kingcharlesinspanieli, japanese chin, kiinanpalatsikoira, kingcharlesinspanieli, mopsi, papillon, phal\u00e8ne, ranskanbulldoggi\u00a0<strong>Saija Juutilainen<\/strong><\/p>\n\n\n\n<p><strong>Ryhm\u00e4kilpailut<\/strong><br>FCI 5<strong>\u00a0Tuula Savolainen<\/strong><br>FCI 9<strong>\u00a0Iren Naarits<\/strong>, Viro<br>Paras juniori\u00a0<strong>Monica Vikner Stafberg<\/strong>, Ruotsi<br>Paras veteraani\u00a0<strong>Iren Naarits<\/strong>, Viro<br>Paras kasvattajaryhm\u00e4\u00a0<strong>Tuula Savolainen<\/strong><\/p>\n\n\n\n<hr class=\"wp-block-separator has-text-color has-alpha-channel-opacity has-background\" style=\"background-color:#b59b8b3b;color:#b59b8b3b\"\/>\n\n\n\n<h2 class=\"wp-block-heading\"><strong>Sunnuntai 15.3.2026 \u2013 FCI:n ryhm\u00e4t 2 ja 3<\/strong><\/h2>\n\n\n\n<p><strong>Ryhm\u00e4 2<\/strong><br>aidi, alentejonkoira, apinapinseri, appenzellinpaimenkoira, berninpaimenkoira, bokseri, bordeauxindoggi, broholminkoira, bukovinankoira, cane corso, castro laboreironkoira, continental bulldog, dobermanni, englanninbulldoggi, entlebuchinpaimenkoira, estrelanvuoristokoirat, fila brasileiro, hollanninrottakoira, isosveitsinpaimenkoira, kanariandoggi, kangalinkoira, karstinpaimenkoira, keskiaasiankoira, landseer, leonberginkoira, mallorcandoggi, mastiffi, musta romanianvuoristokoira, newfoundlandinkoira, rottweiler, sao miguelinfila, sarplaninac, shar pei, tornjak, tosa, transmontano mastiff, uruguayncimarron, ven\u00e4j\u00e4nmustaterrieri\u00a0<strong>Johanna Sarkkinen<\/strong><br>k\u00e4\u00e4pi\u00f6snautserit, snautserit, suursnautserit\u00a0<strong>Saija Juutilainen<\/strong><br>bernhardinkoirat, bullmastiffi, dogo argentino, espanjanmastiffi, hovawart, it\u00e4vallanpinseri, kaukasiankoira, k\u00e4\u00e4pi\u00f6pinseri, napolinmastiffi, pinseri, pyreneittenkoira, pyreneittenmastiffi, tanskalais-ruotsalainen pihakoira, tanskandoggit, tiibetinmastiffi\u00a0<strong>Tuula Savolainen<\/strong><\/p>\n\n\n\n<p><strong>Ryhm\u00e4 3<\/strong><br>brasilianterrieri, cairnterrieri, ceskyterrieri, dandiedinmontinterrieri, glen of imaalinterrieri, irlanninterrieri, jackrussellinterrieri, japaninterrieri, karkeakarvainen kettuterrieri, kerrynterrieri, parsonrussellinterrieri, sile\u00e4karvainen kettuterrieri&nbsp;<strong>Iren Naarits<\/strong>, Viro<br>airedalenterrieri, amerikankarvatonterrieri, amerikank\u00e4\u00e4pi\u00f6kettuterrieri, amerikanrottaterrieri, amerikanstaffordshirenterrieri, andalusianrottakoira, englannink\u00e4\u00e4pi\u00f6terrieri, lakelandinterrieri, manchesterinterrieri, norfolkinterrieri, norwichinterrieri, staffordshirenbullterrieri, tenterfieldinterrieri, valencianrottaterrieri, walesinterrieri, valkoinen l\u00e4nsiyl\u00e4maanterrieri, vehn\u00e4terrieri, yorkshirenterrieri&nbsp;<strong>Monica Vikner Stafberg<\/strong>, Ruotsi<br>australianterrieri, bedlingtoninterrieri, biewerterrieri, borderterrieri, bullterrieri, k\u00e4\u00e4pi\u00f6bullterrieri, saksanmets\u00e4stysterrieri, sealyhaminterrieri, silkkiterrieri, skotlanninterrieri, skyenterrieri&nbsp;<strong>Nina Janger<\/strong><\/p>\n\n\n\n<p><strong>Ryhm\u00e4kilpailut<\/strong><br>FCI 2<strong>\u00a0Johanna Sarkkinen<\/strong><br>FCI 3<strong>\u00a0Monica Vikner Stafberg<\/strong>, Ruotsi<br>Paras juniori\u00a0<strong>Monica Vikner Stafberg<\/strong>, Ruotsi<br>Paras veteraani\u00a0<strong>Nina Janger<\/strong><br>Paras kasvattajaryhm\u00e4\u00a0<strong>Iren Naarits<\/strong>, Viro<\/p>\n\n\n\n<p>Best in Show<strong>&nbsp;Saija Juutilainen<\/strong><\/p>\n\n\n\n<h2 class=\"wp-block-heading\"><br><br><br><\/h2>\n","protected":false},"excerpt":{"rendered":"<p>Lauantai 14.3.2026 \u2013 FCI:n ryhm\u00e4t 5 ja 9 Ryhm\u00e4 5harmaa norjanhirvikoira, j\u00e4mtlanninpystykorva, karjalankarhukoira, lapinporokoira, musta norjanhirvikoira, pohjanpystykorva, ruotsinlapinkoira, suomenlapinkoira, suomenpystykorva, valkoinen ruotsinhirvikoira\u00a0Johanna Sarkkinenbasenji, buhund, chow chow, etnankoira, eurasier, faaraokoira, hokkaidonkoira, ibizanpodencot, islanninlammaskoira, it\u00e4siperianlaika, japaninpystykorva, kaanaankoira, kainkoira, kanadaneskimokoira, kanarianpodenco, kintamani-balinkoira, kishunkoira, koreanjindonkoira, lunnikoira, l\u00e4nsig\u00f6\u00f6tanmaanpystykorva, l\u00e4nsisiperianlaika, meksikonkarvatonkoirat, musta tanskanpystykorva, perunkarvatonkoirat, grosspitzit, mittelspitzit, shiba, shikokunkoira, taiwaninkoira, tanskanpystykorva, thai&hellip; <a href=\"https:\/\/www.showlink.fi\/shows\/leppavirtaRN2026\/?page_id=10\" class=\"more-link\">Jatka lukemista <span class=\"screen-reader-text\">Tuomarit<\/span><\/a><\/p>\n","protected":false},"author":1,"featured_media":0,"parent":0,"menu_order":2,"comment_status":"closed","ping_status":"closed","template":"","meta":{"footnotes":""},"class_list":["post-10","page","type-page","status-publish","hentry","without-featured-image"],"_links":{"self":[{"href":"https:\/\/www.showlink.fi\/shows\/leppavirtaRN2026\/index.php?rest_route=\/wp\/v2\/pages\/10","targetHints":{"allow":["GET"]}}],"collection":[{"href":"https:\/\/www.showlink.fi\/shows\/leppavirtaRN2026\/index.php?rest_route=\/wp\/v2\/pages"}],"about":[{"href":"https:\/\/www.showlink.fi\/shows\/leppavirtaRN2026\/index.php?rest_route=\/wp\/v2\/types\/page"}],"author":[{"embeddable":true,"href":"https:\/\/www.showlink.fi\/shows\/leppavirtaRN2026\/index.php?rest_route=\/wp\/v2\/users\/1"}],"replies":[{"embeddable":true,"href":"https:\/\/www.showlink.fi\/shows\/leppavirtaRN2026\/index.php?rest_route=%2Fwp%2Fv2%2Fcomments&post=10"}],"version-history":[{"count":31,"href":"https:\/\/www.showlink.fi\/shows\/leppavirtaRN2026\/index.php?rest_route=\/wp\/v2\/pages\/10\/revisions"}],"predecessor-version":[{"id":790,"href":"https:\/\/www.showlink.fi\/shows\/leppavirtaRN2026\/index.php?rest_route=\/wp\/v2\/pages\/10\/revisions\/790"}],"wp:attachment":[{"href":"https:\/\/www.showlink.fi\/shows\/leppavirtaRN2026\/index.php?rest_route=%2Fwp%2Fv2%2Fmedia&parent=10"}],"curies":[{"name":"wp","href":"https:\/\/api.w.org\/{rel}","templated":true}]}}