{"id":12,"date":"2022-04-21T17:09:49","date_gmt":"2022-04-21T14:09:49","guid":{"rendered":"http:\/\/www.showlink.fi\/shows\/hamina2019_ehdotus\/?page_id=12"},"modified":"2026-03-12T11:13:17","modified_gmt":"2026-03-12T09:13:17","slug":"aikataulut","status":"publish","type":"page","link":"https:\/\/www.showlink.fi\/shows\/leppavirtaRN2026\/?page_id=12","title":{"rendered":"Aikataulut"},"content":{"rendered":"\n<hr class=\"wp-block-separator has-text-color has-alpha-channel-opacity has-background\" style=\"background-color:#b59b8b3b;color:#b59b8b3b\"\/>\n\n\n\n<p><em>Aikataulut julkaistu 2.3.2026<\/em><\/p>\n\n\n\n<p><strong>Kaikki n\u00e4yttelykutsut tullaan l\u00e4hett\u00e4m\u00e4\u00e4n vain s\u00e4hk\u00f6postilla.<br><\/strong>Kutsuja ei l\u00e4hetet\u00e4 postitse.<\/p>\n\n\n\n<p><strong>\u00bb <a href=\"https:\/\/www.showlink.fi\/aikataulut2026\/LeppavirtaRN_14-150326_aikataulukirje.pdf\"><mark style=\"background-color:rgba(0, 0, 0, 0);color:#b69d8d\" class=\"has-inline-color\">Aikataulukirje PDF<\/mark><\/a><\/strong><\/p>\n\n\n\n<p><strong>\u00bb<\/strong> <strong><a href=\"https:\/\/www.showlink.fi\/leppavirtarn2026\/LeppavirtaRN_2026_kehakartta.pdf\"><mark style=\"background-color:rgba(0, 0, 0, 0);color:#b69d8d\" class=\"has-inline-color\">Keh\u00e4kartta PDF<\/mark><\/a><\/strong><\/p>\n\n\n\n<hr class=\"wp-block-separator has-text-color has-alpha-channel-opacity has-background\" style=\"background-color:#b59b8b3b;color:#b59b8b3b\"\/>\n\n\n\n<h3 class=\"wp-block-heading\">Lauantai 14.3.2026 \u2013 FCI 5 &amp; 9<\/h3>\n\n\n<table width=\"476\">\n<tbody>\n<tr>\n<td width=\"348\"><strong>KEH\u00c4 1<\/strong><\/td>\n<td width=\"64\">\u00a0<\/td>\n<td width=\"64\">\u00a0<\/td>\n<\/tr>\n<tr>\n<td><strong>Markku Kipin\u00e4<\/strong><\/td>\n<td><strong>51<\/strong><\/td>\n<td>\u00a0<\/td>\n<\/tr>\n<tr>\n<td><em><strong>Harjoitusarvostelija: M\u00e4ki\u00f6 Sari, shih tzu<\/strong><\/em><\/td>\n<td>\u00a0<\/td>\n<td>\u00a0<\/td>\n<\/tr>\n<tr>\n<td>* shih tzu<\/td>\n<td>5<\/td>\n<td>10.00<\/td>\n<\/tr>\n<tr>\n<td>* l\u00f6wchen<\/td>\n<td>4<\/td>\n<td>\u00a0<\/td>\n<\/tr>\n<tr>\n<td>* harmaa norjanhirvikoira<\/td>\n<td>11<\/td>\n<td>\u00a0<\/td>\n<\/tr>\n<tr>\n<td>* pohjanpystykorva<\/td>\n<td>10<\/td>\n<td>11.00<\/td>\n<\/tr>\n<tr>\n<td>* suomenpystykorva<\/td>\n<td>21<\/td>\n<td>\u00a0<\/td>\n<\/tr>\n<tr>\n<td>\u00a0<\/td>\n<td>\u00a0<\/td>\n<td>\u00a0<\/td>\n<\/tr>\n<tr>\n<td><strong>KEH\u00c4 2<\/strong><\/td>\n<td>\u00a0<\/td>\n<td>\u00a0<\/td>\n<\/tr>\n<tr>\n<td><strong>Tuula Savolainen<\/strong><\/td>\n<td><strong>87<\/strong><\/td>\n<td>\u00a0<\/td>\n<\/tr>\n<tr>\n<td>alaskanmalamuutti<\/td>\n<td>19<\/td>\n<td>10.00<\/td>\n<\/tr>\n<tr>\n<td>siperianhusky<\/td>\n<td>1<\/td>\n<td>\u00a0<\/td>\n<\/tr>\n<tr>\n<td>jakutianlaika<\/td>\n<td>3<\/td>\n<td>\u00a0<\/td>\n<\/tr>\n<tr>\n<td>amerikanakita<\/td>\n<td>4<\/td>\n<td>\u00a0<\/td>\n<\/tr>\n<tr>\n<td>akita<\/td>\n<td>3<\/td>\n<td>\u00a0<\/td>\n<\/tr>\n<tr>\n<td>saksanpystykorva, keeshond<\/td>\n<td>15<\/td>\n<td>11.45<\/td>\n<\/tr>\n<tr>\n<td>saksanpystykorva, kleinspitz, muut v\u00e4rit<\/td>\n<td>16<\/td>\n<td>\u00a0<\/td>\n<\/tr>\n<tr>\n<td>saksanpystykorva, kleinspitz, valkoinen<\/td>\n<td>5<\/td>\n<td>\u00a0<\/td>\n<\/tr>\n<tr>\n<td>saksanpystykorva, kleinspitz, musta ja ruskea<\/td>\n<td>6<\/td>\n<td>\u00a0<\/td>\n<\/tr>\n<tr>\n<td>saksanpystykorva, pomeranian<\/td>\n<td>11<\/td>\n<td>\u00a0<\/td>\n<\/tr>\n<tr>\n<td>portugalinpodengo, karkeakarvainen, pieni<\/td>\n<td>3<\/td>\n<td>\u00a0<\/td>\n<\/tr>\n<tr>\n<td>portugalinpodengo, sile\u00e4karvainen, pieni<\/td>\n<td>1<\/td>\n<td>\u00a0<\/td>\n<\/tr>\n<tr>\n<td>\u00a0<\/td>\n<td>\u00a0<\/td>\n<td>\u00a0<\/td>\n<\/tr>\n<tr>\n<td><strong>KEH\u00c4 3<\/strong><\/td>\n<td>\u00a0<\/td>\n<td>\u00a0<\/td>\n<\/tr>\n<tr>\n<td><strong>Nina Janger<\/strong><\/td>\n<td><strong>86<\/strong><\/td>\n<td>\u00a0<\/td>\n<\/tr>\n<tr>\n<td><em>Saksanpystykorvien mittaus<\/em><\/td>\n<td>\u00a0<\/td>\n<td><em>09.45<\/em><\/td>\n<\/tr>\n<tr>\n<td>saksanpystykorva, mittelspitz, musta ja ruskea<\/td>\n<td>1<\/td>\n<td>10.00<\/td>\n<\/tr>\n<tr>\n<td>saksanpystykorva, mittelspitz, valkoinen<\/td>\n<td>2<\/td>\n<td>\u00a0<\/td>\n<\/tr>\n<tr>\n<td>saksanpystykorva, mittelspitz, muut v\u00e4rit<\/td>\n<td>7<\/td>\n<td>\u00a0<\/td>\n<\/tr>\n<tr>\n<td>volpino italiano<\/td>\n<td>2<\/td>\n<td>\u00a0<\/td>\n<\/tr>\n<tr>\n<td>japaninpystykorva<\/td>\n<td>6<\/td>\n<td>\u00a0<\/td>\n<\/tr>\n<tr>\n<td>* samojedinkoira<\/td>\n<td>21<\/td>\n<td>11.00<\/td>\n<\/tr>\n<tr>\n<td>eurasier<\/td>\n<td>2<\/td>\n<td>\u00a0<\/td>\n<\/tr>\n<tr>\n<td>islanninlammaskoira<\/td>\n<td>6<\/td>\n<td>\u00a0<\/td>\n<\/tr>\n<tr>\n<td>thai ridgeback<\/td>\n<td>2<\/td>\n<td>\u00a0<\/td>\n<\/tr>\n<tr>\n<td>meksikonkarvatonkoira, iso<\/td>\n<td>2<\/td>\n<td>\u00a0<\/td>\n<\/tr>\n<tr>\n<td>perunkarvatonkoira, keskikokoinen<\/td>\n<td>4<\/td>\n<td>\u00a0<\/td>\n<\/tr>\n<tr>\n<td>etnankoira<\/td>\n<td>1<\/td>\n<td>13.15<\/td>\n<\/tr>\n<tr>\n<td>faaraokoira<\/td>\n<td>6<\/td>\n<td>\u00a0<\/td>\n<\/tr>\n<tr>\n<td>basenji<\/td>\n<td>2<\/td>\n<td>\u00a0<\/td>\n<\/tr>\n<tr>\n<td>lunnikoira<\/td>\n<td>3<\/td>\n<td>\u00a0<\/td>\n<\/tr>\n<tr>\n<td>it\u00e4siperianlaika<\/td>\n<td>7<\/td>\n<td>\u00a0<\/td>\n<\/tr>\n<tr>\n<td>l\u00e4nsig\u00f6\u00f6tanmaanpystykorva<\/td>\n<td>1<\/td>\n<td>\u00a0<\/td>\n<\/tr>\n<tr>\n<td>hokkaidonkoira<\/td>\n<td>1<\/td>\n<td>\u00a0<\/td>\n<\/tr>\n<tr>\n<td>kainkoira<\/td>\n<td>1<\/td>\n<td>\u00a0<\/td>\n<\/tr>\n<tr>\n<td>shiba<\/td>\n<td>9<\/td>\n<td>\u00a0<\/td>\n<\/tr>\n<tr>\n<td>\u00a0<\/td>\n<td>\u00a0<\/td>\n<td>\u00a0<\/td>\n<\/tr>\n<tr>\n<td><strong>KEH\u00c4 4<\/strong><\/td>\n<td>\u00a0<\/td>\n<td>\u00a0<\/td>\n<\/tr>\n<tr>\n<td><strong>Monica Vikner Stafberg, Ruotsi<\/strong><\/td>\n<td><strong>84<\/strong><\/td>\n<td>\u00a0<\/td>\n<\/tr>\n<tr>\n<td><em><strong>Harjoitusarvostelija: M\u00e4ki\u00f6 Sari, maltankoira<\/strong><\/em><\/td>\n<td>\u00a0<\/td>\n<td>\u00a0<\/td>\n<\/tr>\n<tr>\n<td>kiinanharjakoira<\/td>\n<td>20<\/td>\n<td>10.00<\/td>\n<\/tr>\n<tr>\n<td>bolognese<\/td>\n<td>3<\/td>\n<td>\u00a0<\/td>\n<\/tr>\n<tr>\n<td>maltankoira<\/td>\n<td>12<\/td>\n<td>\u00a0<\/td>\n<\/tr>\n<tr>\n<td>lhasa apso<\/td>\n<td>9<\/td>\n<td>\u00a0<\/td>\n<\/tr>\n<tr>\n<td>havannankoira<\/td>\n<td>33<\/td>\n<td>12.30<\/td>\n<\/tr>\n<tr>\n<td>&#8211; pennut<\/td>\n<td>4<\/td>\n<td>\u00a0<\/td>\n<\/tr>\n<tr>\n<td>&#8211; urokset<\/td>\n<td>11<\/td>\n<td>\u00a0<\/td>\n<\/tr>\n<tr>\n<td>&#8211; nartut\u00a0<\/td>\n<td>18<\/td>\n<td>\u00a0<\/td>\n<\/tr>\n<tr>\n<td>petit brabancon<\/td>\n<td>3<\/td>\n<td>\u00a0<\/td>\n<\/tr>\n<tr>\n<td>griffon belge<\/td>\n<td>3<\/td>\n<td>\u00a0<\/td>\n<\/tr>\n<tr>\n<td>griffon bruxellois<\/td>\n<td>1<\/td>\n<td>\u00a0<\/td>\n<\/tr>\n<tr>\n<td>\u00a0<\/td>\n<td>\u00a0<\/td>\n<td>\u00a0<\/td>\n<\/tr>\n<tr>\n<td><strong>KEH\u00c4 5<\/strong><\/td>\n<td>\u00a0<\/td>\n<td>\u00a0<\/td>\n<\/tr>\n<tr>\n<td><strong>Saija Juutilainen<\/strong><\/td>\n<td><strong>85<\/strong><\/td>\n<td>\u00a0<\/td>\n<\/tr>\n<tr>\n<td><em><strong>Harjoitusarvostelija: Kallio Tarja, mopsi, ranskanbulldoggi, kiinanpalatsikoira, japanese chin, papillon, phal\u00e8ne, tiibetinterrieri, cavalier kingcharlesinspanieli<br>\nM\u00e4ki\u00f6 Sari, cavalier kingcharlesinspanieli<\/strong><\/em><\/td>\n<td>\u00a0<\/td>\n<td>\u00a0<\/td>\n<\/tr>\n<tr>\n<td>mopsi<\/td>\n<td>7<\/td>\n<td>10.00<\/td>\n<\/tr>\n<tr>\n<td>ranskanbulldoggi<\/td>\n<td>19<\/td>\n<td>\u00a0<\/td>\n<\/tr>\n<tr>\n<td>kiinanpalatsikoira, pekingeesi<\/td>\n<td>2<\/td>\n<td>\u00a0<\/td>\n<\/tr>\n<tr>\n<td>japanese chin<\/td>\n<td>5<\/td>\n<td>11.30<\/td>\n<\/tr>\n<tr>\n<td>papillon<\/td>\n<td>14<\/td>\n<td>\u00a0<\/td>\n<\/tr>\n<tr>\n<td>phal\u00e8ne<\/td>\n<td>3<\/td>\n<td>\u00a0<\/td>\n<\/tr>\n<tr>\n<td>* tiibetinterrieri<\/td>\n<td>15<\/td>\n<td>\u00a0<\/td>\n<\/tr>\n<tr>\n<td>cavalier kingcharlesinspanieli<\/td>\n<td>20<\/td>\n<td>\u00a0<\/td>\n<\/tr>\n<tr>\n<td>\u00a0<\/td>\n<td>\u00a0<\/td>\n<td>\u00a0<\/td>\n<\/tr>\n<tr>\n<td><strong>KEH\u00c4 6<\/strong><\/td>\n<td>\u00a0<\/td>\n<td>\u00a0<\/td>\n<\/tr>\n<tr>\n<td><strong>Heidi K\u00e4rkk\u00e4inen<\/strong><\/td>\n<td><strong>91<\/strong><\/td>\n<td>\u00a0<\/td>\n<\/tr>\n<tr>\n<td>tiibetinspanieli<\/td>\n<td>23<\/td>\n<td>09.30<\/td>\n<\/tr>\n<tr>\n<td>markiesje<\/td>\n<td>1<\/td>\n<td>\u00a0<\/td>\n<\/tr>\n<tr>\n<td>kromfohrl\u00e4nder<\/td>\n<td>1<\/td>\n<td>\u00a0<\/td>\n<\/tr>\n<tr>\n<td>bichon fris\u00e9<\/td>\n<td>16<\/td>\n<td>10.45<\/td>\n<\/tr>\n<tr>\n<td>chihuahua, lyhytkarvainen<\/td>\n<td>23<\/td>\n<td>\u00a0<\/td>\n<\/tr>\n<tr>\n<td>chihuahua, pitk\u00e4karvainen<\/td>\n<td>27<\/td>\n<td>\u00a0<\/td>\n<\/tr>\n<tr>\n<td>\u00a0<\/td>\n<td>\u00a0<\/td>\n<td>\u00a0<\/td>\n<\/tr>\n<tr>\n<td><strong>KEH\u00c4 7<\/strong><\/td>\n<td>\u00a0<\/td>\n<td>\u00a0<\/td>\n<\/tr>\n<tr>\n<td><strong>Iren Naarits, Viro<\/strong><\/td>\n<td><strong>85<\/strong><\/td>\n<td>\u00a0<\/td>\n<\/tr>\n<tr>\n<td>* coton de tul\u00e9ar<\/td>\n<td>9<\/td>\n<td>10.00<\/td>\n<\/tr>\n<tr>\n<td>ven\u00e4j\u00e4nbolonka<\/td>\n<td>3<\/td>\n<td>\u00a0<\/td>\n<\/tr>\n<tr>\n<td>prahanrottakoira<\/td>\n<td>7<\/td>\n<td>\u00a0<\/td>\n<\/tr>\n<tr>\n<td><em>Villakoirien mittaus<\/em><\/td>\n<td>\u00a0<\/td>\n<td><em>11.00<\/em><\/td>\n<\/tr>\n<tr>\n<td>villakoira, toy, musta, ruskea ja valkoinen<\/td>\n<td>16<\/td>\n<td>\u00a0<\/td>\n<\/tr>\n<tr>\n<td>villakoira, toy, harmaa, aprikoosi ja punainen<\/td>\n<td>2<\/td>\n<td>\u00a0<\/td>\n<\/tr>\n<tr>\n<td>villakoira, k\u00e4\u00e4pi\u00f6, musta, ruskea ja valkoinen<\/td>\n<td>11<\/td>\n<td>\u00a0<\/td>\n<\/tr>\n<tr>\n<td>villakoira, k\u00e4\u00e4pi\u00f6, harmaa, aprikoosi ja punainen<\/td>\n<td>11<\/td>\n<td>\u00a0<\/td>\n<\/tr>\n<tr>\n<td>villakoira, keskikokoinen, musta, ruskea ja valkoinen<\/td>\n<td>7<\/td>\n<td>\u00a0<\/td>\n<\/tr>\n<tr>\n<td>villakoira, keskikokoinen, harmaa, aprikoosi ja punainen<\/td>\n<td>5<\/td>\n<td>\u00a0<\/td>\n<\/tr>\n<tr>\n<td>villakoira, keskikokoinen, moniv\u00e4rinen<\/td>\n<td>1<\/td>\n<td>\u00a0<\/td>\n<\/tr>\n<tr>\n<td>villakoira, iso, musta, ruskea ja valkoinen<\/td>\n<td>9<\/td>\n<td>\u00a0<\/td>\n<\/tr>\n<tr>\n<td>villakoira, iso, harmaa, aprikoosi ja punainen<\/td>\n<td>4<\/td>\n<td>\u00a0<\/td>\n<\/tr>\n<tr>\n<td>\u00a0<\/td>\n<td>\u00a0<\/td>\n<td>\u00a0<\/td>\n<\/tr>\n<tr>\n<td><strong>KEH\u00c4 8 \u2013 <em>ULKONA<\/em><\/strong><\/td>\n<td>\u00a0<\/td>\n<td>\u00a0<\/td>\n<\/tr>\n<tr>\n<td><strong>Johanna Sarkkinen<\/strong><\/td>\n<td><strong>84<\/strong><\/td>\n<td>\u00a0<\/td>\n<\/tr>\n<tr>\n<td>suomenlapinkoira<\/td>\n<td>28<\/td>\n<td>10.00<\/td>\n<\/tr>\n<tr>\n<td>lapinporokoira<\/td>\n<td>19<\/td>\n<td>\u00a0<\/td>\n<\/tr>\n<tr>\n<td>karjalankarhukoira<\/td>\n<td>6<\/td>\n<td>\u00a0<\/td>\n<\/tr>\n<tr>\n<td>j\u00e4mtlanninpystykorva<\/td>\n<td>31<\/td>\n<td>13.00<\/td>\n<\/tr>\n<tr>\n<td>&#8211; pennut<\/td>\n<td>2<\/td>\n<td>\u00a0<\/td>\n<\/tr>\n<tr>\n<td>&#8211; urokset<\/td>\n<td>11<\/td>\n<td>\u00a0<\/td>\n<\/tr>\n<tr>\n<td>&#8211; nartut\u00a0<\/td>\n<td>18<\/td>\n<td>\u00a0<\/td>\n<\/tr>\n<\/tbody>\n<\/table>\n\n\n<hr class=\"wp-block-separator has-text-color has-white-color has-alpha-channel-opacity has-white-background-color has-background\"\/>\n\n\n\n<h3 class=\"wp-block-heading\">Sunnuntai 15.3.2026 \u2013 FCI 2 &amp; 3<\/h3>\n\n\n<table width=\"383\">\n<tbody>\n<tr>\n<td width=\"255\"><strong>KEH\u00c4 1<\/strong><\/td>\n<td width=\"64\">\u00a0<\/td>\n<td width=\"64\">\u00a0<\/td>\n<\/tr>\n<tr>\n<td><strong>Markku Kipin\u00e4<\/strong><\/td>\n<td><strong>75<\/strong><\/td>\n<td>\u00a0<\/td>\n<\/tr>\n<tr>\n<td><em><strong>Harjoitusarvostelija: Fr\u00f6berg Janette, bokseri<\/strong><\/em><\/td>\n<td>\u00a0<\/td>\n<td>\u00a0<\/td>\n<\/tr>\n<tr>\n<td>* apinapinseri<\/td>\n<td>1<\/td>\n<td>10.00<\/td>\n<\/tr>\n<tr>\n<td>* ven\u00e4j\u00e4nmustaterrieri<\/td>\n<td>2<\/td>\n<td>\u00a0<\/td>\n<\/tr>\n<tr>\n<td>* bukovinankoira<\/td>\n<td>2<\/td>\n<td>\u00a0<\/td>\n<\/tr>\n<tr>\n<td>* pyreneittenmastiffi<\/td>\n<td>3<\/td>\n<td>\u00a0<\/td>\n<\/tr>\n<tr>\n<td>* landseer<\/td>\n<td>5<\/td>\n<td>\u00a0<\/td>\n<\/tr>\n<tr>\n<td>* newfoundlandinkoira<\/td>\n<td>20<\/td>\n<td>\u00a0<\/td>\n<\/tr>\n<tr>\n<td>* keskiaasiankoira<\/td>\n<td>1<\/td>\n<td>\u00a0<\/td>\n<\/tr>\n<tr>\n<td>* estrelanvuoristokoira, pitk\u00e4karvainen<\/td>\n<td>1<\/td>\n<td>\u00a0<\/td>\n<\/tr>\n<tr>\n<td>* espanjanmastiffi<\/td>\n<td>2<\/td>\n<td>\u00a0<\/td>\n<\/tr>\n<tr>\n<td>* tosa<\/td>\n<td>1<\/td>\n<td>12.00<\/td>\n<\/tr>\n<tr>\n<td>* broholminkoira<\/td>\n<td>1<\/td>\n<td>\u00a0<\/td>\n<\/tr>\n<tr>\n<td>* entlebuchinpaimenkoira<\/td>\n<td>3<\/td>\n<td>\u00a0<\/td>\n<\/tr>\n<tr>\n<td>* cane corso<\/td>\n<td>1<\/td>\n<td>\u00a0<\/td>\n<\/tr>\n<tr>\n<td>* kanariandoggi<\/td>\n<td>2<\/td>\n<td>\u00a0<\/td>\n<\/tr>\n<tr>\n<td>* mallorcandoggi<\/td>\n<td>2<\/td>\n<td>\u00a0<\/td>\n<\/tr>\n<tr>\n<td>* bordeauxindoggi<\/td>\n<td>3<\/td>\n<td>\u00a0<\/td>\n<\/tr>\n<tr>\n<td>* mastiffi<\/td>\n<td>3<\/td>\n<td>\u00a0<\/td>\n<\/tr>\n<tr>\n<td>* bokseri<\/td>\n<td>9<\/td>\n<td>\u00a0<\/td>\n<\/tr>\n<tr>\n<td>* dobermanni<\/td>\n<td>5<\/td>\n<td>\u00a0<\/td>\n<\/tr>\n<tr>\n<td>* hovawart<\/td>\n<td>8<\/td>\n<td>\u00a0<\/td>\n<\/tr>\n<tr>\n<td>\u00a0<\/td>\n<td>\u00a0<\/td>\n<td>\u00a0<\/td>\n<\/tr>\n<tr>\n<td><strong>KEH\u00c4 2<\/strong><\/td>\n<td>\u00a0<\/td>\n<td>\u00a0<\/td>\n<\/tr>\n<tr>\n<td><strong>Tuula Savolainen<\/strong><\/td>\n<td><strong>88<\/strong><\/td>\n<td>\u00a0<\/td>\n<\/tr>\n<tr>\n<td><em><strong>Harjoitusarvostelija: Fr\u00f6berg Janette, tiibetinmastiffi, pinseri, k\u00e4\u00e4pi\u00f6pinseri<\/strong><\/em><\/td>\n<td>\u00a0<\/td>\n<td>\u00a0<\/td>\n<\/tr>\n<tr>\n<td>pyreneittenkoira<\/td>\n<td>5<\/td>\n<td>09.30<\/td>\n<\/tr>\n<tr>\n<td>tiibetinmastiffi<\/td>\n<td>2<\/td>\n<td>\u00a0<\/td>\n<\/tr>\n<tr>\n<td>bernhardinkoira, pitk\u00e4karvainen<\/td>\n<td>1<\/td>\n<td>\u00a0<\/td>\n<\/tr>\n<tr>\n<td>bernhardinkoira, lyhytkarvainen<\/td>\n<td>1<\/td>\n<td>\u00a0<\/td>\n<\/tr>\n<tr>\n<td>bullmastiffi<\/td>\n<td>10<\/td>\n<td>\u00a0<\/td>\n<\/tr>\n<tr>\n<td>dogo argentino<\/td>\n<td>2<\/td>\n<td>\u00a0<\/td>\n<\/tr>\n<tr>\n<td>tanskandoggi, keltainen ja tiikerijuovainen<\/td>\n<td>9<\/td>\n<td>\u00a0<\/td>\n<\/tr>\n<tr>\n<td>tanskandoggi, musta ja harlekiini<\/td>\n<td>17<\/td>\n<td>11.00<\/td>\n<\/tr>\n<tr>\n<td>tanskandoggi, sininen<\/td>\n<td>3<\/td>\n<td>\u00a0<\/td>\n<\/tr>\n<tr>\n<td>tanskalais-ruotsalainen pihakoira<\/td>\n<td>4<\/td>\n<td>\u00a0<\/td>\n<\/tr>\n<tr>\n<td>pinseri<\/td>\n<td>8<\/td>\n<td>\u00a0<\/td>\n<\/tr>\n<tr>\n<td>k\u00e4\u00e4pi\u00f6pinseri<\/td>\n<td>26<\/td>\n<td>\u00a0<\/td>\n<\/tr>\n<tr>\n<td>\u00a0<\/td>\n<td>\u00a0<\/td>\n<td>\u00a0<\/td>\n<\/tr>\n<tr>\n<td><strong>KEH\u00c4 3<\/strong><\/td>\n<td>\u00a0<\/td>\n<td>\u00a0<\/td>\n<\/tr>\n<tr>\n<td><strong>Johanna Sarkkinen<\/strong><\/td>\n<td><strong>93<\/strong><\/td>\n<td>\u00a0<\/td>\n<\/tr>\n<tr>\n<td><em><strong>Harjoitusarvostelija: Fr\u00f6berg Janette, rottweiler, berninpaimenkoira, englanninbulldoggi<\/strong><\/em><\/td>\n<td>\u00a0<\/td>\n<td>\u00a0<\/td>\n<\/tr>\n<tr>\n<td>rottweiler<\/td>\n<td>31<\/td>\n<td>09.30<\/td>\n<\/tr>\n<tr>\n<td>&#8211; pennut<\/td>\n<td>3<\/td>\n<td>\u00a0<\/td>\n<\/tr>\n<tr>\n<td>&#8211; urokset<\/td>\n<td>11<\/td>\n<td>\u00a0<\/td>\n<\/tr>\n<tr>\n<td>&#8211; nartut\u00a0<\/td>\n<td>17<\/td>\n<td>\u00a0<\/td>\n<\/tr>\n<tr>\n<td>leonberginkoira<\/td>\n<td>17<\/td>\n<td>11.15<\/td>\n<\/tr>\n<tr>\n<td>appenzellinpaimenkoira<\/td>\n<td>2<\/td>\n<td>\u00a0<\/td>\n<\/tr>\n<tr>\n<td>isosveitsinpaimenkoira<\/td>\n<td>1<\/td>\n<td>\u00a0<\/td>\n<\/tr>\n<tr>\n<td>berninpaimenkoira<\/td>\n<td>22<\/td>\n<td>\u00a0<\/td>\n<\/tr>\n<tr>\n<td>continental bulldog<\/td>\n<td>1<\/td>\n<td>\u00a0<\/td>\n<\/tr>\n<tr>\n<td>englanninbulldoggi<\/td>\n<td>19<\/td>\n<td>\u00a0<\/td>\n<\/tr>\n<tr>\n<td>\u00a0<\/td>\n<td>\u00a0<\/td>\n<td>\u00a0<\/td>\n<\/tr>\n<tr>\n<td><strong>KEH\u00c4 4<\/strong><\/td>\n<td>\u00a0<\/td>\n<td>\u00a0<\/td>\n<\/tr>\n<tr>\n<td><strong>Saija Juutilainen<\/strong><\/td>\n<td><strong>82<\/strong><\/td>\n<td>\u00a0<\/td>\n<\/tr>\n<tr>\n<td><em><strong>Harjoitusarvostelija: Fr\u00f6berg Janette, snautserit<\/strong><\/em><\/td>\n<td>\u00a0<\/td>\n<td>\u00a0<\/td>\n<\/tr>\n<tr>\n<td>suursnautseri, musta<\/td>\n<td>4<\/td>\n<td>09.30<\/td>\n<\/tr>\n<tr>\n<td>snautseri, musta<\/td>\n<td>4<\/td>\n<td>\u00a0<\/td>\n<\/tr>\n<tr>\n<td>snautseri, pippuri &amp; suola<\/td>\n<td>7<\/td>\n<td>\u00a0<\/td>\n<\/tr>\n<tr>\n<td>k\u00e4\u00e4pi\u00f6snautseri, musta<\/td>\n<td>3<\/td>\n<td>\u00a0<\/td>\n<\/tr>\n<tr>\n<td>k\u00e4\u00e4pi\u00f6snautseri, musta-hopea<\/td>\n<td>9<\/td>\n<td>\u00a0<\/td>\n<\/tr>\n<tr>\n<td>k\u00e4\u00e4pi\u00f6snautseri, pippuri &amp; suola<\/td>\n<td>3<\/td>\n<td>11.00<\/td>\n<\/tr>\n<tr>\n<td>k\u00e4\u00e4pi\u00f6snautseri, valkoinen<\/td>\n<td>6<\/td>\n<td>\u00a0<\/td>\n<\/tr>\n<tr>\n<td>* jackrussellinterrieri<\/td>\n<td>39<\/td>\n<td>\u00a0<\/td>\n<\/tr>\n<tr>\n<td>&#8211; pennut<\/td>\n<td>4<\/td>\n<td>\u00a0<\/td>\n<\/tr>\n<tr>\n<td>&#8211; urokset<\/td>\n<td>13<\/td>\n<td>\u00a0<\/td>\n<\/tr>\n<tr>\n<td>&#8211; nartut\u00a0<\/td>\n<td>22<\/td>\n<td>\u00a0<\/td>\n<\/tr>\n<tr>\n<td>* glen of imaalinterrieri<\/td>\n<td>7<\/td>\n<td>\u00a0<\/td>\n<\/tr>\n<tr>\n<td>\u00a0<\/td>\n<td>\u00a0<\/td>\n<td>\u00a0<\/td>\n<\/tr>\n<tr>\n<td><strong>KEH\u00c4 5<\/strong><\/td>\n<td>\u00a0<\/td>\n<td>\u00a0<\/td>\n<\/tr>\n<tr>\n<td><strong>Nina Janger<\/strong><\/td>\n<td><strong>84<\/strong><\/td>\n<td>\u00a0<\/td>\n<\/tr>\n<tr>\n<td>* amerikanstaffordshirenterrieri<\/td>\n<td>34<\/td>\n<td>09.30<\/td>\n<\/tr>\n<tr>\n<td>&#8211; pennut<\/td>\n<td>3<\/td>\n<td>\u00a0<\/td>\n<\/tr>\n<tr>\n<td>&#8211; urokset<\/td>\n<td>10<\/td>\n<td>\u00a0<\/td>\n<\/tr>\n<tr>\n<td>&#8211; nartut\u00a0<\/td>\n<td>21<\/td>\n<td>\u00a0<\/td>\n<\/tr>\n<tr>\n<td>bullterrieri<\/td>\n<td>2<\/td>\n<td>\u00a0<\/td>\n<\/tr>\n<tr>\n<td>saksanmets\u00e4stysterrieri<\/td>\n<td>4<\/td>\n<td>11.30<\/td>\n<\/tr>\n<tr>\n<td>borderterrieri<\/td>\n<td>14<\/td>\n<td>\u00a0<\/td>\n<\/tr>\n<tr>\n<td>bedlingtoninterrieri<\/td>\n<td>3<\/td>\n<td>\u00a0<\/td>\n<\/tr>\n<tr>\n<td>skotlanninterrieri<\/td>\n<td>5<\/td>\n<td>\u00a0<\/td>\n<\/tr>\n<tr>\n<td>skyenterrieri<\/td>\n<td>7<\/td>\n<td>\u00a0<\/td>\n<\/tr>\n<tr>\n<td>biewerterrieri<\/td>\n<td>1<\/td>\n<td>\u00a0<\/td>\n<\/tr>\n<tr>\n<td>silkkiterrieri<\/td>\n<td>3<\/td>\n<td>\u00a0<\/td>\n<\/tr>\n<tr>\n<td>australianterrieri<\/td>\n<td>11<\/td>\n<td>\u00a0<\/td>\n<\/tr>\n<tr>\n<td>\u00a0<\/td>\n<td>\u00a0<\/td>\n<td>\u00a0<\/td>\n<\/tr>\n<tr>\n<td><strong>KEH\u00c4 6<\/strong><\/td>\n<td>\u00a0<\/td>\n<td>\u00a0<\/td>\n<\/tr>\n<tr>\n<td><strong>Monica Vikner Stafberg, Ruotsi<\/strong><\/td>\n<td><strong>81<\/strong><\/td>\n<td>\u00a0<\/td>\n<\/tr>\n<tr>\n<td>staffordshirenbullterrieri<\/td>\n<td>21<\/td>\n<td>09.30<\/td>\n<\/tr>\n<tr>\n<td>manchesterinterrieri<\/td>\n<td>5<\/td>\n<td>\u00a0<\/td>\n<\/tr>\n<tr>\n<td>englannink\u00e4\u00e4pi\u00f6terrieri<\/td>\n<td>1<\/td>\n<td>\u00a0<\/td>\n<\/tr>\n<tr>\n<td>tenterfieldinterrieri<\/td>\n<td>5<\/td>\n<td>\u00a0<\/td>\n<\/tr>\n<tr>\n<td>amerikankarvatonterrieri<\/td>\n<td>2<\/td>\n<td>\u00a0<\/td>\n<\/tr>\n<tr>\n<td>norwichinterrieri<\/td>\n<td>10<\/td>\n<td>11.30<\/td>\n<\/tr>\n<tr>\n<td>norfolkinterrieri<\/td>\n<td>8<\/td>\n<td>\u00a0<\/td>\n<\/tr>\n<tr>\n<td>yorkshirenterrieri<\/td>\n<td>5<\/td>\n<td>\u00a0<\/td>\n<\/tr>\n<tr>\n<td>airedalenterrieri<\/td>\n<td>3<\/td>\n<td>\u00a0<\/td>\n<\/tr>\n<tr>\n<td>lakelandinterrieri<\/td>\n<td>1<\/td>\n<td>\u00a0<\/td>\n<\/tr>\n<tr>\n<td>vehn\u00e4terrieri<\/td>\n<td>11<\/td>\n<td>\u00a0<\/td>\n<\/tr>\n<tr>\n<td>valkoinen l\u00e4nsiyl\u00e4maanterrieri<\/td>\n<td>9<\/td>\n<td>\u00a0<\/td>\n<\/tr>\n<tr>\n<td>\u00a0<\/td>\n<td>\u00a0<\/td>\n<td>\u00a0<\/td>\n<\/tr>\n<tr>\n<td><strong>KEH\u00c4 7<\/strong><\/td>\n<td>\u00a0<\/td>\n<td>\u00a0<\/td>\n<\/tr>\n<tr>\n<td><strong>Iren Naarits, Viro<\/strong><\/td>\n<td><strong>88<\/strong><\/td>\n<td>\u00a0<\/td>\n<\/tr>\n<tr>\n<td>parsonrussellinterrieri<\/td>\n<td>31<\/td>\n<td>09.30<\/td>\n<\/tr>\n<tr>\n<td>&#8211; pennut<\/td>\n<td>3<\/td>\n<td>\u00a0<\/td>\n<\/tr>\n<tr>\n<td>&#8211; urokset<\/td>\n<td>12<\/td>\n<td>\u00a0<\/td>\n<\/tr>\n<tr>\n<td>&#8211; nartut\u00a0<\/td>\n<td>16<\/td>\n<td>\u00a0<\/td>\n<\/tr>\n<tr>\n<td>brasilianterrieri<\/td>\n<td>19<\/td>\n<td>11.15<\/td>\n<\/tr>\n<tr>\n<td>cairnterrieri<\/td>\n<td>25<\/td>\n<td>\u00a0<\/td>\n<\/tr>\n<tr>\n<td>ceskyterrieri<\/td>\n<td>2<\/td>\n<td>\u00a0<\/td>\n<\/tr>\n<tr>\n<td>irlanninterrieri<\/td>\n<td>2<\/td>\n<td>\u00a0<\/td>\n<\/tr>\n<tr>\n<td>kerrynterrieri<\/td>\n<td>1<\/td>\n<td>\u00a0<\/td>\n<\/tr>\n<tr>\n<td>sile\u00e4karvainen kettuterrieri<\/td>\n<td>3<\/td>\n<td>\u00a0<\/td>\n<\/tr>\n<tr>\n<td>karkeakarvainen kettuterrieri<\/td>\n<td>5<\/td>\n<td>\u00a0<\/td>\n<\/tr>\n<\/tbody>\n<\/table>","protected":false},"excerpt":{"rendered":"<p>Aikataulut julkaistu 2.3.2026 Kaikki n\u00e4yttelykutsut tullaan l\u00e4hett\u00e4m\u00e4\u00e4n vain s\u00e4hk\u00f6postilla.Kutsuja ei l\u00e4hetet\u00e4 postitse. \u00bb Aikataulukirje PDF \u00bb Keh\u00e4kartta PDF Lauantai 14.3.2026 \u2013 FCI 5 &amp; 9 KEH\u00c4 1 \u00a0 \u00a0 Markku Kipin\u00e4 51 \u00a0 Harjoitusarvostelija: M\u00e4ki\u00f6 Sari, shih tzu \u00a0 \u00a0 * shih tzu 5 10.00 * l\u00f6wchen 4 \u00a0 * harmaa norjanhirvikoira 11 \u00a0 *&hellip; <a href=\"https:\/\/www.showlink.fi\/shows\/leppavirtaRN2026\/?page_id=12\" class=\"more-link\">Jatka lukemista <span class=\"screen-reader-text\">Aikataulut<\/span><\/a><\/p>\n","protected":false},"author":1,"featured_media":0,"parent":0,"menu_order":5,"comment_status":"closed","ping_status":"closed","template":"","meta":{"footnotes":""},"class_list":["post-12","page","type-page","status-publish","hentry","without-featured-image"],"_links":{"self":[{"href":"https:\/\/www.showlink.fi\/shows\/leppavirtaRN2026\/index.php?rest_route=\/wp\/v2\/pages\/12","targetHints":{"allow":["GET"]}}],"collection":[{"href":"https:\/\/www.showlink.fi\/shows\/leppavirtaRN2026\/index.php?rest_route=\/wp\/v2\/pages"}],"about":[{"href":"https:\/\/www.showlink.fi\/shows\/leppavirtaRN2026\/index.php?rest_route=\/wp\/v2\/types\/page"}],"author":[{"embeddable":true,"href":"https:\/\/www.showlink.fi\/shows\/leppavirtaRN2026\/index.php?rest_route=\/wp\/v2\/users\/1"}],"replies":[{"embeddable":true,"href":"https:\/\/www.showlink.fi\/shows\/leppavirtaRN2026\/index.php?rest_route=%2Fwp%2Fv2%2Fcomments&post=12"}],"version-history":[{"count":41,"href":"https:\/\/www.showlink.fi\/shows\/leppavirtaRN2026\/index.php?rest_route=\/wp\/v2\/pages\/12\/revisions"}],"predecessor-version":[{"id":840,"href":"https:\/\/www.showlink.fi\/shows\/leppavirtaRN2026\/index.php?rest_route=\/wp\/v2\/pages\/12\/revisions\/840"}],"wp:attachment":[{"href":"https:\/\/www.showlink.fi\/shows\/leppavirtaRN2026\/index.php?rest_route=%2Fwp%2Fv2%2Fmedia&parent=12"}],"curies":[{"name":"wp","href":"https:\/\/api.w.org\/{rel}","templated":true}]}}