{"id":14,"date":"2018-11-16T09:40:39","date_gmt":"2018-11-16T07:40:39","guid":{"rendered":"http:\/\/www.showlink.fi\/shows\/hamina2019_ehdotus\/?page_id=14"},"modified":"2025-08-20T10:56:36","modified_gmt":"2025-08-20T07:56:36","slug":"tiedustelut","status":"publish","type":"page","link":"https:\/\/www.showlink.fi\/shows\/leppavirtaRN2026\/?page_id=14","title":{"rendered":"Tiedustelut"},"content":{"rendered":"\n<hr class=\"wp-block-separator has-text-color has-alpha-channel-opacity has-background\" style=\"background-color:#b59b8b3b;color:#b59b8b3b\"\/>\n\n\n\n<p><strong>Ilmoittautumisia koskevat tiedustelut<\/strong><br>Showlink Oy, arkisin klo 11 \u2013 17 puh. (09) 8873 0320 tai email: info@showlink.fi<br><em>Mainitsethan tiedustelussasi \/ s\u00e4hk\u00f6postissasi n\u00e4yttelyn sek\u00e4 koiran rekisterinumeron, jota tiedustelu koskee.<\/em><\/p>\n\n\n\n<p><strong>Myyntipaikat<\/strong><br>Heli K\u00f6n\u00f6nen<br>puh. 045 311 3161<br>heli.kononen@hotmail.com<\/p>\n\n\n\n<p><strong>Keh\u00e4toimitsijat ja tuomariharjoittelijat<\/strong><br>Tuula Laitinen<br>puh. 050\u00a0512 5031<br>tlaitinen65@gmail.com<\/p>\n\n\n\n<p><strong>Muut tiedustelut<\/strong><br>Heli K\u00f6n\u00f6nen<br>puh. 045 311 3161<br>heli.kononen@hotmail.com<\/p>\n\n\n\n<p><br><br><\/p>\n","protected":false},"excerpt":{"rendered":"<p>Ilmoittautumisia koskevat tiedustelutShowlink Oy, arkisin klo 11 \u2013 17 puh. (09) 8873 0320 tai email: info@showlink.fiMainitsethan tiedustelussasi \/ s\u00e4hk\u00f6postissasi n\u00e4yttelyn sek\u00e4 koiran rekisterinumeron, jota tiedustelu koskee. MyyntipaikatHeli K\u00f6n\u00f6nenpuh. 045 311 3161heli.kononen@hotmail.com Keh\u00e4toimitsijat ja tuomariharjoittelijatTuula Laitinenpuh. 050\u00a0512 5031tlaitinen65@gmail.com Muut tiedustelutHeli K\u00f6n\u00f6nenpuh. 045 311 3161heli.kononen@hotmail.com<\/p>\n","protected":false},"author":1,"featured_media":0,"parent":0,"menu_order":4,"comment_status":"closed","ping_status":"closed","template":"","meta":{"footnotes":""},"class_list":["post-14","page","type-page","status-publish","hentry","without-featured-image"],"_links":{"self":[{"href":"https:\/\/www.showlink.fi\/shows\/leppavirtaRN2026\/index.php?rest_route=\/wp\/v2\/pages\/14","targetHints":{"allow":["GET"]}}],"collection":[{"href":"https:\/\/www.showlink.fi\/shows\/leppavirtaRN2026\/index.php?rest_route=\/wp\/v2\/pages"}],"about":[{"href":"https:\/\/www.showlink.fi\/shows\/leppavirtaRN2026\/index.php?rest_route=\/wp\/v2\/types\/page"}],"author":[{"embeddable":true,"href":"https:\/\/www.showlink.fi\/shows\/leppavirtaRN2026\/index.php?rest_route=\/wp\/v2\/users\/1"}],"replies":[{"embeddable":true,"href":"https:\/\/www.showlink.fi\/shows\/leppavirtaRN2026\/index.php?rest_route=%2Fwp%2Fv2%2Fcomments&post=14"}],"version-history":[{"count":17,"href":"https:\/\/www.showlink.fi\/shows\/leppavirtaRN2026\/index.php?rest_route=\/wp\/v2\/pages\/14\/revisions"}],"predecessor-version":[{"id":810,"href":"https:\/\/www.showlink.fi\/shows\/leppavirtaRN2026\/index.php?rest_route=\/wp\/v2\/pages\/14\/revisions\/810"}],"wp:attachment":[{"href":"https:\/\/www.showlink.fi\/shows\/leppavirtaRN2026\/index.php?rest_route=%2Fwp%2Fv2%2Fmedia&parent=14"}],"curies":[{"name":"wp","href":"https:\/\/api.w.org\/{rel}","templated":true}]}}