{"id":12,"date":"2018-01-23T08:11:28","date_gmt":"2018-01-23T06:11:28","guid":{"rendered":"http:\/\/www.showlink.fi\/shows\/mikkeli2018\/?page_id=12"},"modified":"2026-01-22T12:45:51","modified_gmt":"2026-01-22T10:45:51","slug":"ilmoittautuminen","status":"publish","type":"page","link":"https:\/\/www.showlink.fi\/shows\/loimaakr26\/ilmoittautuminen\/","title":{"rendered":"Ilmoittautuminen"},"content":{"rendered":"\n<p>Ilmoittautumiset <strong>14.2. \/ 16.4. <strong>\/ 1<\/strong>4.5<\/strong>. <strong>\/ 24.5<\/strong> menness\u00e4.<\/p>\n\n\n\n<p class=\"has-luminous-vivid-amber-background-color has-background\"><strong>YST\u00c4V\u00c4NP\u00c4IV\u00c4KAMPANJA, ilmoittautuminen aukeaa yst\u00e4v\u00e4np\u00e4iv\u00e4n\u00e4 14.2.2026<\/strong>&nbsp;ja t\u00e4ll\u00f6in voimassa kampanjahinta 32\u20ac per koira.<\/p>\n\n\n\n<p><strong>Ilmoittautuminen n\u00e4yttelyyn tulee tehd\u00e4<\/strong>&nbsp;<strong>internetiss\u00e4.&nbsp;<\/strong>Ilmoittaessaan koiransa n\u00e4yttelyyn n\u00e4ytteilleasettaja sitoutuu noudattamaan Suomen Kennelliiton voimassa olevia n\u00e4yttelys\u00e4\u00e4nt\u00f6j\u00e4 ja niit\u00e4 t\u00e4ydent\u00e4vi\u00e4 ohjeita sek\u00e4 rokotusm\u00e4\u00e4r\u00e4yksi\u00e4. S\u00e4\u00e4nn\u00f6t l\u00f6ytyv\u00e4t&nbsp;<a href=\"https:\/\/www.kennelliitto.fi\/koiraharrastukset\/koiranayttelyt\/ohjeita-ja-lomakkeita-nayttelyyn-osallistujille-ja-nayttelyn-jarjestajille\"><strong>Kennelliiton kotisivuilta<\/strong><\/a><strong>.<\/strong> <strong>Numerolaput toimitetaan vain s\u00e4hk\u00f6postitse.<\/strong><\/p>\n\n\n\n<p><strong>Online-ilmoittautuminen<\/strong>&nbsp;osoitteessa&nbsp;<a href=\"http:\/\/www.showlink.fi\/\"><strong>www.showlink.fi<\/strong><\/a>&nbsp;\u2192&nbsp;<a href=\"http:\/\/ilmoittautuminen.kennelliitto.fi\/\"><strong>ILMOITTAUDU N\u00c4YTTELYYN<\/strong><\/a><\/p>\n\n\n\n<p>Online-ilmoittautumisesta tulee aina vahvistus s\u00e4hk\u00f6postiisi. Jollet saa vahvistusta, ota v\u00e4litt\u00f6m\u00e4sti yhteytt\u00e4 asiakaspalveluumme. Tarkasta ilmoittautumisesta koirasi tiedot ja kilpailuluokka.&nbsp;Netti-ilmoittautuminen maksetaan verkkopankilla tai luottokortilla ilmoittautumisen yhteydess\u00e4.<\/p>\n\n\n\n<hr class=\"wp-block-separator has-text-color has-alpha-channel-opacity has-background\" style=\"background-color:#b29d911c;color:#b29d911c\"\/>\n\n\n\n<h3 class=\"wp-block-heading\"><strong><mark style=\"background-color:rgba(0, 0, 0, 0);color:#755d50\" class=\"has-inline-color\">Ilmoittautumismaksut<\/mark><\/strong><\/h3>\n\n\n\n<p class=\"has-luminous-vivid-amber-background-color has-background\"><strong>Ilmoittautumismaksut 14.2. aikana<\/strong><br>\u00bb ilmoittautumismaksu <strong>32 \u20ac<\/strong> \/ kaikki luokat<\/p>\n\n\n\n<p><strong>Ilmoittautumismaksut 15.2.-16.4. v\u00e4lisen\u00e4 aikana<\/strong><br>\u00bb ilmoittautumismaksu <strong>38 \u20ac<\/strong><br>\u00bb saman omistajan toinen jne. koira<strong> 35 \u20ac<\/strong><br>\u00bb pennut ja veteraanit<strong> 35 \u20ac<\/strong><\/p>\n\n\n\n<p><strong>Ilmoittautumismaksut 17.4.-14.5. v\u00e4lisen\u00e4 aikana<\/strong><br>\u00bb ilmoittautumismaksu <strong>43 \u20ac<\/strong><br>\u00bb saman omistajan toinen jne. koira<strong> 40 \u20ac<\/strong><br>\u00bb pennut ja veteraanit<strong> 35 \u20ac<\/strong><\/p>\n\n\n\n<p><strong>Ilmoittautumismaksut 15.-24.5. v\u00e4lisen\u00e4 aikana<\/strong><br>\u00bb ilmoittautumismaksu <strong>60 \u20ac<\/strong><br>\u00bb pennut ja veteraanit <strong>35 \u20ac<\/strong><br><\/p>\n\n\n\n<hr class=\"wp-block-separator has-text-color has-alpha-channel-opacity has-background\" style=\"background-color:#b29d911c;color:#b29d911c\"\/>\n\n\n\n<h3 class=\"wp-block-heading\"><strong><mark style=\"background-color:rgba(0, 0, 0, 0);color:#755d50\" class=\"has-inline-color\">Lis\u00e4tietoa<\/mark><\/strong><\/h3>\n\n\n\n<p><strong>Huom!&nbsp;<\/strong>Alennuksen (saman omistajan toinen jne. koira) saaminen edellytt\u00e4\u00e4 sit\u00e4 ett\u00e4 ilmoittautuminen tehd\u00e4\u00e4n samalla netti-ilmoittautumiskerralla. Samaksi omistajaksi tulkitaan ilmoittautumistapahtuman ensimm\u00e4iselle koiralle ensimm\u00e4iseksi omistajaksi merkitty henkil\u00f6.<\/p>\n\n\n\n<p>Ilmoittautumisajan p\u00e4\u00e4ttymisen j\u00e4lkeen koiraa ei voida siirt\u00e4\u00e4 toiseen luokkaan (ellei kysymyksess\u00e4 ole j\u00e4rjest\u00e4j\u00e4st\u00e4 johtuva virhe).<br>Uros, jolla ei ole normaalit kivekset saa hyl\u00e4tyn.<\/p>\n\n\n\n<p><strong>Ilmoittautumisia ja kasvattajaryhmi\u00e4 koskevat tiedustelut<\/strong><br>Showlink Oy arkisin klo 11-17 puh. 09 887 30320 tai e-mail: info@showlink.fi<\/p>\n\n\n\n<p><em>Mainitsethan tiedustelussasi \/ s\u00e4hk\u00f6postissasi n\u00e4yttelyn nimen sek\u00e4 koiran rekisterinumeron, jota tiedustelu koskee. Jollet saa ilmoittautumisestasi vahvistusta s\u00e4hk\u00f6postiisi, ota v\u00e4litt\u00f6m\u00e4sti yhteytt\u00e4 asiakaspalveluumme. Tarkasta ilmoittautumisesta koirasi tiedot ja kilpailuluokka.<\/em><\/p>\n\n\n\n<p>Ilmoittautuminen on teht\u00e4v\u00e4 kirjallisesti \u2013 pelkk\u00e4 n\u00e4yttelymaksun suoritus ei ole ilmoittautuminen!<br>Kirjallisen ilmoittautumisen voit tehd\u00e4 vain vahvistettuna netti-ilmoittautumisena. My\u00f6h\u00e4styneit\u00e4 ilmoittautumisia ei hyv\u00e4ksyt\u00e4 mukaan n\u00e4yttelyyn.<\/p>\n\n\n\n<p><strong>Rokotusm\u00e4\u00e4r\u00e4ykset&nbsp;<\/strong><br>Suomen Kennelliitto-Finska Kennelklubben ry:n m\u00e4\u00e4r\u00e4ysten mukaan.<br>Suomen lain vastaisesti typistetyt koirat eiv\u00e4t saa osallistua n\u00e4yttelyyn.<br>N\u00e4yttelyyn osallistuvan koiran tulee olla tunnistusmerkitty.<br>Tunnistusmerkint\u00e4 on pakollinen Kennelliiton virallisissa n\u00e4yttelyiss\u00e4, kokeissa ja kilpailuissa.<\/p>\n\n\n\n<p><strong>Antidoping \u2013valvonta<\/strong><br>Dopingvalvonta koskee kaikkia Suomen Kennelliiton my\u00f6nt\u00e4mi\u00e4 n\u00e4yttelyit\u00e4, kilpailuja ja kokeita. Ajankohtaisinta tietoa osoitteessa&nbsp;<a href=\"https:\/\/www.kennelliitto.fi\/koiraharrastukset\/antidoping\">KENNELLIITTO \/ ANTIDOPING<\/a><\/p>\n\n\n\n<hr class=\"wp-block-separator has-text-color has-alpha-channel-opacity has-background\" style=\"background-color:#b29d911c;color:#b29d911c\"\/>\n","protected":false},"excerpt":{"rendered":"<p>Ilmoittautumiset 14.2. \/ 16.4. \/ 14.5. \/ 24.5 menness\u00e4. YST\u00c4V\u00c4NP\u00c4IV\u00c4KAMPANJA, ilmoittautuminen aukeaa yst\u00e4v\u00e4np\u00e4iv\u00e4n\u00e4 14.2.2026&nbsp;ja t\u00e4ll\u00f6in voimassa kampanjahinta 32\u20ac per koira. Ilmoittautuminen n\u00e4yttelyyn tulee tehd\u00e4&nbsp;internetiss\u00e4.&nbsp;Ilmoittaessaan koiransa n\u00e4yttelyyn n\u00e4ytteilleasettaja sitoutuu noudattamaan Suomen Kennelliiton voimassa olevia n\u00e4yttelys\u00e4\u00e4nt\u00f6j\u00e4 ja niit\u00e4 t\u00e4ydent\u00e4vi\u00e4 ohjeita sek\u00e4 rokotusm\u00e4\u00e4r\u00e4yksi\u00e4. S\u00e4\u00e4nn\u00f6t l\u00f6ytyv\u00e4t&nbsp;Kennelliiton kotisivuilta. Numerolaput toimitetaan vain s\u00e4hk\u00f6postitse. Online-ilmoittautuminen&nbsp;osoitteessa&nbsp;www.showlink.fi&nbsp;\u2192&nbsp;ILMOITTAUDU N\u00c4YTTELYYN Online-ilmoittautumisesta tulee aina vahvistus s\u00e4hk\u00f6postiisi. Jollet <a href=\"https:\/\/www.showlink.fi\/shows\/loimaakr26\/ilmoittautuminen\/\" class=\"more-link\">...jatka lukemista<span class=\"screen-reader-text\"> \"Ilmoittautuminen\"<\/span><\/a><\/p>\n","protected":false},"author":1,"featured_media":0,"parent":0,"menu_order":1,"comment_status":"closed","ping_status":"closed","template":"","meta":{"footnotes":""},"class_list":["post-12","page","type-page","status-publish","h-entry","hentry","h-as-page"],"_links":{"self":[{"href":"https:\/\/www.showlink.fi\/shows\/loimaakr26\/wp-json\/wp\/v2\/pages\/12","targetHints":{"allow":["GET"]}}],"collection":[{"href":"https:\/\/www.showlink.fi\/shows\/loimaakr26\/wp-json\/wp\/v2\/pages"}],"about":[{"href":"https:\/\/www.showlink.fi\/shows\/loimaakr26\/wp-json\/wp\/v2\/types\/page"}],"author":[{"embeddable":true,"href":"https:\/\/www.showlink.fi\/shows\/loimaakr26\/wp-json\/wp\/v2\/users\/1"}],"replies":[{"embeddable":true,"href":"https:\/\/www.showlink.fi\/shows\/loimaakr26\/wp-json\/wp\/v2\/comments?post=12"}],"version-history":[{"count":40,"href":"https:\/\/www.showlink.fi\/shows\/loimaakr26\/wp-json\/wp\/v2\/pages\/12\/revisions"}],"predecessor-version":[{"id":485,"href":"https:\/\/www.showlink.fi\/shows\/loimaakr26\/wp-json\/wp\/v2\/pages\/12\/revisions\/485"}],"wp:attachment":[{"href":"https:\/\/www.showlink.fi\/shows\/loimaakr26\/wp-json\/wp\/v2\/media?parent=12"}],"curies":[{"name":"wp","href":"https:\/\/api.w.org\/{rel}","templated":true}]}}