{"id":14,"date":"2018-01-23T08:11:37","date_gmt":"2018-01-23T06:11:37","guid":{"rendered":"http:\/\/www.showlink.fi\/shows\/mikkeli2018\/?page_id=14"},"modified":"2026-04-14T15:10:21","modified_gmt":"2026-04-14T12:10:21","slug":"tuomarit","status":"publish","type":"page","link":"https:\/\/www.showlink.fi\/shows\/loimaakr26\/tuomarit\/","title":{"rendered":"Tuomarit"},"content":{"rendered":"\n<p><strong>Lauantaina 13.6. arvostellaan FCI:n ryhm\u00e4t <strong>4, 7, 8, 9, 10<\/strong><\/strong><br><strong>Sunnuntaina 14.6. arvostellaan FCI:n ryhm\u00e4t <strong>1, 2, 3, 5, 6<\/strong><\/strong><\/p>\n\n\n\n<hr class=\"wp-block-separator has-text-color has-alpha-channel-opacity has-background\" style=\"background-color:#b29d911c;color:#b29d911c\"\/>\n\n\n\n<h3 class=\"wp-block-heading\"><strong><mark style=\"background-color:rgba(0, 0, 0, 0);color:#755d50\" class=\"has-inline-color\">Lauantai<\/mark><\/strong><\/h3>\n\n\n\n<p><strong>Ryhm\u00e4 4<\/strong><br>kaikki rodut <strong>Jan Ryk<\/strong>, Puola<br><br><strong>Ryhm\u00e4 7<\/strong><br><em>Varalla kaikille ryhm\u00e4 7 roduille <strong>Jaana Kummala<\/strong><\/em><br>kaikki rodut <strong>Juha Putkonen<\/strong><br><br><strong>Ryhm\u00e4 8<\/strong><br><em>Varalla kaikille ryhm\u00e4 8 roduille <strong>Pirjo Aaltonen<\/strong><\/em><br>cockerspanieli, englanninspringerspanieli, novascotiannoutaja, walesinspringerspanieli <strong>Jaana Kummala<\/strong><br>amerikancockerspanieli, kiharakarvainen noutaja, kultainennoutaja, labradorinnoutaja, portugalinvesikoira, puolanmets\u00e4stysspanieli, ven\u00e4j\u00e4nspanieli <strong>Pirjo Aaltonen<\/strong><br>amerikanvesispanieli, barbet, chesapeakelahdennoutaja, clumberinspanieli, espanjanvesikoira, fieldspanieli, friisinvesikoira, irlanninvesispanieli, kooikerhondje, lagotto romagnolo, sile\u00e4karvainen noutaja, sussexinspanieli, viiri\u00e4iskoira <strong>Tarja L\u00f6fman<\/strong><br><br><strong>Ryhm\u00e4 9<\/strong><br><em>Varalla kaikille ryhm\u00e4 9 roduille <strong>Tarja L\u00f6fman<\/strong><\/em><br>chihuahuat, havannankoira, japanese chin, kingcharlesinspanieli, kromfohrl\u00e4nder, lhasa apso, l\u00f6wchen, papillon, phal\u00e8ne, ranskanbulldoggi, tiibetinspanieli, ven\u00e4j\u00e4nbolonka, ven\u00e4j\u00e4ntoyt <strong>Kirsi Sainio<\/strong><br>bichon fris\u00e9, bolognese, bostoninterrieri, cavalier kingcharlesinspanieli, coton de tul\u00e9ar, griffon belge, griffon bruxellois, kiinanharjakoira, kiinanpalatsikoira\/pekingeesi, maltankoira, markiesje, mopsi, petit brabancon, prahanrottakoira, shih tzu, tiibetinterrieri, villakoirat <strong>Perttu St\u00e5hlberg<\/strong><br><br><strong>Ryhm\u00e4 10<\/strong><br><em>Varalla kaikille ryhm\u00e4 10 roduille <strong>Jan Ryk<\/strong>, Puola<\/em><br>afgaaninvinttikoira, puolanvinttikoira, saluki <strong>Jan Ryk<\/strong>, Puola<br>azawakh, englanninvinttikoira, espanjanvinttikoira, irlanninsusikoira, italianvinttikoira, silkkivinttikoira, skotlanninhirvikoira, sloughi, tazi, unkarinvinttikoira, ven\u00e4j\u00e4nvinttikoira, whippet <strong>Tarja L\u00f6fman<\/strong><br><br>Ryhm\u00e4kilpailut<br>4<strong> Jan Ryk<\/strong><br>7<strong> Juha Putkonen<\/strong><br>8<strong> Pirjo Aaltonen<\/strong><br>9<strong> Perttu St\u00e5hlberg<\/strong><br>10<strong> Tarja L\u00f6fman<\/strong><br>Paras juniori <strong>Jan Ryk<\/strong><br>Paras veteraani <strong>Pirjo Aaltonen<\/strong><br>Paras kasvattajaryhm\u00e4 <strong>Perttu St\u00e5hlberg<\/strong><br><br><\/p>\n\n\n\n<hr class=\"wp-block-separator has-text-color has-alpha-channel-opacity has-background\" style=\"background-color:#b29d911c;color:#b29d911c\"\/>\n\n\n\n<h3 class=\"wp-block-heading\"><strong><mark style=\"background-color:rgba(0, 0, 0, 0);color:#755d50\" class=\"has-inline-color\">Sunnuntai<\/mark><\/strong><\/h3>\n\n\n\n<p><strong>Ryhm\u00e4 1<\/strong><br><em>Varalla kaikille ryhm\u00e4 1 roduille <strong>Kristel Ratnik-Soosaar<\/strong>, Viro<\/em><br>ardennienkarjakoira, australian t\u00f6p\u00f6h\u00e4nt\u00e4inen karjakoira, australiankarjakoira, australiankelpie, beaucenpaimenkoira \/ beauceron, belgianpaimenkoirat, bergamonpaimenkoira, bouvier, brienpaimenkoira \/ briardi, ceskoslovensky vlciak, lancashirenkarjakoira, lyhytkarvainen pyreneittenpaimenkoira, mallorcanpaimenkoira, maremmano-abruzzese, medimurjenkoira, mudi, owczarek podhalanski, picardienpaimenkoira, pitk\u00e4karvainen pyreneittenpaimenkoira, polski owczarek nizinny, pulit, pumi, romanianpaimenkoira, saarlooswolfhond, saksanpaimenkoirat, schapendoes, schipperke, serra de airesinpaimenkoira, slovakiancuvac, tsekinpaimenkoira, valkoinenpaimenkoira <strong>Helina Simberg<\/strong>, Viro<br>partacollie <strong>Jaana Kummala<\/strong><br>pitk\u00e4karvainen collie, shetlanninlammaskoira, sile\u00e4karvainen collie, vanhaenglanninlammaskoira, welsh corgi cardigan <strong>Julie Wilberg Brandvik<\/strong>, Norja<br>australianpaimenkoira, bordercollie, pieniamerikanpaimenkoira, welsh corgi pembroke <strong>Nina Holm<\/strong>, Norja<br>etel\u00e4ven\u00e4j\u00e4nkoira, hollanninpaimenkoirat, it\u00e4euroopanpaimenkoira, karpaattienkoira, katalonianpaimenkoira, komondor, kroatianpaimenkoira, kuvasz <strong>Pirjo Aaltonen<\/strong><br><br><strong>Ryhm\u00e4 2<\/strong><br><em>Varalla kaikille ryhm\u00e4 2 roduille <strong>Marianne Holm Larnemaa<\/strong><\/em><br>aidi, alentejonkoira, apinapinseri, appenzellinpaimenkoira, bokseri, bordeauxindoggi, broholminkoira, bukovinankoira, Buldogue Campeiro, castro laboreironkoira, continental bulldog, englanninbulldoggi, fila brasileiro, hollanninrottakoira, kanariandoggi, kangalinkoira, karstinpaimenkoira, kaukasiankoira, keskiaasiankoira, k\u00e4\u00e4pi\u00f6pinseri, pinseri, pyreneittenmastiffi, rottweiler, sao miguelinfila, tanskandoggit, tiibetinmastiffi, tornjak, tosa, transmontano mastiff, uruguayncimarron, ven\u00e4j\u00e4nmustaterrieri <strong>Kristel Ratnik-Soosaar<\/strong>, Viro<br>bernhardinkoirat, berninpaimenkoira, bullmastiffi, cane corso, dobermanni, dogo argentino, entlebuchinpaimenkoira, estrelanvuoristokoirat, hovawart, isosveitsinpaimenkoira, it\u00e4vallanpinseri, landseer, leonberginkoira, mallorcandoggi, mastiffi, musta romanianvuoristokoira, napolinmastiffi, pyreneittenkoira <strong>Marianne Holm Larnemaa<\/strong><br>espanjanmastiffi, k\u00e4\u00e4pi\u00f6snautserit, newfoundlandinkoira, sarplaninac, shar pei, snautserit, suursnautserit, tanskalais-ruotsalainen pihakoira <strong>Pirjo Aaltonen<\/strong><br><br><strong>Ryhm\u00e4 3<\/strong><br><em>Varalla kaikille ryhm\u00e4 3 roduille <strong>Juha Putkonen<\/strong><\/em><br>amerikanstaffordshirenterrieri, borderterrieri, brasilianterrieri, bullterrieri, cairnterrieri, sealyhaminterrieri, silkkiterrieri, staffordshirenbullterrieri <strong>Juha Putkonen<\/strong><br>airedalenterrieri, amerikankarvatonterrieri, amerikank\u00e4\u00e4pi\u00f6kettuterrieri, amerikanrottaterrieri, andalusianrottakoira, bedlingtoninterrieri, biewerterrieri, ceskyterrieri, dandiedinmontinterrieri, englannink\u00e4\u00e4pi\u00f6terrieri, glen of imaalinterrieri, japaninterrieri, karkeakarvainen kettuterrieri, kerrynterrieri, k\u00e4\u00e4pi\u00f6bullterrieri, lakelandinterrieri, manchesterinterrieri, saksanmets\u00e4stysterrieri, sile\u00e4karvainen kettuterrieri, skyenterrieri, tenterfieldinterrieri, valencianrottaterrieri, walesinterrieri, valkoinen l\u00e4nsiyl\u00e4maanterrieri, vehn\u00e4terrieri <strong>Kirsi Sainio<\/strong><br>australianterrieri, irlanninterrieri, jackrussellinterrieri, norfolkinterrieri, norwichinterrieri, parsonrussellinterrieri <strong>Perttu St\u00e5hlberg<\/strong><br>skotlanninterrieri, yorkshirenterrieri <strong>Tarja L\u00f6fman<\/strong><br><br><strong>Ryhm\u00e4 5<\/strong><br><em>Varalla kaikille ryhm\u00e4 5 roduille <strong>Jan Ryk<\/strong>, Puola<\/em><br>akita, alaskanmalamuutti, alaskan klee kai, american eskimo dog, amerikanakita, basenji, buhund, chow chow, etnankoira, eurasier, harmaa norjanhirvikoira, hokkaidonkoira, h\u00e4lleforsinkoira, islanninlammaskoira, it\u00e4siperianlaika, jakutianlaika, kanadaneskimokoira, l\u00e4nsisiperianlaika, musta norjanhirvikoira, taiwaninkoira, thai ridgeback, ven\u00e4l\u00e4is-eurooppalainen laika, volpino italiano <strong>Jaana Kummala<\/strong><br>ruotsinlapinkoira <strong>Jan Ryk<\/strong>, Puola<br>karjalankarhukoira, samojedinkoira <strong>Juha Putkonen<\/strong><br>lunnikoira, l\u00e4nsig\u00f6\u00f6tanmaanpystykorva, meksikonkarvatonkoirat, perunkarvatonkoirat <strong>Kirsi Sainio<\/strong><br>shiba, shikokunkoira <strong>Kristel Ratnik-Soosaar<\/strong>, Viro<br>faaraokoira, gr\u00f6nlanninkoira, ibizanpodencot, kanarianpodenco, portugalinpodengot <strong>Marianne Holm Larnemaa<\/strong><br>japaninpystykorva, j\u00e4mtlanninpystykorva, kaanaankoira, kainkoira, kintamani-balinkoira, kishunkoira, koreanjindonkoira, lapinporokoira, musta tanskanpystykorva, pohjanpystykorva, grosspitzit, keeshond, kleinspitzit, mittelspitzit, pomeranian, siperianhusky, suomenlapinkoira, suomenpystykorva, tanskanpystykorva, thaimaanpystykorva, valkoinen ruotsinhirvikoira <strong>Tarja L\u00f6fman<\/strong><br><br><strong>Ryhm\u00e4 6<br><\/strong>suomenajokoira <strong>Perttu St\u00e5hlberg<\/strong><br>muut <strong>Jan Ryk<\/strong>, Puola<br><br>Ryhm\u00e4kilpailut<br>1<strong>Helina Simberg<\/strong><br>2<strong>Kristel Ratnik-Soosaar<\/strong><br>3<strong>Perttu St\u00e5hlberg<\/strong><br>5<strong>Tarja L\u00f6fman<\/strong><br>6<strong>Jan Ryk<\/strong><br>Paras juniori <strong>Marianne Holm Larnemaa<\/strong><br>Paras veteraani <strong>Helina Simberg<\/strong><br>Paras kasvattajaryhm\u00e4 <strong>Pirjo Aaltonen<\/strong><br>Best in Show<strong>Juha Putkonen<\/strong><\/p>\n\n\n\n<hr class=\"wp-block-separator has-text-color has-alpha-channel-opacity has-background\" style=\"background-color:#b29d911c;color:#b29d911c\"\/>\n","protected":false},"excerpt":{"rendered":"<p>Lauantaina 13.6. arvostellaan FCI:n ryhm\u00e4t 4, 7, 8, 9, 10Sunnuntaina 14.6. arvostellaan FCI:n ryhm\u00e4t 1, 2, 3, 5, 6 Lauantai Ryhm\u00e4 4kaikki rodut Jan Ryk, Puola Ryhm\u00e4 7Varalla kaikille ryhm\u00e4 7 roduille Jaana Kummalakaikki rodut Juha Putkonen Ryhm\u00e4 8Varalla kaikille ryhm\u00e4 8 roduille Pirjo Aaltonencockerspanieli, englanninspringerspanieli, novascotiannoutaja, walesinspringerspanieli Jaana Kummalaamerikancockerspanieli, kiharakarvainen noutaja, kultainennoutaja, labradorinnoutaja, portugalinvesikoira, <a href=\"https:\/\/www.showlink.fi\/shows\/loimaakr26\/tuomarit\/\" class=\"more-link\">...jatka lukemista<span class=\"screen-reader-text\"> \"Tuomarit\"<\/span><\/a><\/p>\n","protected":false},"author":1,"featured_media":0,"parent":0,"menu_order":2,"comment_status":"closed","ping_status":"closed","template":"","meta":{"footnotes":""},"class_list":["post-14","page","type-page","status-publish","h-entry","hentry","h-as-page"],"_links":{"self":[{"href":"https:\/\/www.showlink.fi\/shows\/loimaakr26\/wp-json\/wp\/v2\/pages\/14","targetHints":{"allow":["GET"]}}],"collection":[{"href":"https:\/\/www.showlink.fi\/shows\/loimaakr26\/wp-json\/wp\/v2\/pages"}],"about":[{"href":"https:\/\/www.showlink.fi\/shows\/loimaakr26\/wp-json\/wp\/v2\/types\/page"}],"author":[{"embeddable":true,"href":"https:\/\/www.showlink.fi\/shows\/loimaakr26\/wp-json\/wp\/v2\/users\/1"}],"replies":[{"embeddable":true,"href":"https:\/\/www.showlink.fi\/shows\/loimaakr26\/wp-json\/wp\/v2\/comments?post=14"}],"version-history":[{"count":50,"href":"https:\/\/www.showlink.fi\/shows\/loimaakr26\/wp-json\/wp\/v2\/pages\/14\/revisions"}],"predecessor-version":[{"id":491,"href":"https:\/\/www.showlink.fi\/shows\/loimaakr26\/wp-json\/wp\/v2\/pages\/14\/revisions\/491"}],"wp:attachment":[{"href":"https:\/\/www.showlink.fi\/shows\/loimaakr26\/wp-json\/wp\/v2\/media?parent=14"}],"curies":[{"name":"wp","href":"https:\/\/api.w.org\/{rel}","templated":true}]}}