{"id":18,"date":"2018-01-23T08:11:59","date_gmt":"2018-01-23T06:11:59","guid":{"rendered":"http:\/\/www.showlink.fi\/shows\/mikkeli2018\/?page_id=18"},"modified":"2026-01-22T12:41:02","modified_gmt":"2026-01-22T10:41:02","slug":"tulokset","status":"publish","type":"page","link":"https:\/\/www.showlink.fi\/shows\/loimaakr26\/tulokset\/","title":{"rendered":"Tulokset"},"content":{"rendered":"\n<p>N\u00e4yttelymme tulokset julkaistaan n\u00e4yttelyn kuluessa.<\/p>\n\n\n\n<p><strong>\u00bb<\/strong> <strong>Siirry n\u00e4yttelyn tuloksiin<\/strong><\/p>\n\n\n\n<p>Jalostustietoj\u00e4rjestelm\u00e4\u00e4n tulokset tulevat n\u00e4kyviin n\u00e4yttelyn p\u00e4\u00e4tytty\u00e4.<\/p>\n\n\n\n<hr class=\"wp-block-separator has-text-color has-alpha-channel-opacity has-background\" style=\"background-color:#b29d911c;color:#b29d911c\"\/>\n","protected":false},"excerpt":{"rendered":"<p>N\u00e4yttelymme tulokset julkaistaan n\u00e4yttelyn kuluessa. \u00bb Siirry n\u00e4yttelyn tuloksiin Jalostustietoj\u00e4rjestelm\u00e4\u00e4n tulokset tulevat n\u00e4kyviin n\u00e4yttelyn p\u00e4\u00e4tytty\u00e4.<\/p>\n","protected":false},"author":1,"featured_media":0,"parent":0,"menu_order":4,"comment_status":"closed","ping_status":"closed","template":"","meta":{"footnotes":""},"class_list":["post-18","page","type-page","status-publish","h-entry","hentry","h-as-page"],"_links":{"self":[{"href":"https:\/\/www.showlink.fi\/shows\/loimaakr26\/wp-json\/wp\/v2\/pages\/18","targetHints":{"allow":["GET"]}}],"collection":[{"href":"https:\/\/www.showlink.fi\/shows\/loimaakr26\/wp-json\/wp\/v2\/pages"}],"about":[{"href":"https:\/\/www.showlink.fi\/shows\/loimaakr26\/wp-json\/wp\/v2\/types\/page"}],"author":[{"embeddable":true,"href":"https:\/\/www.showlink.fi\/shows\/loimaakr26\/wp-json\/wp\/v2\/users\/1"}],"replies":[{"embeddable":true,"href":"https:\/\/www.showlink.fi\/shows\/loimaakr26\/wp-json\/wp\/v2\/comments?post=18"}],"version-history":[{"count":12,"href":"https:\/\/www.showlink.fi\/shows\/loimaakr26\/wp-json\/wp\/v2\/pages\/18\/revisions"}],"predecessor-version":[{"id":477,"href":"https:\/\/www.showlink.fi\/shows\/loimaakr26\/wp-json\/wp\/v2\/pages\/18\/revisions\/477"}],"wp:attachment":[{"href":"https:\/\/www.showlink.fi\/shows\/loimaakr26\/wp-json\/wp\/v2\/media?parent=18"}],"curies":[{"name":"wp","href":"https:\/\/api.w.org\/{rel}","templated":true}]}}