{"id":20,"date":"2018-01-23T08:12:53","date_gmt":"2018-01-23T06:12:53","guid":{"rendered":"http:\/\/www.showlink.fi\/shows\/mikkeli2018\/?page_id=20"},"modified":"2026-03-03T14:43:35","modified_gmt":"2026-03-03T12:43:35","slug":"etusivu","status":"publish","type":"page","link":"https:\/\/www.showlink.fi\/shows\/loimaakr26\/","title":{"rendered":"Loimaa KR 13.-14.6.2026"},"content":{"rendered":"\n<h3 class=\"wp-block-heading\"><strong><mark style=\"background-color:rgba(0, 0, 0, 0);color:#755d50\" class=\"has-inline-color\">Tervetuloa kaikkien rotujen koiran\u00e4yttelyyn Loimaalle!<\/mark><\/strong><\/h3>\n\n\n\n<p>N\u00e4yttelypaikkana toimii <strong>Hirvikosken liikuntakeskus.<\/strong><br>osoitteessa<strong> Kuusitie 1, Loimaa<\/strong><\/p>\n\n\n\n<p><strong>Lauantaina 13.6. arvostellaan FCI:n ryhm\u00e4t <strong>4, 7, 8, 9, 10<\/strong><\/strong><br><strong>FCI 4&nbsp;- <\/strong>M\u00e4yr\u00e4koirat<br><strong>FCI 7&nbsp;-<\/strong> Seisovat lintukoirat<br><strong>FCI 8&nbsp;- <\/strong>Noutajat, yl\u00f6sajavat koirat ja vesikoirat<br><strong>FCI 9&nbsp;- <\/strong>Seurakoirat ja k\u00e4\u00e4pi\u00f6koirat<br><strong>FCI 10<\/strong>&nbsp;- Vinttikoirat<br><strong><br>Sunnuntaina 14.6. arvostellaan FCI:n ryhm\u00e4t <strong>1, 2, 3, 5, 6<\/strong><br>FCI 1&nbsp;-<\/strong> Lammas- ja karjakoirat (paitsi sveitsinpaimenkoirat)<br><strong>FCI 2&nbsp;-<\/strong> Pinserit, snautserit, molossityypiset ja sveitsinpaimenkoirat<br><strong>FCI 3&nbsp;-<\/strong> Terrierit<br><strong>FCI 5&nbsp;- <\/strong>Pystykorvat ja alkukantaiset koirat<br><strong>FCI 6&nbsp;-<\/strong> Ajavat ja j\u00e4ljest\u00e4v\u00e4t koirat<br><br>My\u00f6s pennut (7kk \u2013 alle 9kk) molempina p\u00e4ivin\u00e4.<br><\/p>\n\n\n\n<p>J\u00e4rjest\u00e4j\u00e4t: <strong>Alastaron Mets\u00e4stysseura, Loimaan Mets\u00e4stysseura, Loimaan Seudun Kennelkerho, Niinijoen Mets\u00e4st\u00e4j\u00e4t, Orip\u00e4\u00e4n Mets\u00e4stysseura, P\u00f6yty\u00e4n Yl\u00e4p\u00e4\u00e4n Mets\u00e4stysyhdistys, Riihikosken Mets\u00e4stysyhdistys, Yp\u00e4j\u00e4n Riistamiehet<\/strong><\/p>\n\n\n\n<hr class=\"wp-block-separator has-text-color has-alpha-channel-opacity has-background\" style=\"background-color:#b29d911c;color:#b29d911c\"\/>\n\n\n\n<h3 class=\"wp-block-heading\"><strong><mark style=\"background-color:rgba(0, 0, 0, 0);color:#755d50\" class=\"has-inline-color\">Tiedustelut<\/mark><\/strong><\/h3>\n\n\n\n<p><strong>Ilmoittautumisia koskevat tiedustelut<\/strong><br>Showlink Oy arkisin klo 11-17 puh. 09 887 30320 tai e-mail: info@showlink.fi<br><em>Mainitsethan tiedustelussasi n\u00e4yttelyn sek\u00e4 koiran rekisterinumeron, jota tiedustelu koskee.<\/em><\/p>\n\n\n\n<p><strong>Keh\u00e4toimitsijat<\/strong><br>Merja L\u00e4hteenm\u00e4ki<br>puh. 040 414 4887<br>merjal.kehis@gmail.com<\/p>\n\n\n\n<p><strong>Myyntipaikat <\/strong><br>Suvi Rajam\u00e4ki<br>puh. 040 721 4631<br>suvirajamaki@outlook.com<\/p>\n\n\n\n<p><strong>Muut tiedustelut<br><\/strong>Pia Kankare<br>piapia@live.fi<\/p>\n\n\n\n<hr class=\"wp-block-separator has-text-color has-alpha-channel-opacity has-background\" style=\"background-color:#b29d911c;color:#b29d911c\"\/>\n\n\n\n<figure class=\"wp-block-image size-large\"><img loading=\"lazy\" decoding=\"async\" width=\"1024\" height=\"154\" src=\"https:\/\/www.showlink.fi\/shows\/loimaakr26\/wp-content\/uploads\/sites\/25\/2026\/03\/Werraton_black_office-1024x154.png\" alt=\"\" class=\"wp-image-488\" srcset=\"https:\/\/www.showlink.fi\/shows\/loimaakr26\/wp-content\/uploads\/sites\/25\/2026\/03\/Werraton_black_office-1024x154.png 1024w, https:\/\/www.showlink.fi\/shows\/loimaakr26\/wp-content\/uploads\/sites\/25\/2026\/03\/Werraton_black_office-300x45.png 300w, https:\/\/www.showlink.fi\/shows\/loimaakr26\/wp-content\/uploads\/sites\/25\/2026\/03\/Werraton_black_office-768x115.png 768w, https:\/\/www.showlink.fi\/shows\/loimaakr26\/wp-content\/uploads\/sites\/25\/2026\/03\/Werraton_black_office-1536x231.png 1536w, https:\/\/www.showlink.fi\/shows\/loimaakr26\/wp-content\/uploads\/sites\/25\/2026\/03\/Werraton_black_office-2048x308.png 2048w, https:\/\/www.showlink.fi\/shows\/loimaakr26\/wp-content\/uploads\/sites\/25\/2026\/03\/Werraton_black_office-960x144.png 960w\" sizes=\"auto, (max-width: 1024px) 100vw, 1024px\" \/><\/figure>\n\n\n\n<figure class=\"wp-block-image size-large\"><img loading=\"lazy\" decoding=\"async\" width=\"1024\" height=\"293\" src=\"https:\/\/www.showlink.fi\/shows\/loimaakr26\/wp-content\/uploads\/sites\/25\/2026\/03\/loimaa_Vaakalogo-vihrea-nettiin-1024x293.jpg\" alt=\"\" class=\"wp-image-487\" srcset=\"https:\/\/www.showlink.fi\/shows\/loimaakr26\/wp-content\/uploads\/sites\/25\/2026\/03\/loimaa_Vaakalogo-vihrea-nettiin-1024x293.jpg 1024w, https:\/\/www.showlink.fi\/shows\/loimaakr26\/wp-content\/uploads\/sites\/25\/2026\/03\/loimaa_Vaakalogo-vihrea-nettiin-300x86.jpg 300w, https:\/\/www.showlink.fi\/shows\/loimaakr26\/wp-content\/uploads\/sites\/25\/2026\/03\/loimaa_Vaakalogo-vihrea-nettiin-768x220.jpg 768w, https:\/\/www.showlink.fi\/shows\/loimaakr26\/wp-content\/uploads\/sites\/25\/2026\/03\/loimaa_Vaakalogo-vihrea-nettiin-1536x440.jpg 1536w, https:\/\/www.showlink.fi\/shows\/loimaakr26\/wp-content\/uploads\/sites\/25\/2026\/03\/loimaa_Vaakalogo-vihrea-nettiin-2048x587.jpg 2048w, https:\/\/www.showlink.fi\/shows\/loimaakr26\/wp-content\/uploads\/sites\/25\/2026\/03\/loimaa_Vaakalogo-vihrea-nettiin-960x275.jpg 960w\" sizes=\"auto, (max-width: 1024px) 100vw, 1024px\" \/><\/figure>\n","protected":false},"excerpt":{"rendered":"<p>Tervetuloa kaikkien rotujen koiran\u00e4yttelyyn Loimaalle! N\u00e4yttelypaikkana toimii Hirvikosken liikuntakeskus.osoitteessa Kuusitie 1, Loimaa Lauantaina 13.6. arvostellaan FCI:n ryhm\u00e4t 4, 7, 8, 9, 10FCI 4&nbsp;- M\u00e4yr\u00e4koiratFCI 7&nbsp;- Seisovat lintukoiratFCI 8&nbsp;- Noutajat, yl\u00f6sajavat koirat ja vesikoiratFCI 9&nbsp;- Seurakoirat ja k\u00e4\u00e4pi\u00f6koiratFCI 10&nbsp;- VinttikoiratSunnuntaina 14.6. arvostellaan FCI:n ryhm\u00e4t 1, 2, 3, 5, 6FCI 1&nbsp;- Lammas- ja karjakoirat (paitsi sveitsinpaimenkoirat)FCI 2&nbsp;- <a href=\"https:\/\/www.showlink.fi\/shows\/loimaakr26\/\" class=\"more-link\">...jatka lukemista<span class=\"screen-reader-text\"> \"Loimaa KR 13.-14.6.2026\"<\/span><\/a><\/p>\n","protected":false},"author":1,"featured_media":0,"parent":0,"menu_order":0,"comment_status":"closed","ping_status":"closed","template":"","meta":{"footnotes":""},"class_list":["post-20","page","type-page","status-publish","h-entry","hentry","h-as-page"],"_links":{"self":[{"href":"https:\/\/www.showlink.fi\/shows\/loimaakr26\/wp-json\/wp\/v2\/pages\/20","targetHints":{"allow":["GET"]}}],"collection":[{"href":"https:\/\/www.showlink.fi\/shows\/loimaakr26\/wp-json\/wp\/v2\/pages"}],"about":[{"href":"https:\/\/www.showlink.fi\/shows\/loimaakr26\/wp-json\/wp\/v2\/types\/page"}],"author":[{"embeddable":true,"href":"https:\/\/www.showlink.fi\/shows\/loimaakr26\/wp-json\/wp\/v2\/users\/1"}],"replies":[{"embeddable":true,"href":"https:\/\/www.showlink.fi\/shows\/loimaakr26\/wp-json\/wp\/v2\/comments?post=20"}],"version-history":[{"count":74,"href":"https:\/\/www.showlink.fi\/shows\/loimaakr26\/wp-json\/wp\/v2\/pages\/20\/revisions"}],"predecessor-version":[{"id":490,"href":"https:\/\/www.showlink.fi\/shows\/loimaakr26\/wp-json\/wp\/v2\/pages\/20\/revisions\/490"}],"wp:attachment":[{"href":"https:\/\/www.showlink.fi\/shows\/loimaakr26\/wp-json\/wp\/v2\/media?parent=20"}],"curies":[{"name":"wp","href":"https:\/\/api.w.org\/{rel}","templated":true}]}}