{"id":20,"date":"2017-12-01T11:54:40","date_gmt":"2017-12-01T09:54:40","guid":{"rendered":"http:\/\/www.showlink.fi\/shows\/vetcaresyysnayttely2018\/?page_id=20"},"modified":"2025-02-12T11:13:21","modified_gmt":"2025-02-12T09:13:21","slug":"tuomarit","status":"publish","type":"page","link":"https:\/\/www.showlink.fi\/shows\/mantsalaRN100525\/tuomarit\/","title":{"rendered":"Tuomarit"},"content":{"rendered":"\n<p><strong>Ryhm\u00e4 4<\/strong><br><em><strong>Varalla <\/strong>kaikille ryhm\u00e4 4 roduille <strong>Jetta Tschokkinen<\/strong><\/em><br>kaikki rodut <strong>Hilkka Salohalla<\/strong><br><br><strong>Ryhm\u00e4 5<\/strong><br><em><strong>Varalla roduille<\/strong> hokkaidonkoira, kaanaankoira<strong> Salohalla Hilkka<\/strong><br><strong>Varalla roduille<\/strong> alaskanmalamuutti, american eskimo dog, buhund, chow chow, etnankoira, eurasier, faaraokoira, gr\u00f6nlanninkoira, h\u00e4lleforsinkoira, ibizanpodenco, karkeakarvainen, ibizanpodenco, lyhytkarvainen, islanninlammaskoira, it\u00e4siperianlaika, jakutianlaika, japaninpystykorva, kainkoira, kanadaneskimokoira, kanarianpodenco, kintamani-balinkoira, kishunkoira, koreanjindonkoira, lunnikoira, meksikonkarvatonkoira, iso, meksikonkarvatonkoira, keskikokoinen, meksikonkarvatonkoira, pieni, perunkarvatonkoira, iso, perunkarvatonkoira, keskikokoinen, perunkarvatonkoira, pieni, portugalinpodengo, karkeakarvainen, iso, portugalinpodengo, karkeakarvainen, keskikokoinen, portugalinpodengo, karkeakarvainen, pieni, portugalinpodengo, sile\u00e4karvainen, iso, portugalinpodengo, sile\u00e4karvainen, keskikokoinen, portugalinpodengo, sile\u00e4karvainen, pieni, samojedinkoira, shiba, shikokunkoira, siperianhusky, taiwaninkoira, tanskanpystykorva, thai ridgeback, thaimaanpystykorva, valkoinen ruotsinhirvikoira, ven\u00e4l\u00e4is-eurooppalainen laika, volpino italiano<strong> Tschokkinen Jetta<\/strong><\/em><br>akita, amerikanakita, basenji, harmaa norjanhirvikoira, j\u00e4mtlanninpystykorva, karjalankarhukoira, lapinporokoira, l\u00e4nsig\u00f6\u00f6tanmaanpystykorva, l\u00e4nsisiperianlaika, musta norjanhirvikoira, musta tanskanpystykorva, pohjanpystykorva, ruotsinlapinkoira, saksanpystykorva, grosspitz, musta ja ruskea, saksanpystykorva, grosspitz, valkoinen, saksanpystykorva, keeshond, saksanpystykorva, kleinspitz, musta ja ruskea, saksanpystykorva, kleinspitz, muut v\u00e4rit, saksanpystykorva, kleinspitz, valkoinen, saksanpystykorva, mittelspitz, musta ja ruskea, saksanpystykorva, mittelspitz, muut v\u00e4rit, saksanpystykorva, mittelspitz, valkoinen, saksanpystykorva, pomeranian, suomenlapinkoira, suomenpystykorva <strong>Jetta Tschokkinen<\/strong><br>buhund, gr\u00f6nlanninkoira, hokkaidonkoira, h\u00e4lleforsinkoira, ibizanpodenco, karkeakarvainen, ibizanpodenco, lyhytkarvainen, jakutianlaika, kaanaankoira, kainkoira, kanadaneskimokoira, kanarianpodenco, kintamani-balinkoira, kishunkoira, koreanjindonkoira, lunnikoira, meksikonkarvatonkoira, iso, meksikonkarvatonkoira, keskikokoinen, meksikonkarvatonkoira, pieni, perunkarvatonkoira, iso, perunkarvatonkoira, keskikokoinen, perunkarvatonkoira, pieni, portugalinpodengo, karkeakarvainen, iso, portugalinpodengo, karkeakarvainen, keskikokoinen, portugalinpodengo, karkeakarvainen, pieni, portugalinpodengo, sile\u00e4karvainen, iso, portugalinpodengo, sile\u00e4karvainen, keskikokoinen, portugalinpodengo, sile\u00e4karvainen, pieni, shiba, shikokunkoira, taiwaninkoira, tanskanpystykorva, thai ridgeback, thaimaanpystykorva, valkoinen ruotsinhirvikoira, ven\u00e4l\u00e4is-eurooppalainen laika, volpino italiano <strong>Tarja Kolkka<\/strong><br>muut <strong>Hilkka Salohalla<\/strong><br><br><strong>Ryhm\u00e4 6<\/strong><br><em><strong>Varalla<\/strong> kaikille ryhm\u00e4 6 roduille <strong>Jetta Tschokkinen<\/strong><\/em><br>alppienajokoira, amerikankettukoira, anglo-francais de petite v\u00e9nerie, ariegeois, baijerinvuoristovihikoira, basset art\u00e9sien normand, beagle, billy, bluetick coonhound, bretagnenbassetti, briquet griffon vend\u00e9en, chien d\u00b4artois, dalmatiankoira, dreeveri, francais blanc et noir, francais blanc et orange, francais tricolore, gascognenbassetti, grand anglo-francais blanc et noir, grand anglo-francais blanc et orange, grand anglo-francais tricolore, grand basset griffon vend\u00e9en, grand griffon vend\u00e9en, griffon fauve de bretagne, griffon nivernais, hannoverinvihikoira, iso gascognenajokoira, pesukarhukoira, petit basset griffon vend\u00e9en, pieni gascognenajokoira, pienisveitsinajokoira, pieniberninajokoira, pienisveitsinajokoira, pienijuranajokoira, pienisveitsinajokoira, pieniluzerninajokoira, pienisveitsinajokoira, pienischwyzinajokoira, plottinajokoira, porcelaine, rhodesiankoira, suomenajokoira, tiroler bracke, walkerinpesukarhukoira, ven\u00e4j\u00e4najokoira, westf\u00e4lische dachsbracke, vihikoira <strong>Nina Lindqvist<\/strong><br>basset hound, beagle harrier, brasilianajokoira, dunkerinajokoira, eestinajokoira, englanninkettukoira, englantilais-ven\u00e4l\u00e4inen ajokoira, gascogne-saintongenajokoira, gotlanninajokoira, griffon bleu de gascogne, haldeninajokoira, hamiltoninajokoira, harrieri, hygeninajokoira, it\u00e4vallanajokoira, karkeakarvainen bosnianajokoira\/ barak, karkeakarvainen istrianajokoira, karkeakarvainen italianajokoira, karkeakarvainen steierinajokoira, kolmiv\u00e4rinen serbianajokoira, kreikanajokoira, lyhytkarvainen istrianajokoira, lyhytkarvainen italianajokoira, maremmanajokoira, montenegronajokoira, poitevin, posavinanajokoira, puolanajokoira, puolanjahtikoira, sabueso espanol, saksanajokoira, saukkokoira, schillerinajokoira, slovakianajokoira, smoolanninajokoira, srpski gonic, sveitsinajokoira, berninajokoira, sveitsinajokoira, juranajokoira, sveitsinajokoira, luzerninajokoira, sveitsinajokoira, schwyzinajokoira, unkarinajokoira <strong>Tarja Kolkka<\/strong><br><br><strong>Ryhm\u00e4 8<\/strong><br><em><strong>Varalla roduille<\/strong> amerikancockerspanieli, amerikanvesispanieli, barbet, chesapeakelahdennoutaja, clumberinspanieli, cockerspanieli, englanninspringerspanieli, espanjanvesikoira, fieldspanieli, friisinvesikoira, irlanninvesispanieli, kiharakarvainen noutaja, kooikerhondje, kultainennoutaja, labradorinnoutaja, lagotto romagnolo, novascotiannoutaja, portugalinvesikoira, puolanmets\u00e4stysspanieli, sile\u00e4karvainen noutaja, sussexinspanieli, walesinspringerspanieli, ven\u00e4j\u00e4nspanieli, viiri\u00e4iskoira<strong> Salohalla Hilkka<\/strong><\/em><br>clumberinspanieli, friisinvesikoira, irlanninvesispanieli, sussexinspanieli, ven\u00e4j\u00e4nspanieli, viiri\u00e4iskoira <strong>Tarja Kolkka<\/strong><br>muut <strong>Anett Finnig<\/strong><br><br><strong>Ryhm\u00e4kilpailut<\/strong><br>FCI 4<strong> Hilkka Salohalla<\/strong><br>FCI 5<strong> Jetta Tschokkinen<\/strong><br>FCI 6<strong> Tarja Kolkka<\/strong><br>FCI 8<strong> Anett Finnig<\/strong><br>Paras veteraani <strong>Hilkka Salohalla<\/strong><br>Paras kasvattajaryhm\u00e4 <strong>Jetta Tschokkinen<\/strong><br>Best in Show<strong> Jetta Tschokkinen<\/strong><\/p>\n","protected":false},"excerpt":{"rendered":"<p>Ryhm\u00e4 4Varalla kaikille ryhm\u00e4 4 roduille Jetta Tschokkinenkaikki rodut Hilkka Salohalla Ryhm\u00e4 5Varalla roduille hokkaidonkoira, kaanaankoira Salohalla HilkkaVaralla roduille alaskanmalamuutti, american eskimo dog, buhund, chow chow, etnankoira, eurasier, faaraokoira, gr\u00f6nlanninkoira, h\u00e4lleforsinkoira, ibizanpodenco, karkeakarvainen, ibizanpodenco, lyhytkarvainen, islanninlammaskoira, it\u00e4siperianlaika, jakutianlaika, japaninpystykorva, kainkoira, kanadaneskimokoira, kanarianpodenco, kintamani-balinkoira, kishunkoira, koreanjindonkoira, lunnikoira, meksikonkarvatonkoira, iso, meksikonkarvatonkoira, keskikokoinen, meksikonkarvatonkoira, pieni, perunkarvatonkoira, iso, perunkarvatonkoira, <a href=\"https:\/\/www.showlink.fi\/shows\/mantsalaRN100525\/tuomarit\/\" class=\"more-link\">...jatka lukemista<span class=\"screen-reader-text\"> \"Tuomarit\"<\/span><\/a><\/p>\n","protected":false},"author":1,"featured_media":0,"parent":0,"menu_order":2,"comment_status":"closed","ping_status":"closed","template":"","meta":{"footnotes":""},"class_list":["post-20","page","type-page","status-publish","h-entry","hentry","h-as-page"],"_links":{"self":[{"href":"https:\/\/www.showlink.fi\/shows\/mantsalaRN100525\/wp-json\/wp\/v2\/pages\/20","targetHints":{"allow":["GET"]}}],"collection":[{"href":"https:\/\/www.showlink.fi\/shows\/mantsalaRN100525\/wp-json\/wp\/v2\/pages"}],"about":[{"href":"https:\/\/www.showlink.fi\/shows\/mantsalaRN100525\/wp-json\/wp\/v2\/types\/page"}],"author":[{"embeddable":true,"href":"https:\/\/www.showlink.fi\/shows\/mantsalaRN100525\/wp-json\/wp\/v2\/users\/1"}],"replies":[{"embeddable":true,"href":"https:\/\/www.showlink.fi\/shows\/mantsalaRN100525\/wp-json\/wp\/v2\/comments?post=20"}],"version-history":[{"count":12,"href":"https:\/\/www.showlink.fi\/shows\/mantsalaRN100525\/wp-json\/wp\/v2\/pages\/20\/revisions"}],"predecessor-version":[{"id":221,"href":"https:\/\/www.showlink.fi\/shows\/mantsalaRN100525\/wp-json\/wp\/v2\/pages\/20\/revisions\/221"}],"wp:attachment":[{"href":"https:\/\/www.showlink.fi\/shows\/mantsalaRN100525\/wp-json\/wp\/v2\/media?parent=20"}],"curies":[{"name":"wp","href":"https:\/\/api.w.org\/{rel}","templated":true}]}}