{"id":10,"date":"2017-12-28T10:11:21","date_gmt":"2017-12-28T08:11:21","guid":{"rendered":"http:\/\/www.showlink.fi\/shows\/miehikkalarn18\/?page_id=10"},"modified":"2025-02-18T10:23:48","modified_gmt":"2025-02-18T08:23:48","slug":"tuomarit","status":"publish","type":"page","link":"https:\/\/www.showlink.fi\/shows\/mantsalaRN_2025\/tuomarit\/","title":{"rendered":"Tuomarit"},"content":{"rendered":"\n<p><em>Varalla kaikille roduille&nbsp;<strong>Pirjo Aaltonen<\/strong><\/em><\/p>\n\n\n\n<p><strong>Ryhm\u00e4 1<\/strong><br>australian t\u00f6p\u00f6h\u00e4nt\u00e4inen karjakoira, australiankarjakoira, bordercollie, brienpaimenkoira, hollanninpaimenkoirat, komondor, kuvasz, mudi, pulit, pumi, saksanpaimenkoirat, schipperke, sile\u00e4karvainen collie, tsekinpaimenkoira, valkoinenpaimenkoira, welsh corgit\u00a0<strong>Nina Janger<\/strong><br>ardennienkarjakoira, australiankelpie, australianpaimenkoira, beaucenpaimenkoira, belgianpaimenkoirat, bergamonpaimenkoira, bouvier, ceskoslovensky vlciak, etel\u00e4ven\u00e4j\u00e4nkoira, it\u00e4euroopanpaimenkoira, karpaattienkoira, katalonianpaimenkoira, kroatianpaimenkoira, lancashirenkarjakoira, mallorcanpaimenkoira, maremmano-abruzzese, medimurjenkoira, owczarek podhalanski, partacollie, picardienpaimenkoira, pieniamerikanpaimenkoira, pitk\u00e4karvainen collie, polski owczarek nizinny, pyreneittenpaimenkoirat, romanianpaimenkoira, saarlooswolfhond, schapendoes, serra de airesinpaimenkoira, shetlanninlammaskoira, slovakiancuvac, vanhaenglanninlammaskoira\u00a0<strong>Tino Jalonen<\/strong><\/p>\n\n\n\n<p><strong>Ryhm\u00e4 3<\/strong><br>airedalenterrieri, amerikankarvatonterrieri, australianterrieri, bullterrieri, cairnterrieri, ceskyterrieri, irlanninterrieri, k\u00e4\u00e4pi\u00f6bullterrieri, lakelandinterrieri, walesinterrieri&nbsp;<strong>Pirjo Aaltonen<\/strong><br>amerikank\u00e4\u00e4pi\u00f6kettuterrieri, amerikanrottaterrieri, amerikanstaffordshirenterrieri, andalusianrottakoira, bedlingtoninterrieri, biewerterrieri, borderterrieri, brasilianterrieri, dandiedinmontinterrieri, englannink\u00e4\u00e4pi\u00f6terrieri, glen of imaalinterrieri, jackrussellinterrieri, japaninterrieri, karkeakarvainen kettuterrieri, kerrynterrieri, manchesterinterrieri, norfolkinterrieri, norwichinterrieri, parsonrussellinterrieri, saksanmets\u00e4stysterrieri, sealyhaminterrieri, sile\u00e4karvainen kettuterrieri, silkkiterrieri, skotlanninterrieri, skyenterrieri, staffordshirenbullterrieri, tenterfieldinterrieri, valencianrottaterrieri, valkoinen l\u00e4nsiyl\u00e4maanterrieri, vehn\u00e4terrieri, yorkshirenterrieri&nbsp;<strong>P\u00e4ivi Eerola<\/strong><\/p>\n\n\n\n<p><strong>Ryhm\u00e4 6<\/strong><br>bretagnenbassetti, dalmatiankoira, englantilais-ven\u00e4l\u00e4inen ajokoira, grand basset griffon vend\u00e9en, maremmanajokoira, petit basset griffon vend\u00e9en, rhodesiankoira, suomenajokoira, ven\u00e4j\u00e4najokoira&nbsp;<strong>Pirjo Aaltonen<\/strong><br>muut&nbsp;<strong>Pia Itkonen<\/strong><\/p>\n\n\n\n<p><strong>Ryhm\u00e4 8<\/strong><br>chesapeakelahdennoutaja, sile\u00e4karvainen noutaja\u00a0<strong>Nina Janger<\/strong><br>labradorinnoutaja\u00a0<strong>Pia Itkonen<\/strong><br>kultainennoutaja\u00a0<strong>Pirjo Aaltonen<\/strong><br>muut\u00a0<strong>Tarja Hovila<\/strong><\/p>\n\n\n\n<p><strong>Ryhm\u00e4kilpailut<\/strong><br>FCI 1<strong>&nbsp;Tino Jalonen<\/strong><br>FCI 3<strong>&nbsp;P\u00e4ivi Eerola<\/strong><br>FCI 6<strong>&nbsp;Pia Itkonen<\/strong><br>FCI 8<strong>&nbsp;Tarja Hovila<\/strong><br><br>Paras juniori&nbsp;<strong>Pia Itkonen<\/strong><br>Paras veteraani&nbsp;<strong>P\u00e4ivi Eerola<\/strong><br>Paras kasvattajaryhm\u00e4&nbsp;<strong>Nina Janger<\/strong><br>Best in Show<strong>&nbsp;Pirjo Aaltonen<\/strong><\/p>\n","protected":false},"excerpt":{"rendered":"<p>Varalla kaikille roduille&nbsp;Pirjo Aaltonen Ryhm\u00e4 1australian t\u00f6p\u00f6h\u00e4nt\u00e4inen karjakoira, australiankarjakoira, bordercollie, brienpaimenkoira, hollanninpaimenkoirat, komondor, kuvasz, mudi, pulit, pumi, saksanpaimenkoirat, schipperke, sile\u00e4karvainen collie, tsekinpaimenkoira, valkoinenpaimenkoira, welsh corgit\u00a0Nina Jangerardennienkarjakoira, australiankelpie, australianpaimenkoira, beaucenpaimenkoira, belgianpaimenkoirat, bergamonpaimenkoira, bouvier, ceskoslovensky vlciak, etel\u00e4ven\u00e4j\u00e4nkoira, it\u00e4euroopanpaimenkoira, karpaattienkoira, katalonianpaimenkoira, kroatianpaimenkoira, lancashirenkarjakoira, mallorcanpaimenkoira, maremmano-abruzzese, medimurjenkoira, owczarek podhalanski, partacollie, picardienpaimenkoira, pieniamerikanpaimenkoira, pitk\u00e4karvainen collie, polski owczarek nizinny, pyreneittenpaimenkoirat, romanianpaimenkoira, <a href=\"https:\/\/www.showlink.fi\/shows\/mantsalaRN_2025\/tuomarit\/\" class=\"more-link\">...jatka lukemista<span class=\"screen-reader-text\"> \"Tuomarit\"<\/span><\/a><\/p>\n","protected":false},"author":1,"featured_media":0,"parent":0,"menu_order":3,"comment_status":"closed","ping_status":"closed","template":"","meta":{"footnotes":""},"class_list":["post-10","page","type-page","status-publish","h-entry","hentry","h-as-page"],"_links":{"self":[{"href":"https:\/\/www.showlink.fi\/shows\/mantsalaRN_2025\/wp-json\/wp\/v2\/pages\/10","targetHints":{"allow":["GET"]}}],"collection":[{"href":"https:\/\/www.showlink.fi\/shows\/mantsalaRN_2025\/wp-json\/wp\/v2\/pages"}],"about":[{"href":"https:\/\/www.showlink.fi\/shows\/mantsalaRN_2025\/wp-json\/wp\/v2\/types\/page"}],"author":[{"embeddable":true,"href":"https:\/\/www.showlink.fi\/shows\/mantsalaRN_2025\/wp-json\/wp\/v2\/users\/1"}],"replies":[{"embeddable":true,"href":"https:\/\/www.showlink.fi\/shows\/mantsalaRN_2025\/wp-json\/wp\/v2\/comments?post=10"}],"version-history":[{"count":13,"href":"https:\/\/www.showlink.fi\/shows\/mantsalaRN_2025\/wp-json\/wp\/v2\/pages\/10\/revisions"}],"predecessor-version":[{"id":214,"href":"https:\/\/www.showlink.fi\/shows\/mantsalaRN_2025\/wp-json\/wp\/v2\/pages\/10\/revisions\/214"}],"wp:attachment":[{"href":"https:\/\/www.showlink.fi\/shows\/mantsalaRN_2025\/wp-json\/wp\/v2\/media?parent=10"}],"curies":[{"name":"wp","href":"https:\/\/api.w.org\/{rel}","templated":true}]}}