{"id":18,"date":"2018-01-18T16:42:35","date_gmt":"2018-01-18T14:42:35","guid":{"rendered":"http:\/\/www.showlink.fi\/shows\/miehikkalarn18\/?page_id=18"},"modified":"2025-07-31T09:40:19","modified_gmt":"2025-07-31T06:40:19","slug":"aikataulut","status":"publish","type":"page","link":"https:\/\/www.showlink.fi\/shows\/mantsalaRN_2025\/aikataulut\/","title":{"rendered":"Aikataulut"},"content":{"rendered":"\n<p><em>Aikataulut julkaistu 16.7.2025<\/em><\/p>\n\n\n\n<p><strong>\u00bb <a href=\"https:\/\/www.showlink.fi\/aikataulut2025\/MantsalaRN_020825_aikataulukirje.pdf\">Aikataulukirje<\/a><\/strong><\/p>\n\n\n\n<p><strong>P\u00e4ivitys aikataulukirjeeseen 31.7.2025<\/strong><br>Keh\u00e4- ja aluekarttaa p\u00e4ivitetty telttojen sijoittelua koskevan informaation osalta.<\/p>\n\n\n\n<p><strong>Numerolappu ja aikataulukirje toimitetaan n\u00e4ytteilleasettajille&nbsp;ainoastaan s\u00e4hk\u00f6isesti.<br><\/strong>N\u00e4yttelypostia&nbsp;ei l\u00e4hetet\u00e4 postitse.<\/p>\n\n\n\n<hr class=\"wp-block-separator has-text-color has-alpha-channel-opacity has-background\" style=\"background-color:#eeeeee;color:#eeeeee\"\/>\n\n\n<table width=\"426\">\n<tbody>\n<tr>\n<td width=\"298\"><strong>KEH\u00c4 1<\/strong><\/td>\n<td width=\"64\">\u00a0<\/td>\n<td width=\"64\">\u00a0<\/td>\n<\/tr>\n<tr>\n<td><strong>Tarja Hovila<\/strong><\/td>\n<td><strong>82<\/strong><\/td>\n<td>\u00a0<\/td>\n<\/tr>\n<tr>\n<td>cockerspanieli<\/td>\n<td>32<\/td>\n<td>09.00<\/td>\n<\/tr>\n<tr>\n<td>- pennut<\/td>\n<td>1<\/td>\n<td>\u00a0<\/td>\n<\/tr>\n<tr>\n<td>- urokset<\/td>\n<td>13<\/td>\n<td>\u00a0<\/td>\n<\/tr>\n<tr>\n<td>- nartut\u00a0<\/td>\n<td>18<\/td>\n<td>\u00a0<\/td>\n<\/tr>\n<tr>\n<td>lagotto romagnolo<\/td>\n<td>17<\/td>\n<td>10.45<\/td>\n<\/tr>\n<tr>\n<td>espanjanvesikoira<\/td>\n<td>2<\/td>\n<td>\u00a0<\/td>\n<\/tr>\n<tr>\n<td>portugalinvesikoira<\/td>\n<td>1<\/td>\n<td>\u00a0<\/td>\n<\/tr>\n<tr>\n<td>barbet<\/td>\n<td>1<\/td>\n<td>\u00a0<\/td>\n<\/tr>\n<tr>\n<td>viiri\u00e4iskoira<\/td>\n<td>1<\/td>\n<td>\u00a0<\/td>\n<\/tr>\n<tr>\n<td>kooikerhondje<\/td>\n<td>3<\/td>\n<td>\u00a0<\/td>\n<\/tr>\n<tr>\n<td>amerikancockerspanieli<\/td>\n<td>4<\/td>\n<td>\u00a0<\/td>\n<\/tr>\n<tr>\n<td>clumberinspanieli<\/td>\n<td>1<\/td>\n<td>\u00a0<\/td>\n<\/tr>\n<tr>\n<td>englanninspringerspanieli<\/td>\n<td>11<\/td>\n<td>\u00a0<\/td>\n<\/tr>\n<tr>\n<td>walesinspringerspanieli<\/td>\n<td>2<\/td>\n<td>\u00a0<\/td>\n<\/tr>\n<tr>\n<td>fieldspanieli<\/td>\n<td>1<\/td>\n<td>\u00a0<\/td>\n<\/tr>\n<tr>\n<td>sussexinspanieli<\/td>\n<td>1<\/td>\n<td>\u00a0<\/td>\n<\/tr>\n<tr>\n<td>irlanninvesispanieli<\/td>\n<td>1<\/td>\n<td>\u00a0<\/td>\n<\/tr>\n<tr>\n<td>novascotiannoutaja<\/td>\n<td>3<\/td>\n<td>\u00a0<\/td>\n<\/tr>\n<tr>\n<td>kiharakarvainen noutaja<\/td>\n<td>1<\/td>\n<td>\u00a0<\/td>\n<\/tr>\n<tr>\n<td>\u00a0<\/td>\n<td>\u00a0<\/td>\n<td>\u00a0<\/td>\n<\/tr>\n<tr>\n<td><strong>KEH\u00c4 2<\/strong><\/td>\n<td>\u00a0<\/td>\n<td>\u00a0<\/td>\n<\/tr>\n<tr>\n<td><strong>Jaana Helin<\/strong><\/td>\n<td><strong>68<\/strong><\/td>\n<td>\u00a0<\/td>\n<\/tr>\n<tr>\n<td>* parsonrussellinterrieri<\/td>\n<td>12<\/td>\n<td>10.00<\/td>\n<\/tr>\n<tr>\n<td>* sile\u00e4karvainen kettuterrieri<\/td>\n<td>2<\/td>\n<td>\u00a0<\/td>\n<\/tr>\n<tr>\n<td>* karkeakarvainen kettuterrieri<\/td>\n<td>3<\/td>\n<td>\u00a0<\/td>\n<\/tr>\n<tr>\n<td>* australianterrieri<\/td>\n<td>8<\/td>\n<td>\u00a0<\/td>\n<\/tr>\n<tr>\n<td>* valkoinen l\u00e4nsiyl\u00e4maanterrieri<\/td>\n<td>8<\/td>\n<td>11.15<\/td>\n<\/tr>\n<tr>\n<td>* brasilianterrieri<\/td>\n<td>6<\/td>\n<td>\u00a0<\/td>\n<\/tr>\n<tr>\n<td>* manchesterinterrieri<\/td>\n<td>3<\/td>\n<td>\u00a0<\/td>\n<\/tr>\n<tr>\n<td>* valencianrottaterrieri<\/td>\n<td>1<\/td>\n<td>\u00a0<\/td>\n<\/tr>\n<tr>\n<td>* dandiedinmontinterrieri<\/td>\n<td>2<\/td>\n<td>\u00a0<\/td>\n<\/tr>\n<tr>\n<td>* englannink\u00e4\u00e4pi\u00f6terrieri<\/td>\n<td>1<\/td>\n<td>\u00a0<\/td>\n<\/tr>\n<tr>\n<td>* glen of imaalinterrieri<\/td>\n<td>4<\/td>\n<td>\u00a0<\/td>\n<\/tr>\n<tr>\n<td>* skyenterrieri<\/td>\n<td>4<\/td>\n<td>\u00a0<\/td>\n<\/tr>\n<tr>\n<td>* kerrynterrieri<\/td>\n<td>3<\/td>\n<td>\u00a0<\/td>\n<\/tr>\n<tr>\n<td>* vehn\u00e4terrieri<\/td>\n<td>11<\/td>\n<td>\u00a0<\/td>\n<\/tr>\n<tr>\n<td>\u00a0<\/td>\n<td>\u00a0<\/td>\n<td>\u00a0<\/td>\n<\/tr>\n<tr>\n<td><strong>KEH\u00c4 3<\/strong><\/td>\n<td>\u00a0<\/td>\n<td>\u00a0<\/td>\n<\/tr>\n<tr>\n<td><strong>Pia Itkonen<\/strong><\/td>\n<td><strong>64<\/strong><\/td>\n<td>\u00a0<\/td>\n<\/tr>\n<tr>\n<td colspan=\"2\"><strong><em>Harjoitusarvostelija: L\u00f6fman Tarja, labradorinnoutaja<\/em><\/strong><\/td>\n<td>\u00a0<\/td>\n<\/tr>\n<tr>\n<td>beagle<\/td>\n<td>11<\/td>\n<td>10.00<\/td>\n<\/tr>\n<tr>\n<td>karkeakarvainen italianajokoira<\/td>\n<td>1<\/td>\n<td>\u00a0<\/td>\n<\/tr>\n<tr>\n<td>lyhytkarvainen italianajokoira<\/td>\n<td>1<\/td>\n<td>\u00a0<\/td>\n<\/tr>\n<tr>\n<td>baijerinvuoristovihikoira<\/td>\n<td>1<\/td>\n<td>\u00a0<\/td>\n<\/tr>\n<tr>\n<td>basset art\u00e9sien normand<\/td>\n<td>3<\/td>\n<td>\u00a0<\/td>\n<\/tr>\n<tr>\n<td>basset hound<\/td>\n<td>1<\/td>\n<td>\u00a0<\/td>\n<\/tr>\n<tr>\n<td>gascognenbassetti<\/td>\n<td>1<\/td>\n<td>\u00a0<\/td>\n<\/tr>\n<tr>\n<td>dreeveri<\/td>\n<td>5<\/td>\n<td>\u00a0<\/td>\n<\/tr>\n<tr>\n<td>eestinajokoira<\/td>\n<td>1<\/td>\n<td>\u00a0<\/td>\n<\/tr>\n<tr>\n<td>labradorinnoutaja<\/td>\n<td>39<\/td>\n<td>11.15<\/td>\n<\/tr>\n<tr>\n<td>- pennut<\/td>\n<td>2<\/td>\n<td>\u00a0<\/td>\n<\/tr>\n<tr>\n<td>- urokset<\/td>\n<td>14<\/td>\n<td>\u00a0<\/td>\n<\/tr>\n<tr>\n<td>- nartut\u00a0<\/td>\n<td>23<\/td>\n<td>\u00a0<\/td>\n<\/tr>\n<tr>\n<td>\u00a0<\/td>\n<td>\u00a0<\/td>\n<td>\u00a0<\/td>\n<\/tr>\n<tr>\n<td><strong>KEH\u00c4 4<\/strong><\/td>\n<td>\u00a0<\/td>\n<td>\u00a0<\/td>\n<\/tr>\n<tr>\n<td><strong>Pirjo Aaltonen<\/strong><\/td>\n<td><strong>83<\/strong><\/td>\n<td>\u00a0<\/td>\n<\/tr>\n<tr>\n<td>kultainennoutaja<\/td>\n<td>18<\/td>\n<td>09.00<\/td>\n<\/tr>\n<tr>\n<td>dalmatiankoira<\/td>\n<td>17<\/td>\n<td>\u00a0<\/td>\n<\/tr>\n<tr>\n<td>suomenajokoira<\/td>\n<td>8<\/td>\n<td>11.00<\/td>\n<\/tr>\n<tr>\n<td>rhodesiankoira<\/td>\n<td>7<\/td>\n<td>\u00a0<\/td>\n<\/tr>\n<tr>\n<td>cairnterrieri<\/td>\n<td>21<\/td>\n<td>\u00a0<\/td>\n<\/tr>\n<tr>\n<td>lakelandinterrieri<\/td>\n<td>3<\/td>\n<td>\u00a0<\/td>\n<\/tr>\n<tr>\n<td>bullterrieri<\/td>\n<td>1<\/td>\n<td>\u00a0<\/td>\n<\/tr>\n<tr>\n<td>ceskyterrieri<\/td>\n<td>1<\/td>\n<td>\u00a0<\/td>\n<\/tr>\n<tr>\n<td>amerikankarvatonterrieri<\/td>\n<td>1<\/td>\n<td>\u00a0<\/td>\n<\/tr>\n<tr>\n<td>walesinterrieri<\/td>\n<td>1<\/td>\n<td>\u00a0<\/td>\n<\/tr>\n<tr>\n<td>airedalenterrieri<\/td>\n<td>5<\/td>\n<td>\u00a0<\/td>\n<\/tr>\n<tr>\n<td>\u00a0<\/td>\n<td>\u00a0<\/td>\n<td>\u00a0<\/td>\n<\/tr>\n<tr>\n<td><strong>KEH\u00c4 5<\/strong><\/td>\n<td>\u00a0<\/td>\n<td>\u00a0<\/td>\n<\/tr>\n<tr>\n<td><strong>Nina Janger<\/strong><\/td>\n<td><strong>73<\/strong><\/td>\n<td>\u00a0<\/td>\n<\/tr>\n<tr>\n<td>sile\u00e4karvainen noutaja<\/td>\n<td>5<\/td>\n<td>10.00<\/td>\n<\/tr>\n<tr>\n<td>chesapeakelahdennoutaja<\/td>\n<td>1<\/td>\n<td>\u00a0<\/td>\n<\/tr>\n<tr>\n<td>sile\u00e4karvainen collie<\/td>\n<td>5<\/td>\n<td>\u00a0<\/td>\n<\/tr>\n<tr>\n<td>valkoinenpaimenkoira<\/td>\n<td>6<\/td>\n<td>\u00a0<\/td>\n<\/tr>\n<tr>\n<td>saksanpaimenkoira, pitk\u00e4karvainen<\/td>\n<td>2<\/td>\n<td>\u00a0<\/td>\n<\/tr>\n<tr>\n<td>saksanpaimenkoira<\/td>\n<td>3<\/td>\n<td>11.00<\/td>\n<\/tr>\n<tr>\n<td>tsekinpaimenkoira<\/td>\n<td>1<\/td>\n<td>\u00a0<\/td>\n<\/tr>\n<tr>\n<td>hollanninpaimenkoira, pitk\u00e4karvainen<\/td>\n<td>3<\/td>\n<td>\u00a0<\/td>\n<\/tr>\n<tr>\n<td>hollanninpaimenkoira, lyhytkarvainen<\/td>\n<td>1<\/td>\n<td>\u00a0<\/td>\n<\/tr>\n<tr>\n<td>bordercollie<\/td>\n<td>3<\/td>\n<td>\u00a0<\/td>\n<\/tr>\n<tr>\n<td>australiankarjakoira<\/td>\n<td>1<\/td>\n<td>\u00a0<\/td>\n<\/tr>\n<tr>\n<td>brienpaimenkoira \/ briardi<\/td>\n<td>1<\/td>\n<td>\u00a0<\/td>\n<\/tr>\n<tr>\n<td>mudi<\/td>\n<td>1<\/td>\n<td>\u00a0<\/td>\n<\/tr>\n<tr>\n<td>welsh corgi pembroke<\/td>\n<td>11<\/td>\n<td>\u00a0<\/td>\n<\/tr>\n<tr>\n<td>welsh corgi cardigan<\/td>\n<td>12<\/td>\n<td>\u00a0<\/td>\n<\/tr>\n<tr>\n<td>* silkkiterrieri<\/td>\n<td>4<\/td>\n<td>\u00a0<\/td>\n<\/tr>\n<tr>\n<td>* bedlingtoninterrieri<\/td>\n<td>4<\/td>\n<td>\u00a0<\/td>\n<\/tr>\n<tr>\n<td>* tenterfieldinterrieri<\/td>\n<td>1<\/td>\n<td>\u00a0<\/td>\n<\/tr>\n<tr>\n<td>* norwichinterrieri<\/td>\n<td>3<\/td>\n<td>\u00a0<\/td>\n<\/tr>\n<tr>\n<td>* norfolkinterrieri<\/td>\n<td>5<\/td>\n<td>\u00a0<\/td>\n<\/tr>\n<tr>\n<td>\u00a0<\/td>\n<td>\u00a0<\/td>\n<td>\u00a0<\/td>\n<\/tr>\n<tr>\n<td><strong>KEH\u00c4 6<\/strong><\/td>\n<td>\u00a0<\/td>\n<td>\u00a0<\/td>\n<\/tr>\n<tr>\n<td><strong>P\u00e4ivi Eerola<\/strong><\/td>\n<td><strong>85<\/strong><\/td>\n<td>\u00a0<\/td>\n<\/tr>\n<tr>\n<td colspan=\"2\"><em><strong>Harjoitusarvostelija: L\u00f6fman Tarja, yorkshirenterrieri<\/strong><\/em><\/td>\n<td>\u00a0<\/td>\n<\/tr>\n<tr>\n<td>yorkshirenterrieri<\/td>\n<td>5<\/td>\n<td>09.00<\/td>\n<\/tr>\n<tr>\n<td>biewerterrieri<\/td>\n<td>5<\/td>\n<td>\u00a0<\/td>\n<\/tr>\n<tr>\n<td>borderterrieri<\/td>\n<td>14<\/td>\n<td>\u00a0<\/td>\n<\/tr>\n<tr>\n<td>jackrussellinterrieri<\/td>\n<td>22<\/td>\n<td>10.15<\/td>\n<\/tr>\n<tr>\n<td>amerikanstaffordshirenterrieri<\/td>\n<td>17<\/td>\n<td>\u00a0<\/td>\n<\/tr>\n<tr>\n<td>staffordshirenbullterrieri<\/td>\n<td>22<\/td>\n<td>\u00a0<\/td>\n<\/tr>\n<tr>\n<td>\u00a0<\/td>\n<td>\u00a0<\/td>\n<td>\u00a0<\/td>\n<\/tr>\n<tr>\n<td><strong>KEH\u00c4 7<\/strong><\/td>\n<td>\u00a0<\/td>\n<td>\u00a0<\/td>\n<\/tr>\n<tr>\n<td><strong>Tino Jalonen<\/strong><\/td>\n<td>95<\/td>\n<td>\u00a0<\/td>\n<\/tr>\n<tr>\n<td>shetlanninlammaskoira<\/td>\n<td>12<\/td>\n<td>09.00<\/td>\n<\/tr>\n<tr>\n<td>australianpaimenkoira<\/td>\n<td>17<\/td>\n<td>\u00a0<\/td>\n<\/tr>\n<tr>\n<td>pieniamerikanpaimenkoira<\/td>\n<td>6<\/td>\n<td>\u00a0<\/td>\n<\/tr>\n<tr>\n<td>australiankelpie<\/td>\n<td>1<\/td>\n<td>\u00a0<\/td>\n<\/tr>\n<tr>\n<td>beaucenpaimenkoira \/ beauceron<\/td>\n<td>4<\/td>\n<td>11.00<\/td>\n<\/tr>\n<tr>\n<td>belgianpaimenkoira, groenendael<\/td>\n<td>7<\/td>\n<td>\u00a0<\/td>\n<\/tr>\n<tr>\n<td>belgianpaimenkoira, malinois<\/td>\n<td>2<\/td>\n<td>\u00a0<\/td>\n<\/tr>\n<tr>\n<td>belgianpaimenkoira, tervueren<\/td>\n<td>5<\/td>\n<td>\u00a0<\/td>\n<\/tr>\n<tr>\n<td>bergamonpaimenkoira<\/td>\n<td>1<\/td>\n<td>\u00a0<\/td>\n<\/tr>\n<tr>\n<td>it\u00e4euroopanpaimenkoira<\/td>\n<td>3<\/td>\n<td>\u00a0<\/td>\n<\/tr>\n<tr>\n<td>bouvier<\/td>\n<td>6<\/td>\n<td>\u00a0<\/td>\n<\/tr>\n<tr>\n<td>lancashirenkarjakoira<\/td>\n<td>1<\/td>\n<td>\u00a0<\/td>\n<\/tr>\n<tr>\n<td>lyhytkarvainen pyreneittenpaimenkoira<\/td>\n<td>1<\/td>\n<td>\u00a0<\/td>\n<\/tr>\n<tr>\n<td>pitk\u00e4karvainen pyreneittenpaimenkoira<\/td>\n<td>1<\/td>\n<td>\u00a0<\/td>\n<\/tr>\n<tr>\n<td>maremmano-abruzzese<\/td>\n<td>4<\/td>\n<td>\u00a0<\/td>\n<\/tr>\n<tr>\n<td>medimurjenkoira<\/td>\n<td>5<\/td>\n<td>\u00a0<\/td>\n<\/tr>\n<tr>\n<td>owczarek podhalanski<\/td>\n<td>1<\/td>\n<td>\u00a0<\/td>\n<\/tr>\n<tr>\n<td>polski owczarek nizinny<\/td>\n<td>3<\/td>\n<td>\u00a0<\/td>\n<\/tr>\n<tr>\n<td>vanhaenglanninlammaskoira<\/td>\n<td>1<\/td>\n<td>\u00a0<\/td>\n<\/tr>\n<tr>\n<td>partacollie<\/td>\n<td>3<\/td>\n<td>\u00a0<\/td>\n<\/tr>\n<tr>\n<td>pitk\u00e4karvainen collie<\/td>\n<td>11<\/td>\n<td>\u00a0<\/td>\n<\/tr>\n<\/tbody>\n<\/table>","protected":false},"excerpt":{"rendered":"<p>Aikataulut julkaistu 16.7.2025 \u00bb Aikataulukirje P\u00e4ivitys aikataulukirjeeseen 31.7.2025Keh\u00e4- ja aluekarttaa p\u00e4ivitetty telttojen sijoittelua koskevan informaation osalta. Numerolappu ja aikataulukirje toimitetaan n\u00e4ytteilleasettajille&nbsp;ainoastaan s\u00e4hk\u00f6isesti.N\u00e4yttelypostia&nbsp;ei l\u00e4hetet\u00e4 postitse. KEH\u00c4 1 \u00a0 \u00a0 Tarja Hovila 82 \u00a0 cockerspanieli 32 09.00 - pennut 1 \u00a0 - urokset 13 \u00a0 - nartut\u00a0 18 \u00a0 lagotto romagnolo 17 10.45 espanjanvesikoira 2 \u00a0 portugalinvesikoira <a href=\"https:\/\/www.showlink.fi\/shows\/mantsalaRN_2025\/aikataulut\/\" class=\"more-link\">...jatka lukemista<span class=\"screen-reader-text\"> \"Aikataulut\"<\/span><\/a><\/p>\n","protected":false},"author":1,"featured_media":0,"parent":0,"menu_order":5,"comment_status":"closed","ping_status":"closed","template":"","meta":{"footnotes":""},"class_list":["post-18","page","type-page","status-publish","h-entry","hentry","h-as-page"],"_links":{"self":[{"href":"https:\/\/www.showlink.fi\/shows\/mantsalaRN_2025\/wp-json\/wp\/v2\/pages\/18","targetHints":{"allow":["GET"]}}],"collection":[{"href":"https:\/\/www.showlink.fi\/shows\/mantsalaRN_2025\/wp-json\/wp\/v2\/pages"}],"about":[{"href":"https:\/\/www.showlink.fi\/shows\/mantsalaRN_2025\/wp-json\/wp\/v2\/types\/page"}],"author":[{"embeddable":true,"href":"https:\/\/www.showlink.fi\/shows\/mantsalaRN_2025\/wp-json\/wp\/v2\/users\/1"}],"replies":[{"embeddable":true,"href":"https:\/\/www.showlink.fi\/shows\/mantsalaRN_2025\/wp-json\/wp\/v2\/comments?post=18"}],"version-history":[{"count":21,"href":"https:\/\/www.showlink.fi\/shows\/mantsalaRN_2025\/wp-json\/wp\/v2\/pages\/18\/revisions"}],"predecessor-version":[{"id":269,"href":"https:\/\/www.showlink.fi\/shows\/mantsalaRN_2025\/wp-json\/wp\/v2\/pages\/18\/revisions\/269"}],"wp:attachment":[{"href":"https:\/\/www.showlink.fi\/shows\/mantsalaRN_2025\/wp-json\/wp\/v2\/media?parent=18"}],"curies":[{"name":"wp","href":"https:\/\/api.w.org\/{rel}","templated":true}]}}