{"id":8,"date":"2018-11-28T12:39:57","date_gmt":"2018-11-28T10:39:57","guid":{"rendered":"http:\/\/www.showlink.fi\/shows\/miljoonakoira2019\/?page_id=8"},"modified":"2025-12-04T12:44:30","modified_gmt":"2025-12-04T10:44:30","slug":"tervetuloa-tuuriin-8-9-6-2019","status":"publish","type":"page","link":"https:\/\/www.showlink.fi\/shows\/miljoonakoira2026\/","title":{"rendered":""},"content":{"rendered":"\n<h2 class=\"wp-block-heading has-text-align-center\" style=\"font-size:33px\"><strong>Tervetuloa Tuuriin <\/strong><br><strong>6.\u20137.6.2026!<\/strong><br>MILJOONA KOIRA 2026<\/h2>\n\n\n\n<hr class=\"wp-block-separator has-css-opacity\"\/>\n\n\n\n<h3 class=\"wp-block-heading\"><br><strong>Suomen suurimman Kyl\u00e4kaupan kupeessa j\u00e4rjestet\u00e4\u00e4n <strong><strong>6.\u20137.6.202<\/strong>6<\/strong> kaikkien rotujen koiran\u00e4yttely<\/strong><\/h3>\n\n\n\n<p>N\u00e4yttely j\u00e4rjestet\u00e4\u00e4n Kyl\u00e4kaupan tapahtuma-alueella. Hiekkapohjainen alue on erinomaisella paikalla Ruokapuodin linnajulkisivua vastap\u00e4\u00e4t\u00e4, joen toisella puolella. Kyl\u00e4kaupan piha-alueen parkkipaikat ovat k\u00e4ytett\u00e4viss\u00e4, joten tapahtumaan saapuvilla on k\u00e4yt\u00f6ss\u00e4\u00e4n erinomaiset paikoitusalueet aivan n\u00e4yttelyalueen l\u00e4heisyydess\u00e4.<br><br><strong>Tuurin kyl\u00e4kauppa: <a href=\"https:\/\/www.tuuri.fi\/\">Tuuri.fi<\/a><\/strong><\/p>\n\n\n\n<p>Osoite n\u00e4yttelypaikalle: V\u00e4kk\u00e4r\u00e4pakantie, Tuuri<\/p>\n\n\n\n<p class=\"has-white-color has-text-color has-link-color wp-elements-5a72ef808d39075f97e3ed8a839b8546\"><strong>Hinnat<\/strong><br><mark style=\"background-color:rgba(0, 0, 0, 0)\" class=\"has-inline-color has-white-color\">P\u00e4\u00e4sylippu 5 euroa, alle 13-v. ilmaiseksi.<\/mark><br>Ilmainen pys\u00e4k\u00f6inti.<br><\/p>\n\n\n\n<hr class=\"wp-block-separator has-alpha-channel-opacity\"\/>\n\n\n\n<p class=\"has-background\" style=\"background-color:#002e6c\"><strong style=\"font-size:17pt;\">Miljoona Koira 2026 | kaikkien rotujen n\u00e4yttely la-su <strong>6.\u20137.6.<\/strong> <\/strong><br><br><strong>Lauantaina 6.6. arvostellaan FCI:n ryhm\u00e4t 2, 4, 6, 7, 9, 10<\/strong><br><strong>FCI 2<\/strong> - Pinserit, snautserit, molossityypiset ja sveitsinpaimenkoirat<br><strong>FCI 4<\/strong> - M\u00e4yr\u00e4koirat<br><strong>FCI 6<\/strong> - Ajavat ja j\u00e4ljest\u00e4v\u00e4t koirat<br><strong>FCI 7<\/strong> - Seisovat lintukoirat<br><strong>FCI 9 <\/strong>- Seurakoirat ja k\u00e4\u00e4pi\u00f6koirat<br><strong>FCI 10<\/strong> - Vinttikoirat<br><strong><br>Sunnuntaina 7.6. arvostellaan FCI:n ryhm\u00e4t 1, 3, 5, 8<\/strong><br><strong>FCI 1<\/strong> - Lammas- ja karjakoirat (paitsi sveitsinpaimenkoirat)<br><strong>FCI 3<\/strong> - Terrierit<br><strong>FCI 5<\/strong> - Pystykorvat ja alkukantaiset\u00a0koirat<br><strong>FCI 8<\/strong> - Noutajat, yl\u00f6sajavat koirat\u00a0ja vesikoirat<br><br>N\u00e4yttelyss\u00e4 arvostellaan my\u00f6s <strong>pennut (7kk - alle 9kk)<\/strong>.<br><strong>Junior handler -kilpailu<\/strong>\u00a0j\u00e4rjestet\u00e4\u00e4n molempina p\u00e4ivin\u00e4.<br>Sunnuntaina palkitaan <strong>Paras sinivalkoinen koira<\/strong>.<\/p>\n\n\n\n<hr class=\"wp-block-separator has-alpha-channel-opacity\"\/>\n\n\n\n<p class=\"has-black-color has-text-color has-background\" style=\"background-color:#bde0f6\">N\u00e4yttelyymme on k\u00e4yt\u00f6ss\u00e4 vain s\u00e4hk\u00f6inen ilmoittautuminen.<br>Aikataulukirjeet ja numerolaput tullaan l\u00e4hett\u00e4m\u00e4\u00e4n ainoastaan s\u00e4hk\u00f6isesti ilmoittautumisessa annettuun s\u00e4hk\u00f6postiosoitteeseen. <\/p>\n\n\n\n<p><strong>Miljoona Koira on edelleen Suomen edullisin kaikkien rotujen n\u00e4yttely.<\/strong><\/p>\n\n\n\n<h3 class=\"wp-block-heading has-text-align-left\"><em>Tervetuloa!<\/em><\/h3>\n\n\n\n<p><strong>J\u00e4rjest\u00e4j\u00e4<\/strong> Etel\u00e4-Pohjanmaan Kennelpiiri<\/p>\n\n\n\n<hr class=\"wp-block-separator has-css-opacity\"\/>\n\n\n<div class=\"wp-block-image\">\n<figure class=\"aligncenter size-full\"><a href=\"https:\/\/www.primadog.com\/fi\"><img loading=\"lazy\" decoding=\"async\" width=\"1200\" height=\"400\" src=\"https:\/\/www.showlink.fi\/shows\/miljoonakoira2024\/wp-content\/uploads\/sites\/113\/2024\/02\/PD_Banner_Miljoonakoira2024_1200x400.jpg\" alt=\"\" class=\"wp-image-595\"\/><\/a><\/figure>\n<\/div>\n\n\n<p><\/p>\n","protected":false},"excerpt":{"rendered":"<p>Tervetuloa Tuuriin 6.\u20137.6.2026!MILJOONA KOIRA 2026 Suomen suurimman Kyl\u00e4kaupan kupeessa j\u00e4rjestet\u00e4\u00e4n 6.\u20137.6.2026 kaikkien rotujen koiran\u00e4yttely N\u00e4yttely j\u00e4rjestet\u00e4\u00e4n Kyl\u00e4kaupan tapahtuma-alueella. Hiekkapohjainen alue on erinomaisella paikalla Ruokapuodin linnajulkisivua vastap\u00e4\u00e4t\u00e4, joen toisella puolella. Kyl\u00e4kaupan piha-alueen parkkipaikat ovat k\u00e4ytett\u00e4viss\u00e4, joten tapahtumaan saapuvilla on k\u00e4yt\u00f6ss\u00e4\u00e4n erinomaiset paikoitusalueet aivan n\u00e4yttelyalueen l\u00e4heisyydess\u00e4. Tuurin kyl\u00e4kauppa: Tuuri.fi Osoite n\u00e4yttelypaikalle: V\u00e4kk\u00e4r\u00e4pakantie, Tuuri HinnatP\u00e4\u00e4sylippu 5 euroa, alle <a href=\"https:\/\/www.showlink.fi\/shows\/miljoonakoira2026\/\" class=\"more-link\">...jatka lukemista<span class=\"screen-reader-text\"> \"\"<\/span><\/a><\/p>\n","protected":false},"author":1,"featured_media":0,"parent":0,"menu_order":0,"comment_status":"closed","ping_status":"closed","template":"","meta":{"footnotes":""},"class_list":["post-8","page","type-page","status-publish","h-entry","hentry","h-as-page"],"_links":{"self":[{"href":"https:\/\/www.showlink.fi\/shows\/miljoonakoira2026\/wp-json\/wp\/v2\/pages\/8","targetHints":{"allow":["GET"]}}],"collection":[{"href":"https:\/\/www.showlink.fi\/shows\/miljoonakoira2026\/wp-json\/wp\/v2\/pages"}],"about":[{"href":"https:\/\/www.showlink.fi\/shows\/miljoonakoira2026\/wp-json\/wp\/v2\/types\/page"}],"author":[{"embeddable":true,"href":"https:\/\/www.showlink.fi\/shows\/miljoonakoira2026\/wp-json\/wp\/v2\/users\/1"}],"replies":[{"embeddable":true,"href":"https:\/\/www.showlink.fi\/shows\/miljoonakoira2026\/wp-json\/wp\/v2\/comments?post=8"}],"version-history":[{"count":85,"href":"https:\/\/www.showlink.fi\/shows\/miljoonakoira2026\/wp-json\/wp\/v2\/pages\/8\/revisions"}],"predecessor-version":[{"id":733,"href":"https:\/\/www.showlink.fi\/shows\/miljoonakoira2026\/wp-json\/wp\/v2\/pages\/8\/revisions\/733"}],"wp:attachment":[{"href":"https:\/\/www.showlink.fi\/shows\/miljoonakoira2026\/wp-json\/wp\/v2\/media?parent=8"}],"curies":[{"name":"wp","href":"https:\/\/api.w.org\/{rel}","templated":true}]}}