{"id":12,"date":"2018-09-06T13:01:46","date_gmt":"2018-09-06T10:01:46","guid":{"rendered":"http:\/\/www.showlink.fi\/shows\/ilomantsi2019\/?page_id=12"},"modified":"2025-02-21T14:56:05","modified_gmt":"2025-02-21T12:56:05","slug":"tiedustelut","status":"publish","type":"page","link":"https:\/\/www.showlink.fi\/shows\/nurmijarvi2025\/tiedustelut\/","title":{"rendered":"Tiedustelut"},"content":{"rendered":"\n<p><strong>Ilmoittautumisia koskevat tiedustelut<\/strong><br>Showlink Oy<br>arkisin klo 11 \u2013 17 puh. (09) 8873 0320 <br>tai email: info@showlink.fi<\/p>\n\n\n\n<p><em>Mainitsethan tiedustelussasi \/ s\u00e4hk\u00f6postissasi n\u00e4yttelyn sek\u00e4 koiran rekisterinumeron, jota tiedustelu koskee.<\/em><\/p>\n\n\n\n<p><strong>Muut tiedustelut ja keh\u00e4toimitsijat<\/strong><br>0400 709 967<\/p>\n","protected":false},"excerpt":{"rendered":"<p>Ilmoittautumisia koskevat tiedustelutShowlink Oyarkisin klo 11 \u2013 17 puh. (09) 8873 0320 tai email: info@showlink.fi Mainitsethan tiedustelussasi \/ s\u00e4hk\u00f6postissasi n\u00e4yttelyn sek\u00e4 koiran rekisterinumeron, jota tiedustelu koskee. Muut tiedustelut ja keh\u00e4toimitsijat0400 709 967<\/p>\n","protected":false},"author":1,"featured_media":0,"parent":0,"menu_order":0,"comment_status":"closed","ping_status":"closed","template":"","meta":{"footnotes":""},"class_list":["post-12","page","type-page","status-publish","h-entry","hentry","h-as-page"],"_links":{"self":[{"href":"https:\/\/www.showlink.fi\/shows\/nurmijarvi2025\/wp-json\/wp\/v2\/pages\/12","targetHints":{"allow":["GET"]}}],"collection":[{"href":"https:\/\/www.showlink.fi\/shows\/nurmijarvi2025\/wp-json\/wp\/v2\/pages"}],"about":[{"href":"https:\/\/www.showlink.fi\/shows\/nurmijarvi2025\/wp-json\/wp\/v2\/types\/page"}],"author":[{"embeddable":true,"href":"https:\/\/www.showlink.fi\/shows\/nurmijarvi2025\/wp-json\/wp\/v2\/users\/1"}],"replies":[{"embeddable":true,"href":"https:\/\/www.showlink.fi\/shows\/nurmijarvi2025\/wp-json\/wp\/v2\/comments?post=12"}],"version-history":[{"count":11,"href":"https:\/\/www.showlink.fi\/shows\/nurmijarvi2025\/wp-json\/wp\/v2\/pages\/12\/revisions"}],"predecessor-version":[{"id":221,"href":"https:\/\/www.showlink.fi\/shows\/nurmijarvi2025\/wp-json\/wp\/v2\/pages\/12\/revisions\/221"}],"wp:attachment":[{"href":"https:\/\/www.showlink.fi\/shows\/nurmijarvi2025\/wp-json\/wp\/v2\/media?parent=12"}],"curies":[{"name":"wp","href":"https:\/\/api.w.org\/{rel}","templated":true}]}}