{"id":6,"date":"2018-09-06T11:44:25","date_gmt":"2018-09-06T08:44:25","guid":{"rendered":"http:\/\/www.showlink.fi\/shows\/ilomantsi2019\/?page_id=6"},"modified":"2025-02-18T15:37:24","modified_gmt":"2025-02-18T13:37:24","slug":"tuomarit","status":"publish","type":"page","link":"https:\/\/www.showlink.fi\/shows\/nurmijarvi2025\/tuomarit\/","title":{"rendered":"Tuomarit"},"content":{"rendered":"\n<p><strong>Ryhm\u00e4 4<\/strong><br>kaikki rodut\u00a0<strong>Mervi Raisaari<\/strong><\/p>\n\n\n\n<p><strong>Ryhm\u00e4 5<\/strong><br>akita, alaskanmalamuutti, amerikanakita, basenji, buhund, etnankoira, faaraokoira, gr\u00f6nlanninkoira, hokkaidonkoira, ibizanpodencot, jakutianlaika, japaninpystykorva, kaanaankoira, kainkoira, kanadaneskimokoira, kanarianpodenco, kintamani-balinkoira, kishunkoira, koreanjindonkoira, lunnikoira, l\u00e4nsig\u00f6\u00f6tanmaanpystykorva, meksikonkarvatonkoirat, perunkarvatonkoirat, portugalinpodengot, grosspitzit, samojedinkoira, shiba, shikokunkoira, siperianhusky, taiwaninkoira, thai ridgeback, volpino italiano\u00a0<strong>Unto Timonen<\/strong><br>muut\u00a0<strong>Helin Tenson<\/strong><\/p>\n\n\n\n<p><strong>Ryhm\u00e4 6<\/strong><br>dalmatiankoira&nbsp;<strong>Unto Timonen<\/strong><br>muut&nbsp;<strong>Maija M\u00e4kinen<\/strong><\/p>\n\n\n\n<p><strong>Ryhm\u00e4 8<\/strong><br><em>Varalla kaikille ryhm\u00e4 8 roduille\u00a0<strong>Helin Tenson<\/strong><\/em><br>kultainennoutaja, labradorinnoutaja\u00a0<strong>Maija M\u00e4kinen<\/strong><br>muut\u00a0<strong>Anett Finnig<\/strong><\/p>\n\n\n\n<p><strong>Ryhm\u00e4kilpailut<\/strong><br>FCI 4<strong>\u00a0Mervi Raisaari<\/strong><br>FCI 5<strong>\u00a0Unto Timonen<\/strong><br>FCI 6<strong>\u00a0Maija M\u00e4kinen<\/strong><br>FCI 8<strong>\u00a0Anett Finnig<\/strong><br>Paras veteraani\u00a0<strong>Maija M\u00e4kinen<\/strong><br>Paras kasvattajaryhm\u00e4\u00a0<strong>Maija M\u00e4kinen<\/strong><br>Best in Show<strong>\u00a0Helin Tenson<\/strong><\/p>\n","protected":false},"excerpt":{"rendered":"<p>Ryhm\u00e4 4kaikki rodut\u00a0Mervi Raisaari Ryhm\u00e4 5akita, alaskanmalamuutti, amerikanakita, basenji, buhund, etnankoira, faaraokoira, gr\u00f6nlanninkoira, hokkaidonkoira, ibizanpodencot, jakutianlaika, japaninpystykorva, kaanaankoira, kainkoira, kanadaneskimokoira, kanarianpodenco, kintamani-balinkoira, kishunkoira, koreanjindonkoira, lunnikoira, l\u00e4nsig\u00f6\u00f6tanmaanpystykorva, meksikonkarvatonkoirat, perunkarvatonkoirat, portugalinpodengot, grosspitzit, samojedinkoira, shiba, shikokunkoira, siperianhusky, taiwaninkoira, thai ridgeback, volpino italiano\u00a0Unto Timonenmuut\u00a0Helin Tenson Ryhm\u00e4 6dalmatiankoira&nbsp;Unto Timonenmuut&nbsp;Maija M\u00e4kinen Ryhm\u00e4 8Varalla kaikille ryhm\u00e4 8 roduille\u00a0Helin Tensonkultainennoutaja, labradorinnoutaja\u00a0Maija M\u00e4kinenmuut\u00a0Anett Finnig <a href=\"https:\/\/www.showlink.fi\/shows\/nurmijarvi2025\/tuomarit\/\" class=\"more-link\">...jatka lukemista<span class=\"screen-reader-text\"> \"Tuomarit\"<\/span><\/a><\/p>\n","protected":false},"author":1,"featured_media":0,"parent":0,"menu_order":0,"comment_status":"closed","ping_status":"closed","template":"","meta":{"footnotes":""},"class_list":["post-6","page","type-page","status-publish","h-entry","hentry","h-as-page"],"_links":{"self":[{"href":"https:\/\/www.showlink.fi\/shows\/nurmijarvi2025\/wp-json\/wp\/v2\/pages\/6","targetHints":{"allow":["GET"]}}],"collection":[{"href":"https:\/\/www.showlink.fi\/shows\/nurmijarvi2025\/wp-json\/wp\/v2\/pages"}],"about":[{"href":"https:\/\/www.showlink.fi\/shows\/nurmijarvi2025\/wp-json\/wp\/v2\/types\/page"}],"author":[{"embeddable":true,"href":"https:\/\/www.showlink.fi\/shows\/nurmijarvi2025\/wp-json\/wp\/v2\/users\/1"}],"replies":[{"embeddable":true,"href":"https:\/\/www.showlink.fi\/shows\/nurmijarvi2025\/wp-json\/wp\/v2\/comments?post=6"}],"version-history":[{"count":17,"href":"https:\/\/www.showlink.fi\/shows\/nurmijarvi2025\/wp-json\/wp\/v2\/pages\/6\/revisions"}],"predecessor-version":[{"id":209,"href":"https:\/\/www.showlink.fi\/shows\/nurmijarvi2025\/wp-json\/wp\/v2\/pages\/6\/revisions\/209"}],"wp:attachment":[{"href":"https:\/\/www.showlink.fi\/shows\/nurmijarvi2025\/wp-json\/wp\/v2\/media?parent=6"}],"curies":[{"name":"wp","href":"https:\/\/api.w.org\/{rel}","templated":true}]}}