{"id":48,"date":"2018-05-16T09:56:53","date_gmt":"2018-05-16T06:56:53","guid":{"rendered":"http:\/\/www.showlink.fi\/shows\/taivalkoskirn18\/?page_id=48"},"modified":"2025-07-08T12:37:56","modified_gmt":"2025-07-08T09:37:56","slug":"tulokset","status":"publish","type":"page","link":"https:\/\/www.showlink.fi\/shows\/orivesiKR_2025\/tulokset\/","title":{"rendered":"Tulokset"},"content":{"rendered":"\n<p>Tulokset julkaistaan n\u00e4yttelyn kuluessa.<\/p>\n\n\n\n<p><strong><strong>Lauantaina 12.7. arvostellaan FCI:n ryhm\u00e4t&nbsp;<strong>2, 4, 6, 8 ja 9<\/strong><\/strong><br>Sunnuntaina 13.7. arvostellaan FCI:n ryhm\u00e4t&nbsp;<strong>1, 3, 5, 7 ja<\/strong> 10<\/strong><\/p>\n\n\n\n<p><strong><a href=\"https:\/\/tulospalvelu.kennelliitto.fi\/nayttelyt\/frmTuloksetRyhma.aspx?N=13369&amp;Lang=FIN\">\u00bb Siirry n\u00e4yttelyn tuloksiin<\/a><\/strong><\/p>\n\n\n\n<p>Jalostustietoj\u00e4rjestelm\u00e4\u00e4n tulokset p\u00e4ivittyv\u00e4t n\u00e4yttelyn p\u00e4\u00e4tytty\u00e4.<\/p>\n\n\n\n<hr class=\"wp-block-separator has-text-color has-alpha-channel-opacity has-background\" style=\"background-color:#b8b8b836;color:#b8b8b836\"\/>\n\n\n\n<hr class=\"wp-block-separator has-text-color has-white-color has-alpha-channel-opacity has-white-background-color has-background\"\/>\n","protected":false},"excerpt":{"rendered":"<p>Tulokset julkaistaan n\u00e4yttelyn kuluessa. Lauantaina 12.7. arvostellaan FCI:n ryhm\u00e4t&nbsp;2, 4, 6, 8 ja 9Sunnuntaina 13.7. arvostellaan FCI:n ryhm\u00e4t&nbsp;1, 3, 5, 7 ja 10 \u00bb Siirry n\u00e4yttelyn tuloksiin Jalostustietoj\u00e4rjestelm\u00e4\u00e4n tulokset p\u00e4ivittyv\u00e4t n\u00e4yttelyn p\u00e4\u00e4tytty\u00e4.<\/p>\n","protected":false},"author":1,"featured_media":0,"parent":0,"menu_order":5,"comment_status":"closed","ping_status":"closed","template":"","meta":{"footnotes":""},"class_list":["post-48","page","type-page","status-publish","h-entry","hentry","h-as-page"],"_links":{"self":[{"href":"https:\/\/www.showlink.fi\/shows\/orivesiKR_2025\/wp-json\/wp\/v2\/pages\/48","targetHints":{"allow":["GET"]}}],"collection":[{"href":"https:\/\/www.showlink.fi\/shows\/orivesiKR_2025\/wp-json\/wp\/v2\/pages"}],"about":[{"href":"https:\/\/www.showlink.fi\/shows\/orivesiKR_2025\/wp-json\/wp\/v2\/types\/page"}],"author":[{"embeddable":true,"href":"https:\/\/www.showlink.fi\/shows\/orivesiKR_2025\/wp-json\/wp\/v2\/users\/1"}],"replies":[{"embeddable":true,"href":"https:\/\/www.showlink.fi\/shows\/orivesiKR_2025\/wp-json\/wp\/v2\/comments?post=48"}],"version-history":[{"count":22,"href":"https:\/\/www.showlink.fi\/shows\/orivesiKR_2025\/wp-json\/wp\/v2\/pages\/48\/revisions"}],"predecessor-version":[{"id":431,"href":"https:\/\/www.showlink.fi\/shows\/orivesiKR_2025\/wp-json\/wp\/v2\/pages\/48\/revisions\/431"}],"wp:attachment":[{"href":"https:\/\/www.showlink.fi\/shows\/orivesiKR_2025\/wp-json\/wp\/v2\/media?parent=48"}],"curies":[{"name":"wp","href":"https:\/\/api.w.org\/{rel}","templated":true}]}}