{"id":10,"date":"2017-10-12T13:15:41","date_gmt":"2017-10-12T10:15:41","guid":{"rendered":"http:\/\/www.showlink.fi\/shows\/korpilahti18\/?page_id=10"},"modified":"2025-12-03T12:23:06","modified_gmt":"2025-12-03T10:23:06","slug":"aikataulut","status":"publish","type":"page","link":"https:\/\/www.showlink.fi\/shows\/pedersore2026\/aikataulut\/","title":{"rendered":"Tidtabeller"},"content":{"rendered":"<p><em>Tidtabeller publiceras ca. en vecka f\u00f6re utst\u00e4llningen.<\/em><\/p>\n<p><strong>Alla utst\u00e4llningsbrev och nummerlappar skickas enbart elektroniskt till den e-postadress som angetts vid anm\u00e4lan. <\/strong>Nummerlappar skickas inte per post.<\/p>\n","protected":false},"excerpt":{"rendered":"<p>Tidtabeller publiceras ca. en vecka f\u00f6re utst\u00e4llningen. Alla utst\u00e4llningsbrev och nummerlappar skickas enbart elektroniskt till den e-postadress som angetts vid anm\u00e4lan. Nummerlappar skickas inte per post.<\/p>\n","protected":false},"author":1,"featured_media":0,"parent":0,"menu_order":2,"comment_status":"closed","ping_status":"closed","template":"","meta":{"footnotes":""},"class_list":["post-10","page","type-page","status-publish","h-entry","hentry","h-as-page"],"_links":{"self":[{"href":"https:\/\/www.showlink.fi\/shows\/pedersore2026\/wp-json\/wp\/v2\/pages\/10","targetHints":{"allow":["GET"]}}],"collection":[{"href":"https:\/\/www.showlink.fi\/shows\/pedersore2026\/wp-json\/wp\/v2\/pages"}],"about":[{"href":"https:\/\/www.showlink.fi\/shows\/pedersore2026\/wp-json\/wp\/v2\/types\/page"}],"author":[{"embeddable":true,"href":"https:\/\/www.showlink.fi\/shows\/pedersore2026\/wp-json\/wp\/v2\/users\/1"}],"replies":[{"embeddable":true,"href":"https:\/\/www.showlink.fi\/shows\/pedersore2026\/wp-json\/wp\/v2\/comments?post=10"}],"version-history":[{"count":34,"href":"https:\/\/www.showlink.fi\/shows\/pedersore2026\/wp-json\/wp\/v2\/pages\/10\/revisions"}],"predecessor-version":[{"id":467,"href":"https:\/\/www.showlink.fi\/shows\/pedersore2026\/wp-json\/wp\/v2\/pages\/10\/revisions\/467"}],"wp:attachment":[{"href":"https:\/\/www.showlink.fi\/shows\/pedersore2026\/wp-json\/wp\/v2\/media?parent=10"}],"curies":[{"name":"wp","href":"https:\/\/api.w.org\/{rel}","templated":true}]}}