{"id":221,"date":"2024-12-12T13:50:00","date_gmt":"2024-12-12T11:50:00","guid":{"rendered":"https:\/\/www.showlink.fi\/shows\/narpioRN2025\/?page_id=221"},"modified":"2026-03-30T10:53:03","modified_gmt":"2026-03-30T07:53:03","slug":"domare","status":"publish","type":"page","link":"https:\/\/www.showlink.fi\/shows\/pedersore2026\/domare\/","title":{"rendered":"Domare"},"content":{"rendered":"\n<p><strong>3.5.2026 PEDERS\u00d6RE FCI1, FCI4, <strong>del FCI5, FCI6<\/strong>, FCI8<\/strong><\/p>\n\n\n\n<p class=\"has-pale-cyan-blue-background-color has-background\"><strong>Uppdatering 30.3.2026<\/strong><br><strong>Hannu Talvis<\/strong> raser \u00e4r flyttade till <strong>Reino Korpela<\/strong>.<\/p>\n\n\n\n<p><br><strong>Grupp 1<\/strong><br><em>Reservdomare till alla FCI1 raser&nbsp;<strong>Marjatta Pylv\u00e4n\u00e4inen-Suorsa<\/strong><\/em><br>beauceron, bouvier des flandres, briard, hollandse herdershonds, mudi, sch\u00e4fers&nbsp;<strong>Hannele Jokisilta<\/strong><br>nederlandse schapendoes, old english sheepdog, schipperke, vit herdehund&nbsp;<strong>Jaana Kummala<\/strong><br>bearded collie, border collie, korth\u00e5rig collie, l\u00e5ngh\u00e5rig collie, shetland sheepdog, welsh corgi cardigan, welsh corgi pembroke&nbsp;<strong>Marjatta Pylv\u00e4n\u00e4inen-Suorsa<\/strong>,<br>andra raser&nbsp;<strong>Marjo J\u00e4rvent\u00f6l\u00e4<\/strong><\/p>\n\n\n\n<p><strong>Grupp 4<\/strong><br><em>Reservdomare till alla FCI4 raser<\/em>&nbsp;<strong>Hannele Jokisilta<\/strong><br>alla raser&nbsp;<strong>Pekka Teini<\/strong><\/p>\n\n\n\n<p><strong>Grupp 5<\/strong><br><em>Reservdomare till alla FCI5 raser<\/em>&nbsp;<strong>Reino Korpela (30.3.2026)<\/strong><br>isl\u00e4ndsk f\u00e5rhund, lapsk vallhund&nbsp;<strong>Hanna-Riina Aho<\/strong><br>finsk lapphund, finsk spets, h\u00e4lleforshund, j\u00e4mthund, karelsk bj\u00f6rnhund, norrbottenspets, norsk buhund, norsk lundehund, norsk \u00e4lghund, gr\u00e5, norsk \u00e4lghund, svart, rysk-europeisk lajka, svensk lapphund, svensk vit \u00e4lghund, v\u00e4stsibirisk lajka, \u00f6stsibirisk lajka&nbsp;<strong>Matti Paloj\u00e4rvi<\/strong><br>v\u00e4stg\u00f6taspets&nbsp;<strong>Pekka Teini<\/strong><\/p>\n\n\n\n<p><strong>Grupp 6<\/strong><br><em>Reservdomare till alla FCI6 raser<\/em>&nbsp;<strong>Pekka Teini<\/strong><br>alla raser <strong>Reino Korpela<\/strong> (30.3.2026)<\/p>\n\n\n\n<p><strong>Grupp 8<\/strong><br><em>Reservdomare till alla FCI8 raser<\/em>&nbsp;<strong>Hannele Jokisilta<\/strong><br>american water spaniel, amerikansk cocker spaniel, barbet, cocker spaniel, engelsk springer spaniel, field spaniel, lagotto romagnolo, portugisisk vattenhund, welsh springer spaniel&nbsp;<strong>Hannele Jokisilta<\/strong><br>chesapeake bay retriever, curly coated retriever, flatcoated retriever, irl\u00e4ndsk vattenspaniel, labrador retriever, nederlandse kooikerhondje, nova scotia duck tolling retriever, polski spaniel mysliwski, spansk vattenhund, wetterhoun&nbsp;<strong>Jaana Kummala<\/strong><br>clumber spaniel, golden retriever, russkaja ochotnitjija spaniel, sussex spaniel, wachtelhund&nbsp;<strong>Marjo J\u00e4rvent\u00f6l\u00e4<\/strong><br><br>Junior Handler&nbsp;<strong>Hanna-Riina Aho<\/strong><br><br><strong>Gruppfinaler<\/strong><br>FCI 1<strong>&nbsp;Marjo J\u00e4rvent\u00f6l\u00e4<\/strong><br>FCI 4<strong>&nbsp;Pekka Teini<\/strong><br>FCI 5<strong>&nbsp;Matti Paloj\u00e4rvi<\/strong><br>FCI 6<strong>&nbsp;Reino Korpela (30.3.2026)<\/strong><br>FCI 8<strong>&nbsp;Hannele Jokisilta<\/strong><br><br>B\u00e4sta junior&nbsp;<strong>Pekka Teini<\/strong><br>B\u00e4sta veteran <strong>Marjatta Pylv\u00e4n\u00e4inen-Suorsa<\/strong><br>B\u00e4sta uppf\u00f6dargrupp&nbsp;<strong>Hannele Jokisilta<\/strong><br>Best in Show<strong>&nbsp;Jaana Kummala<br><\/strong><br><strong><br><br><\/strong><\/p>\n","protected":false},"excerpt":{"rendered":"<p>3.5.2026 PEDERS\u00d6RE FCI1, FCI4, del FCI5, FCI6, FCI8 Uppdatering 30.3.2026Hannu Talvis raser \u00e4r flyttade till Reino Korpela. Grupp 1Reservdomare till alla FCI1 raser&nbsp;Marjatta Pylv\u00e4n\u00e4inen-Suorsabeauceron, bouvier des flandres, briard, hollandse herdershonds, mudi, sch\u00e4fers&nbsp;Hannele Jokisiltanederlandse schapendoes, old english sheepdog, schipperke, vit herdehund&nbsp;Jaana Kummalabearded collie, border collie, korth\u00e5rig collie, l\u00e5ngh\u00e5rig collie, shetland sheepdog, welsh corgi cardigan, welsh corgi <a href=\"https:\/\/www.showlink.fi\/shows\/pedersore2026\/domare\/\" class=\"more-link\">...jatka lukemista<span class=\"screen-reader-text\"> \"Domare\"<\/span><\/a><\/p>\n","protected":false},"author":1,"featured_media":0,"parent":0,"menu_order":2,"comment_status":"closed","ping_status":"closed","template":"","meta":{"footnotes":""},"class_list":["post-221","page","type-page","status-publish","h-entry","hentry","h-as-page"],"_links":{"self":[{"href":"https:\/\/www.showlink.fi\/shows\/pedersore2026\/wp-json\/wp\/v2\/pages\/221","targetHints":{"allow":["GET"]}}],"collection":[{"href":"https:\/\/www.showlink.fi\/shows\/pedersore2026\/wp-json\/wp\/v2\/pages"}],"about":[{"href":"https:\/\/www.showlink.fi\/shows\/pedersore2026\/wp-json\/wp\/v2\/types\/page"}],"author":[{"embeddable":true,"href":"https:\/\/www.showlink.fi\/shows\/pedersore2026\/wp-json\/wp\/v2\/users\/1"}],"replies":[{"embeddable":true,"href":"https:\/\/www.showlink.fi\/shows\/pedersore2026\/wp-json\/wp\/v2\/comments?post=221"}],"version-history":[{"count":26,"href":"https:\/\/www.showlink.fi\/shows\/pedersore2026\/wp-json\/wp\/v2\/pages\/221\/revisions"}],"predecessor-version":[{"id":474,"href":"https:\/\/www.showlink.fi\/shows\/pedersore2026\/wp-json\/wp\/v2\/pages\/221\/revisions\/474"}],"wp:attachment":[{"href":"https:\/\/www.showlink.fi\/shows\/pedersore2026\/wp-json\/wp\/v2\/media?parent=221"}],"curies":[{"name":"wp","href":"https:\/\/api.w.org\/{rel}","templated":true}]}}