{"id":390,"date":"2025-11-28T10:48:33","date_gmt":"2025-11-28T08:48:33","guid":{"rendered":"https:\/\/www.showlink.fi\/shows\/pedersore2026\/?page_id=390"},"modified":"2025-12-03T12:19:00","modified_gmt":"2025-12-03T10:19:00","slug":"ilmoittautuminen-2","status":"publish","type":"page","link":"https:\/\/www.showlink.fi\/shows\/pedersore2026\/ilmoittautuminen-2\/","title":{"rendered":"Ilmoittautuminen"},"content":{"rendered":"\n<p class=\"has-background\" style=\"background-color:#d8eaf7\"><strong>Ilmoittautuminen on mahdollista vain internetiss\u00e4.<br><\/strong>Kaikki numerolaput tullaan l\u00e4hett\u00e4m\u00e4\u00e4n s\u00e4hk\u00f6isesti n\u00e4ytteilleasettajille. Kutsuja ei l\u00e4hetet\u00e4 postitse.<\/p>\n\n\n\n<h1 class=\"wp-block-heading\"><\/h1>\n\n\n\n<p>Ilmoittaessaan koiransa n\u00e4yttelyyn n\u00e4ytteilleasettaja sitoutuu noudattamaan Suomen Kennelliiton voimassa olevia n\u00e4yttelys\u00e4\u00e4nt\u00f6j\u00e4 ja niit\u00e4 t\u00e4ydent\u00e4vi\u00e4 ohjeita sek\u00e4 rokotusm\u00e4\u00e4r\u00e4yksi\u00e4. S\u00e4\u00e4nn\u00f6t l\u00f6ytyv\u00e4t <a href=\"https:\/\/www.kennelliitto.fi\/koiraharrastukset\/koiranayttelyt\/ohjeita-ja-lomakkeita-nayttelyyn-osallistujille-ja-nayttelyn-jarjestajille\"><strong>Kennelliiton kotisivuilta<\/strong><\/a>.<\/p>\n\n\n\n<h3 class=\"wp-block-heading\"><strong>Ilmoittautuminen: <a href=\"http:\/\/www.showlink.fi\/\">www.showlink.fi<\/a>&nbsp;\u2192<a href=\"https:\/\/ilmoittautuminen.kennelliitto.fi\/frmEtusivu.aspx\">ONLINE ENTRY<\/a><\/strong><\/h3>\n\n\n\n<p><strong>ILMOITTAUTUMISMAKSUT 26.3.2026 \/ 16.4.2026 \/ 20.4.2026<\/strong><\/p>\n\n\n\n<p><strong>Ilmoittautumismaksut 26.3.2026 menness\u00e4&nbsp;<\/strong><br>1. koira<strong> 37 \u20ac<\/strong><br>saman omistajan 2. jne koira<strong> 33 \u20ac<\/strong><br>pennut ja veteraanit <strong>29&nbsp;\u20ac<br><\/strong>yli 10-v veteraanit veteraaniluokkaan ilmoitettuna<strong> 20 \u20ac<\/strong><br>Junior Handler <strong>15 \u20ac<br><\/strong><br><strong>Ilmoittautumismaksut 27.3.-16.4.2026 v\u00e4lisen\u00e4 aikana<\/strong><br>1. koira<strong> 42 \u20ac<\/strong><br>saman omistajan 2. jne koira<strong> 38 \u20ac<\/strong><br>pennut ja veteraanit <strong>34&nbsp;\u20ac<br><\/strong>yli 10-v veteraanit veteraaniluokkaan ilmoitettuna <strong>20 \u20ac<\/strong><br>Junior Handler <strong>15 \u20ac<\/strong><\/p>\n\n\n\n<p><strong>Ilmoittautumismaksut 17.-20.4.2026 v\u00e4lisen\u00e4 aikana<\/strong><br>kaikki luokat<strong> 70 \u20ac<br><\/strong>Junior Handler <strong>15 \u20ac<\/strong><\/p>\n\n\n\n<p>Online-ilmoittautumisesta tulee aina vahvistus s\u00e4hk\u00f6postiisi. <strong>Jos et saa vahvistusta noin tunnin sis\u00e4ll\u00e4 OTA YHTEYTT\u00c4<\/strong> info@showlink.fi s\u00e4hk\u00f6postiosoitteeseen. Vain vahvistusviestin saaneet netti-ilmoittautumiset voidaan hyv\u00e4ksy\u00e4 n\u00e4yttelyyn. Tarkasta ilmoittautumisesta koirasi tiedot ja kilpailuluokka.<br><strong><br>Huom! <\/strong>Internetilmoittautuminen maksetaan verkkopankissa tai luottokortilla ilmoittautumisen yhteydess\u00e4 ohjelman antamien ohjeiden mukaan. Ilmoittautumismaksun alennuksen (saman om. 2 jne koira) saaminen edellytt\u00e4\u00e4 kaikkien koirien ilmoittamista yhdell\u00e4 kertaa. Samaksi omistajaksi tulkitaan ilmoittautumistapahtuman ensimm\u00e4iselle koiralle ensimm\u00e4iseksi omistajaksi merkitty henkil\u00f6.<\/p>\n\n\n\n<p><strong>Lis\u00e4tietoa<\/strong><br>Ilmoittautumisajan p\u00e4\u00e4ttymisen j\u00e4lkeen koiraa ei voida siirt\u00e4\u00e4 toiseen luokkaan (ellei kysymyksess\u00e4 ole j\u00e4rjest\u00e4j\u00e4st\u00e4 johtuva virhe). Uros, jolla ei ole normaalit kivekset saa hyl\u00e4tyn.<\/p>\n\n\n\n<p><strong>Rokotusm\u00e4\u00e4r\u00e4ykset&nbsp;<\/strong>Suomen Kennelliitto-Finska Kennelklubben ry:n m\u00e4\u00e4r\u00e4ysten mukaan.<br>Suomen lain vastasesti typistetyt koirat eiv\u00e4t saa osallistua n\u00e4yttelyyn.<br>N\u00e4yttelyyn osallistuvan koiran tulee olla tunnistusmerkitty.<br>Tunnistusmerkint\u00e4 on pakollinen Kennelliiton virallisissa n\u00e4yttelyiss\u00e4, kokeissa ja kilpailuissa.<\/p>\n\n\n\n<p><strong>Antidoping \u2013valvonta<\/strong><br>Dopingvalvonta koskee kaikkia Suomen Kennelliiton my\u00f6nt\u00e4mi\u00e4 n\u00e4yttelyit\u00e4, kilpailuja ja kokeita.<br>Ajankohtaisinta tietoa: <a href=\"https:\/\/www.kennelliitto.fi\/koiraharrastukset\/tietoa-antidopingsaannoista-kaytanteista-ja-valvonnasta\">KENNELLIITTO \/ ANTIDOPING<\/a><\/p>\n","protected":false},"excerpt":{"rendered":"<p>Ilmoittautuminen on mahdollista vain internetiss\u00e4.Kaikki numerolaput tullaan l\u00e4hett\u00e4m\u00e4\u00e4n s\u00e4hk\u00f6isesti n\u00e4ytteilleasettajille. Kutsuja ei l\u00e4hetet\u00e4 postitse. Ilmoittaessaan koiransa n\u00e4yttelyyn n\u00e4ytteilleasettaja sitoutuu noudattamaan Suomen Kennelliiton voimassa olevia n\u00e4yttelys\u00e4\u00e4nt\u00f6j\u00e4 ja niit\u00e4 t\u00e4ydent\u00e4vi\u00e4 ohjeita sek\u00e4 rokotusm\u00e4\u00e4r\u00e4yksi\u00e4. S\u00e4\u00e4nn\u00f6t l\u00f6ytyv\u00e4t Kennelliiton kotisivuilta. Ilmoittautuminen: www.showlink.fi&nbsp;\u2192ONLINE ENTRY ILMOITTAUTUMISMAKSUT 26.3.2026 \/ 16.4.2026 \/ 20.4.2026 Ilmoittautumismaksut 26.3.2026 menness\u00e4&nbsp;1. koira 37 \u20acsaman omistajan 2. jne koira 33 <a href=\"https:\/\/www.showlink.fi\/shows\/pedersore2026\/ilmoittautuminen-2\/\" class=\"more-link\">...jatka lukemista<span class=\"screen-reader-text\"> \"Ilmoittautuminen\"<\/span><\/a><\/p>\n","protected":false},"author":1,"featured_media":0,"parent":0,"menu_order":6,"comment_status":"closed","ping_status":"closed","template":"","meta":{"footnotes":""},"class_list":["post-390","page","type-page","status-publish","h-entry","hentry","h-as-page"],"_links":{"self":[{"href":"https:\/\/www.showlink.fi\/shows\/pedersore2026\/wp-json\/wp\/v2\/pages\/390","targetHints":{"allow":["GET"]}}],"collection":[{"href":"https:\/\/www.showlink.fi\/shows\/pedersore2026\/wp-json\/wp\/v2\/pages"}],"about":[{"href":"https:\/\/www.showlink.fi\/shows\/pedersore2026\/wp-json\/wp\/v2\/types\/page"}],"author":[{"embeddable":true,"href":"https:\/\/www.showlink.fi\/shows\/pedersore2026\/wp-json\/wp\/v2\/users\/1"}],"replies":[{"embeddable":true,"href":"https:\/\/www.showlink.fi\/shows\/pedersore2026\/wp-json\/wp\/v2\/comments?post=390"}],"version-history":[{"count":6,"href":"https:\/\/www.showlink.fi\/shows\/pedersore2026\/wp-json\/wp\/v2\/pages\/390\/revisions"}],"predecessor-version":[{"id":460,"href":"https:\/\/www.showlink.fi\/shows\/pedersore2026\/wp-json\/wp\/v2\/pages\/390\/revisions\/460"}],"wp:attachment":[{"href":"https:\/\/www.showlink.fi\/shows\/pedersore2026\/wp-json\/wp\/v2\/media?parent=390"}],"curies":[{"name":"wp","href":"https:\/\/api.w.org\/{rel}","templated":true}]}}