{"id":393,"date":"2025-11-28T10:49:10","date_gmt":"2025-11-28T08:49:10","guid":{"rendered":"https:\/\/www.showlink.fi\/shows\/pedersore2026\/?page_id=393"},"modified":"2026-03-30T10:44:44","modified_gmt":"2026-03-30T07:44:44","slug":"tuomarit","status":"publish","type":"page","link":"https:\/\/www.showlink.fi\/shows\/pedersore2026\/tuomarit\/","title":{"rendered":"Tuomarit"},"content":{"rendered":"\n<p><strong>3.5.2026 PEDERS\u00d6RE FCI1, FCI4,\u00a0osa FCI5, FCI6, FCI8<\/strong><br><\/p>\n\n\n\n<p class=\"has-pale-cyan-blue-background-color has-background\"><strong>P\u00e4ivitys 30.3.2026<\/strong><br><strong>Hannu Talven<\/strong> tilalle tulee arvostelemaan <strong>Reino Korpela<\/strong>.<\/p>\n\n\n\n<p><strong><br>Ryhm\u00e4 1<\/strong><br><em>Varalla kaikille ryhm\u00e4 1 roduille\u00a0<strong>Marjatta Pylv\u00e4n\u00e4inen-Suorsa<\/strong><\/em><br>beaucenpaimenkoira, bouvier, brienpaimenkoira, hollanninpaimenkoirat, mudi, saksanpaimenkoirat,\u00a0<strong>Hannele Jokisilta<\/strong><br>schapendoes, schipperke, valkoinenpaimenkoira, vanhaenglanninlammaskoira\u00a0<strong>Jaana Kummala<\/strong><br>bordercollie, partacollie, pitk\u00e4karvainen collie, shetlanninlammaskoira, sile\u00e4karvainen collie, welsh corgi cardigan, welsh corgi pembroke\u00a0<strong>Marjatta Pylv\u00e4n\u00e4inen-Suorsa<\/strong>,<br>muut rodut\u00a0<strong>Marjo J\u00e4rvent\u00f6l\u00e4<\/strong><\/p>\n\n\n\n<p><strong>Ryhm\u00e4 4<\/strong><br><em>Varalla kaikille ryhm\u00e4 4 roduille&nbsp;<strong>Hannele Jokisilta<\/strong><\/em><br>kaikki rodut&nbsp;<strong>Pekka Teini<\/strong><\/p>\n\n\n\n<p><em><strong>Ryhm\u00e4 5<\/strong><br>Varalla kaikille ryhm\u00e4 5 roduille\u00a0<strong>Reino Korpela (30.3.2026)<\/strong><br><\/em>islanninlammaskoira, lapinporokoira\u00a0<strong>Hanna-Riina Aho<\/strong><br>buhund, harmaa norjanhirvikoira, h\u00e4lleforsinkoira, it\u00e4siperianlaika, j\u00e4mtlanninpystykorva, karjalankarhukoira, lunnikoira, l\u00e4nsisiperianlaika, musta norjanhirvikoira, pohjanpystykorva, ruotsinlapinkoira, suomenlapinkoira, suomenpystykorva, valkoinen ruotsinhirvikoira, ven\u00e4l\u00e4is-eurooppalainen laika\u00a0<strong>Matti Paloj\u00e4rvi<\/strong><br>l\u00e4nsig\u00f6\u00f6tanmaanpystykorva\u00a0<strong>Pekka Teini<\/strong><\/p>\n\n\n\n<p><strong>Ryhm\u00e4 6<\/strong><br><em>Varalla kaikille ryhm\u00e4 6 roduille\u00a0<strong>Pekka Teini<\/strong><\/em><br>kaikki rodut\u00a0<strong>Reino Korpela (30.3.2026)<\/strong><\/p>\n\n\n\n<p><strong>Ryhm\u00e4 8<\/strong><br><em>Varalla kaikille ryhm\u00e4 8 roduille\u00a0<strong>Hannele Jokisilta<\/strong><\/em><br>amerikancockerspanieli, amerikanvesispanieli, barbet, cockerspanieli, englanninspringerspanieli, fieldspanieli, lagotto romagnolo, portugalinvesikoira, walesinspringerspanieli\u00a0<strong>Hannele Jokisilta<\/strong><br>chesapeakelahdennoutaja, espanjanvesikoira, friisinvesikoira, irlanninvesispanieli, kiharakarvainen noutaja, kooikerhondje, labradorinnoutaja, novascotiannoutaja, puolanmets\u00e4stysspanieli, sile\u00e4karvainen noutaja\u00a0<strong>Jaana Kummala<\/strong><br>clumberinspanieli, kultainennoutaja, sussexinspanieli, ven\u00e4j\u00e4nspanieli, viiri\u00e4iskoira\u00a0<strong>Marjo J\u00e4rvent\u00f6l\u00e4<\/strong><br><br>Junior Handler\u00a0<strong>Hanna-Riina Aho<\/strong><br><br><strong>Ryhm\u00e4kilpailut<\/strong><br>FCI 1<strong>\u00a0Marjo J\u00e4rvent\u00f6l\u00e4<\/strong><br>FCI 4<strong>\u00a0Pekka Teini<\/strong><br>FCI 5<strong>\u00a0Matti Paloj\u00e4rvi<\/strong><br>FCI 6<strong>\u00a0Reino Korpela (30.3.2026)<\/strong><br>FCI 8<strong>\u00a0Hannele Jokisilta<\/strong><br><br>Paras juniori\u00a0<strong>Pekka Teini<\/strong><br>Paras veteraani\u00a0<strong>Marjatta Pylv\u00e4n\u00e4inen-Suorsa<\/strong><br>Paras kasvattajaryhm\u00e4\u00a0<strong>Hannele Jokisilta<\/strong><br>Best in Show<strong>\u00a0Jaana Kummala<\/strong><\/p>\n","protected":false},"excerpt":{"rendered":"<p>3.5.2026 PEDERS\u00d6RE FCI1, FCI4,\u00a0osa FCI5, FCI6, FCI8 P\u00e4ivitys 30.3.2026Hannu Talven tilalle tulee arvostelemaan Reino Korpela. Ryhm\u00e4 1Varalla kaikille ryhm\u00e4 1 roduille\u00a0Marjatta Pylv\u00e4n\u00e4inen-Suorsabeaucenpaimenkoira, bouvier, brienpaimenkoira, hollanninpaimenkoirat, mudi, saksanpaimenkoirat,\u00a0Hannele Jokisiltaschapendoes, schipperke, valkoinenpaimenkoira, vanhaenglanninlammaskoira\u00a0Jaana Kummalabordercollie, partacollie, pitk\u00e4karvainen collie, shetlanninlammaskoira, sile\u00e4karvainen collie, welsh corgi cardigan, welsh corgi pembroke\u00a0Marjatta Pylv\u00e4n\u00e4inen-Suorsa,muut rodut\u00a0Marjo J\u00e4rvent\u00f6l\u00e4 Ryhm\u00e4 4Varalla kaikille ryhm\u00e4 4 roduille&nbsp;Hannele Jokisiltakaikki rodut&nbsp;Pekka <a href=\"https:\/\/www.showlink.fi\/shows\/pedersore2026\/tuomarit\/\" class=\"more-link\">...jatka lukemista<span class=\"screen-reader-text\"> \"Tuomarit\"<\/span><\/a><\/p>\n","protected":false},"author":1,"featured_media":0,"parent":0,"menu_order":7,"comment_status":"closed","ping_status":"closed","template":"","meta":{"footnotes":""},"class_list":["post-393","page","type-page","status-publish","h-entry","hentry","h-as-page"],"_links":{"self":[{"href":"https:\/\/www.showlink.fi\/shows\/pedersore2026\/wp-json\/wp\/v2\/pages\/393","targetHints":{"allow":["GET"]}}],"collection":[{"href":"https:\/\/www.showlink.fi\/shows\/pedersore2026\/wp-json\/wp\/v2\/pages"}],"about":[{"href":"https:\/\/www.showlink.fi\/shows\/pedersore2026\/wp-json\/wp\/v2\/types\/page"}],"author":[{"embeddable":true,"href":"https:\/\/www.showlink.fi\/shows\/pedersore2026\/wp-json\/wp\/v2\/users\/1"}],"replies":[{"embeddable":true,"href":"https:\/\/www.showlink.fi\/shows\/pedersore2026\/wp-json\/wp\/v2\/comments?post=393"}],"version-history":[{"count":3,"href":"https:\/\/www.showlink.fi\/shows\/pedersore2026\/wp-json\/wp\/v2\/pages\/393\/revisions"}],"predecessor-version":[{"id":471,"href":"https:\/\/www.showlink.fi\/shows\/pedersore2026\/wp-json\/wp\/v2\/pages\/393\/revisions\/471"}],"wp:attachment":[{"href":"https:\/\/www.showlink.fi\/shows\/pedersore2026\/wp-json\/wp\/v2\/media?parent=393"}],"curies":[{"name":"wp","href":"https:\/\/api.w.org\/{rel}","templated":true}]}}