{"id":4,"date":"2017-10-12T13:15:19","date_gmt":"2017-10-12T10:15:19","guid":{"rendered":"http:\/\/www.showlink.fi\/shows\/korpilahti18\/?page_id=4"},"modified":"2025-12-04T10:22:08","modified_gmt":"2025-12-04T08:22:08","slug":"index","status":"publish","type":"page","link":"https:\/\/www.showlink.fi\/shows\/pedersore2026\/","title":{"rendered":"V\u00e4lkommen till Peders\u00f6re &#8212; Tervetuloa Peders\u00f6reen"},"content":{"rendered":"\n<p class=\"has-white-background-color has-background\"><strong>Utst\u00e4llningsplats - N\u00e4yttelypaikka:&nbsp;<\/strong>Klacken danspaviljong - Klacken tanssipaviljonki<br><em>Utst\u00e4llningen h\u00e5lls utomhus p\u00e5 gr\u00e4splan. N\u00e4yttely j\u00e4rjestet\u00e4\u00e4n ulkona nurmikent\u00e4ll\u00e4<\/em>.<br><br><strong>Adress - Osoite:<\/strong> Lillbyv\u00e4gen 119, 68940 Lillby<\/p>\n\n\n\n<p class=\"has-background\" style=\"background-color:#d8eaf7\"><strong>S\u00f6ndagen 3.5.2026 bed\u00f6ms grupper FCI 1, FCI 4, del av FCI 5, FCI 6, FCI 8<\/strong><br><strong>FCI 1<\/strong> - Vall-, boskaps- och herdehundar (utom sennenhundar)<br><strong>FCI 4<\/strong> - Taxar<br><strong>del av 5<\/strong> - Jaktspetsar och nordiska vallande spetsar<br><strong>FCI 6<\/strong> - Drivande hundar samt s\u00f6k- och sp\u00e5rhundar<br><strong>FCI 8<\/strong> - St\u00f6tande hundar, apporterande hundar och vattenhundar\u00a0<br>\u00c4ven valpar 7 - under 9 m\u00e5n och <strong>Junior Handler<\/strong> t\u00e4vling.<br><br><strong><strong>Sunnuntaina 3.5.2026 arvostellaan ryhm\u00e4t FCI 1, FCI 4, osa FCI 5, FCI 6, FCI <\/strong>8<\/strong><br><strong>FCI 1<\/strong> - Lammas- ja karjakoirat (paitsi sveitsinpaimenkoirat)<br><strong>FCI 4<\/strong> - M\u00e4yr\u00e4koirat<br><strong>osa 5 <\/strong>- Mets\u00e4styspystykorvat ja pohjoismaiset paimenpystykorvat<br><strong>FCI 6 <\/strong>- Ajavat ja j\u00e4ljest\u00e4v\u00e4t koirat<br><strong>FCI 8<\/strong> - Noutajat, yl\u00f6sajavat koirat ja vesikoirat<br>N\u00e4yttelyss\u00e4 arvostellaan my\u00f6s pennut (7kk - alle 9kk) ja <strong>Junior Handler<\/strong> kilpailu.<\/p>\n\n\n\n<h3 class=\"wp-block-heading\">F\u00f6rfr\u00e5gningar - Tiedustelut<\/h3>\n\n\n\n<p><strong>F\u00f6rfr\u00e5gningar om anm\u00e4lningar -<\/strong> <strong>Ilmoittautumisia koskevat tiedustelut:<\/strong><br><strong>Showlink Oy<\/strong> kl 11-17 tel. 09 887 30320 e-mail: info@showlink.fi<br><br><strong>\u00d6vriga f\u00f6rfr\u00e5gningar - Muut tiedustelut:<\/strong><br>Martina B\u00e4ckman 050&nbsp;382 9059<\/p>\n\n\n\n<p><strong>Arrang\u00f6r- J\u00e4rjest\u00e4j\u00e4:<\/strong> \u00d6sterbottens \u00c4lghundklubb<\/p>\n\n\n\n<figure class=\"wp-block-image size-large\"><a href=\"https:\/\/oahk.fi\/kotisivu\/\"><img loading=\"lazy\" decoding=\"async\" width=\"684\" height=\"1024\" src=\"https:\/\/www.showlink.fi\/shows\/pedersore2026\/wp-content\/uploads\/sites\/10\/2025\/11\/OAHK-logo-final-684x1024.jpg\" alt=\"\" class=\"wp-image-348\" srcset=\"https:\/\/www.showlink.fi\/shows\/pedersore2026\/wp-content\/uploads\/sites\/10\/2025\/11\/OAHK-logo-final-684x1024.jpg 684w, https:\/\/www.showlink.fi\/shows\/pedersore2026\/wp-content\/uploads\/sites\/10\/2025\/11\/OAHK-logo-final-200x300.jpg 200w, https:\/\/www.showlink.fi\/shows\/pedersore2026\/wp-content\/uploads\/sites\/10\/2025\/11\/OAHK-logo-final-768x1150.jpg 768w, https:\/\/www.showlink.fi\/shows\/pedersore2026\/wp-content\/uploads\/sites\/10\/2025\/11\/OAHK-logo-final-960x1438.jpg 960w, https:\/\/www.showlink.fi\/shows\/pedersore2026\/wp-content\/uploads\/sites\/10\/2025\/11\/OAHK-logo-final.jpg 1000w\" sizes=\"auto, (max-width: 684px) 100vw, 684px\" \/><\/a><\/figure>\n","protected":false},"excerpt":{"rendered":"<p>Utst\u00e4llningsplats - N\u00e4yttelypaikka:&nbsp;Klacken danspaviljong - Klacken tanssipaviljonkiUtst\u00e4llningen h\u00e5lls utomhus p\u00e5 gr\u00e4splan. N\u00e4yttely j\u00e4rjestet\u00e4\u00e4n ulkona nurmikent\u00e4ll\u00e4. Adress - Osoite: Lillbyv\u00e4gen 119, 68940 Lillby S\u00f6ndagen 3.5.2026 bed\u00f6ms grupper FCI 1, FCI 4, del av FCI 5, FCI 6, FCI 8FCI 1 - Vall-, boskaps- och herdehundar (utom sennenhundar)FCI 4 - Taxardel av 5 - Jaktspetsar och nordiska <a href=\"https:\/\/www.showlink.fi\/shows\/pedersore2026\/\" class=\"more-link\">...jatka lukemista<span class=\"screen-reader-text\"> \"V\u00e4lkommen till Peders\u00f6re &#8212; Tervetuloa Peders\u00f6reen\"<\/span><\/a><\/p>\n","protected":false},"author":1,"featured_media":0,"parent":0,"menu_order":0,"comment_status":"closed","ping_status":"closed","template":"","meta":{"footnotes":""},"class_list":["post-4","page","type-page","status-publish","h-entry","hentry","h-as-page"],"_links":{"self":[{"href":"https:\/\/www.showlink.fi\/shows\/pedersore2026\/wp-json\/wp\/v2\/pages\/4","targetHints":{"allow":["GET"]}}],"collection":[{"href":"https:\/\/www.showlink.fi\/shows\/pedersore2026\/wp-json\/wp\/v2\/pages"}],"about":[{"href":"https:\/\/www.showlink.fi\/shows\/pedersore2026\/wp-json\/wp\/v2\/types\/page"}],"author":[{"embeddable":true,"href":"https:\/\/www.showlink.fi\/shows\/pedersore2026\/wp-json\/wp\/v2\/users\/1"}],"replies":[{"embeddable":true,"href":"https:\/\/www.showlink.fi\/shows\/pedersore2026\/wp-json\/wp\/v2\/comments?post=4"}],"version-history":[{"count":75,"href":"https:\/\/www.showlink.fi\/shows\/pedersore2026\/wp-json\/wp\/v2\/pages\/4\/revisions"}],"predecessor-version":[{"id":468,"href":"https:\/\/www.showlink.fi\/shows\/pedersore2026\/wp-json\/wp\/v2\/pages\/4\/revisions\/468"}],"wp:attachment":[{"href":"https:\/\/www.showlink.fi\/shows\/pedersore2026\/wp-json\/wp\/v2\/media?parent=4"}],"curies":[{"name":"wp","href":"https:\/\/api.w.org\/{rel}","templated":true}]}}