{"id":12,"date":"2018-11-12T16:11:27","date_gmt":"2018-11-12T14:11:27","guid":{"rendered":"http:\/\/www.showlink.fi\/shows\/pellorn2019v1\/?page_id=12"},"modified":"2025-12-04T13:22:49","modified_gmt":"2025-12-04T11:22:49","slug":"ilmoittautuminen","status":"publish","type":"page","link":"https:\/\/www.showlink.fi\/shows\/pelloRN2026\/ilmoittautuminen\/","title":{"rendered":"Ilmoittautuminen"},"content":{"rendered":"\n<p><strong>Ilmoittautumiset molempiin n\u00e4yttelyihin tulee tehd\u00e4 16.3.2026 \/ 22.3.2026 menness\u00e4.<\/strong><\/p>\n\n\n\n<p><strong>Huomioithan, ett\u00e4 kyseess\u00e4 on kaksi erillist\u00e4 n\u00e4yttely\u00e4.<\/strong><br>Online-ilmoittautumisessa&nbsp;valitse huolellisesti oikea n\u00e4yttely, kun aloitat ilmoittautumisen.<\/p>\n\n\n\n<p><strong>Ilmoittautuminen n\u00e4yttelyyn tulee tehd\u00e4<\/strong>&nbsp;<strong>internetiss\u00e4.&nbsp;<\/strong>Ilmoittaessaan koiransa n\u00e4yttelyyn n\u00e4ytteilleasettaja sitoutuu noudattamaan Suomen Kennelliiton voimassa olevia n\u00e4yttelys\u00e4\u00e4nt\u00f6j\u00e4 ja niit\u00e4 t\u00e4ydent\u00e4vi\u00e4 ohjeita sek\u00e4 rokotusm\u00e4\u00e4r\u00e4yksi\u00e4. S\u00e4\u00e4nn\u00f6t l\u00f6ytyv\u00e4t&nbsp;<a href=\"https:\/\/www.kennelliitto.fi\/koiraharrastukset\/koiranayttelyt\/ohjeita-ja-lomakkeita-nayttelyyn-osallistujille-ja-nayttelyn-jarjestajille\"><strong>Kennelliiton kotisivuilta<\/strong><\/a><strong>.<\/strong><\/p>\n\n\n\n<p><strong>Online-ilmoittautuminen<\/strong>&nbsp;osoitteessa&nbsp;<a href=\"http:\/\/www.showlink.fi\/\"><strong>www.showlink.fi<\/strong><\/a>&nbsp;\u2192&nbsp;<a href=\"http:\/\/ilmoittautuminen.kennelliitto.fi\/\"><strong>ILMOITTAUDU N\u00c4YTTELYYN<\/strong><\/a><\/p>\n\n\n\n<p>Online-ilmoittautumisesta tulee aina vahvistus s\u00e4hk\u00f6postiisi. Jollet saa vahvistusta, ota v\u00e4litt\u00f6m\u00e4sti yhteytt\u00e4 asiakaspalveluumme. Tarkasta ilmoittautumisesta koirasi tiedot ja kilpailuluokka.&nbsp;Netti-ilmoittautuminen maksetaan verkkopankilla tai luottokortilla ilmoittautumisen yhteydess\u00e4.<\/p>\n\n\n\n<p><strong>Kaikki n\u00e4yttelykutsut tullaan l\u00e4hett\u00e4m\u00e4\u00e4n s\u00e4hk\u00f6isesti.<br><\/strong>Kutsuja ei l\u00e4hetet\u00e4 postitse.<\/p>\n\n\n\n<hr class=\"wp-block-separator has-text-color has-alpha-channel-opacity has-background\" style=\"background-color:#f7f7f7c7;color:#f7f7f7c7\"\/>\n\n\n\n<h2 class=\"wp-block-heading\">Ilmoittautumismaksut<\/h2>\n\n\n\n<p><strong>Ilmoittautumismaksut 16.3.2026 menness\u00e4<\/strong><br>\u00bb ensimm\u00e4inen koira\u00a0<strong>40 \u20ac<\/strong><br>\u00bb saman omistajan\u00a0<strong>2.<\/strong>\u00a0jne. koira\u00a0<strong>37 \u20ac<br><\/strong>\u00bb pennut ja veteraanit\u00a0<strong>35 \u20ac<\/strong><br>\u00bb yli 10-vuotiaat koirat veteraaniluokassa <strong>ilmaiseksi<\/strong><\/p>\n\n\n\n<p><strong>Ilmoittautumismaksut 17.-22.3.2026 menness\u00e4<\/strong><br>\u00bb kaikki luokat\u00a0<strong>60 \u20ac<\/strong><br><\/p>\n\n\n\n<hr class=\"wp-block-separator has-text-color has-alpha-channel-opacity has-background\" style=\"background-color:#f7f7f7c7;color:#f7f7f7c7\"\/>\n\n\n\n<h2 class=\"wp-block-heading\">Lis\u00e4tietoa<\/h2>\n\n\n\n<p>Ilmoittautumisajan p\u00e4\u00e4ttymisen j\u00e4lkeen koiraa ei voida siirt\u00e4\u00e4 toiseen luokkaan (ellei kysymyksess\u00e4 ole j\u00e4rjest\u00e4j\u00e4st\u00e4 johtuva virhe).<br>Uros, jolla ei ole normaalit kivekset saa hyl\u00e4tyn.<\/p>\n\n\n\n<p>Ilmoittautuminen on teht\u00e4v\u00e4 kirjallisesti \u2013 pelkk\u00e4 n\u00e4yttelymaksun suoritus ei ole ilmoittautuminen! Kirjallisen ilmoittautumisen voit tehd\u00e4 vahvistettuna netti-ilmoittautumisena.<\/p>\n\n\n\n<p>Internetilmoittautuminen maksetaan verkkopankissa tai luottokortilla ilmoittautumisen yhteydess\u00e4 ohjelman antamien ohjeiden mukaan. Ilmoittautumismaksun alennuksen (saman om. 2 jne koira) saaminen edellytt\u00e4\u00e4 kaikkien koirien ilmoittamista yhdell\u00e4 kertaa. Samaksi omistajaksi tulkitaan ilmoittautumistapahtuman ensimm\u00e4iselle koiralle ensimm\u00e4iseksi omistajaksi merkitty henkil\u00f6.<\/p>\n\n\n\n<p><strong>Rokotusm\u00e4\u00e4r\u00e4ykset&nbsp;<\/strong>Suomen Kennelliitto-Finska Kennelklubben ry:n m\u00e4\u00e4r\u00e4ysten mukaan.<br>Suomen lain vastaisesti typistetyt koirat eiv\u00e4t saa osallistua n\u00e4yttelyyn.<br>N\u00e4yttelyyn osallistuvan koiran tulee olla tunnistusmerkitty.<\/p>\n\n\n\n<p><strong>Antidoping-valvonta<\/strong><br>Dopingvalvonta koskee kaikkia Suomen Kennelliiton my\u00f6nt\u00e4mi\u00e4 n\u00e4yttelyit\u00e4, kilpailuja ja kokeita. Ajankohtaisinta tietoa osoitteessa&nbsp;<a href=\"https:\/\/www.kennelliitto.fi\/koiraharrastukset\/tietoa-antidopingsaannoista-kaytanteista-ja-valvonnasta\"><strong>KENNELLIITTO \/ ANTIDOPING<\/strong><\/a><\/p>\n\n\n\n<p><strong>Ilmoittautumisia ja kasvattajaryhmi\u00e4 koskevat tiedustelut<\/strong><br>Showlink Oy arkisin klo 11-17 puh. 09 887 30320 tai e-mail: info@showlink.fi<br><em>Mainitsethan tiedustelussasi \/ s\u00e4hk\u00f6postissasi n\u00e4yttelyn nimen sek\u00e4 koiran rekisterinumeron, jota tiedustelu koskee. Jollet saa ilmoittautumisestasi vahvistusta s\u00e4hk\u00f6postiisi, ota v\u00e4litt\u00f6m\u00e4sti yhteytt\u00e4 asiakaspalveluumme. Tarkasta ilmoittautumisesta koirasi tiedot ja kilpailuluokka.<\/em><\/p>\n","protected":false},"excerpt":{"rendered":"<p>Ilmoittautumiset molempiin n\u00e4yttelyihin tulee tehd\u00e4 16.3.2026 \/ 22.3.2026 menness\u00e4. Huomioithan, ett\u00e4 kyseess\u00e4 on kaksi erillist\u00e4 n\u00e4yttely\u00e4.Online-ilmoittautumisessa&nbsp;valitse huolellisesti oikea n\u00e4yttely, kun aloitat ilmoittautumisen. Ilmoittautuminen n\u00e4yttelyyn tulee tehd\u00e4&nbsp;internetiss\u00e4.&nbsp;Ilmoittaessaan koiransa n\u00e4yttelyyn n\u00e4ytteilleasettaja sitoutuu noudattamaan Suomen Kennelliiton voimassa olevia n\u00e4yttelys\u00e4\u00e4nt\u00f6j\u00e4 ja niit\u00e4 t\u00e4ydent\u00e4vi\u00e4 ohjeita sek\u00e4 rokotusm\u00e4\u00e4r\u00e4yksi\u00e4. S\u00e4\u00e4nn\u00f6t l\u00f6ytyv\u00e4t&nbsp;Kennelliiton kotisivuilta. Online-ilmoittautuminen&nbsp;osoitteessa&nbsp;www.showlink.fi&nbsp;\u2192&nbsp;ILMOITTAUDU N\u00c4YTTELYYN Online-ilmoittautumisesta tulee aina vahvistus s\u00e4hk\u00f6postiisi. Jollet saa vahvistusta, <a href=\"https:\/\/www.showlink.fi\/shows\/pelloRN2026\/ilmoittautuminen\/\" class=\"more-link\">...jatka lukemista<span class=\"screen-reader-text\"> \"Ilmoittautuminen\"<\/span><\/a><\/p>\n","protected":false},"author":1,"featured_media":0,"parent":0,"menu_order":3,"comment_status":"closed","ping_status":"closed","template":"","meta":{"footnotes":""},"class_list":["post-12","page","type-page","status-publish","h-entry","hentry","h-as-page"],"_links":{"self":[{"href":"https:\/\/www.showlink.fi\/shows\/pelloRN2026\/wp-json\/wp\/v2\/pages\/12","targetHints":{"allow":["GET"]}}],"collection":[{"href":"https:\/\/www.showlink.fi\/shows\/pelloRN2026\/wp-json\/wp\/v2\/pages"}],"about":[{"href":"https:\/\/www.showlink.fi\/shows\/pelloRN2026\/wp-json\/wp\/v2\/types\/page"}],"author":[{"embeddable":true,"href":"https:\/\/www.showlink.fi\/shows\/pelloRN2026\/wp-json\/wp\/v2\/users\/1"}],"replies":[{"embeddable":true,"href":"https:\/\/www.showlink.fi\/shows\/pelloRN2026\/wp-json\/wp\/v2\/comments?post=12"}],"version-history":[{"count":23,"href":"https:\/\/www.showlink.fi\/shows\/pelloRN2026\/wp-json\/wp\/v2\/pages\/12\/revisions"}],"predecessor-version":[{"id":248,"href":"https:\/\/www.showlink.fi\/shows\/pelloRN2026\/wp-json\/wp\/v2\/pages\/12\/revisions\/248"}],"wp:attachment":[{"href":"https:\/\/www.showlink.fi\/shows\/pelloRN2026\/wp-json\/wp\/v2\/media?parent=12"}],"curies":[{"name":"wp","href":"https:\/\/api.w.org\/{rel}","templated":true}]}}