{"id":53,"date":"2019-03-01T10:55:17","date_gmt":"2019-03-01T08:55:17","guid":{"rendered":"http:\/\/www.showlink.fi\/shows\/pellorn2019\/?page_id=53"},"modified":"2026-03-31T13:42:39","modified_gmt":"2026-03-31T10:42:39","slug":"tulokset","status":"publish","type":"page","link":"https:\/\/www.showlink.fi\/shows\/pelloRN2026\/tulokset\/","title":{"rendered":"Tulokset"},"content":{"rendered":"\n<p>N\u00e4yttelyss\u00e4mme on reaaliaikainen tulospalvelu. <\/p>\n\n\n\n<p>Jalostustietoj\u00e4rjestelm\u00e4\u00e4n tulokset tulevat n\u00e4kyviin n\u00e4yttelyn p\u00e4\u00e4tytty\u00e4.<\/p>\n\n\n\n<p><a href=\"https:\/\/tulospalvelu.kennelliitto.fi\/nayttelyt\/Tulokset?Id=13889\" data-type=\"link\" data-id=\"https:\/\/tulospalvelu.kennelliitto.fi\/nayttelyt\/Tulokset?Id=13889\"><strong>Pellon RN 11.4.2026 tulokset<\/strong><\/a><br><a href=\"https:\/\/tulospalvelu.kennelliitto.fi\/nayttelyt\/Tulokset?Id=13890\" data-type=\"link\" data-id=\"https:\/\/tulospalvelu.kennelliitto.fi\/nayttelyt\/Tulokset?Id=13890\"><strong>Pellon RN 12.4.2026 tulokset<\/strong><\/a><br><\/p>\n\n\n\n<p><\/p>\n","protected":false},"excerpt":{"rendered":"<p>N\u00e4yttelyss\u00e4mme on reaaliaikainen tulospalvelu. Jalostustietoj\u00e4rjestelm\u00e4\u00e4n tulokset tulevat n\u00e4kyviin n\u00e4yttelyn p\u00e4\u00e4tytty\u00e4. Pellon RN 11.4.2026 tuloksetPellon RN 12.4.2026 tulokset<\/p>\n","protected":false},"author":1,"featured_media":0,"parent":0,"menu_order":10,"comment_status":"closed","ping_status":"closed","template":"","meta":{"footnotes":""},"class_list":["post-53","page","type-page","status-publish","h-entry","hentry","h-as-page"],"_links":{"self":[{"href":"https:\/\/www.showlink.fi\/shows\/pelloRN2026\/wp-json\/wp\/v2\/pages\/53","targetHints":{"allow":["GET"]}}],"collection":[{"href":"https:\/\/www.showlink.fi\/shows\/pelloRN2026\/wp-json\/wp\/v2\/pages"}],"about":[{"href":"https:\/\/www.showlink.fi\/shows\/pelloRN2026\/wp-json\/wp\/v2\/types\/page"}],"author":[{"embeddable":true,"href":"https:\/\/www.showlink.fi\/shows\/pelloRN2026\/wp-json\/wp\/v2\/users\/1"}],"replies":[{"embeddable":true,"href":"https:\/\/www.showlink.fi\/shows\/pelloRN2026\/wp-json\/wp\/v2\/comments?post=53"}],"version-history":[{"count":12,"href":"https:\/\/www.showlink.fi\/shows\/pelloRN2026\/wp-json\/wp\/v2\/pages\/53\/revisions"}],"predecessor-version":[{"id":277,"href":"https:\/\/www.showlink.fi\/shows\/pelloRN2026\/wp-json\/wp\/v2\/pages\/53\/revisions\/277"}],"wp:attachment":[{"href":"https:\/\/www.showlink.fi\/shows\/pelloRN2026\/wp-json\/wp\/v2\/media?parent=53"}],"curies":[{"name":"wp","href":"https:\/\/api.w.org\/{rel}","templated":true}]}}