{"id":6,"date":"2018-11-12T16:05:20","date_gmt":"2018-11-12T14:05:20","guid":{"rendered":"http:\/\/www.showlink.fi\/shows\/pellorn2019v1\/?page_id=6"},"modified":"2026-04-01T16:32:20","modified_gmt":"2026-04-01T13:32:20","slug":"tervetuloa-pellon-ryhmanayttelyihin","status":"publish","type":"page","link":"https:\/\/www.showlink.fi\/shows\/pelloRN2026\/","title":{"rendered":"Tervetuloa Pellon ryhm\u00e4n\u00e4yttelyihin 11.-12.4.2026!"},"content":{"rendered":"\n<p class=\"has-pale-cyan-blue-background-color has-background\"><strong>N\u00e4yttelyiden paikkana toimii Rohki-halli.<\/strong><br>Osoite: Koulutie 14, 95700 Pello<br><br><strong>HUOM!<\/strong>&nbsp;Arktiset ja pohjoismaiset pystykorvat arvostellaan ulkona.<\/p>\n\n\n\n<hr class=\"wp-block-separator has-text-color has-alpha-channel-opacity has-background is-style-wide\" style=\"background-color:#f7f7f7c7;color:#f7f7f7c7\"\/>\n\n\n\n<p><strong>Lauantaina 11.4.2026<\/strong> <strong>n\u00e4yttelyss\u00e4 arvostellaan<\/strong><\/p>\n\n\n\n<p><strong>FCI 1&nbsp;<\/strong>- Lammas- ja karjakoirat (paitsi sveitsinpaimenkoirat)<br><strong>FCI 3<\/strong>&nbsp;- Terrierit<br><strong>FCI 5&nbsp;<\/strong>- Pystykorvat ja alkukantaiset koirat<\/p>\n\n\n\n<p><strong>Sunnuntaina 12.4.2026 n\u00e4yttelyss\u00e4 arvostellaan<\/strong><\/p>\n\n\n\n<p><strong>FCI 2&nbsp;<\/strong>- Pinserit, snautserit, molossityypiset ja sveitsinpaimenkoirat<strong><br><strong>FCI 5&nbsp;<\/strong><\/strong>- Pystykorvat ja alkukantaiset koirat<br><strong>FCI 6<\/strong>&nbsp;- Ajavat ja j\u00e4ljest\u00e4v\u00e4t koirat<br><strong>FCI 9<\/strong>&nbsp;- Seurakoirat ja k\u00e4\u00e4pi\u00f6koirat<\/p>\n\n\n\n<p>Molemmissa n\u00e4yttelyiss\u00e4 arvostellaan my\u00f6s pennut (7kk - alle 9kk).<\/p>\n\n\n\n<hr class=\"wp-block-separator has-text-color has-alpha-channel-opacity has-background is-style-wide\" style=\"background-color:#f7f7f7c7;color:#f7f7f7c7\"\/>\n\n\n\n<p><strong>J\u00e4rjest\u00e4j\u00e4t<\/strong>:<br>L\u00e4nsirajan Kennelkerho<\/p>\n","protected":false},"excerpt":{"rendered":"<p>N\u00e4yttelyiden paikkana toimii Rohki-halli.Osoite: Koulutie 14, 95700 Pello HUOM!&nbsp;Arktiset ja pohjoismaiset pystykorvat arvostellaan ulkona. Lauantaina 11.4.2026 n\u00e4yttelyss\u00e4 arvostellaan FCI 1&nbsp;- Lammas- ja karjakoirat (paitsi sveitsinpaimenkoirat)FCI 3&nbsp;- TerrieritFCI 5&nbsp;- Pystykorvat ja alkukantaiset koirat Sunnuntaina 12.4.2026 n\u00e4yttelyss\u00e4 arvostellaan FCI 2&nbsp;- Pinserit, snautserit, molossityypiset ja sveitsinpaimenkoiratFCI 5&nbsp;- Pystykorvat ja alkukantaiset koiratFCI 6&nbsp;- Ajavat ja j\u00e4ljest\u00e4v\u00e4t koiratFCI 9&nbsp;- Seurakoirat <a href=\"https:\/\/www.showlink.fi\/shows\/pelloRN2026\/\" class=\"more-link\">...jatka lukemista<span class=\"screen-reader-text\"> \"Tervetuloa Pellon ryhm\u00e4n\u00e4yttelyihin 11.-12.4.2026!\"<\/span><\/a><\/p>\n","protected":false},"author":1,"featured_media":0,"parent":0,"menu_order":0,"comment_status":"closed","ping_status":"closed","template":"","meta":{"footnotes":""},"class_list":["post-6","page","type-page","status-publish","h-entry","hentry","h-as-page"],"_links":{"self":[{"href":"https:\/\/www.showlink.fi\/shows\/pelloRN2026\/wp-json\/wp\/v2\/pages\/6","targetHints":{"allow":["GET"]}}],"collection":[{"href":"https:\/\/www.showlink.fi\/shows\/pelloRN2026\/wp-json\/wp\/v2\/pages"}],"about":[{"href":"https:\/\/www.showlink.fi\/shows\/pelloRN2026\/wp-json\/wp\/v2\/types\/page"}],"author":[{"embeddable":true,"href":"https:\/\/www.showlink.fi\/shows\/pelloRN2026\/wp-json\/wp\/v2\/users\/1"}],"replies":[{"embeddable":true,"href":"https:\/\/www.showlink.fi\/shows\/pelloRN2026\/wp-json\/wp\/v2\/comments?post=6"}],"version-history":[{"count":32,"href":"https:\/\/www.showlink.fi\/shows\/pelloRN2026\/wp-json\/wp\/v2\/pages\/6\/revisions"}],"predecessor-version":[{"id":249,"href":"https:\/\/www.showlink.fi\/shows\/pelloRN2026\/wp-json\/wp\/v2\/pages\/6\/revisions\/249"}],"wp:attachment":[{"href":"https:\/\/www.showlink.fi\/shows\/pelloRN2026\/wp-json\/wp\/v2\/media?parent=6"}],"curies":[{"name":"wp","href":"https:\/\/api.w.org\/{rel}","templated":true}]}}