{"id":8,"date":"2018-11-12T16:06:40","date_gmt":"2018-11-12T14:06:40","guid":{"rendered":"http:\/\/www.showlink.fi\/shows\/pellorn2019v1\/?page_id=8"},"modified":"2026-03-13T11:50:13","modified_gmt":"2026-03-13T09:50:13","slug":"tuomarit","status":"publish","type":"page","link":"https:\/\/www.showlink.fi\/shows\/pelloRN2026\/tuomarit\/","title":{"rendered":"Tuomarit"},"content":{"rendered":"\n<p class=\"has-pale-cyan-blue-background-color has-background\"><strong>P\u00e4ivitetty 13.3.2026<\/strong><br><strong>Tapio Eerola<\/strong> on estynyt saapumasta n\u00e4yttelyymme. Muutokset merkitty alle tuomarilistaan. My\u00f6s ryhm\u00e4tuomareihin on tehty muutoksia t\u00e4st\u00e4 johtuen.<\/p>\n\n\n\n<h2 class=\"wp-block-heading\">Lauantai 11.4.2026<\/h2>\n\n\n\n<h4 class=\"wp-block-heading\">Ryhm\u00e4n\u00e4yttely FCI:n ryhmille 1, 3 &amp; 5<\/h4>\n\n\n\n<p><strong>Ryhm\u00e4 1<\/strong><br><em>Varalla kaikille ryhm\u00e4 1 roduille <strong>Markku Kipin\u00e4<\/strong><\/em><br>australiankelpie, beaucenpaimenkoira \/ beauceron, bordercollie, bouvier, brienpaimenkoira \/ briardi, komondor, kroatianpaimenkoira, kuvasz, lancashirenkarjakoira, mallorcanpaimenkoira, medimurjenkoira, mudi, owczarek podhalanski, partacollie, picardienpaimenkoira, pieniamerikanpaimenkoira, pulit, pumi, romanianpaimenkoira, saarlooswolfhond, schapendoes, serra de airesinpaimenkoira, slovakiancuvac, tsekinpaimenkoira, valkoinenpaimenkoira, vanhaenglanninlammaskoira, welsh corgit <strong>Anita Al-Bachy<\/strong><br>hollanninpaimenkoirat, it\u00e4euroopanpaimenkoira, katalonianpaimenkoira, saksanpaimenkoirat, schipperke <strong>Jetta Tschokkinen<\/strong><br>australiankarjakoira, australianpaimenkoira, belgianpaimenkoirat, bergamonpaimenkoira <strong>Markku Kipin\u00e4<\/strong><br>ardennienkarjakoira, australian t\u00f6p\u00f6h\u00e4nt\u00e4inen karjakoira, ceskoslovensky vlciak, etel\u00e4ven\u00e4j\u00e4nkoira, karpaattienkoira, lyhytkarvainen pyreneittenpaimenkoira, maremmano-abruzzese, pitk\u00e4karvainen collie, pitk\u00e4karvainen pyreneittenpaimenkoira, polski owczarek nizinny, shetlanninlammaskoira, sile\u00e4karvainen collie <strong>Paula Rekiranta<\/strong><br><br><strong>Ryhm\u00e4 3<\/strong><br><em>Varalla kaikille ryhm\u00e4 3 roduille <strong>Markku Kipin\u00e4<\/strong><\/em><br>ceskyterrieri, karkeakarvainen kettuterrieri, lakelandinterrieri, sealyhaminterrieri, sile\u00e4karvainen kettuterrieri, skotlanninterrieri, skyenterrieri, valencianrottaterrieri <strong>Anita Al-Bachy<\/strong><br>airedalenterrieri, amerikank\u00e4\u00e4pi\u00f6kettuterrieri, amerikanstaffordshirenterrieri, andalusianrottakoira, australianterrieri, bedlingtoninterrieri, biewerterrieri, borderterrieri, brasilianterrieri, bullterrieri, dandiedinmontinterrieri, englannink\u00e4\u00e4pi\u00f6terrieri, irlanninterrieri, jackrussellinterrieri, japaninterrieri, kerrynterrieri, k\u00e4\u00e4pi\u00f6bullterrieri, manchesterinterrieri, parsonrussellinterrieri, saksanmets\u00e4stysterrieri, silkkiterrieri, staffordshirenbullterrieri, tenterfieldinterrieri, walesinterrieri, valkoinen l\u00e4nsiyl\u00e4maanterrieri, yorkshirenterrieri <strong>Jetta Tschokkinen<\/strong><br>glen of imaalinterrieri, vehn\u00e4terrieri <strong>Markku Kipin\u00e4<\/strong><br>amerikankarvatonterrieri, amerikanrottaterrieri, cairnterrieri, norfolkinterrieri, norwichinterrieri <strong>Paula Rekiranta<\/strong><br><br><strong>Ryhm\u00e4 5<\/strong><br><em>Varalla kaikille ryhm\u00e4 5 roduille <strong>Tarja Kallio (13.3.2026)<\/strong><\/em><br>lapinporokoira, musta norjanhirvikoira, musta tanskanpystykorva, ruotsinlapinkoira, suomenlapinkoira <strong>Jari Fors<\/strong><br>basenji <strong>Jetta Tschokkinen<\/strong><br>buhund, chow chow, etnankoira, eurasier, faaraokoira, ibizanpodencot, islanninlammaskoira, japaninpystykorva, kaanaankoira, kainkoira, kanarianpodenco, kintamani-balinkoira, kishunkoira, koreanjindonkoira, meksikonkarvatonkoirat, perunkarvatonkoirat, portugalinpodengot, grosspitzit, keeshond, kleinspitzit, mittelspitzit, pomeranian, shiba, shikokunkoira, taiwaninkoira, tanskanpystykorva, thai ridgeback, thaimaanpystykorva, volpino italiano <strong>Markku Kipin\u00e4<\/strong><br>lunnikoira, l\u00e4nsig\u00f6\u00f6tanmaanpystykorva <strong>Paula Rekiranta<\/strong><br>harmaa norjanhirvikoira, pohjanpystykorva, suomenpystykorva <strong>Sakari Poti<\/strong><br>kanadaneskimokoira, karjalankarhukoira, samojedinkoira, siperianhusky <strong>Tarja Kallio (13.3.2026)<\/strong><br>akita, alaskanmalamuutti, american eskimo dog, amerikanakita, gr\u00f6nlanninkoira, hokkaidonkoira, h\u00e4lleforsinkoira, it\u00e4siperianlaika, jakutianlaika, j\u00e4mtlanninpystykorva, l\u00e4nsisiperianlaika, valkoinen ruotsinhirvikoira, ven\u00e4l\u00e4is-eurooppalainen laika <strong>Tapio Kakko<\/strong><br><br>Ryhm\u00e4kilpailut<br>FCI 1 <strong>Markku Kipin\u00e4<\/strong><br>FCI 3 <strong>Paula Rekiranta <strong>(13.3.2026)<\/strong><\/strong><br>FCI 5 <strong>Sakari Poti<\/strong><br>Paras veteraani <strong><strong>Jetta Tshokkinen<\/strong><\/strong> <strong>(13.3.2026)<\/strong><br>Paras kasvattajaryhm\u00e4 <strong><strong>Jetta Tshokkinen<\/strong><\/strong> <strong>(13.3.2026)<\/strong><br>Best in Show <strong>Jetta Tshokkinen (13.3.2026)<\/strong><\/p>\n\n\n\n<hr class=\"wp-block-separator has-text-color has-alpha-channel-opacity has-background\" style=\"background-color:#f7f7f7c7;color:#f7f7f7c7\"\/>\n\n\n\n<h2 class=\"wp-block-heading\">Sunnuntai 12.4.2026<\/h2>\n\n\n\n<h4 class=\"wp-block-heading\">Ryhm\u00e4n\u00e4yttely FCI:n ryhmille 2, 5, 6 &amp; 9<\/h4>\n\n\n\n<p><strong><br>Ryhm\u00e4 2<\/strong><br>aidi, alentejonkoira, apinapinseri, appenzellinpaimenkoira, bernhardinkoirat, berninpaimenkoira, bokseri, bordeauxindoggi, broholminkoira, bukovinankoira, bullmastiffi, cane corso, castro laboreironkoira, continental bulldog, dobermanni, dogo argentino, englanninbulldoggi, entlebuchinpaimenkoira, espanjanmastiffi, estrelanvuoristokoirat, fila brasileiro, hollanninrottakoira, hovawart, isosveitsinpaimenkoira, kanariandoggi, kangalinkoira, karstinpaimenkoira, kaukasiankoira, keskiaasiankoira, landseer, leonberginkoira, mallorcandoggi, mastiffi, musta romanianvuoristokoira, napolinmastiffi, pinseri, pyreneittenmastiffi (13.3.2026), ven\u00e4j\u00e4nmustaterrieri (13.3.2026) <strong>Paula Rekiranta<\/strong><br>it\u00e4vallanpinseri, k\u00e4\u00e4pi\u00f6pinseri, k\u00e4\u00e4pi\u00f6snautserit, newfoundlandinkoira, pyreneittenkoira,, rottweiler, sao miguelinfila, sarplaninac, shar pei, snautserit, suursnautserit, tanskalais-ruotsalainen pihakoira, tanskandoggit, tiibetinmastiffi, tornjak, tosa, transmontano mastiff, uruguayncimarron, <strong>Tarja Kallio (13.3.2026)<\/strong><br><br><strong>Ryhm\u00e4 5<\/strong><br><em>Varalla kaikille ryhm\u00e4 5 roduille <strong>Markku Kipin\u00e4<\/strong><\/em><br>akita, karjalankarhukoira, grosspitzit, keeshond, kleinspitzit, mittelspitzit, pomeranian, samojedinkoira, shiba, volpino italiano <strong>Jari Fors<\/strong><br>alaskanmalamuutti, american eskimo dog, amerikanakita, gr\u00f6nlanninkoira, harmaa norjanhirvikoira, it\u00e4siperianlaika, jakutianlaika, l\u00e4nsisiperianlaika, musta norjanhirvikoira, siperianhusky, suomenpystykorva, tanskanpystykorva, ven\u00e4l\u00e4is-eurooppalainen laika <strong>Jetta Tschokkinen<\/strong><br>basenji, chow chow, etnankoira, eurasier, faaraokoira, ibizanpodencot, islanninlammaskoira, japaninpystykorva, kanarianpodenco, portugalinpodengot, taiwaninkoira, thaimaanpystykorva <strong>Paula Rekiranta<\/strong><br>buhund, hokkaidonkoira, h\u00e4lleforsinkoira, j\u00e4mtlanninpystykorva, kaanaankoira, kainkoira, kanadaneskimokoira, kintamani-balinkoira, kishunkoira, koreanjindonkoira, lunnikoira, l\u00e4nsig\u00f6\u00f6tanmaanpystykorva, meksikonkarvatonkoirat, musta tanskanpystykorva, perunkarvatonkoirat, shikokunkoira, thai ridgeback <strong>Sakari Poti<\/strong><br>pohjanpystykorva, valkoinen ruotsinhirvikoira <strong>Tarja Kallio (13.3.2026)<\/strong><br>lapinporokoira, ruotsinlapinkoira, suomenlapinkoira <strong>Tapio Kakko<\/strong><br><br><strong>Ryhm\u00e4 6<\/strong><br>kaikki rodut <strong>Sakari Poti<\/strong><br><br><strong>Ryhm\u00e4 9<\/strong><br><em>Varalla kaikille ryhm\u00e4 9 roduille <strong>Markku Kipin\u00e4<\/strong><\/em><br>bostoninterrieri, cavalier kingcharlesinspanieli, havannankoira, papillon, phal\u00e8ne, ranskanbulldoggi, tiibetinspanieli, villakoirat <strong>Anita Al-Bachy<\/strong><br>bichon fris\u00e9, bolognese, chihuahuat, coton de tul\u00e9ar, griffon belge, griffon bruxellois, japanese chin, kiinanharjakoira, kiinanpalatsikoira\/pekingeesi, kingcharlesinspanieli, kromfohrl\u00e4nder, lhasa apso, l\u00f6wchen, maltankoira, markiesje, mopsi, petit brabancon, prahanrottakoira, shih tzu, tiibetinterrieri, ven\u00e4j\u00e4nbolonka, ven\u00e4j\u00e4ntoyt <strong>Markku Kipin\u00e4<\/strong><br><br>Ryhm\u00e4kilpailut<br>FCI 2 <strong>Paula Rekiranta<\/strong><br>FCI 5 <strong>Jari Fors<\/strong><br>FCI 6 <strong>Jetta Tschokkinen<\/strong><br>FCI 9 <strong>Markku Kipin\u00e4 (13.3.2026)<\/strong><br>Paras veteraani <strong>Tarja Kallio (13.3.2026)<\/strong><br>Paras kasvattajaryhm\u00e4 <strong>Tarja Kallio (13.3.2026)<\/strong><br>Best in Show <strong>Markku Kipin\u00e4<\/strong><\/p>\n\n\n\n<p><strong><br><\/strong><\/p>\n","protected":false},"excerpt":{"rendered":"<p>P\u00e4ivitetty 13.3.2026Tapio Eerola on estynyt saapumasta n\u00e4yttelyymme. Muutokset merkitty alle tuomarilistaan. My\u00f6s ryhm\u00e4tuomareihin on tehty muutoksia t\u00e4st\u00e4 johtuen. Lauantai 11.4.2026 Ryhm\u00e4n\u00e4yttely FCI:n ryhmille 1, 3 &amp; 5 Ryhm\u00e4 1Varalla kaikille ryhm\u00e4 1 roduille Markku Kipin\u00e4australiankelpie, beaucenpaimenkoira \/ beauceron, bordercollie, bouvier, brienpaimenkoira \/ briardi, komondor, kroatianpaimenkoira, kuvasz, lancashirenkarjakoira, mallorcanpaimenkoira, medimurjenkoira, mudi, owczarek podhalanski, partacollie, picardienpaimenkoira, pieniamerikanpaimenkoira, <a href=\"https:\/\/www.showlink.fi\/shows\/pelloRN2026\/tuomarit\/\" class=\"more-link\">...jatka lukemista<span class=\"screen-reader-text\"> \"Tuomarit\"<\/span><\/a><\/p>\n","protected":false},"author":1,"featured_media":0,"parent":0,"menu_order":2,"comment_status":"closed","ping_status":"closed","template":"","meta":{"footnotes":""},"class_list":["post-8","page","type-page","status-publish","h-entry","hentry","h-as-page"],"_links":{"self":[{"href":"https:\/\/www.showlink.fi\/shows\/pelloRN2026\/wp-json\/wp\/v2\/pages\/8","targetHints":{"allow":["GET"]}}],"collection":[{"href":"https:\/\/www.showlink.fi\/shows\/pelloRN2026\/wp-json\/wp\/v2\/pages"}],"about":[{"href":"https:\/\/www.showlink.fi\/shows\/pelloRN2026\/wp-json\/wp\/v2\/types\/page"}],"author":[{"embeddable":true,"href":"https:\/\/www.showlink.fi\/shows\/pelloRN2026\/wp-json\/wp\/v2\/users\/1"}],"replies":[{"embeddable":true,"href":"https:\/\/www.showlink.fi\/shows\/pelloRN2026\/wp-json\/wp\/v2\/comments?post=8"}],"version-history":[{"count":34,"href":"https:\/\/www.showlink.fi\/shows\/pelloRN2026\/wp-json\/wp\/v2\/pages\/8\/revisions"}],"predecessor-version":[{"id":266,"href":"https:\/\/www.showlink.fi\/shows\/pelloRN2026\/wp-json\/wp\/v2\/pages\/8\/revisions\/266"}],"wp:attachment":[{"href":"https:\/\/www.showlink.fi\/shows\/pelloRN2026\/wp-json\/wp\/v2\/media?parent=8"}],"curies":[{"name":"wp","href":"https:\/\/api.w.org\/{rel}","templated":true}]}}