{"id":6,"date":"2020-01-27T14:46:24","date_gmt":"2020-01-27T12:46:24","guid":{"rendered":"https:\/\/www.showlink.fi\/shows\/rovaniemirn230520\/?page_id=6"},"modified":"2026-02-23T13:15:19","modified_gmt":"2026-02-23T11:15:19","slug":"tervetuloa-rovaniemen-ryhmanayttelyyn","status":"publish","type":"page","link":"https:\/\/www.showlink.fi\/shows\/rovaniemirn2026\/","title":{"rendered":"Tervetuloa Rovaniemen ryhm\u00e4n\u00e4yttelyyn!"},"content":{"rendered":"\n<p><strong>Sunnuntaina 2.8.2026 arvostellaan FCI ryhm\u00e4t 5, 7 &amp; 8<br>FCI 5&nbsp;<\/strong>- Pystykorvat ja alkukantaiset koirat<br><strong>FCI 7<\/strong>&nbsp;- Seisovat lintukoirat<br><strong>FCI 8<\/strong>&nbsp;- Noutajat, yl\u00f6sajavat koirat ja vesikoirat<br>N\u00e4yttelyss\u00e4 arvostellaan my\u00f6s pennut (7kk - 9kk).<\/p>\n\n\n\n<p>N\u00e4yttelypaikkana toimii Santa Claus Holiday Village.<br>Osoite: T\u00e4htikuja 2, Rovaniemi <\/p>\n\n\n\n<p><strong>J\u00e4rjest\u00e4j\u00e4t:<\/strong> Keski-Lapin Hirvikoirayhdistys, Valajaskosken mets\u00e4stys- ja kalastusseura<\/p>\n\n\n\n<hr class=\"wp-block-separator has-css-opacity\"\/>\n\n\n\n<h3 class=\"wp-block-heading\">Tiedustelut<\/h3>\n\n\n\n<p><strong>Ilmoittautumisia koskevat tiedustelut<\/strong><br>Showlink Oy, arkisin klo 11 \u2013 17 puh. (09) 8873 0320 tai email: info@showlink.fi <br><em> Mainitsethan tiedustelussasi \/ s\u00e4hk\u00f6postissasi n\u00e4yttelyn sek\u00e4 koiran rekisterinumeron, jota tiedustelu koskee.<\/em><\/p>\n\n\n\n<p><strong>Keh\u00e4toimitsijat, harjoitusarvostelijat ja muut tiedustelut<\/strong><br>Markku Kallio<br>puh. 0400 277 533<br><a href=\"mailto:markku.kallio@hotmail.fi\">markku.kallio@hotmail.fi<\/a><\/p>\n\n\n\n<p><strong>Myyntipaikat<\/strong><br>Markus Ylitalo<br>puh. 0400 867 669<br><a href=\"mailto:markus.ylitalo@klhy.net\">markus.ylitalo@klhy.net<\/a><\/p>\n\n\n\n<p><\/p>\n","protected":false},"excerpt":{"rendered":"<p>Sunnuntaina 2.8.2026 arvostellaan FCI ryhm\u00e4t 5, 7 &amp; 8FCI 5&nbsp;- Pystykorvat ja alkukantaiset koiratFCI 7&nbsp;- Seisovat lintukoiratFCI 8&nbsp;- Noutajat, yl\u00f6sajavat koirat ja vesikoiratN\u00e4yttelyss\u00e4 arvostellaan my\u00f6s pennut (7kk - 9kk). N\u00e4yttelypaikkana toimii Santa Claus Holiday Village.Osoite: T\u00e4htikuja 2, Rovaniemi J\u00e4rjest\u00e4j\u00e4t: Keski-Lapin Hirvikoirayhdistys, Valajaskosken mets\u00e4stys- ja kalastusseura Tiedustelut Ilmoittautumisia koskevat tiedustelutShowlink Oy, arkisin klo 11 \u2013 17 <a href=\"https:\/\/www.showlink.fi\/shows\/rovaniemirn2026\/\" class=\"more-link\">...jatka lukemista<span class=\"screen-reader-text\"> \"Tervetuloa Rovaniemen ryhm\u00e4n\u00e4yttelyyn!\"<\/span><\/a><\/p>\n","protected":false},"author":1,"featured_media":0,"parent":0,"menu_order":0,"comment_status":"closed","ping_status":"closed","template":"","meta":{"footnotes":""},"class_list":["post-6","page","type-page","status-publish","h-entry","hentry","h-as-page"],"_links":{"self":[{"href":"https:\/\/www.showlink.fi\/shows\/rovaniemirn2026\/wp-json\/wp\/v2\/pages\/6","targetHints":{"allow":["GET"]}}],"collection":[{"href":"https:\/\/www.showlink.fi\/shows\/rovaniemirn2026\/wp-json\/wp\/v2\/pages"}],"about":[{"href":"https:\/\/www.showlink.fi\/shows\/rovaniemirn2026\/wp-json\/wp\/v2\/types\/page"}],"author":[{"embeddable":true,"href":"https:\/\/www.showlink.fi\/shows\/rovaniemirn2026\/wp-json\/wp\/v2\/users\/1"}],"replies":[{"embeddable":true,"href":"https:\/\/www.showlink.fi\/shows\/rovaniemirn2026\/wp-json\/wp\/v2\/comments?post=6"}],"version-history":[{"count":24,"href":"https:\/\/www.showlink.fi\/shows\/rovaniemirn2026\/wp-json\/wp\/v2\/pages\/6\/revisions"}],"predecessor-version":[{"id":158,"href":"https:\/\/www.showlink.fi\/shows\/rovaniemirn2026\/wp-json\/wp\/v2\/pages\/6\/revisions\/158"}],"wp:attachment":[{"href":"https:\/\/www.showlink.fi\/shows\/rovaniemirn2026\/wp-json\/wp\/v2\/media?parent=6"}],"curies":[{"name":"wp","href":"https:\/\/api.w.org\/{rel}","templated":true}]}}