{"id":8,"date":"2019-11-27T10:40:32","date_gmt":"2019-11-27T08:40:32","guid":{"rendered":"https:\/\/www.showlink.fi\/shows\/hyvinkaanord2020malli1\/?page_id=8"},"modified":"2026-04-01T12:59:30","modified_gmt":"2026-04-01T09:59:30","slug":"tuomarit","status":"publish","type":"page","link":"https:\/\/www.showlink.fi\/shows\/sastamala_310526\/tuomarit\/","title":{"rendered":"Tuomarit"},"content":{"rendered":"\n<p class=\"has-pale-cyan-blue-background-color has-background\"><strong>P\u00e4ivitys 1.4.2026 <\/strong><br><strong>Hannu Talven<\/strong> tilalle tulee arvostelemaan <strong>Reino Korpela<\/strong><\/p>\n\n\n\n<p><strong>Ryhm\u00e4 5<\/strong><br><em>Varalla kaikille ryhm\u00e4 5 roduille\u00a0<strong>Jetta Tschokkinen<\/strong><\/em><br>akita, basenji, chow chow, etnankoira, eurasier, faaraokoira, gr\u00f6nlanninkoira, harmaa norjanhirvikoira, it\u00e4siperianlaika, jakutianlaika, japaninpystykorva, j\u00e4mtlanninpystykorva, karjalankarhukoira, l\u00e4nsisiperianlaika, musta norjanhirvikoira, musta tanskanpystykorva, pohjanpystykorva, portugalinpodengot, ruotsinlapinkoira, siperianhusky, suomenpystykorva, tanskanpystykorva, valkoinen ruotsinhirvikoira, ven\u00e4l\u00e4is-eurooppalainen laika\u00a0<strong>Reino Korpela<\/strong><br>lapinporokoira, suomenlapinkoira\u00a0<strong>Jari Fors<\/strong><br>alaskanmalamuutti, american eskimo dog, amerikanakita, buhund, hokkaidonkoira, h\u00e4lleforsinkoira, ibizanpodencot, islanninlammaskoira, kaanaankoira, kainkoira, kanadaneskimokoira, kanarianpodenco, kintamani-balinkoira, kishunkoira, koreanjindonkoira, lunnikoira, l\u00e4nsig\u00f6\u00f6tanmaanpystykorva, meksikonkarvatonkoirat, perunkarvatonkoirat, samojedinkoira, shiba, shikokunkoira, taiwaninkoira, thai ridgeback, thaimaanpystykorva, volpino italiano\u00a0<strong>Jetta Tschokkinen<\/strong><br>grosspitzit, keeshond, kleinspitzit, mittelspitzit, pomeranian\u00a0<strong>Tuula Savolainen<\/strong><\/p>\n\n\n\n<p><strong>Ryhm\u00e4 6<\/strong><br><em>Varalla kaikille ryhm\u00e4 6 roduille&nbsp;<strong>Sophie Aspholm<\/strong><\/em><br>anglo-francais de petite v\u00e9nerie, ariegeois, baijerinvuoristovihikoira, basset art\u00e9sien normand, basset hound, beagle harrier, billy, bluetick coonhound, brasilianajokoira, briquet griffon vend\u00e9en, chien d\u00b4artois, englanninkettukoira, francais blanc et noir, francais blanc et orange, francais tricolore, gascognenbassetti, gascogne-saintongenajokoira, grand anglo-francais blanc et noir, grand anglo-francais blanc et orange, grand anglo-francais tricolore, grand basset griffon vend\u00e9en, grand griffon vend\u00e9en, griffon bleu de gascogne, griffon fauve de bretagne, griffon nivernais, hannoverinvihikoira, pesukarhukoira, petit basset griffon vend\u00e9en, pieni gascognenajokoira, pienisveitsinajokoira, pieniberninajokoira, pienisveitsinajokoira, pienijuranajokoira, pienisveitsinajokoira, pieniluzerninajokoira, pienisveitsinajokoira, pienischwyzinajokoira, rhodesiankoira, walkerinpesukarhukoira, westf\u00e4lische dachsbracke, vihikoira&nbsp;<strong>Sophie Aspholm<\/strong><br>muut&nbsp;<strong>Jari Fors<\/strong><\/p>\n\n\n\n<p><strong>Ryhm\u00e4 7<\/strong><br>kaikki rodut&nbsp;<strong>Sophie Aspholm<\/strong><\/p>\n\n\n\n<p><strong>Ryhm\u00e4 9<\/strong><br><em>Varalla kaikille ryhm\u00e4 9 roduille&nbsp;<strong>Hilkka Salohalla<\/strong><\/em><br>bichon fris\u00e9, cavalier kingcharlesinspanieli, chihuahuat, coton de tul\u00e9ar, griffon belge, griffon bruxellois, japanese chin, kiinanpalatsikoira, pekingeesi, kingcharlesinspanieli, lhasa apso, maltankoira, petit brabancon, ven\u00e4j\u00e4nbolonka, ven\u00e4j\u00e4ntoyt&nbsp;<strong>Hilkka Salohalla<\/strong><br>papillon, phal\u00e8ne&nbsp;<strong>Jetta Tschokkinen<\/strong><br>havannankoira, shih tzu, tiibetinspanieli, tiibetinterrieri, villakoirat&nbsp;<strong>Pirjo Aaltonen<\/strong><br>bolognese, bostoninterrieri, kiinanharjakoira, kromfohrl\u00e4nder, l\u00f6wchen, markiesje, mopsi, prahanrottakoira, ranskanbulldoggi&nbsp;<strong>Tuula Savolainen<\/strong><\/p>\n\n\n\n<p><strong>Ryhm\u00e4kilpailut<\/strong><br>FCI 5<strong>\u00a0Reino Korpela<\/strong><br>FCI 6<strong>\u00a0Jari Fors<\/strong><br>FCI 7<strong>\u00a0Sophie Aspholm<\/strong><br>FCI 9<strong>\u00a0Pirjo Aaltonen<\/strong><br>Paras juniori\u00a0<strong>Jetta Tschokkinen<\/strong><br>Paras veteraani\u00a0<strong>Hilkka Salohalla<\/strong><br>Paras kasvattajaryhm\u00e4\u00a0<strong>Hilkka Salohalla<\/strong><br>Best in Show<strong>\u00a0Tuula Savolainen<\/strong><\/p>\n\n\n\n<p><\/p>\n","protected":false},"excerpt":{"rendered":"<p>P\u00e4ivitys 1.4.2026 Hannu Talven tilalle tulee arvostelemaan Reino Korpela Ryhm\u00e4 5Varalla kaikille ryhm\u00e4 5 roduille\u00a0Jetta Tschokkinenakita, basenji, chow chow, etnankoira, eurasier, faaraokoira, gr\u00f6nlanninkoira, harmaa norjanhirvikoira, it\u00e4siperianlaika, jakutianlaika, japaninpystykorva, j\u00e4mtlanninpystykorva, karjalankarhukoira, l\u00e4nsisiperianlaika, musta norjanhirvikoira, musta tanskanpystykorva, pohjanpystykorva, portugalinpodengot, ruotsinlapinkoira, siperianhusky, suomenpystykorva, tanskanpystykorva, valkoinen ruotsinhirvikoira, ven\u00e4l\u00e4is-eurooppalainen laika\u00a0Reino Korpelalapinporokoira, suomenlapinkoira\u00a0Jari Forsalaskanmalamuutti, american eskimo dog, amerikanakita, buhund, hokkaidonkoira, h\u00e4lleforsinkoira, <a href=\"https:\/\/www.showlink.fi\/shows\/sastamala_310526\/tuomarit\/\" class=\"more-link\">...jatka lukemista<span class=\"screen-reader-text\"> \"Tuomarit\"<\/span><\/a><\/p>\n","protected":false},"author":1,"featured_media":0,"parent":0,"menu_order":3,"comment_status":"closed","ping_status":"closed","template":"page-templates\/full-width.php","meta":{"footnotes":""},"class_list":["post-8","page","type-page","status-publish","h-entry","hentry","h-as-page"],"_links":{"self":[{"href":"https:\/\/www.showlink.fi\/shows\/sastamala_310526\/wp-json\/wp\/v2\/pages\/8","targetHints":{"allow":["GET"]}}],"collection":[{"href":"https:\/\/www.showlink.fi\/shows\/sastamala_310526\/wp-json\/wp\/v2\/pages"}],"about":[{"href":"https:\/\/www.showlink.fi\/shows\/sastamala_310526\/wp-json\/wp\/v2\/types\/page"}],"author":[{"embeddable":true,"href":"https:\/\/www.showlink.fi\/shows\/sastamala_310526\/wp-json\/wp\/v2\/users\/1"}],"replies":[{"embeddable":true,"href":"https:\/\/www.showlink.fi\/shows\/sastamala_310526\/wp-json\/wp\/v2\/comments?post=8"}],"version-history":[{"count":19,"href":"https:\/\/www.showlink.fi\/shows\/sastamala_310526\/wp-json\/wp\/v2\/pages\/8\/revisions"}],"predecessor-version":[{"id":380,"href":"https:\/\/www.showlink.fi\/shows\/sastamala_310526\/wp-json\/wp\/v2\/pages\/8\/revisions\/380"}],"wp:attachment":[{"href":"https:\/\/www.showlink.fi\/shows\/sastamala_310526\/wp-json\/wp\/v2\/media?parent=8"}],"curies":[{"name":"wp","href":"https:\/\/api.w.org\/{rel}","templated":true}]}}