{"id":10,"date":"2017-12-13T13:02:50","date_gmt":"2017-12-13T11:02:50","guid":{"rendered":"http:\/\/www.showlink.fi\/shows\/posiorn2018\/?page_id=10"},"modified":"2026-01-08T16:12:08","modified_gmt":"2026-01-08T14:12:08","slug":"ilmoittautuminen","status":"publish","type":"page","link":"https:\/\/www.showlink.fi\/shows\/seinajokirn2026\/ilmoittautuminen\/","title":{"rendered":"Ilmoittautuminen"},"content":{"rendered":"\n<p>&nbsp;Ilmoittautumiset <strong>2.3. \/ 9.3.2026<\/strong>&nbsp;menness\u00e4.<\/p>\n\n\n\n<p><strong>Ilmoittautuminen n\u00e4yttelyyn tulee tehd\u00e4 internetiss\u00e4. <\/strong>Ilmoittaessaan koiransa n\u00e4yttelyn n\u00e4ytteilleasettaja sitoutuu noudattamaan Suomen Kennelliiton voimassa olevia n\u00e4yttelys\u00e4\u00e4nt\u00f6j\u00e4 ja niit\u00e4 t\u00e4ydent\u00e4vi\u00e4 ohjeita sek\u00e4 rokotusm\u00e4\u00e4r\u00e4yksi\u00e4. S\u00e4\u00e4nn\u00f6t l\u00f6ytyv\u00e4t <a href=\"https:\/\/www.kennelliitto.fi\/koiraharrastukset\/koiranayttelyt\/ohjeita-ja-lomakkeita-nayttelyyn-osallistujille-ja-nayttelyn-jarjestajille\"> <strong>Kennelliiton kotisivuilta.<\/strong><\/a><\/p>\n\n\n\n<p><strong>Online-ilmoittautuminen<\/strong> osoitteessa <a href=\"http:\/\/www.showlink.fi\" rel=\"noopener\">www.showlink.fi<\/a> \u2192<strong> <\/strong><a href=\"http:\/\/ilmoittautuminen.kennelliitto.fi\/\" rel=\"noopener\"><strong>ILMOITTAUDU N\u00c4YTTELYYN<\/strong><\/a><\/p>\n\n\n\n<p>Online-ilmoittautumisesta tulee aina vahvistus s\u00e4hk\u00f6postiisi. Jollet saa vahvistusta tunnin kuluessa, ota v\u00e4litt\u00f6m\u00e4sti yhteytt\u00e4 asiakaspalveluumme. Tarkasta ilmoittautumisesta koirasi tiedot ja kilpailuluokka.&nbsp; Netti-ilmoittautuminen maksetaan verkkopankilla tai luottokortilla ilmoittautumisen yhteydess\u00e4.<\/p>\n\n\n\n<p>Aikataulukirjeet ja numerolaput toimitetaan vain s\u00e4hk\u00f6isesti.<\/p>\n\n\n\n<hr class=\"wp-block-separator has-text-color has-alpha-channel-opacity has-background\" style=\"background-color:#ececec;color:#ececec\"\/>\n\n\n\n<h3 class=\"wp-block-heading\">Ilmoittautumismaksut<\/h3>\n\n\n\n<p><strong> Ilmoittautumismaksut 2.3.2026 menness\u00e4<\/strong><br>ilmoittautumismaksu <strong>38 \u20ac<\/strong><br>saman omistajan 2. jne. koira<strong> 35 \u20ac<\/strong><br>pennut ja veteraanit <strong>25 \u20ac<\/strong><\/p>\n\n\n\n<p><strong>Ilmoittautumismaksut 3.-9.3.2026 v\u00e4lisen\u00e4 aikana<\/strong><br><strong>60 \u20ac<\/strong> \/ koira, kaikki luokat<\/p>\n\n\n\n<hr class=\"wp-block-separator has-text-color has-alpha-channel-opacity has-background\" style=\"background-color:#ececec;color:#ececec\"\/>\n\n\n\n<h3 class=\"wp-block-heading\">Lis\u00e4tietoa<\/h3>\n\n\n\n<p><strong>Huom!&nbsp;<\/strong>Alennuksen (saman omistajan toinen jne. koira) saaminen edellytt\u00e4\u00e4 sit\u00e4 ett\u00e4 ilmoittautuminen tehd\u00e4\u00e4n samalla netti-ilmoittautumiskerralla. Samaksi omistajaksi tulkitaan ilmoittautumistapahtuman ensimm\u00e4iselle koiralle ensimm\u00e4iseksi omistajaksi merkitty henkil\u00f6. <br>Alennus lasketaan vain t\u00e4ysihintaisista ilmoittautumismaksuista, ei pentujen tai veteraanien maksuista.<\/p>\n\n\n\n<p>Ilmoittautumisajan p\u00e4\u00e4ttymisen j\u00e4lkeen koiraa ei voida siirt\u00e4\u00e4 toiseen luokkaan (ellei kysymyksess\u00e4 ole j\u00e4rjest\u00e4j\u00e4st\u00e4 johtuva virhe).<br>Uros, jolla ei ole normaalit kivekset saa hyl\u00e4tyn.<\/p>\n\n\n\n<p><strong>Ilmoittautumisia ja kasvattajaryhmi\u00e4 koskevat tiedustelut<\/strong><br>Showlink Oy arkisin klo 11-17 puh. 09 887 30320 tai e-mail: info@showlink.fi<\/p>\n\n\n\n<p><em>Mainitsethan tiedustelussasi \/ s\u00e4hk\u00f6postissasi n\u00e4yttelyn nimen sek\u00e4 koiran rekisterinumeron, jota tiedustelu koskee. Jollet saa ilmoittautumisestasi vahvistusta s\u00e4hk\u00f6postiisi tunnin kuluessa, ota v\u00e4litt\u00f6m\u00e4sti yhteytt\u00e4 asiakaspalveluumme. Tarkasta ilmoittautumisesta koirasi tiedot ja kilpailuluokka.<\/em><\/p>\n\n\n\n<p>Ilmoittautuminen on teht\u00e4v\u00e4 kirjallisesti \u2013 pelkk\u00e4 n\u00e4yttelymaksun suoritus ei ole ilmoittautuminen!<br>Kirjallisen ilmoittautumisen voit tehd\u00e4 vahvistettuna netti-ilmoittautumisena. My\u00f6h\u00e4styneit\u00e4 ilmoittautumisia ei hyv\u00e4ksyt\u00e4 mukaan n\u00e4yttelyyn.<\/p>\n\n\n\n<p><strong>Rokotusm\u00e4\u00e4r\u00e4ykset&nbsp;<\/strong>Suomen Kennelliitto-Finska Kennelklubben ry:n m\u00e4\u00e4r\u00e4ysten mukaan.<br>Suomen lain vastaisesti typistetyt koirat eiv\u00e4t saa osallistua n\u00e4yttelyyn.<br>N\u00e4yttelyyn osallistuvan koiran tulee olla tunnistusmerkitty.<br>Tunnistusmerkint\u00e4 on pakollinen Kennelliiton virallisissa n\u00e4yttelyiss\u00e4, kokeissa ja kilpailuissa.<\/p>\n\n\n\n<p><strong>Antidoping \u2013valvonta<\/strong><br>Dopingvalvonta koskee kaikkia Suomen Kennelliiton my\u00f6nt\u00e4mi\u00e4 n\u00e4yttelyit\u00e4, kilpailuja ja kokeita. Ajankohtaisinta tietoa osoitteessa&nbsp;<a href=\"https:\/\/www.kennelliitto.fi\/koiraharrastukset\/antidoping\">KENNELLIITTO \/ ANTIDOPING<\/a><\/p>\n","protected":false},"excerpt":{"rendered":"<p>&nbsp;Ilmoittautumiset 2.3. \/ 9.3.2026&nbsp;menness\u00e4. Ilmoittautuminen n\u00e4yttelyyn tulee tehd\u00e4 internetiss\u00e4. Ilmoittaessaan koiransa n\u00e4yttelyn n\u00e4ytteilleasettaja sitoutuu noudattamaan Suomen Kennelliiton voimassa olevia n\u00e4yttelys\u00e4\u00e4nt\u00f6j\u00e4 ja niit\u00e4 t\u00e4ydent\u00e4vi\u00e4 ohjeita sek\u00e4 rokotusm\u00e4\u00e4r\u00e4yksi\u00e4. S\u00e4\u00e4nn\u00f6t l\u00f6ytyv\u00e4t Kennelliiton kotisivuilta. Online-ilmoittautuminen osoitteessa www.showlink.fi \u2192 ILMOITTAUDU N\u00c4YTTELYYN Online-ilmoittautumisesta tulee aina vahvistus s\u00e4hk\u00f6postiisi. Jollet saa vahvistusta tunnin kuluessa, ota v\u00e4litt\u00f6m\u00e4sti yhteytt\u00e4 asiakaspalveluumme. Tarkasta ilmoittautumisesta koirasi tiedot ja <a href=\"https:\/\/www.showlink.fi\/shows\/seinajokirn2026\/ilmoittautuminen\/\" class=\"more-link\">...jatka lukemista<span class=\"screen-reader-text\"> \"Ilmoittautuminen\"<\/span><\/a><\/p>\n","protected":false},"author":1,"featured_media":0,"parent":0,"menu_order":4,"comment_status":"closed","ping_status":"closed","template":"","meta":{"footnotes":""},"class_list":["post-10","page","type-page","status-publish","h-entry","hentry","h-as-page"],"_links":{"self":[{"href":"https:\/\/www.showlink.fi\/shows\/seinajokirn2026\/wp-json\/wp\/v2\/pages\/10","targetHints":{"allow":["GET"]}}],"collection":[{"href":"https:\/\/www.showlink.fi\/shows\/seinajokirn2026\/wp-json\/wp\/v2\/pages"}],"about":[{"href":"https:\/\/www.showlink.fi\/shows\/seinajokirn2026\/wp-json\/wp\/v2\/types\/page"}],"author":[{"embeddable":true,"href":"https:\/\/www.showlink.fi\/shows\/seinajokirn2026\/wp-json\/wp\/v2\/users\/1"}],"replies":[{"embeddable":true,"href":"https:\/\/www.showlink.fi\/shows\/seinajokirn2026\/wp-json\/wp\/v2\/comments?post=10"}],"version-history":[{"count":20,"href":"https:\/\/www.showlink.fi\/shows\/seinajokirn2026\/wp-json\/wp\/v2\/pages\/10\/revisions"}],"predecessor-version":[{"id":332,"href":"https:\/\/www.showlink.fi\/shows\/seinajokirn2026\/wp-json\/wp\/v2\/pages\/10\/revisions\/332"}],"wp:attachment":[{"href":"https:\/\/www.showlink.fi\/shows\/seinajokirn2026\/wp-json\/wp\/v2\/media?parent=10"}],"curies":[{"name":"wp","href":"https:\/\/api.w.org\/{rel}","templated":true}]}}