{"id":15,"date":"2017-12-13T13:15:40","date_gmt":"2017-12-13T11:15:40","guid":{"rendered":"http:\/\/www.showlink.fi\/shows\/posiorn2018\/?page_id=15"},"modified":"2026-02-25T14:42:25","modified_gmt":"2026-02-25T12:42:25","slug":"etusivu-2","status":"publish","type":"page","link":"https:\/\/www.showlink.fi\/shows\/seinajokirn2026\/","title":{"rendered":"Tervetuloa Sein\u00e4joen ryhm\u00e4n\u00e4yttelyyn 28.-29.3.2026!"},"content":{"rendered":"\n<p><strong>Lauantaina 28.3. n\u00e4yttelyss\u00e4 arvostellaan FCI:n ryhm\u00e4t 5 ja 7<\/strong><br><strong>FCI 5<\/strong> \u2013 Pystykorvat ja alkukantaiset koirat<br><strong>FCI 7<\/strong> \u2013 Seisovat lintukoirat<\/p>\n\n\n\n<p><strong>Sunnuntaina 29.3. n\u00e4yttelyss\u00e4 arvostellaan FCI:n ryhm\u00e4t 1 ja 4<\/strong><br><strong>FCI 1<\/strong> \u2013 Lammas- ja karjakoirat (paitsi sveitsinpaimenkoirat)<br><strong>FCI 4<\/strong> \u2013 M\u00e4yr\u00e4koirat<br>N\u00e4yttelyss\u00e4 arvostellaan my\u00f6s pentuluokka (7 - alle 9kk).<\/p>\n\n\n\n<p>N\u00e4yttelypaikkana toimii <strong>Lakeuden koiraurheilukeskus<\/strong><br>Osoite: Bullerintie 40, 60200 SEIN\u00c4JOKI<\/p>\n\n\n\n<hr class=\"wp-block-separator has-text-color has-alpha-channel-opacity has-background\" style=\"background-color:#ececec;color:#ececec\"\/>\n\n\n\n<h2 class=\"wp-block-heading\">Tiedustelut<\/h2>\n\n\n\n<p><strong>Ilmoittautumisia ja kasvattajaryhmi\u00e4 koskevat tiedustelut <\/strong><br>Showlink Oy: arkisin klo 11-17 puh. 09 887 30320 tai e-mail: info@showlink.fi<br><em>Mainitsethan tiedustelussasi n\u00e4yttelyn sek\u00e4 koiran rekisterinumeron, jota tiedustelu koskee.<\/em><\/p>\n\n\n\n<p><strong>Muut tiedustelut<br><\/strong>nayttelyt.lagu@gmail.com<\/p>\n\n\n\n<hr class=\"wp-block-separator has-text-color has-alpha-channel-opacity has-background\" style=\"background-color:#ececec;color:#ececec\"\/>\n\n\n\n<p class=\"has-text-align-center\"><strong>J\u00e4rjest\u00e4j\u00e4:<\/strong> <a href=\"https:\/\/lagu.fi\/\" target=\"_blank\" rel=\"noreferrer noopener\">Lakeuden Agilityurheilijat<\/a><\/p>\n\n\n<div class=\"wp-block-image\">\n<figure class=\"aligncenter size-large\"><img loading=\"lazy\" decoding=\"async\" width=\"1024\" height=\"162\" src=\"https:\/\/www.showlink.fi\/shows\/seinajoki_28-290326_esikatselu\/wp-content\/uploads\/sites\/22\/2025\/11\/lagu_vaaka-1024x162.png\" alt=\"\" class=\"wp-image-308\" srcset=\"https:\/\/www.showlink.fi\/shows\/seinajokirn2026\/wp-content\/uploads\/sites\/22\/2025\/11\/lagu_vaaka-1024x162.png 1024w, https:\/\/www.showlink.fi\/shows\/seinajokirn2026\/wp-content\/uploads\/sites\/22\/2025\/11\/lagu_vaaka-300x48.png 300w, https:\/\/www.showlink.fi\/shows\/seinajokirn2026\/wp-content\/uploads\/sites\/22\/2025\/11\/lagu_vaaka-768x122.png 768w, https:\/\/www.showlink.fi\/shows\/seinajokirn2026\/wp-content\/uploads\/sites\/22\/2025\/11\/lagu_vaaka-1536x243.png 1536w, https:\/\/www.showlink.fi\/shows\/seinajokirn2026\/wp-content\/uploads\/sites\/22\/2025\/11\/lagu_vaaka-960x152.png 960w, https:\/\/www.showlink.fi\/shows\/seinajokirn2026\/wp-content\/uploads\/sites\/22\/2025\/11\/lagu_vaaka.png 1748w\" sizes=\"auto, (max-width: 1024px) 100vw, 1024px\" \/><\/figure>\n<\/div>\n\n\n<figure class=\"wp-block-image size-large\"><a href=\"https:\/\/www.tujoma.fi\/natures-protection\"><img loading=\"lazy\" decoding=\"async\" width=\"1024\" height=\"482\" src=\"https:\/\/www.showlink.fi\/shows\/seinajokirn2026\/wp-content\/uploads\/sites\/22\/2026\/02\/natureprotection-1024x482.png\" alt=\"\" class=\"wp-image-336\" srcset=\"https:\/\/www.showlink.fi\/shows\/seinajokirn2026\/wp-content\/uploads\/sites\/22\/2026\/02\/natureprotection-1024x482.png 1024w, https:\/\/www.showlink.fi\/shows\/seinajokirn2026\/wp-content\/uploads\/sites\/22\/2026\/02\/natureprotection-300x141.png 300w, https:\/\/www.showlink.fi\/shows\/seinajokirn2026\/wp-content\/uploads\/sites\/22\/2026\/02\/natureprotection-768x361.png 768w, https:\/\/www.showlink.fi\/shows\/seinajokirn2026\/wp-content\/uploads\/sites\/22\/2026\/02\/natureprotection-1536x723.png 1536w, https:\/\/www.showlink.fi\/shows\/seinajokirn2026\/wp-content\/uploads\/sites\/22\/2026\/02\/natureprotection-2048x964.png 2048w, https:\/\/www.showlink.fi\/shows\/seinajokirn2026\/wp-content\/uploads\/sites\/22\/2026\/02\/natureprotection-960x452.png 960w\" sizes=\"auto, (max-width: 1024px) 100vw, 1024px\" \/><\/a><\/figure>\n\n\n\n<figure class=\"wp-block-image size-large\"><a href=\"https:\/\/www.tujoma.fi\/natures-protection\"><img loading=\"lazy\" decoding=\"async\" width=\"1024\" height=\"237\" src=\"https:\/\/www.showlink.fi\/shows\/seinajokirn2026\/wp-content\/uploads\/sites\/22\/2026\/02\/turkkiruoat-banneri-1024x237.jpg\" alt=\"\" class=\"wp-image-340\" srcset=\"https:\/\/www.showlink.fi\/shows\/seinajokirn2026\/wp-content\/uploads\/sites\/22\/2026\/02\/turkkiruoat-banneri-1024x237.jpg 1024w, https:\/\/www.showlink.fi\/shows\/seinajokirn2026\/wp-content\/uploads\/sites\/22\/2026\/02\/turkkiruoat-banneri-300x69.jpg 300w, https:\/\/www.showlink.fi\/shows\/seinajokirn2026\/wp-content\/uploads\/sites\/22\/2026\/02\/turkkiruoat-banneri-768x178.jpg 768w, https:\/\/www.showlink.fi\/shows\/seinajokirn2026\/wp-content\/uploads\/sites\/22\/2026\/02\/turkkiruoat-banneri-1536x355.jpg 1536w, https:\/\/www.showlink.fi\/shows\/seinajokirn2026\/wp-content\/uploads\/sites\/22\/2026\/02\/turkkiruoat-banneri-2048x474.jpg 2048w, https:\/\/www.showlink.fi\/shows\/seinajokirn2026\/wp-content\/uploads\/sites\/22\/2026\/02\/turkkiruoat-banneri-960x222.jpg 960w\" sizes=\"auto, (max-width: 1024px) 100vw, 1024px\" \/><\/a><\/figure>\n","protected":false},"excerpt":{"rendered":"<p>Lauantaina 28.3. n\u00e4yttelyss\u00e4 arvostellaan FCI:n ryhm\u00e4t 5 ja 7FCI 5 \u2013 Pystykorvat ja alkukantaiset koiratFCI 7 \u2013 Seisovat lintukoirat Sunnuntaina 29.3. n\u00e4yttelyss\u00e4 arvostellaan FCI:n ryhm\u00e4t 1 ja 4FCI 1 \u2013 Lammas- ja karjakoirat (paitsi sveitsinpaimenkoirat)FCI 4 \u2013 M\u00e4yr\u00e4koiratN\u00e4yttelyss\u00e4 arvostellaan my\u00f6s pentuluokka (7 - alle 9kk). N\u00e4yttelypaikkana toimii Lakeuden koiraurheilukeskusOsoite: Bullerintie 40, 60200 SEIN\u00c4JOKI Tiedustelut Ilmoittautumisia <a href=\"https:\/\/www.showlink.fi\/shows\/seinajokirn2026\/\" class=\"more-link\">...jatka lukemista<span class=\"screen-reader-text\"> \"Tervetuloa Sein\u00e4joen ryhm\u00e4n\u00e4yttelyyn 28.-29.3.2026!\"<\/span><\/a><\/p>\n","protected":false},"author":1,"featured_media":0,"parent":0,"menu_order":0,"comment_status":"closed","ping_status":"closed","template":"","meta":{"footnotes":""},"class_list":["post-15","page","type-page","status-publish","h-entry","hentry","h-as-page"],"_links":{"self":[{"href":"https:\/\/www.showlink.fi\/shows\/seinajokirn2026\/wp-json\/wp\/v2\/pages\/15","targetHints":{"allow":["GET"]}}],"collection":[{"href":"https:\/\/www.showlink.fi\/shows\/seinajokirn2026\/wp-json\/wp\/v2\/pages"}],"about":[{"href":"https:\/\/www.showlink.fi\/shows\/seinajokirn2026\/wp-json\/wp\/v2\/types\/page"}],"author":[{"embeddable":true,"href":"https:\/\/www.showlink.fi\/shows\/seinajokirn2026\/wp-json\/wp\/v2\/users\/1"}],"replies":[{"embeddable":true,"href":"https:\/\/www.showlink.fi\/shows\/seinajokirn2026\/wp-json\/wp\/v2\/comments?post=15"}],"version-history":[{"count":49,"href":"https:\/\/www.showlink.fi\/shows\/seinajokirn2026\/wp-json\/wp\/v2\/pages\/15\/revisions"}],"predecessor-version":[{"id":342,"href":"https:\/\/www.showlink.fi\/shows\/seinajokirn2026\/wp-json\/wp\/v2\/pages\/15\/revisions\/342"}],"wp:attachment":[{"href":"https:\/\/www.showlink.fi\/shows\/seinajokirn2026\/wp-json\/wp\/v2\/media?parent=15"}],"curies":[{"name":"wp","href":"https:\/\/api.w.org\/{rel}","templated":true}]}}