{"id":8,"date":"2017-12-13T13:02:33","date_gmt":"2017-12-13T11:02:33","guid":{"rendered":"http:\/\/www.showlink.fi\/shows\/posiorn2018\/?page_id=8"},"modified":"2026-01-14T17:05:59","modified_gmt":"2026-01-14T15:05:59","slug":"tuomarit","status":"publish","type":"page","link":"https:\/\/www.showlink.fi\/shows\/seinajokirn2026\/tuomarit\/","title":{"rendered":"Tuomarit"},"content":{"rendered":"\n<p><strong>Lauantaina 28.3. arvostellaan FCI:n ryhm\u00e4t 5 ja 7<\/strong><br><strong>Sunnuntaina 29.3. arvostellaan FCI:n ryhm\u00e4t 1 ja 4<\/strong><\/p>\n\n\n\n<hr class=\"wp-block-separator has-text-color has-alpha-channel-opacity has-background\" style=\"background-color:#ececec;color:#ececec\"\/>\n\n\n\n<h3 class=\"wp-block-heading\">Lauantai<\/h3>\n\n\n\n<p><strong>Ryhm\u00e4 5<\/strong><br><em><strong>Varalla<\/strong> roduille j\u00e4mtlanninpystykorva, l\u00e4nsig\u00f6\u00f6tanmaanpystykorva, portugalinpodengot, tshiba, siperianhusky, suomenlapinkoira, suomenpystykorva<strong> Honkanen Kirsi<\/strong><br>Varalla roduille kaanaankoira, kanarianpodenco, meksikonkarvatonkoirat, musta norjanhirvikoira, musta tanskanpystykorva<strong> Laakso Jari<\/strong><br><strong>Varalla<\/strong> roduille amerikanakita, basenji, buhund, eurasier, faaraokoira, it\u00e4siperianlaika, jakutianlaika, pohjanpystykorva, keeshond, mittelspitzit, pomeranian, samojedinkoira, thai ridgeback<strong> Pukkila Anneli<\/strong><br><strong>Varalla <\/strong>roduille akita, alaskanmalamuutti, american eskimo dog, chow chow, etnankoira, gr\u00f6nlanninkoira, harmaa norjanhirvikoira, h\u00e4lleforsinkoira, ibizanpodencot, islanninlammaskoira, japaninpystykorva, kanadaneskimokoira, karjalankarhukoira, lunnikoira, l\u00e4nsisiperianlaika, grosspitzit, kleinspitzit, tanskanpystykorva, valkoinen ruotsinhirvikoira, ven\u00e4l\u00e4is-eurooppalainen laika<strong> St\u00e5hlberg Perttu<\/strong><br><strong>Varalla <\/strong>roduille hokkaidonkoira, kainkoira, kintamani-balinkoira, kishunkoira, koreanjindonkoira, lapinporokoira, ruotsinlapinkoira, shikokunkoira, taiwaninkoira, thaimaanpystykorva, volpino italiano<strong> Taipale Kati<\/strong><\/em><\/p>\n\n\n\n<p class=\"has-background\" style=\"background-color:#f6eaeb\">alaskanmalamuutti, american eskimo dog, kaanaankoira, karjalankarhukoira, musta norjanhirvikoira, portugalinpodengot, siperianhusky, suomenpystykorva, tanskanpystykorva, valkoinen ruotsinhirvikoira <strong>Anneli Pukkila<\/strong><br>amerikanakita, gr\u00f6nlanninkoira, h\u00e4lleforsinkoira, ibizanpodencot, kanadaneskimokoira, lunnikoira <strong>Jari Laakso<\/strong><br>harmaa norjanhirvikoira, hokkaidonkoira, kainkoira, kanarianpodenco, kintamani-balinkoira, kishunkoira, koreanjindonkoira, lapinporokoira, ruotsinlapinkoira, samojedinkoira, shikokunkoira, taiwaninkoira, thaimaanpystykorva, volpino italiano <strong>Jarmo Hilpinen<\/strong><br>meksikonkarvatonkoirat, perunkarvatonkoirat, shiba, thai ridgeback <strong>Kati Taipale<\/strong><br>akita, chow chow, etnankoira, islanninlammaskoira, it\u00e4siperianlaika, jakutianlaika, japaninpystykorva, l\u00e4nsisiperianlaika, grosspitzit, keeshond, kleinspitzit, mittelspitzit, pomeranian, ven\u00e4l\u00e4is-eurooppalainen laika <strong>Kirsi Honkanen<\/strong><br>basenji, buhund, eurasier, faaraokoira, j\u00e4mtlanninpystykorva, l\u00e4nsig\u00f6\u00f6tanmaanpystykorva, musta tanskanpystykorva, pohjanpystykorva, suomenlapinkoira <strong>Perttu St\u00e5hlberg<\/strong><\/p>\n\n\n\n<p><br><strong>Ryhm\u00e4 7<\/strong><br><em><strong>Varalla<\/strong> roduille bourbonnaisinseisoja, englanninsetteri, korthalsingriffoni, sininenpicardienspanieli, stabijhoun, tsekinseisoja, vanhatanskankanakoira, villakoirapointteri<strong> Honkanen Kirsi<\/strong><br><strong>Varalla<\/strong> roduille ariegenseisoja, auvergnenseisoja, burgosinseisoja, gordoninsetteri, hollanninpeltopyykoira, isom\u00fcnsterinseisoja, karkeakarvainen saksanseisoja, karkeakarvainen unkarinvizsla, lyhytkarvainen unkarinvizsla, pitk\u00e4karvainen saksanseisoja, punainen irlanninsetteri, punavalkoinen irlanninsetteri<strong> Pukkila Anneli<\/strong><br><strong>Varalla<\/strong> roduille bretoni, italianseisoja, karkeakarvainen slovakianseisoja, picardienspanieli, pointteri, pont-audemerinspanieli, portugalinseisoja, ranskanseisoja, gascognelaistyyppi, ranskanseisoja, pyrenel\u00e4istyyppi, ranskanspanieli, saintgermaininseisoja, saint-usugenspanieli, spinone, weimarinseisoja, lyhytkarvainen, weimarinseisoja, pitk\u00e4karvainen<strong> St\u00e5hlberg Perttu<\/strong><\/em><\/p>\n\n\n\n<p class=\"has-background\" style=\"background-color:#f6eaeb\">bretoni, picardienspanieli, pointteri, spinone, stabijhoun <strong>Anneli Pukkila<\/strong><br>ariegenseisoja, auvergnenseisoja, bourbonnaisinseisoja, burgosinseisoja, korthalsingriffoni, pont-audemerinspanieli, portugalinseisoja, ranskanseisoja, gascognelaistyyppi, ranskanseisoja, pyrenel\u00e4istyyppi, ranskanspanieli, saintgermaininseisoja, tsekinseisoja, vanhatanskankanakoira, villakoirapointteri <strong>Jari Laakso<\/strong><br>sininenpicardienspanieli <strong>Jarmo Hilpinen<\/strong><br>harjaskarvainen saksanseisoja, isom\u00fcnsterinseisoja, italianseisoja, karkeakarvainen saksanseisoja, karkeakarvainen slovakianseisoja, lyhytkarvainen saksanseisoja, pienim\u00fcnsterinseisoja, pitk\u00e4karvainen saksanseisoja, saint-usugenspanieli, weimarinseisoja, lyhytkarvainen, weimarinseisoja, pitk\u00e4karvainen <strong>Kati Taipale<\/strong><br>karkeakarvainen unkarinvizsla, lyhytkarvainen unkarinvizsla <strong>Kirsi Honkanen<\/strong><br>englanninsetteri, gordoninsetteri, hollanninpeltopyykoira, punainen irlanninsetteri, punavalkoinen irlanninsetteri <strong>Perttu St\u00e5hlberg<\/strong><\/p>\n\n\n\n<p><br><br><strong>Ryhm\u00e4kilpailut<\/strong><br>FCI 5<strong> Kirsi Honkanen<\/strong><br>FCI 7<strong> Perttu St\u00e5hlberg<\/strong><br>Paras veteraani <strong>Jari Laakso<\/strong><br>Paras juniori <strong>Kati Taipale<\/strong><br>Paras kasvattajaryhm\u00e4 <strong>Anneli Pukkila<\/strong><\/p>\n\n\n\n<h3 class=\"wp-block-heading\">Sunnuntai <\/h3>\n\n\n\n<p><strong>Ryhm\u00e4 1<\/strong><br><em><strong>Varalla<\/strong> roduille australiankelpie, australianpaimenkoira, bordercollie, lancashirenkarjakoira, schapendoes, shetlanninlammaskoira, welsh corgit <strong>Honkanen Kirsi<\/strong><br><strong>Varalla<\/strong> roduille ardennienkarjakoira, australian t\u00f6p\u00f6h\u00e4nt\u00e4inen karjakoira, australiankarjakoira, komondor, kroatianpaimenkoira, mallorcanpaimenkoira<strong> Laakso Jari<\/strong><br><strong>Varalla<\/strong> roduille brienpaimenkoira \/ briardi, hollanninpaimenkoirat <strong>Nieminen Antti<\/strong><br><strong>Varalla<\/strong> roduille beaucenpaimenkoira \/ beauceron, belgianpaimenkoirat, bouvier, owczarek podhalanski, picardienpaimenkoira, pitk\u00e4karvainen collie, sile\u00e4karvainen collie, valkoinenpaimenkoira, vanhaenglanninlammaskoira<strong> Pukkila Anneli<\/strong><br><strong>Varalla<\/strong> roduille mudi, pieniamerikanpaimenkoira, saksanpaimenkoirat, tsekinpaimenkoira<strong> St\u00e5hlberg Perttu<\/strong><br><strong>Varalla<\/strong> roduille bergamonpaimenkoira, ceskoslovensky vlciak, etel\u00e4ven\u00e4j\u00e4nkoira, it\u00e4euroopanpaimenkoira, karpaattienkoira, katalonianpaimenkoira, kuvasz, lyhytkarvainen pyreneittenpaimenkoira, maremmano-abruzzese, medimurjenkoira, partacollie, pitk\u00e4karvainen pyreneittenpaimenkoira, polski owczarek nizinny, pulit, pumi, romanianpaimenkoira, saarlooswolfhond, serra de airesinpaimenkoira, slovakiancuvac<strong> Taipale Kati<\/strong><\/em><\/p>\n\n\n\n<p class=\"has-background\" style=\"background-color:#f6eaeb\">pitk\u00e4karvainen collie, sile\u00e4karvainen collie <strong>Antti Nieminen<\/strong><br>bergamonpaimenkoira, bordercollie, etel\u00e4ven\u00e4j\u00e4nkoira, it\u00e4euroopanpaimenkoira, karpaattienkoira, katalonianpaimenkoira, lancashirenkarjakoira, lyhytkarvainen pyreneittenpaimenkoira, owczarek podhalanski, pitk\u00e4karvainen pyreneittenpaimenkoira, polski owczarek nizinny, schapendoes <strong>Jari Laakso<\/strong><br>australianpaimenkoira, hollanninpaimenkoirat, mudi, shetlanninlammaskoira <strong>Kati Taipale<\/strong><br>ardennienkarjakoira, komondor, kroatianpaimenkoira, kuvasz, mallorcanpaimenkoira, maremmano-abruzzese, medimurjenkoira, partacollie, picardienpaimenkoira, pieniamerikanpaimenkoira, schipperke, serra de airesinpaimenkoira, slovakiancuvac, tsekinpaimenkoira, valkoinenpaimenkoira <strong>Kirsi Honkanen<\/strong><br>australian t\u00f6p\u00f6h\u00e4nt\u00e4inen karjakoira, australiankarjakoira, australiankelpie, beaucenpaimenkoira \/ beauceron, belgianpaimenkoirat, bouvier, brienpaimenkoira \/ briardi, ceskoslovensky vlciak, pulit, pumi, romanianpaimenkoira, saarlooswolfhond, saksanpaimenkoirat, vanhaenglanninlammaskoira, welsh corgit <strong>Perttu St\u00e5hlberg<\/strong><\/p>\n\n\n\n<p><br><strong>Ryhm\u00e4 4<\/strong><br><em><strong>Varalla<\/strong> roduille karkeakarvaiset m\u00e4yr\u00e4koirat <strong>Pukkila Anneli<\/strong><br><strong>Varalla <\/strong>roduille pitk\u00e4karvaiset m\u00e4yr\u00e4koirat<strong> St\u00e5hlberg Perttu<\/strong><br><strong>Varalla<\/strong> roduille lyhytkarvaiset m\u00e4yr\u00e4koirat<strong> Taipale Kati<\/strong><\/em><\/p>\n\n\n\n<p class=\"has-background\" style=\"background-color:#f6eaeb\">kaikki rodut <strong>Jarmo Hilpinen<\/strong><\/p>\n\n\n\n<p><br><br><strong>Ryhm\u00e4kilpailut<\/strong><br>FCI 1<strong> Antti Nieminen<\/strong><br>FCI 4<strong> Jarmo Hilpinen<\/strong><br>Paras veteraani <strong>Kati Taipale<\/strong><br>Paras juniori <strong>Jari Laakso<\/strong><br>Paras kasvattajaryhm\u00e4 <strong>Kirsi Honkanen<\/strong><br>Best in Show<strong> Perttu St\u00e5hlberg<\/strong><\/p>\n\n\n\n<p><strong><br><br><\/strong><\/p>\n","protected":false},"excerpt":{"rendered":"<p>Lauantaina 28.3. arvostellaan FCI:n ryhm\u00e4t 5 ja 7Sunnuntaina 29.3. arvostellaan FCI:n ryhm\u00e4t 1 ja 4 Lauantai Ryhm\u00e4 5Varalla roduille j\u00e4mtlanninpystykorva, l\u00e4nsig\u00f6\u00f6tanmaanpystykorva, portugalinpodengot, tshiba, siperianhusky, suomenlapinkoira, suomenpystykorva Honkanen KirsiVaralla roduille kaanaankoira, kanarianpodenco, meksikonkarvatonkoirat, musta norjanhirvikoira, musta tanskanpystykorva Laakso JariVaralla roduille amerikanakita, basenji, buhund, eurasier, faaraokoira, it\u00e4siperianlaika, jakutianlaika, pohjanpystykorva, keeshond, mittelspitzit, pomeranian, samojedinkoira, thai ridgeback Pukkila AnneliVaralla <a href=\"https:\/\/www.showlink.fi\/shows\/seinajokirn2026\/tuomarit\/\" class=\"more-link\">...jatka lukemista<span class=\"screen-reader-text\"> \"Tuomarit\"<\/span><\/a><\/p>\n","protected":false},"author":1,"featured_media":0,"parent":0,"menu_order":2,"comment_status":"closed","ping_status":"closed","template":"","meta":{"footnotes":""},"class_list":["post-8","page","type-page","status-publish","h-entry","hentry","h-as-page"],"_links":{"self":[{"href":"https:\/\/www.showlink.fi\/shows\/seinajokirn2026\/wp-json\/wp\/v2\/pages\/8","targetHints":{"allow":["GET"]}}],"collection":[{"href":"https:\/\/www.showlink.fi\/shows\/seinajokirn2026\/wp-json\/wp\/v2\/pages"}],"about":[{"href":"https:\/\/www.showlink.fi\/shows\/seinajokirn2026\/wp-json\/wp\/v2\/types\/page"}],"author":[{"embeddable":true,"href":"https:\/\/www.showlink.fi\/shows\/seinajokirn2026\/wp-json\/wp\/v2\/users\/1"}],"replies":[{"embeddable":true,"href":"https:\/\/www.showlink.fi\/shows\/seinajokirn2026\/wp-json\/wp\/v2\/comments?post=8"}],"version-history":[{"count":37,"href":"https:\/\/www.showlink.fi\/shows\/seinajokirn2026\/wp-json\/wp\/v2\/pages\/8\/revisions"}],"predecessor-version":[{"id":334,"href":"https:\/\/www.showlink.fi\/shows\/seinajokirn2026\/wp-json\/wp\/v2\/pages\/8\/revisions\/334"}],"wp:attachment":[{"href":"https:\/\/www.showlink.fi\/shows\/seinajokirn2026\/wp-json\/wp\/v2\/media?parent=8"}],"curies":[{"name":"wp","href":"https:\/\/api.w.org\/{rel}","templated":true}]}}