{"id":178,"date":"2020-05-12T16:12:17","date_gmt":"2020-05-12T13:12:17","guid":{"rendered":"https:\/\/www.showlink.fi\/shows\/suvikarelia2020\/?page_id=178"},"modified":"2026-04-16T09:46:49","modified_gmt":"2026-04-16T06:46:49","slug":"tuomarit-lauantai-kv","status":"publish","type":"page","link":"https:\/\/www.showlink.fi\/shows\/suvikarelia2026\/tuomarit-lauantai-kv\/","title":{"rendered":"Tuomarit \u2013 Lauantai KV 30.5.2026"},"content":{"rendered":"\n<p class=\"has-background\" style=\"background-color:#9ca88885\"><strong>Tiedote 16.4.2026 \u2013 Tuomarimuutos<\/strong><br><strong>Irina Poletaeva<\/strong> on valitettavasti estynyt arvostelemasta n\u00e4yttelyss\u00e4mme. Muutokset h\u00e4nelle merkittyihin rotuihin on merkitty alla oleviin tuomarilistoihin oranssilla.<br><br><strong>Tiedote 19.1.2026 \u2013 Tuomarimuutos<\/strong><br>Tuomarimuutos rodulle <strong>ven\u00e4j\u00e4nbolonka<\/strong>. Ven\u00e4j\u00e4nbolonkat arvostelee Markku Kipin\u00e4n sijasta <strong>Jouko Leivisk\u00e4<\/strong>. Muutos merkitty alla oleviin tuomarilistoihin punaisella.<br><br><strong>P\u00e4ivitys 16.1.2026<\/strong> <strong>\u2013<\/strong> Valitettavasti <strong>Benny Blidh von Schedvin<\/strong>\u00a0on estynyt tulemasta arvostelemaan n\u00e4yttelyymme. H\u00e4nelle merkityt rodut sek\u00e4 loppukilpailuiden ryhm\u00e4n arvostelee <strong><strong>\u00c5ke Cronander, Ruotsi<\/strong><\/strong>. Muutokset merkitty alla oleviin tuomarilistoihin punaisella.<\/p>\n\n\n\n<hr class=\"wp-block-separator has-css-opacity\"\/>\n\n\n\n<p><strong>Ryhm\u00e4 1<\/strong><br>australiankelpie, bouvier <strong>Anneli Pukkila<\/strong><br><mark style=\"background-color:rgba(0, 0, 0, 0)\" class=\"has-inline-color has-vivid-red-color\">australiankarjakoira, australianpaimenkoira, beaucenpaimenkoira \/ beauceron, belgianpaimenkoirat, brienpaimenkoira \/ briardi, lancashirenkarjakoira, partacollie <strong>\u00c5ke Cronander<\/strong>, Ruotsi<\/mark><br><mark style=\"background-color:rgba(0, 0, 0, 0);color:#de7427\" class=\"has-inline-color\">romanianpaimenkoira, saksanpaimenkoirat <strong>Jouko Leivisk\u00e4<\/strong><\/mark><br>welsh corgit <strong>Katja Korhonen<\/strong><br>ardennienkarjakoira, australian t\u00f6p\u00f6h\u00e4nt\u00e4inen karjakoira, bergamonpaimenkoira, bordercollie, ceskoslovensky vlciak, etel\u00e4ven\u00e4j\u00e4nkoira, hollanninpaimenkoirat, it\u00e4euroopanpaimenkoira, karpaattienkoira, katalonianpaimenkoira, komondor, kroatianpaimenkoira, lyhytkarvainen pyreneittenpaimenkoira, mallorcanpaimenkoira, maremmano-abruzzese, medimurjenkoira, mudi, owczarek podhalanski, pieniamerikanpaimenkoira <strong>Markku Kipin\u00e4<\/strong><br>picardienpaimenkoira, pitk\u00e4karvainen collie, pitk\u00e4karvainen pyreneittenpaimenkoira, polski owczarek nizinny, pulit, pumi, saarlooswolfhond, schapendoes, schipperke, serra de airesinpaimenkoira, sile\u00e4karvainen collie <strong>Ricky Lochs-Romans<\/strong>, Alankomaat<br>kuvasz, shetlanninlammaskoira, slovakiancuvac, tsekinpaimenkoira, valkoinenpaimenkoira, vanhaenglanninlammaskoira <strong>Tuire Okkola<\/strong><br><br><strong>Ryhm\u00e4 2<\/strong><br>bullmastiffi, dogo argentino, englanninbulldoggi, entlebuchinpaimenkoira, espanjanmastiffi, estrelanvuoristokoirat, fila brasileiro, hollanninrottakoira, hovawart, isosveitsinpaimenkoira, it\u00e4vallanpinseri, kanariandoggi, kangalinkoira, karstinpaimenkoira, kaukasiankoira, keskiaasiankoira, landseer, leonberginkoira, mallorcandoggi, mastiffi, musta romanianvuoristokoira, napolinmastiffi, newfoundlandinkoira <strong>Birgitta Svarstad<\/strong>, Ruotsi<br>pyreneittenkoira, pyreneittenmastiffi, rottweiler, sao miguelinfila, sarplaninac, shar pei, tanskalais-ruotsalainen pihakoira, tanskandoggit, tiibetinmastiffi, tornjak, tosa, transmontano mastiff, uruguayncimarron, ven\u00e4j\u00e4nmustaterrieri <strong>Hans Almgren<\/strong>, Ruotsi<br>k\u00e4\u00e4pi\u00f6pinseri, k\u00e4\u00e4pi\u00f6snautserti, pinseri, snautserit, suursnautserit <strong>Perttu St\u00e5hlberg<\/strong><br>muut <strong>Jouko Leivisk\u00e4<\/strong><br><br><strong>Ryhm\u00e4 3<\/strong><br>ceskyterrieri, dandiedinmontinterrieri, karkeakarvainen kettuterrieri, sile\u00e4karvainen kettuterrieri <strong>Anita Al-Bachy<\/strong><br>amerikanstaffordshirenterrieri, k\u00e4\u00e4pi\u00f6bullterrieri, staffordshirenbullterrieri <strong>Ann-Christin Johansson<\/strong>, Ruotsi<br>silkkiterrieri, skyenterrieri, walesinterrieri, valkoinen l\u00e4nsiyl\u00e4maanterrieri <strong>Anneli Pukkila<\/strong><br><mark style=\"background-color:rgba(0, 0, 0, 0)\" class=\"has-inline-color has-vivid-red-color\">norfolkinterrieri, norwichinterrieri, parsonrussellinterrieri, saksanmets\u00e4stysterrieri, sealyhaminterrieri, skotlanninterrieri, vehn\u00e4terrieri, yorkshirenterrieri <strong>\u00c5ke Cronander<\/strong>, Ruotsi<\/mark><br><mark style=\"background-color:rgba(0, 0, 0, 0);color:#de7427\" class=\"has-inline-color\">airedalenterrieri, andalusianrottakoira<\/mark>, englannink\u00e4\u00e4pi\u00f6terrieri, glen of imaalinterrieri, irlanninterrieri, japaninterrieri, kerrynterrieri, lakelandinterrieri, manchesterinterrieri <strong>Hans Almgren<\/strong>, Ruotsi<br> amerikankarvatonterrieri, amerikank\u00e4\u00e4pi\u00f6kettuterrieri, amerikanrottaterrieri, australianterrieri, <strong>Ricky Lochs-Romans<\/strong>, Alankomaat<br><mark style=\"background-color:rgba(0, 0, 0, 0);color:#de7427\" class=\"has-inline-color\">bedlingtoninterrieri, biewerterrieri, borderterrieri, brasilianterrieri, bullterrieri, cairnterrieri <strong><strong>Perttu St\u00e5hlberg<\/strong><\/strong><\/mark><br>jackrussellinterrieri <strong>Jari Partanen<\/strong>, Norja<br>tenterfieldinterrieri, valencianrottaterrieri <strong>Markku Kipin\u00e4<\/strong><br><br><strong>Ryhm\u00e4 4<\/strong><br>kaikki rodut <strong>Anita Al-Bachy<\/strong><br><br><strong>Ryhm\u00e4 5<\/strong><br>etnankoira, eurasier, faaraokoira, gr\u00f6nlanninkoira, h\u00e4lleforsinkoira, thai ridgeback, thaimaanpystykorva, volpino italiano <strong>Ann-Christin Johansson<\/strong>, Ruotsi<br>perunkarvatonkoirat, portugalinpodengot, siperianhusky, taiwaninkoira, tanskanpystykorva <strong>Anneli Pukkila<\/strong><br>amerikanakita, harmaa norjanhirvikoira, karjalankarhukoira, musta norjanhirvikoira, samojedinkoira <strong>Emma Piril\u00e4<\/strong><br>akita <strong>Hans Almgren<\/strong>, Ruotsi<br><mark style=\"background-color:rgba(0, 0, 0, 0);color:#de7427\" class=\"has-inline-color\">alaskanmalamuutti, chow chow, j\u00e4mtlanninpystykorva, kaanaankoira, kainkoira, kanadaneskimokoira, kintamani-balinkoira, kishunkoira, koreanjindonkoira, lunnikoira, l\u00e4nsig\u00f6\u00f6tanmaanpystykorva, meksikonkarvatonkoirat, musta tanskanpystykorva <strong>Sari Holopainen<\/strong><\/mark><br>islanninlammaskoira, grosspitzit, keeshond, kleinspitzit, mittelspitzit, pomeranian <strong>Jari Partanen<\/strong>, Norja<br>american eskimo dog, basenji, buhund, shiba, shikokunkoira, valkoinen ruotsinhirvikoira <strong>Ricky Lochs-Romans<\/strong>, Alankomaat<br>it\u00e4siperianlaika, jakutianlaika, lapinporokoira, l\u00e4nsisiperianlaika, pohjanpystykorva, ruotsinlapinkoira, suomenlapinkoira, suomenpystykorva, ven\u00e4l\u00e4is-eurooppalainen laika <strong>Tiina Eskelinen<\/strong><br>hokkaidonkoira, ibizanpodencot, japaninpystykorva, kanarianpodenco <strong>Tuire Okkola<\/strong><br><br><strong>Ryhm\u00e4 6<\/strong><br>suomenajokoira <strong>Emma Piril\u00e4<\/strong><br>rhodesiankoira <strong>Katja Korhonen<\/strong><br>beagle, dalmatiankoira, dreeveri <strong>Maarit Hassinen<\/strong><br>amerikankettukoira, baijerinvuoristovihikoira, basset art\u00e9sien normand, basset hound, vihikoira <strong>Markku Kipin\u00e4<\/strong><br>muut <strong>Luis Gorjao-Henriques<\/strong>, Portugali<br><br><strong>Ryhm\u00e4 7<\/strong><br>ariegenseisoja, auvergnenseisoja, bourbonnaisinseisoja, burgosinseisoja, harjaskarvainen saksanseisoja, hollanninpeltopyykoira, isom\u00fcnsterinseisoja, italianseisoja, karkeakarvainen slovakianseisoja, korthalsingriffoni, picardienspanieli, pienim\u00fcnsterinseisoja, pitk\u00e4karvainen saksanseisoja, pont-audemerinspanieli, portugalinseisoja, punavalkoinen irlanninsetteri, ranskanseisoja, gascognelaistyyppi, ranskanseisoja, pyrenel\u00e4istyyppi, ranskanspanieli, saintgermaininseisoja, saint-usugenspanieli, sininenpicardienspanieli, tsekinseisoja, vanhatanskankanakoira, weimarinseisoja, lyhytkarvainen, weimarinseisoja, pitk\u00e4karvainen, villakoirapointteri <strong>Anneli Pukkila<\/strong><br>muut <strong>Pekka Teini<\/strong><br><br><strong>Ryhm\u00e4 8<\/strong><br>amerikanvesispanieli, cockerspanieli, englanninspringerspanieli, espanjanvesikoira, fieldspanieli, kooikerhondje, lagotto romagnolo, portugalinvesikoira, puolanmets\u00e4stysspanieli, walesinspringerspanieli, ven\u00e4j\u00e4nspanieli <strong>Ann-Christin Johansson<\/strong>, Ruotsi<br>clumberinspanieli, friisinvesikoira, irlanninvesispanieli, sussexinspanieli <strong>Anneli Pukkila<\/strong><br>chesapeakelahdennoutaja, kiharakarvainen noutaja, sile\u00e4karvainen noutaja <strong>Luis Gorjao-Henriques<\/strong>, Portugali<br>amerikancockerspanieli, barbet, viiri\u00e4iskoira <strong>Maarit Hassinen<\/strong><br>kultainennoutaja, labradorinnoutaja, novascotiannoutaja <strong>Sven Slettedal<\/strong>, Norja<br><br><strong>Ryhm\u00e4 9<\/strong><br><em>Varalla kaikille ryhm\u00e4 9 roduille <strong>Markku Kipin\u00e4<\/strong><\/em><br>griffon belge, griffon bruxellois, papillon, petit brabancon, phal\u00e8ne <strong>Ann-Christin Johansson<\/strong>, Ruotsi<br><mark style=\"background-color:rgba(0, 0, 0, 0);color:#de7427\" class=\"has-inline-color\">coton de tul\u00e9ar, prahanrottakoira, ranskanbulldoggi <strong>Markku Kipin\u00e4<\/strong><\/mark><br>havannankoira, japanese chin, kiinanharjakoira, <mark style=\"background-color:rgba(0, 0, 0, 0)\" class=\"has-inline-color has-vivid-red-color\">ven\u00e4j\u00e4nbolonka<\/mark> <strong>Jouko Leivisk\u00e4<\/strong><br>tiibetinspanieli <strong>Luis Gorjao-Henriques<\/strong>, Portugali<br>bolognese, bostoninterrieri, cavalier kingcharlesinspanieli, ven\u00e4j\u00e4ntoyt <strong>Markku Kipin\u00e4<\/strong><br>kromfohrl\u00e4nder, lhasa apso, l\u00f6wchen, maltankoira, markiesje, mopsi, shih tzu, tiibetinterrieri <strong>Ricky Lochs-Romans<\/strong>, Alankomaat<br>bichon fris\u00e9, kiinanpalatsikoira\/pekingeesi, kingcharlesinspanieli <strong>Tomas Rohlin<\/strong>, Tanska<br>chihuahuat, villakoirat <strong>Toni Saira<\/strong><br><br><strong>Ryhm\u00e4 10<\/strong><br>irlanninsusikoira, italianvinttikoira, puolanvinttikoira, skotlanninhirvikoira, sloughi, tazi <strong>Pekka Teini<\/strong><br>muut <strong>Tomas Rohlin<\/strong>, Tanska<\/p>\n\n\n\n<p>Junior Handler <strong>Katja Korhonen<\/strong><\/p>\n\n\n\n<p><strong>Ryhm\u00e4kilpailut<\/strong><br><mark style=\"background-color:rgba(0, 0, 0, 0)\" class=\"has-inline-color has-vivid-red-color\">1 <strong><strong>\u00c5ke Cronander<\/strong><\/strong><\/mark><br>2 <strong>Hans Almgren<\/strong><br>3 <strong>Ricky Lochs-Romans<\/strong><br>4 <strong>Anita Al-Bachy<\/strong><br>5 <strong>Jari Partanen<\/strong><br>6 <strong>Ann-Christin Johansson<\/strong><br>7 <strong>Pekka Teini<\/strong><br>8 <strong>Luis Gorjao-Henriques<\/strong><br>9 <strong>Markku Kipin\u00e4<\/strong><br>10 <strong>Tomas Rohlin<\/strong><\/p>\n\n\n\n<p>Paras veteraani <strong>Jouko Leivisk\u00e4<\/strong><br>Paras kasvattajaryhm\u00e4 <strong>Markku Kipin\u00e4<\/strong><br>Best in Show <strong>Tuire Okkola<\/strong><\/p>\n","protected":false},"excerpt":{"rendered":"<p>Tiedote 16.4.2026 \u2013 TuomarimuutosIrina Poletaeva on valitettavasti estynyt arvostelemasta n\u00e4yttelyss\u00e4mme. Muutokset h\u00e4nelle merkittyihin rotuihin on merkitty alla oleviin tuomarilistoihin oranssilla. Tiedote 19.1.2026 \u2013 TuomarimuutosTuomarimuutos rodulle ven\u00e4j\u00e4nbolonka. Ven\u00e4j\u00e4nbolonkat arvostelee Markku Kipin\u00e4n sijasta Jouko Leivisk\u00e4. Muutos merkitty alla oleviin tuomarilistoihin punaisella. P\u00e4ivitys 16.1.2026 \u2013 Valitettavasti Benny Blidh von Schedvin\u00a0on estynyt tulemasta arvostelemaan n\u00e4yttelyymme. H\u00e4nelle merkityt rodut sek\u00e4&hellip; <a href=\"https:\/\/www.showlink.fi\/shows\/suvikarelia2026\/tuomarit-lauantai-kv\/\" class=\"more-link\">Jatka lukemista <span class=\"screen-reader-text\">Tuomarit \u2013 Lauantai KV 30.5.2026<\/span><\/a><\/p>\n","protected":false},"author":1,"featured_media":0,"parent":0,"menu_order":2,"comment_status":"closed","ping_status":"closed","template":"","meta":{"footnotes":""},"class_list":["post-178","page","type-page","status-publish","hentry","without-featured-image"],"_links":{"self":[{"href":"https:\/\/www.showlink.fi\/shows\/suvikarelia2026\/wp-json\/wp\/v2\/pages\/178","targetHints":{"allow":["GET"]}}],"collection":[{"href":"https:\/\/www.showlink.fi\/shows\/suvikarelia2026\/wp-json\/wp\/v2\/pages"}],"about":[{"href":"https:\/\/www.showlink.fi\/shows\/suvikarelia2026\/wp-json\/wp\/v2\/types\/page"}],"author":[{"embeddable":true,"href":"https:\/\/www.showlink.fi\/shows\/suvikarelia2026\/wp-json\/wp\/v2\/users\/1"}],"replies":[{"embeddable":true,"href":"https:\/\/www.showlink.fi\/shows\/suvikarelia2026\/wp-json\/wp\/v2\/comments?post=178"}],"version-history":[{"count":42,"href":"https:\/\/www.showlink.fi\/shows\/suvikarelia2026\/wp-json\/wp\/v2\/pages\/178\/revisions"}],"predecessor-version":[{"id":851,"href":"https:\/\/www.showlink.fi\/shows\/suvikarelia2026\/wp-json\/wp\/v2\/pages\/178\/revisions\/851"}],"wp:attachment":[{"href":"https:\/\/www.showlink.fi\/shows\/suvikarelia2026\/wp-json\/wp\/v2\/media?parent=178"}],"curies":[{"name":"wp","href":"https:\/\/api.w.org\/{rel}","templated":true}]}}