{"id":181,"date":"2020-05-12T16:12:57","date_gmt":"2020-05-12T13:12:57","guid":{"rendered":"https:\/\/www.showlink.fi\/shows\/suvikarelia2020\/?page_id=181"},"modified":"2026-04-16T09:46:58","modified_gmt":"2026-04-16T06:46:58","slug":"tuomarit-sunnuntai-kr","status":"publish","type":"page","link":"https:\/\/www.showlink.fi\/shows\/suvikarelia2026\/tuomarit-sunnuntai-kr\/","title":{"rendered":"Tuomarit \u2013 Sunnuntai KR 31.5.2026"},"content":{"rendered":"\n<p class=\"has-background\" style=\"background-color:#9ca88885\"><strong>Tiedote 16.4.2026 \u2013 Tuomarimuutos<\/strong><br><strong>Irina Poletaeva<\/strong>\u00a0on valitettavasti estynyt arvostelemasta n\u00e4yttelyss\u00e4mme. Muutokset h\u00e4nelle merkittyihin rotuihin ja kilpailuihin on merkitty alla oleviin tuomarilistoihin oranssilla.<br><br><strong>Tiedote 16.1.2026 \u2013 Tuomarimuutos<\/strong><br>Valitettavasti <strong>Benny Blidh von Schedvin<\/strong>\u00a0on estynyt tulemasta arvostelemaan n\u00e4yttelyymme. H\u00e4nelle merkityt rodut arvostelee <strong><strong>\u00c5ke Cronander, Ruotsi<\/strong><\/strong>. Muutokset merkitty alla oleviin tuomarilistoihin punaisella.<\/p>\n\n\n\n<hr class=\"wp-block-separator has-css-opacity\"\/>\n\n\n\n<p><strong>Ryhm\u00e4 1<\/strong><br><mark style=\"background-color:rgba(0, 0, 0, 0)\" class=\"has-inline-color has-vivid-red-color\">ardennienkarjakoira, australian t\u00f6p\u00f6h\u00e4nt\u00e4inen karjakoira, australiankelpie, bergamonpaimenkoira, etel\u00e4ven\u00e4j\u00e4nkoira, hollanninpaimenkoirat, it\u00e4euroopanpaimenkoira, karpaattienkoira, katalonianpaimenkoira, kroatianpaimenkoira, lyhytkarvainen pyreneittenpaimenkoira, mallorcanpaimenkoira, maremmano-abruzzese, medimurjenkoira, mudi, owczarek podhalanski, picardienpaimenkoira, pieniamerikanpaimenkoira, pitk\u00e4karvainen pyreneittenpaimenkoira, polski owczarek nizinny, tsekinpaimenkoira <strong>\u00c5ke Cronander<\/strong>, Ruotsi<\/mark><br>australiankarjakoira, australianpaimenkoira, beaucenpaimenkoira \/ beauceron, belgianpaimenkoirat, brienpaimenkoira \/ briardi, lancashirenkarjakoira <strong>Jouko Leivisk\u00e4<\/strong><br>bordercollie, komondor, kuvasz, pitk\u00e4karvainen collie, pulit, pumi, sile\u00e4karvainen collie, slovakiancuvac <strong>Maarit Hassinen<\/strong><br>partacollie, schapendoes, schipperke, shetlanninlammaskoira, valkoinenpaimenkoira, vanhaenglanninlammaskoira <strong>Tomas Rohlin<\/strong>, Tanska<br>bouvier, ceskoslovensky vlciak, romanianpaimenkoira, saarlooswolfhond, saksanpaimenkoirat, serra de airesinpaimenkoira, welsh corgit <strong>Tuire Okkola<\/strong><br><br><strong>Ryhm\u00e4 2<\/strong><br><mark style=\"background-color:rgba(0, 0, 0, 0)\" class=\"has-inline-color has-vivid-red-color\">aidi, alentejonkoira, apinapinseri, appenzellinpaimenkoira, bernhardinkoirat, berninpaimenkoira, bokseri, bordeauxindoggi, broholminkoira, bukovinankoira <strong>\u00c5ke Cronander<\/strong>, Ruotsi<\/mark><br>k\u00e4\u00e4pi\u00f6pinseri, k\u00e4\u00e4pi\u00f6snautserit, pinseri, shar pei, snautserit, suursnautserit, tanskalais-ruotsalainen pihakoira <strong>Birgitta Svarstad<\/strong>, Ruotsi<br>bullmastiffi, espanjanmastiffi, estrelanvuoristokoirat, landseer, leonberginkoira, mallorcandoggi, mastiffi, napolinmastiffi <strong>Jouko Leivisk\u00e4<\/strong><br>muut <strong>Ricky Lochs-Romans<\/strong>, Alankomaat<br><br><strong>Ryhm\u00e4 3<\/strong><br>andalusianrottakoira <strong>Anita Al-Bachy<\/strong><br>amerikanstaffordshirenterrieri, jackrussellinterrieri, parsonrussellinterrieri, silkkiterrieri, skotlanninterrieri, tenterfieldinterrieri, valkoinen l\u00e4nsiyl\u00e4maanterrieri, yorkshirenterrieri <strong>Hans Almgren<\/strong>, Ruotsi<br>airedalenterrieri, amerikankarvatonterrieri, amerikank\u00e4\u00e4pi\u00f6kettuterrieri, amerikanrottaterrieri, biewerterrieri, brasilianterrieri <strong>Luis Gorjao-Henriques<\/strong>, Portugali<br>australianterrieri, bedlingtoninterrieri, ceskyterrieri, dandiedinmontinterrieri, englannink\u00e4\u00e4pi\u00f6terrieri, glen of imaalinterrieri, irlanninterrieri, japaninterrieri, karkeakarvainen kettuterrieri, kerrynterrieri, k\u00e4\u00e4pi\u00f6bullterrieri, lakelandinterrieri, manchesterinterrieri, norfolkinterrieri, norwichinterrieri, saksanmets\u00e4stysterrieri, sealyhaminterrieri, sile\u00e4karvainen kettuterrieri, skyenterrieri, walesinterrieri, vehn\u00e4terrieri <strong>Markku Kipin\u00e4<\/strong><br>staffordshirenbullterrieri, valencianrottaterrieri <strong>Ricky Lochs-Romans<\/strong>, Alankomaat<br>borderterrieri, bullterrieri, cairnterrieri <strong>Tuire Okkola<\/strong><br><br><strong>Ryhm\u00e4 4<\/strong><br>kaikki rodut <strong>Katja Korhonen<\/strong><br><br><strong>Ryhm\u00e4 5<\/strong><br>j\u00e4mtlanninpystykorva <strong>Hans Almgren<\/strong>, Ruotsi<br><mark style=\"background-color:rgba(0, 0, 0, 0);color:#de7427\" class=\"has-inline-color\">akita, american eskimo dog, amerikanakita, basenji, buhund, etnankoira, eurasier, faaraokoira, gr\u00f6nlanninkoira, harmaa norjanhirvikoira, hokkaidonkoira, h\u00e4lleforsinkoira, ibizanpodencot, islanninlammaskoira, japaninpystykorva <strong>Sari Holopainen<\/strong><\/mark><br>kanarianpodenco, kintamani-balinkoira, kishunkoira, koreanjindonkoira, lapinporokoira, lunnikoira, l\u00e4nsig\u00f6\u00f6tanmaanpystykorva, meksikonkarvatonkoirat, perunkarvatonkoirat, portugalinpodengot, ruotsinlapinkoira, shiba, shikokunkoira, siperianhusky, suomenlapinkoira, taiwaninkoira, tanskanpystykorva, thai ridgeback, thaimaanpystykorva <strong>Jari Partanen<\/strong>, Norja<br>jakutianlaika, kaanaankoira, kainkoira, kanadaneskimokoira <strong>Jouko Leivisk\u00e4<\/strong><br>grosspitzit, keeshond, kleinspitzit, mittelspitzit, pomeranian, samojedinkoira, volpino italiano <strong>Luis Gorjao-Henriques<\/strong>, Portugali<br>karjalankarhukoira <strong>Markku Kipin\u00e4<\/strong><br>alaskanmalamuutti, chow chow <strong>Ricky Lochs-Romans<\/strong>, Alankomaat<br>it\u00e4siperianlaika, l\u00e4nsisiperianlaika, musta norjanhirvikoira, musta tanskanpystykorva, pohjanpystykorva, suomenpystykorva, valkoinen ruotsinhirvikoira, ven\u00e4l\u00e4is-eurooppalainen laika <strong>Tuire Okkola<\/strong><br><br><strong>Ryhm\u00e4 6<\/strong><br>rhodesiankoira <strong>Hans Almgren<\/strong>, Ruotsi<br>dalmatiankoira, suomenajokoira <strong>Pekka Teini<\/strong><br>muut <strong>Perttu St\u00e5hlberg<\/strong><br><br><strong>Ryhm\u00e4 7<\/strong><br>bretoni, karkeakarvainen saksanseisoja, lyhytkarvainen unkarinvizsla, pienim\u00fcnsterinseisoja, pitk\u00e4karvainen saksanseisoja <strong>Tiina Eskelinen<\/strong><br>muut <strong>Marjo Jaakkola<\/strong><br><br><strong>Ryhm\u00e4 8<\/strong><br>clumberinspanieli, novascotiannoutaja, sussexinspanieli, viiri\u00e4iskoira <strong>Marjo Jaakkola<\/strong><br>amerikancockerspanieli, chesapeakelahdennoutaja, cockerspanieli, englanninspringerspanieli, kiharakarvainen noutaja, sile\u00e4karvainen noutaja, walesinspringerspanieli <strong>Sven Slettedal<\/strong>, Norja<br>friisinvesikoira, kultainennoutaja, labradorinnoutaja <strong>Tiina Eskelinen<\/strong><br>muut <strong>Katja Korhonen<\/strong><br><br><strong>Ryhm\u00e4 9<\/strong><br>tiibetinterrieri, villakoirat <strong>Anita Al-Bachy<\/strong><br>cavalier kingcharlesinspanieli, chihuahuat, shih tzu, tiibetinspanieli <strong>Anneli Pukkila<\/strong><br><mark style=\"background-color:rgba(0, 0, 0, 0);color:#de7427\" class=\"has-inline-color\">havannankoira, japanese chin, kiinanpalatsikoira\/pekingeesi, kingcharlesinspanieli, kromfohrl\u00e4nder, lhasa apso, l\u00f6wchen, markiesje, mopsi, papillon, phal\u00e8ne<strong> Toni Saira<\/strong><\/mark><br><mark style=\"background-color:rgba(0, 0, 0, 0);color:#de7427\" class=\"has-inline-color\">maltankoira<\/mark>, ranskanbulldoggi, <mark style=\"background-color:rgba(0, 0, 0, 0);color:#de7427\" class=\"has-inline-color\">ven\u00e4j\u00e4nbolonka, ven\u00e4j\u00e4ntoyt <\/mark><strong>Luis Gorjao-Henriques<\/strong>, Portugali<br>bichon fris\u00e9, kiinanharjakoira <strong>Ricky Lochs-Romans<\/strong>, Alankomaat<br>bolognese, bostoninterrieri, coton de tul\u00e9ar, griffon belge, griffon bruxellois, petit brabancon, prahanrottakoira <strong>Tomas Rohlin<\/strong>, Tanska<br><br><strong>Ryhm\u00e4 10<\/strong><br>azawakh, sloughi, tazi, whippet <strong>Jari Partanen<\/strong>, Norja<br>saluki <strong>Katja Korhonen<\/strong><br>muut <strong>Ann-Christin Johansson<\/strong>, Ruotsi<\/p>\n\n\n\n<p>Junior Handler <strong>Sari Palm<\/strong><\/p>\n\n\n\n<p><strong>Ryhm\u00e4kilpailut<\/strong><br>1 <strong>Hans Almgren<\/strong><br>2 <strong>Birgitta Svarstad<\/strong><br>3 <strong>Tuire Okkola<\/strong><br>4 <strong>Katja Korhonen<\/strong><br><mark style=\"background-color:rgba(0, 0, 0, 0);color:#de7427\" class=\"has-inline-color\">5 <strong>Sari Holopainen<\/strong><\/mark><br>6 <strong>Perttu St\u00e5hlberg<\/strong><br>7 <strong>Marjo Jaakola<\/strong><br>8 <strong>Sven Slettedal<\/strong><br>9 <strong>Ricky Lochs-Romans<\/strong><br>10 <strong>Ann-Christin Johansson<\/strong><br><br>Paras veteraani <strong>Ann-Christin Johansson<\/strong><br>Paras kasvattajaryhm\u00e4 <strong>Jari Partanen<\/strong><br>Best in Show<strong>Tomas Rohlin<\/strong><\/p>\n","protected":false},"excerpt":{"rendered":"<p>Tiedote 16.4.2026 \u2013 TuomarimuutosIrina Poletaeva\u00a0on valitettavasti estynyt arvostelemasta n\u00e4yttelyss\u00e4mme. Muutokset h\u00e4nelle merkittyihin rotuihin ja kilpailuihin on merkitty alla oleviin tuomarilistoihin oranssilla. Tiedote 16.1.2026 \u2013 TuomarimuutosValitettavasti Benny Blidh von Schedvin\u00a0on estynyt tulemasta arvostelemaan n\u00e4yttelyymme. H\u00e4nelle merkityt rodut arvostelee \u00c5ke Cronander, Ruotsi. Muutokset merkitty alla oleviin tuomarilistoihin punaisella. Ryhm\u00e4 1ardennienkarjakoira, australian t\u00f6p\u00f6h\u00e4nt\u00e4inen karjakoira, australiankelpie, bergamonpaimenkoira, etel\u00e4ven\u00e4j\u00e4nkoira, hollanninpaimenkoirat,&hellip; <a href=\"https:\/\/www.showlink.fi\/shows\/suvikarelia2026\/tuomarit-sunnuntai-kr\/\" class=\"more-link\">Jatka lukemista <span class=\"screen-reader-text\">Tuomarit \u2013 Sunnuntai KR 31.5.2026<\/span><\/a><\/p>\n","protected":false},"author":1,"featured_media":0,"parent":0,"menu_order":4,"comment_status":"closed","ping_status":"closed","template":"","meta":{"footnotes":""},"class_list":["post-181","page","type-page","status-publish","hentry","without-featured-image"],"_links":{"self":[{"href":"https:\/\/www.showlink.fi\/shows\/suvikarelia2026\/wp-json\/wp\/v2\/pages\/181","targetHints":{"allow":["GET"]}}],"collection":[{"href":"https:\/\/www.showlink.fi\/shows\/suvikarelia2026\/wp-json\/wp\/v2\/pages"}],"about":[{"href":"https:\/\/www.showlink.fi\/shows\/suvikarelia2026\/wp-json\/wp\/v2\/types\/page"}],"author":[{"embeddable":true,"href":"https:\/\/www.showlink.fi\/shows\/suvikarelia2026\/wp-json\/wp\/v2\/users\/1"}],"replies":[{"embeddable":true,"href":"https:\/\/www.showlink.fi\/shows\/suvikarelia2026\/wp-json\/wp\/v2\/comments?post=181"}],"version-history":[{"count":36,"href":"https:\/\/www.showlink.fi\/shows\/suvikarelia2026\/wp-json\/wp\/v2\/pages\/181\/revisions"}],"predecessor-version":[{"id":846,"href":"https:\/\/www.showlink.fi\/shows\/suvikarelia2026\/wp-json\/wp\/v2\/pages\/181\/revisions\/846"}],"wp:attachment":[{"href":"https:\/\/www.showlink.fi\/shows\/suvikarelia2026\/wp-json\/wp\/v2\/media?parent=181"}],"curies":[{"name":"wp","href":"https:\/\/api.w.org\/{rel}","templated":true}]}}