{"id":38,"date":"2019-06-07T09:15:47","date_gmt":"2019-06-07T06:15:47","guid":{"rendered":"http:\/\/www.showlink.fi\/shows\/suvikarelia2020-malli\/?page_id=38"},"modified":"2025-08-19T11:05:07","modified_gmt":"2025-08-19T08:05:07","slug":"tulokset","status":"publish","type":"page","link":"https:\/\/www.showlink.fi\/shows\/suvikarelia2026\/tulokset\/","title":{"rendered":"Tulokset"},"content":{"rendered":"\n<hr class=\"wp-block-separator has-css-opacity\"\/>\n\n\n\n<p>N\u00e4yttelymme tulokset julkaistaan n\u00e4yttelyp\u00e4iv\u00e4n aikana.<br><\/p>\n\n\n\n<p><strong>Lauantaina 30.5. kansainv\u00e4linen koiran\u00e4yttely.<\/strong><\/p>\n\n\n\n<p><strong>\u00bb <mark style=\"background-color:rgba(0, 0, 0, 0);color:#58693c\" class=\"has-inline-color\">Siirry n\u00e4yttelyn tuloksiin<\/mark><\/strong><\/p>\n\n\n\n<hr class=\"wp-block-separator has-text-color has-white-color has-alpha-channel-opacity has-white-background-color has-background\"\/>\n\n\n\n<p><strong>Sunnuntaina 31.5. kansallinen koiran\u00e4yttely.<\/strong><\/p>\n\n\n\n<p><strong>\u00bb <mark style=\"background-color:rgba(0, 0, 0, 0);color:#58693c\" class=\"has-inline-color\">Siirry n\u00e4yttelyn tuloksiin<\/mark><\/strong><\/p>\n\n\n\n<hr class=\"wp-block-separator has-css-opacity\"\/>\n","protected":false},"excerpt":{"rendered":"<p>N\u00e4yttelymme tulokset julkaistaan n\u00e4yttelyp\u00e4iv\u00e4n aikana. Lauantaina 30.5. kansainv\u00e4linen koiran\u00e4yttely. \u00bb Siirry n\u00e4yttelyn tuloksiin Sunnuntaina 31.5. kansallinen koiran\u00e4yttely. \u00bb Siirry n\u00e4yttelyn tuloksiin<\/p>\n","protected":false},"author":1,"featured_media":0,"parent":0,"menu_order":7,"comment_status":"closed","ping_status":"closed","template":"","meta":{"footnotes":""},"class_list":["post-38","page","type-page","status-publish","hentry","without-featured-image"],"_links":{"self":[{"href":"https:\/\/www.showlink.fi\/shows\/suvikarelia2026\/wp-json\/wp\/v2\/pages\/38","targetHints":{"allow":["GET"]}}],"collection":[{"href":"https:\/\/www.showlink.fi\/shows\/suvikarelia2026\/wp-json\/wp\/v2\/pages"}],"about":[{"href":"https:\/\/www.showlink.fi\/shows\/suvikarelia2026\/wp-json\/wp\/v2\/types\/page"}],"author":[{"embeddable":true,"href":"https:\/\/www.showlink.fi\/shows\/suvikarelia2026\/wp-json\/wp\/v2\/users\/1"}],"replies":[{"embeddable":true,"href":"https:\/\/www.showlink.fi\/shows\/suvikarelia2026\/wp-json\/wp\/v2\/comments?post=38"}],"version-history":[{"count":11,"href":"https:\/\/www.showlink.fi\/shows\/suvikarelia2026\/wp-json\/wp\/v2\/pages\/38\/revisions"}],"predecessor-version":[{"id":685,"href":"https:\/\/www.showlink.fi\/shows\/suvikarelia2026\/wp-json\/wp\/v2\/pages\/38\/revisions\/685"}],"wp:attachment":[{"href":"https:\/\/www.showlink.fi\/shows\/suvikarelia2026\/wp-json\/wp\/v2\/media?parent=38"}],"curies":[{"name":"wp","href":"https:\/\/api.w.org\/{rel}","templated":true}]}}