{"id":444,"date":"2023-12-08T12:27:34","date_gmt":"2023-12-08T10:27:34","guid":{"rendered":"https:\/\/www.showlink.fi\/shows\/suvikarelia2024\/?page_id=444"},"modified":"2026-02-06T11:32:43","modified_gmt":"2026-02-06T09:32:43","slug":"tuomaritiedot","status":"publish","type":"page","link":"https:\/\/www.showlink.fi\/shows\/suvikarelia2026\/tuomaritiedot\/","title":{"rendered":"Tuomaritiedot"},"content":{"rendered":"\n<hr class=\"wp-block-separator has-css-opacity\"\/>\n\n\n\n<p><strong><a href=\"https:\/\/www.showlink.fi\/shows\/suvikarelia2026\/tuomarit-lauantai-kv\/\"><mark style=\"background-color:rgba(0, 0, 0, 0);color:#58693c\" class=\"has-inline-color\">Tuomarilista<\/mark><\/a> <\/strong>&#8211; lauantai 30.5. &#8211; kansainv\u00e4linen n\u00e4yttely<\/p>\n\n\n\n<p><strong><a href=\"https:\/\/www.showlink.fi\/shows\/suvikarelia2026\/tuomarit-sunnuntai-kr\/\"><mark style=\"background-color:rgba(0, 0, 0, 0);color:#58693c\" class=\"has-inline-color\">Tuomarilista<\/mark><\/a> <\/strong>&#8211; sunnuntai 31.5. &#8211; kaikkien rotujen kansallinen n\u00e4yttely<\/p>\n\n\n\n<p><\/p>\n","protected":false},"excerpt":{"rendered":"<p>Tuomarilista &#8211; lauantai 30.5. &#8211; kansainv\u00e4linen n\u00e4yttely Tuomarilista &#8211; sunnuntai 31.5. &#8211; kaikkien rotujen kansallinen n\u00e4yttely<\/p>\n","protected":false},"author":1,"featured_media":0,"parent":0,"menu_order":0,"comment_status":"closed","ping_status":"closed","template":"","meta":{"footnotes":""},"class_list":["post-444","page","type-page","status-publish","hentry","without-featured-image"],"_links":{"self":[{"href":"https:\/\/www.showlink.fi\/shows\/suvikarelia2026\/wp-json\/wp\/v2\/pages\/444","targetHints":{"allow":["GET"]}}],"collection":[{"href":"https:\/\/www.showlink.fi\/shows\/suvikarelia2026\/wp-json\/wp\/v2\/pages"}],"about":[{"href":"https:\/\/www.showlink.fi\/shows\/suvikarelia2026\/wp-json\/wp\/v2\/types\/page"}],"author":[{"embeddable":true,"href":"https:\/\/www.showlink.fi\/shows\/suvikarelia2026\/wp-json\/wp\/v2\/users\/1"}],"replies":[{"embeddable":true,"href":"https:\/\/www.showlink.fi\/shows\/suvikarelia2026\/wp-json\/wp\/v2\/comments?post=444"}],"version-history":[{"count":12,"href":"https:\/\/www.showlink.fi\/shows\/suvikarelia2026\/wp-json\/wp\/v2\/pages\/444\/revisions"}],"predecessor-version":[{"id":822,"href":"https:\/\/www.showlink.fi\/shows\/suvikarelia2026\/wp-json\/wp\/v2\/pages\/444\/revisions\/822"}],"wp:attachment":[{"href":"https:\/\/www.showlink.fi\/shows\/suvikarelia2026\/wp-json\/wp\/v2\/media?parent=444"}],"curies":[{"name":"wp","href":"https:\/\/api.w.org\/{rel}","templated":true}]}}