{"id":604,"date":"2024-05-14T13:21:06","date_gmt":"2024-05-14T10:21:06","guid":{"rendered":"https:\/\/www.showlink.fi\/shows\/suvikarelia2024\/?page_id=604"},"modified":"2025-08-19T11:06:05","modified_gmt":"2025-08-19T08:06:05","slug":"aikataulut-lauantai-kv-25-5-2024","status":"publish","type":"page","link":"https:\/\/www.showlink.fi\/shows\/suvikarelia2026\/aikataulut\/aikataulut-lauantai-kv-25-5-2024\/","title":{"rendered":"Aikataulut \u2013 Lauantai KV 30.5.2026"},"content":{"rendered":"\n<hr class=\"wp-block-separator has-css-opacity\"\/>\n\n\n\n<p><em>Aikataulut julkaistaan noin viikkoa ennen n\u00e4yttely\u00e4.<\/em><\/p>\n\n\n\n<p><strong>Numerolappu ja aikataulukirje toimitetaan n\u00e4ytteilleasettajille&nbsp;ainoastaan s\u00e4hk\u00f6isesti.<br><\/strong>N\u00e4yttelypostia&nbsp;ei l\u00e4hetet\u00e4 postitse.<\/p>\n\n\n\n<hr class=\"wp-block-separator has-css-opacity\"\/>\n\n\n\n<p><\/p>\n","protected":false},"excerpt":{"rendered":"<p>Aikataulut julkaistaan noin viikkoa ennen n\u00e4yttely\u00e4. Numerolappu ja aikataulukirje toimitetaan n\u00e4ytteilleasettajille&nbsp;ainoastaan s\u00e4hk\u00f6isesti.N\u00e4yttelypostia&nbsp;ei l\u00e4hetet\u00e4 postitse.<\/p>\n","protected":false},"author":1,"featured_media":0,"parent":36,"menu_order":1,"comment_status":"closed","ping_status":"closed","template":"","meta":{"footnotes":""},"class_list":["post-604","page","type-page","status-publish","hentry","without-featured-image"],"_links":{"self":[{"href":"https:\/\/www.showlink.fi\/shows\/suvikarelia2026\/wp-json\/wp\/v2\/pages\/604","targetHints":{"allow":["GET"]}}],"collection":[{"href":"https:\/\/www.showlink.fi\/shows\/suvikarelia2026\/wp-json\/wp\/v2\/pages"}],"about":[{"href":"https:\/\/www.showlink.fi\/shows\/suvikarelia2026\/wp-json\/wp\/v2\/types\/page"}],"author":[{"embeddable":true,"href":"https:\/\/www.showlink.fi\/shows\/suvikarelia2026\/wp-json\/wp\/v2\/users\/1"}],"replies":[{"embeddable":true,"href":"https:\/\/www.showlink.fi\/shows\/suvikarelia2026\/wp-json\/wp\/v2\/comments?post=604"}],"version-history":[{"count":7,"href":"https:\/\/www.showlink.fi\/shows\/suvikarelia2026\/wp-json\/wp\/v2\/pages\/604\/revisions"}],"predecessor-version":[{"id":688,"href":"https:\/\/www.showlink.fi\/shows\/suvikarelia2026\/wp-json\/wp\/v2\/pages\/604\/revisions\/688"}],"up":[{"embeddable":true,"href":"https:\/\/www.showlink.fi\/shows\/suvikarelia2026\/wp-json\/wp\/v2\/pages\/36"}],"wp:attachment":[{"href":"https:\/\/www.showlink.fi\/shows\/suvikarelia2026\/wp-json\/wp\/v2\/media?parent=604"}],"curies":[{"name":"wp","href":"https:\/\/api.w.org\/{rel}","templated":true}]}}