{"id":71,"date":"2019-06-07T10:33:38","date_gmt":"2019-06-07T07:33:38","guid":{"rendered":"http:\/\/www.showlink.fi\/shows\/suvikarelia2020-malli\/?page_id=71"},"modified":"2026-04-16T09:45:47","modified_gmt":"2026-04-16T06:45:47","slug":"judges-24-5-sunday-nord","status":"publish","type":"page","link":"https:\/\/www.showlink.fi\/shows\/suvikarelia2026\/info-in-english\/judges-24-5-sunday-nord\/","title":{"rendered":"Judges \u2013 May 31st, Sunday (NAT)"},"content":{"rendered":"\n<p class=\"has-background\" style=\"background-color:#9ca88885\"><strong>Update April 16, 2026 \u2013 Change oj judge<\/strong><br>Unfortunately,\u00a0<strong>Irina Poleateva<\/strong>\u00a0is unable to attend our show. Changes have been marked with orange to the list of judges below.<br><br><strong>Update January 16, 2026 \u2013 Change of judge<\/strong><br>Unfortunately, <strong>Benny Blidh von Schedvin<\/strong> is unable to attend our show. His breeds will be judged by\u00a0<strong>\u00c5ke Cronander, Sweden.<\/strong> Changes have been marked with red to the list of judges below.<\/p>\n\n\n\n<hr class=\"wp-block-separator has-css-opacity\"\/>\n\n\n\n<p><strong>FCI 1<\/strong><br><mark style=\"background-color:rgba(0, 0, 0, 0)\" class=\"has-inline-color has-vivid-red-color\">Australian Kelpie, Australian Stumpy Tail Cattle Dog, Bergamasco Shepherd Dog, Bohemian Shepherd Dog, Bouvier des Ardennes, Catalan Sheepdog, Croatian Shepherd Dog, Dutch Shepherd Dogs, East European Shepherd, Majorca Shepherd Dog, Maremma and the Abruzzes Sheepdog, Miniature American Shepherd, Mudi, Picardy Sheepdog, Polish Lowland Sheepdog, Pyrenean Sheepdog, Long-haired, Pyrenean Sheepdog, Smooth-faced, Romanian Carpathian Shepherd Dog, Small Medimurje Dog &#8211; Medi, South Russian Shepherd Dog, Tatra Shepherd Dog <strong><strong>\u00c5ke Cronander<\/strong><\/strong>, Sweden<\/mark><br>Australian Cattle Dog, Australian Shepherd, Belgian Shepherd Dogs, Berger de Beauce, Briard, Lancashire Heeler <strong>Jouko Leivisk\u00e4<\/strong><br>Border Collie, Collie Rough, Collie Smooth, Komondor, Kuvasz, Pulis, Pumi, Slovakian Chuvach <strong>Maarit Hassinen<\/strong><br>Bearded Collie, Dutch Schapendoes, Old English Sheepdog, Schipperke, Shetland Sheepdog, White Swiss Shepherd Dog <strong>Tomas Rohlin<\/strong>, Denmark<br>Bouvier des Flandres, Czechoslovakian Wolfdog, German Shepherd Dogs, Portuguese Sheepdog, Romanian Mioritic Shepherd Dog, Saarloos Wolfhond, Welsh Corgis <strong>Tuire Okkola<\/strong><br><br><strong>FCI 2<\/strong><br><mark style=\"background-color:rgba(0, 0, 0, 0)\" class=\"has-inline-color has-vivid-red-color\">Affenpinscher, Appenzell Cattle Dog, Atlas Mountain Dog (Aidi), Bernese Mountain Dog, Boxer, Broholmer, Dogue de Bordeaux, Rafeiro of Alentejo, Romanian Bucovina Shepherd, St. Bernard, Long-haired, St. Bernard, Short-haired <strong><strong>\u00c5ke Cronander<\/strong><\/strong>, Sweden<\/mark><br>Danish-Swedish Farmdog, German Pinscher, Giant Schnauzers, Miniature Pinscher, Miniature Schnauzers, Schnauzers, Shar Pei <strong>Birgitta Svarstad<\/strong>, Sweden<br>Bullmastiff, Estrela Mountain Dogs, Landseer (European Continental Type), Leonberger, Majorca Mastiff, Mastiff, Neapolitan Mastiff, Spanish Mastiff <strong>Jouko Leivisk\u00e4<\/strong><br>other <strong>Ricky Lochs-Romans<\/strong>, The Netherlands<br><br><strong>FCI 3<\/strong><br>Ratonero Bodeguero Andaluz <strong>Anita Al-Bachy<\/strong><br>American Staffordshire Terrier, Australian Silky Terrier, Jack Russell Terrier, Parson Russell Terrier, Scottish Terrier, Tenterfield Terrier, West Highland White Terrier, Yorkshire Terrier <strong>Hans Almgren<\/strong>, Sweden<br>Airedale Terrier, American Hairless Terrier, American Toy Fox Terrier, Biewer Terrier, Brazilian Terrier, Rat Terrier <strong>Luis Gorjao-Henriques<\/strong>, Portugal<br>Australian Terrier, Bedlington Terrier, Cesky Terrier, Dandie Dinmont Terrier, English Toy Terrier, Fox Terrier, Smooth-haired, Fox Terrier, Wire-haired, German Hunting Terrier, Irish Glen Of Imaal Terrier, Irish Soft Coated Wheaten Terrier, Irish Terrier, Japanese Terrier, Kerry Blue Terrier, Lakeland Terrier, Manchester Terrier, Miniature Bull Terrier, Norfolk Terrier, Norwich Terrier, Sealyham Terrier, Skye Terrier, Welsh Terrier <strong>Markku Kipin\u00e4<\/strong><br>Staffordshire Bull Terrier, Valencian Terrier <strong>Ricky Lochs-Romans<\/strong>, The Netherlands<br>Border Terrier, Bull Terrier, Cairn Terrier <strong>Tuire Okkola<\/strong><br><br><strong>FCI 4<\/strong><br>all breeds <strong>Katja Korhonen<\/strong><br><br><strong>FCI 5<\/strong><br>Swedish Elkhound <strong>Hans Almgren<\/strong>, Sweden<br><mark style=\"background-color:rgba(0, 0, 0, 0);color:#de7427\" class=\"has-inline-color\">Akita, American Akita, American Eskimo Dog, Basenji, Cirneco dell&#8217;Etna, Eurasian, Greenland Dog, Hokkaido, H\u00e4lleforshund, Ibizan Podencos, Icelandic Sheepdog, Japanese Spitz, Norwegian Buhund, Norwegian Elkhound Grey, Pharaoh Hound <strong>Sari Holopainen<\/strong><\/mark><br>Canarian Warren Hound, Danish Spitz, Finnish Lapponian Dog, Kintamani-Bali Dog, Kishu, Korea Jindo Dog, Lapponian Herder, Norwegian Lundehund, Peruvian Hairless Dogs, Portuguese Podengos, Shiba, Shikoku, Siberian Husky, Swedish Lapphund, Swedish Vallhund, Taiwan Dog, Thai Bangkaew Dog, Thai Ridgeback Dog, Xoloitzcuintles <strong>Jari Partanen<\/strong>, Norway<br>Canaan Dog, Canadian Eskimo Dog, Kai, Yakutian Laika <strong>Jouko Leivisk\u00e4<\/strong><br>Giant Spitzs (Grosspitz), Italian Volpino, Keeshond (Wolfspitz), Medium Size Spitzs (Mittelspitz), Miniature Spitzs (Kleinspitz), Pomeranian, Samoyed <strong>Luis Gorjao-Henriques<\/strong>, Portugal<br>Karelian Bear Dog <strong>Markku Kipin\u00e4<\/strong><br>Alaskan Malamute, Chow Chow <strong>Ricky Lochs-Romans<\/strong>, The Netherlands<br>Black Spitz, East Siberian Laika, Finnish Spitz, Norrbottenspitz, Norwegian Elkhound Black, Russian-European Laika, Swedish White Elkhound, West Siberian Laika <strong>Tuire Okkola<\/strong><br><br><strong>FCI 6<\/strong><br>Rhodesian Ridgeback <strong>Hans Almgren<\/strong>, Sweden<br>Dalmatian, Finnish Hound <strong>Pekka Teini<\/strong><br>other <strong>Perttu St\u00e5hlberg<\/strong><br><br><strong>FCI 7<\/strong><br>Brittany Spaniel, German Long-haired Pointing Dog, German Wire-haired Pointing Dog, Hungarian Short-Haired Pointer (Vizsla), Small Munsterlander <strong>Tiina Eskelinen<\/strong><br>other breeds <strong>Marjo Jaakkola<\/strong><br><br><strong>FCI 8<\/strong><br>Clumber Spaniel, German Spaniel, Nova Scotia Duck Tolling Retriever, Sussex Spaniel <strong>Marjo Jaakkola<\/strong><br>American Cocker Spaniel, Chesapeake Bay Retriever, Cocker Spaniel, Curly Coated Retriever, English Springer Spaniel, Flat Coated Retriever, Welsh Springer Spaniel <strong>Sven Slettedal<\/strong>, Norway<br>Golden Retriever, Labrador Retriever, Wetterhoun <strong>Tiina Eskelinen<\/strong><br>muut <strong>Katja Korhonen<\/strong><br><br><strong>FCI 9<\/strong><br>Poodles, Tibetan Terrier <strong>Anita Al-Bachy<\/strong><br>Cavalier King Charles Spaniel, Chihuahuas Shih Tzu, Tibetan Spaniel <strong>Anneli Pukkila<\/strong><br><mark style=\"background-color:rgba(0, 0, 0, 0);color:#de7427\" class=\"has-inline-color\">Havanese, Japanese Chin, King Charles Spaniel, Kromfohrl\u00e4nder, Lhasa Apso, Little Lion Dog, Markiesje, Papillon, Pekingese, Phal\u00e8ne, Pug <strong>Toni Saira<\/strong><\/mark><br>French Bulldog, Maltese, Russian Toys, Russkaja Tsvetnaja Bolonka <strong>Luis Gorjao-Henriques<\/strong>, Portugal<br>Bichon Frise, Chinese Crested Dog <strong>Ricky Lochs-Romans<\/strong>, The Netherlands<br>Bolognese, Boston Terrier, Coton de Tulear, Griffon Belge, Griffon Bruxellois, Petit Braban\u00e7on, Pra\u017esk\u00fd Krysar\u00edk <strong>Tomas Rohlin<\/strong>, Denmark<br><br><strong>FCI 10<\/strong><br>Azawakh, Kazakh Tazy, Sloughi, Whippet <strong>Jari Partanen<\/strong>, Norway<br>Saluki <strong>Katja Korhonen<\/strong><br>other <strong>Ann-Christin Johansson<\/strong>, Sweden<\/p>\n\n\n\n<p>Junior Handler <strong>Sari Palm<\/strong><\/p>\n\n\n\n<p><strong>Finals<\/strong><br>1 <strong>Hans Almgren<\/strong><br>2 <strong>Birgitta Svarstad<\/strong><br>3 <strong>Tuire Okkola<\/strong><br>4 <strong>Katja Korhonen<\/strong><br><mark style=\"background-color:rgba(0, 0, 0, 0);color:#de7427\" class=\"has-inline-color\">5 <strong>Sari Holopainen<\/strong><\/mark><br>6 <strong>Perttu St\u00e5hlberg<\/strong><br>7 <strong>Marjo Jaakola<\/strong><br>8 <strong>Sven Slettedal<\/strong><br>9 <strong>Ricky Lochs-Romans<\/strong><br>10 <strong>Ann-Christin Johansson<\/strong><br><br>Best in Show Veteran <strong>Ann-Christin Johansson<\/strong>, Sweden<br>Best in Show Breeders Group <strong>Jari Partanen<\/strong>, Norway<br>Best in Show <strong>Tomas Rohlin<\/strong>, Denmark<\/p>\n","protected":false},"excerpt":{"rendered":"<p>Update April 16, 2026 \u2013 Change oj judgeUnfortunately,\u00a0Irina Poleateva\u00a0is unable to attend our show. Changes have been marked with orange to the list of judges below. Update January 16, 2026 \u2013 Change of judgeUnfortunately, Benny Blidh von Schedvin is unable to attend our show. His breeds will be judged by\u00a0\u00c5ke Cronander, Sweden. Changes have been&hellip; <a href=\"https:\/\/www.showlink.fi\/shows\/suvikarelia2026\/info-in-english\/judges-24-5-sunday-nord\/\" class=\"more-link\">Jatka lukemista <span class=\"screen-reader-text\">Judges \u2013 May 31st, Sunday (NAT)<\/span><\/a><\/p>\n","protected":false},"author":1,"featured_media":0,"parent":51,"menu_order":2,"comment_status":"closed","ping_status":"closed","template":"","meta":{"footnotes":""},"class_list":["post-71","page","type-page","status-publish","hentry","without-featured-image"],"_links":{"self":[{"href":"https:\/\/www.showlink.fi\/shows\/suvikarelia2026\/wp-json\/wp\/v2\/pages\/71","targetHints":{"allow":["GET"]}}],"collection":[{"href":"https:\/\/www.showlink.fi\/shows\/suvikarelia2026\/wp-json\/wp\/v2\/pages"}],"about":[{"href":"https:\/\/www.showlink.fi\/shows\/suvikarelia2026\/wp-json\/wp\/v2\/types\/page"}],"author":[{"embeddable":true,"href":"https:\/\/www.showlink.fi\/shows\/suvikarelia2026\/wp-json\/wp\/v2\/users\/1"}],"replies":[{"embeddable":true,"href":"https:\/\/www.showlink.fi\/shows\/suvikarelia2026\/wp-json\/wp\/v2\/comments?post=71"}],"version-history":[{"count":36,"href":"https:\/\/www.showlink.fi\/shows\/suvikarelia2026\/wp-json\/wp\/v2\/pages\/71\/revisions"}],"predecessor-version":[{"id":849,"href":"https:\/\/www.showlink.fi\/shows\/suvikarelia2026\/wp-json\/wp\/v2\/pages\/71\/revisions\/849"}],"up":[{"embeddable":true,"href":"https:\/\/www.showlink.fi\/shows\/suvikarelia2026\/wp-json\/wp\/v2\/pages\/51"}],"wp:attachment":[{"href":"https:\/\/www.showlink.fi\/shows\/suvikarelia2026\/wp-json\/wp\/v2\/media?parent=71"}],"curies":[{"name":"wp","href":"https:\/\/api.w.org\/{rel}","templated":true}]}}