{"id":12,"date":"2018-01-22T14:55:31","date_gmt":"2018-01-22T12:55:31","guid":{"rendered":"http:\/\/www.showlink.fi\/shows\/kinnularn2018\/?page_id=12"},"modified":"2025-06-02T13:05:32","modified_gmt":"2025-06-02T10:05:32","slug":"aikataulut","status":"publish","type":"page","link":"https:\/\/www.showlink.fi\/shows\/taivalkoski_rn25\/aikataulut\/","title":{"rendered":"Aikataulut"},"content":{"rendered":"\n<p><em>Aikataulut julkaistu 2.6.2025<\/em><\/p>\n\n\n\n<p>\u00bb <strong><a href=\"https:\/\/www.showlink.fi\/aikataulut2025\/Taivalkoski_RN_080625_aikataulukirje.pdf\">Aikataulukirje<\/a><\/strong><\/p>\n\n\n<table width=\"384\">\n<tbody>\n<tr>\n<td width=\"256\"><strong>KEH\u00c4 1<\/strong><\/td>\n<td width=\"64\">\u00a0<\/td>\n<td width=\"64\">\u00a0<\/td>\n<\/tr>\n<tr>\n<td><strong>Hannele Jokisilta<\/strong><\/td>\n<td><strong>75<\/strong><\/td>\n<td>\u00a0<\/td>\n<\/tr>\n<tr>\n<td>dalmatiankoira<\/td>\n<td>7<\/td>\n<td>09.00<\/td>\n<\/tr>\n<tr>\n<td>ven\u00e4j\u00e4najokoira<\/td>\n<td>5<\/td>\n<td>\u00a0<\/td>\n<\/tr>\n<tr>\n<td>suomenpystykorva<\/td>\n<td>13<\/td>\n<td>\u00a0<\/td>\n<\/tr>\n<tr>\n<td>k\u00e4\u00e4pi\u00f6pinseri<\/td>\n<td>20<\/td>\n<td>\u00a0<\/td>\n<\/tr>\n<tr>\n<td>tanskalais-ruotsalainen pihakoira<\/td>\n<td>1<\/td>\n<td>\u00a0<\/td>\n<\/tr>\n<tr>\n<td>k\u00e4\u00e4pi\u00f6snautseri, musta-hopea<\/td>\n<td>1<\/td>\n<td>\u00a0<\/td>\n<\/tr>\n<tr>\n<td>k\u00e4\u00e4pi\u00f6snautseri, pippuri &amp; suola<\/td>\n<td>2<\/td>\n<td>\u00a0<\/td>\n<\/tr>\n<tr>\n<td>k\u00e4\u00e4pi\u00f6snautseri, valkoinen<\/td>\n<td>1<\/td>\n<td>\u00a0<\/td>\n<\/tr>\n<tr>\n<td>rottweiler<\/td>\n<td>2<\/td>\n<td>12.00<\/td>\n<\/tr>\n<tr>\n<td>bokseri<\/td>\n<td>1<\/td>\n<td>\u00a0<\/td>\n<\/tr>\n<tr>\n<td>cane corso<\/td>\n<td>1<\/td>\n<td>\u00a0<\/td>\n<\/tr>\n<tr>\n<td>tanskandoggi, sininen<\/td>\n<td>3<\/td>\n<td>\u00a0<\/td>\n<\/tr>\n<tr>\n<td>hovawart<\/td>\n<td>2<\/td>\n<td>\u00a0<\/td>\n<\/tr>\n<tr>\n<td>bernhardinkoira, lyhytkarvainen<\/td>\n<td>2<\/td>\n<td>\u00a0<\/td>\n<\/tr>\n<tr>\n<td>bernhardinkoira, pitk\u00e4karvainen<\/td>\n<td>3<\/td>\n<td>\u00a0<\/td>\n<\/tr>\n<tr>\n<td>pyreneittenmastiffi<\/td>\n<td>2<\/td>\n<td>\u00a0<\/td>\n<\/tr>\n<tr>\n<td>tiibetinmastiffi<\/td>\n<td>1<\/td>\n<td>\u00a0<\/td>\n<\/tr>\n<tr>\n<td>newfoundlandinkoira<\/td>\n<td>5<\/td>\n<td>\u00a0<\/td>\n<\/tr>\n<tr>\n<td>leonberginkoira<\/td>\n<td>3<\/td>\n<td>\u00a0<\/td>\n<\/tr>\n<tr>\n<td>\u00a0<\/td>\n<td>\u00a0<\/td>\n<td>\u00a0<\/td>\n<\/tr>\n<tr>\n<td><strong>KEH\u00c4 2<\/strong><\/td>\n<td>\u00a0<\/td>\n<td>\u00a0<\/td>\n<\/tr>\n<tr>\n<td><strong>Hannu Talvi<\/strong><\/td>\n<td><strong>87<\/strong><\/td>\n<td>\u00a0<\/td>\n<\/tr>\n<tr>\n<td>suomenajokoira<\/td>\n<td>20<\/td>\n<td>09.00<\/td>\n<\/tr>\n<tr>\n<td>basset hound<\/td>\n<td>1<\/td>\n<td>\u00a0<\/td>\n<\/tr>\n<tr>\n<td>bretagnenbassetti<\/td>\n<td>2<\/td>\n<td>\u00a0<\/td>\n<\/tr>\n<tr>\n<td>petit basset griffon vend\u00e9en<\/td>\n<td>2<\/td>\n<td>\u00a0<\/td>\n<\/tr>\n<tr>\n<td>siperianhusky<\/td>\n<td>13<\/td>\n<td>\u00a0<\/td>\n<\/tr>\n<tr>\n<td>akita<\/td>\n<td>2<\/td>\n<td>11.15<\/td>\n<\/tr>\n<tr>\n<td>japaninpystykorva<\/td>\n<td>3<\/td>\n<td>\u00a0<\/td>\n<\/tr>\n<tr>\n<td>l\u00e4nsig\u00f6\u00f6tanmaanpystykorva<\/td>\n<td>2<\/td>\n<td>\u00a0<\/td>\n<\/tr>\n<tr>\n<td>pohjanpystykorva<\/td>\n<td>20<\/td>\n<td>\u00a0<\/td>\n<\/tr>\n<tr>\n<td>j\u00e4mtlanninpystykorva<\/td>\n<td>22<\/td>\n<td>\u00a0<\/td>\n<\/tr>\n<tr>\n<td>\u00a0<\/td>\n<td>\u00a0<\/td>\n<td>\u00a0<\/td>\n<\/tr>\n<tr>\n<td><strong>KEH\u00c4 3<\/strong><\/td>\n<td>\u00a0<\/td>\n<td>\u00a0<\/td>\n<\/tr>\n<tr>\n<td><strong>Reino Korpela<\/strong><\/td>\n<td><strong>92<\/strong><\/td>\n<td>\u00a0<\/td>\n<\/tr>\n<tr>\n<td>islanninlammaskoira<\/td>\n<td>1<\/td>\n<td>09.00<\/td>\n<\/tr>\n<tr>\n<td>jakutianlaika<\/td>\n<td>2<\/td>\n<td>\u00a0<\/td>\n<\/tr>\n<tr>\n<td>ven\u00e4l\u00e4is-eurooppalainen laika<\/td>\n<td>1<\/td>\n<td>\u00a0<\/td>\n<\/tr>\n<tr>\n<td>alaskanmalamuutti<\/td>\n<td>19<\/td>\n<td>\u00a0<\/td>\n<\/tr>\n<tr>\n<td>harmaa norjanhirvikoira<\/td>\n<td>32<\/td>\n<td>10.15<\/td>\n<\/tr>\n<tr>\n<td>- urokset<\/td>\n<td>18<\/td>\n<td>\u00a0<\/td>\n<\/tr>\n<tr>\n<td>- nartut\u00a0<\/td>\n<td>14<\/td>\n<td>\u00a0<\/td>\n<\/tr>\n<tr>\n<td>suomenlapinkoira<\/td>\n<td>21<\/td>\n<td>\u00a0<\/td>\n<\/tr>\n<tr>\n<td>lapinporokoira<\/td>\n<td>9<\/td>\n<td>\u00a0<\/td>\n<\/tr>\n<tr>\n<td>chow chow<\/td>\n<td>5<\/td>\n<td>\u00a0<\/td>\n<\/tr>\n<tr>\n<td>shiba<\/td>\n<td>2<\/td>\n<td>\u00a0<\/td>\n<\/tr>\n<tr>\n<td>\u00a0<\/td>\n<td>\u00a0<\/td>\n<td>\u00a0<\/td>\n<\/tr>\n<tr>\n<td><strong>KEH\u00c4 4<\/strong><\/td>\n<td>\u00a0<\/td>\n<td>\u00a0<\/td>\n<\/tr>\n<tr>\n<td><strong>Tarja Kallio<\/strong><\/td>\n<td><strong>74<\/strong><\/td>\n<td>\u00a0<\/td>\n<\/tr>\n<tr>\n<td>berninpaimenkoira<\/td>\n<td>21<\/td>\n<td>09.00<\/td>\n<\/tr>\n<tr>\n<td>rhodesiankoira<\/td>\n<td>1<\/td>\n<td>\u00a0<\/td>\n<\/tr>\n<tr>\n<td>plottinajokoira<\/td>\n<td>4<\/td>\n<td>\u00a0<\/td>\n<\/tr>\n<tr>\n<td>amerikankettukoira<\/td>\n<td>3<\/td>\n<td>\u00a0<\/td>\n<\/tr>\n<tr>\n<td>dreeveri<\/td>\n<td>6<\/td>\n<td>\u00a0<\/td>\n<\/tr>\n<tr>\n<td><em>Saksanpystykorvien mittaus<\/em><\/td>\n<td>\u00a0<\/td>\n<td><em>11.00<\/em><\/td>\n<\/tr>\n<tr>\n<td>saksanpystykorva, mittelspitz, musta ja ruskea<\/td>\n<td>3<\/td>\n<td>\u00a0<\/td>\n<\/tr>\n<tr>\n<td>saksanpystykorva, mittelspitz, valkoinen<\/td>\n<td>1<\/td>\n<td>\u00a0<\/td>\n<\/tr>\n<tr>\n<td>saksanpystykorva, mittelspitz, muut v\u00e4rit<\/td>\n<td>5<\/td>\n<td>\u00a0<\/td>\n<\/tr>\n<tr>\n<td>saksanpystykorva, kleinspitz, musta ja ruskea<\/td>\n<td>2<\/td>\n<td>\u00a0<\/td>\n<\/tr>\n<tr>\n<td>saksanpystykorva, kleinspitz, valkoinen<\/td>\n<td>1<\/td>\n<td>\u00a0<\/td>\n<\/tr>\n<tr>\n<td>saksanpystykorva, kleinspitz, muut v\u00e4rit<\/td>\n<td>1<\/td>\n<td>\u00a0<\/td>\n<\/tr>\n<tr>\n<td>saksanpystykorva, grosspitz, valkoinen<\/td>\n<td>1<\/td>\n<td>\u00a0<\/td>\n<\/tr>\n<tr>\n<td>saksanpystykorva, keeshond<\/td>\n<td>10<\/td>\n<td>\u00a0<\/td>\n<\/tr>\n<tr>\n<td>samojedinkoira<\/td>\n<td>1<\/td>\n<td>\u00a0<\/td>\n<\/tr>\n<tr>\n<td>karjalankarhukoira<\/td>\n<td>14<\/td>\n<td>\u00a0<\/td>\n<\/tr>\n<tr>\n<td>\u00a0<\/td>\n<td>\u00a0<\/td>\n<td>\u00a0<\/td>\n<\/tr>\n<tr>\n<td><strong>KEH\u00c4 5<\/strong><\/td>\n<td>\u00a0<\/td>\n<td>\u00a0<\/td>\n<\/tr>\n<tr>\n<td><strong>Maija M\u00e4kinen<\/strong><\/td>\n<td><strong>73<\/strong><\/td>\n<td>\u00a0<\/td>\n<\/tr>\n<tr>\n<td>sile\u00e4karvainen kettuterrieri<\/td>\n<td>6<\/td>\n<td>09.00<\/td>\n<\/tr>\n<tr>\n<td>jackrussellinterrieri<\/td>\n<td>6<\/td>\n<td>\u00a0<\/td>\n<\/tr>\n<tr>\n<td>parsonrussellinterrieri<\/td>\n<td>3<\/td>\n<td>\u00a0<\/td>\n<\/tr>\n<tr>\n<td>brasilianterrieri<\/td>\n<td>2<\/td>\n<td>\u00a0<\/td>\n<\/tr>\n<tr>\n<td>japaninterrieri<\/td>\n<td>2<\/td>\n<td>\u00a0<\/td>\n<\/tr>\n<tr>\n<td>staffordshirenbullterrieri<\/td>\n<td>10<\/td>\n<td>\u00a0<\/td>\n<\/tr>\n<tr>\n<td>amerikanstaffordshirenterrieri<\/td>\n<td>2<\/td>\n<td>\u00a0<\/td>\n<\/tr>\n<tr>\n<td>vehn\u00e4terrieri<\/td>\n<td>3<\/td>\n<td>\u00a0<\/td>\n<\/tr>\n<tr>\n<td>australianterrieri<\/td>\n<td>1<\/td>\n<td>11.00<\/td>\n<\/tr>\n<tr>\n<td>cairnterrieri<\/td>\n<td>3<\/td>\n<td>\u00a0<\/td>\n<\/tr>\n<tr>\n<td>valkoinen l\u00e4nsiyl\u00e4maanterrieri<\/td>\n<td>1<\/td>\n<td>\u00a0<\/td>\n<\/tr>\n<tr>\n<td>skotlanninterrieri<\/td>\n<td>1<\/td>\n<td>\u00a0<\/td>\n<\/tr>\n<tr>\n<td>silkkiterrieri<\/td>\n<td>2<\/td>\n<td>\u00a0<\/td>\n<\/tr>\n<tr>\n<td>borderterrieri<\/td>\n<td>5<\/td>\n<td>\u00a0<\/td>\n<\/tr>\n<tr>\n<td>#beagle<\/td>\n<td>13<\/td>\n<td>\u00a0<\/td>\n<\/tr>\n<tr>\n<td>keskiaasiankoira<\/td>\n<td>1<\/td>\n<td>\u00a0<\/td>\n<\/tr>\n<tr>\n<td>kaukasiankoira<\/td>\n<td>1<\/td>\n<td>\u00a0<\/td>\n<\/tr>\n<tr>\n<td>#it\u00e4siperianlaika<\/td>\n<td>11<\/td>\n<td>\u00a0<\/td>\n<\/tr>\n<\/tbody>\n<\/table>","protected":false},"excerpt":{"rendered":"<p>Aikataulut julkaistu 2.6.2025 \u00bb Aikataulukirje KEH\u00c4 1 \u00a0 \u00a0 Hannele Jokisilta 75 \u00a0 dalmatiankoira 7 09.00 ven\u00e4j\u00e4najokoira 5 \u00a0 suomenpystykorva 13 \u00a0 k\u00e4\u00e4pi\u00f6pinseri 20 \u00a0 tanskalais-ruotsalainen pihakoira 1 \u00a0 k\u00e4\u00e4pi\u00f6snautseri, musta-hopea 1 \u00a0 k\u00e4\u00e4pi\u00f6snautseri, pippuri &amp; suola 2 \u00a0 k\u00e4\u00e4pi\u00f6snautseri, valkoinen 1 \u00a0 rottweiler 2 12.00 bokseri 1 \u00a0 cane corso 1 \u00a0 tanskandoggi, sininen <a href=\"https:\/\/www.showlink.fi\/shows\/taivalkoski_rn25\/aikataulut\/\" class=\"more-link\">...jatka lukemista<span class=\"screen-reader-text\"> \"Aikataulut\"<\/span><\/a><\/p>\n","protected":false},"author":1,"featured_media":0,"parent":0,"menu_order":6,"comment_status":"closed","ping_status":"closed","template":"","meta":{"footnotes":""},"class_list":["post-12","page","type-page","status-publish","h-entry","hentry","h-as-page"],"_links":{"self":[{"href":"https:\/\/www.showlink.fi\/shows\/taivalkoski_rn25\/wp-json\/wp\/v2\/pages\/12","targetHints":{"allow":["GET"]}}],"collection":[{"href":"https:\/\/www.showlink.fi\/shows\/taivalkoski_rn25\/wp-json\/wp\/v2\/pages"}],"about":[{"href":"https:\/\/www.showlink.fi\/shows\/taivalkoski_rn25\/wp-json\/wp\/v2\/types\/page"}],"author":[{"embeddable":true,"href":"https:\/\/www.showlink.fi\/shows\/taivalkoski_rn25\/wp-json\/wp\/v2\/users\/1"}],"replies":[{"embeddable":true,"href":"https:\/\/www.showlink.fi\/shows\/taivalkoski_rn25\/wp-json\/wp\/v2\/comments?post=12"}],"version-history":[{"count":12,"href":"https:\/\/www.showlink.fi\/shows\/taivalkoski_rn25\/wp-json\/wp\/v2\/pages\/12\/revisions"}],"predecessor-version":[{"id":207,"href":"https:\/\/www.showlink.fi\/shows\/taivalkoski_rn25\/wp-json\/wp\/v2\/pages\/12\/revisions\/207"}],"wp:attachment":[{"href":"https:\/\/www.showlink.fi\/shows\/taivalkoski_rn25\/wp-json\/wp\/v2\/media?parent=12"}],"curies":[{"name":"wp","href":"https:\/\/api.w.org\/{rel}","templated":true}]}}