{"id":141,"date":"2022-12-08T10:22:53","date_gmt":"2022-12-08T08:22:53","guid":{"rendered":"https:\/\/www.showlink.fi\/shows\/tampere2024malliksihyvaksluonnos\/?page_id=141"},"modified":"2026-02-17T09:56:16","modified_gmt":"2026-02-17T07:56:16","slug":"judges","status":"publish","type":"page","link":"https:\/\/www.showlink.fi\/shows\/tampere2026\/in-english\/judges\/","title":{"rendered":"Judges 2.5. NORD"},"content":{"rendered":"\n<p><strong>FCI 1<\/strong><br><em>Reserve judge for FCI 1 breeds <strong>Hans Van Den Berg<\/strong>, The Netherlands<\/em><br>German Shepherd Dogs <strong>Anett Finnig<\/strong><br>Berger de Beauce, Bohemian Shepherd Dog, Czechoslovakian Wolfdog, Old English Sheepdog, Pyrenean Sheepdog, Long-haired, Pyrenean Sheepdog, Smooth-faced, Saarloos Wolfhond, Shetland Sheepdog, Slovakian Chuvach, White Swiss Shepherd Dog <strong>Branislav Rajic<\/strong>, Slovenia<br>Collie Smooth <strong>Charlotte H\u00f6ier<\/strong>, Denmark<br>Belgian Shepherd Dogs, Border Collie, Briard <strong>Darren Clarke<\/strong>, Great Britain<br>Welsh Corgi Pembroke <strong>Juha Putkonen<\/strong><br>Bearded Collie, Miniature American Shepherd <strong>Jussi Liimatainen<\/strong><br>Australian Cattle Dog, Australian Kelpie, Australian Shepherd, Australian Stumpy Tail Cattle Dog, Bouvier des Ardennes, Maremma and the Abruzzes Sheepdog, Polish Lowland Sheepdog, South Russian Shepherd Dog, Welsh Corgi Cardigan <strong>Robert Kotlar<\/strong>, Hungary<br>Bergamasco Shepherd Dog, Kuvasz, Lancashire Heeler, Majorca Shepherd Dog, Romanian Carpathian Shepherd Dog, Romanian Mioritic Shepherd Dog <strong>Tarmo Wallin<\/strong><br>Bouvier des Flandres, Catalan Sheepdog, Dutch Schapendoes, Dutch Shepherd Dogs, East European Shepherd, Picardy Sheepdog, Portuguese Sheepdog, Schipperke, Small Medimurje Dog - Medi, Tatra Shepherd Dog <strong>Tino Pehar<\/strong>, Croatia<br>Collie Rough, Croatian Shepherd Dog, Komondor, Mudi, Pulis, Pumi <strong>Trond Are Karlsen<\/strong>, Norway<br><br><strong>FCI 2<\/strong><br><em>Reserve judge for FCI 2 breeds <strong>Helin Tenson<\/strong><\/em><br>Affenpinscher, Austrian Pinscher, Bulldog, German Pinscher, Miniature Pinscher, Miniature Schnauzers, Russian Black Terrier, Shar Pei <strong>Ante Lucin<\/strong>, Croatia<br>Boxer, Broholmer, Dobermann, Giant Schnauzers, Hovawart, Presa Canario, Rottweiler, Schnauzers <strong>Mervi Raisaari<\/strong><br>Landseer (European Continental Type), Newfoundland <strong>Reia Leikola-Walden<\/strong><br>Bullmastiff, Danish-Swedish Farmdog, Great Danes, Italian Cane Corso, Pyrenean Mastiff, Pyrenean Mountain Dog, Tibetan Mastiff <strong>Tino Pehar<\/strong>, Croatia<br>other <strong>Hans Van Den Berg<\/strong>, The Netherlands<br><br><strong>FCI 3<\/strong><br><em>Reserve judge for FCI 3 breeds <strong>Helin Tenson<\/strong><\/em><br>Bedlington Terrier, Border Terrier, Fox Terrier, Smooth-haired, Fox Terrier, Wire-haired, Manchester Terrier, Parson Russell Terrier, Sealyham Terrier <strong>Christina Daniels<\/strong>, Sweden<br>Jack Russell Terrier <strong>Ger Philpott<\/strong>, Ireland<br>Cairn Terrier, Cesky Terrier, Scottish Terrier <strong>Helin Tenson<\/strong><br>Yorkshire Terrier <strong>Jean-Francois Vanaken<\/strong>, Belgium<br>Airedale Terrier, American Hairless Terrier, American Toy Fox Terrier, Australian Terrier, Biewer Terrier, English Toy Terrier, German Hunting Terrier, Rat Terrier, Ratonero Bodeguero Andaluz, Tenterfield Terrier, Valencian Terrier <strong>Juha Putkonen<\/strong><br>Irish Glen Of Imaal Terrier, Irish Soft Coated Wheaten Terrier, Irish Terrier, Japanese Terrier, Norfolk Terrier, Norwich Terrier, Skye Terrier <strong>Laurent Heinesche<\/strong><br>Australian Silky Terrier, Brazilian Terrier, Dandie Dinmont Terrier, Kerry Blue Terrier <strong>Tarmo Wallin<\/strong><br>American Staffordshire Terrier, Bull Terrier, Lakeland Terrier, Miniature Bull Terrier, Staffordshire Bull Terrier, Welsh Terrier, West Highland White Terrier <strong>Wim Wellens<\/strong>, The Netherlands<br><br><strong>FCI 4<\/strong><br><em>Reserve judge for FCI 4 breeds <strong>Mervi Raisaari<\/strong><\/em><br>Wire-haired\u00a0 Dachshunds <strong>Ger Philpott<\/strong>, Ireland<br>Long-haired and Smooth-haired Dachshunds <strong>Reia Leikola-Walden<\/strong><br><br><strong>FCI 5<\/strong><br><em>Reserve judge for FCI 5 breeds <strong>Esa Ruotsalainen<\/strong><\/em><br>Chow Chow, Eurasian, Medium Size Spitzs (Mittelspitz), , Miniature Spitzs (Kleinspitz) <strong>Christina Daniels<\/strong>, Sweden<br>Samoyed <strong>Darren Clarke<\/strong>, Great Britain<br>Portuguese Podengo, Long- and Wire-haired Large, Portuguese Podengo, Long- and Wire-haired, Medium-sized, Portuguese Podengo, Long- and Wire-haired, Small, Portuguese Podengo, Smooth- and Short-haired, Large, Portuguese Podengo, Smooth- and Short-haired, Medium-size, Portuguese Podengo, Smooth- and Short-haired, Small <strong>Esa Ruotsalainen<\/strong><br>Alaskan Malamute, Japanese Spitz <strong>Juha Putkonen<\/strong><br>Icelandic Sheepdog <strong>Laurent Heinesche<\/strong><br>East Siberian Laika, Greenland Dog, Norrbottenspitz, Norwegian Elkhound Black, Norwegian Elkhound Grey, Russian-European Laika, Siberian Husky, Swedish Elkhound, Swedish Lapphund, West Siberian Laika <strong>Patric Ragnarson<\/strong>, Sweden<br>Basenji, Canarian Warren Hound, Cirneco dell'Etna, Giant Spitz (Grosspitz), black and brown, Giant Spitz (Grosspitz), white, Keeshond (Wolfspitz), Pharaoh Hound, Pomeranian <strong>Tarja Kallio<\/strong><br>Finnish Lapponian Dog, Finnish Spitz, Karelian Bear Dog, Lapponian Herder <strong>Virpi Montonen<\/strong>, Norway<br>other <strong>Riitta Niemel\u00e4<\/strong><br><br><strong>FCI 6<\/strong><br><em>Reserve judge for FCI 6 breeds <strong>Riitta Niemel\u00e4<\/strong><\/em><br>Basset Hound, Beagle, Black &amp; Tan Coonhound, Norman Artesien Basset <strong>Esa Ruotsalainen<\/strong><br>Dalmatian <strong>Tino Pehar<\/strong>, Croatia<br>Grand Basset Griffon Vend\u00e9en, Petit Basset Griffon Vend\u00e9en, Rhodesian Ridgeback <strong>Wim Wellens<\/strong>, The Netherlands<br>other <strong>Virpi Montonen<\/strong>, Norway<br><br><strong>FCI 7<\/strong><br><em>Reserve judge for FCI 7 breeds <strong>Reia Leikola-Walden<\/strong><\/em><br>Brittany Spaniel, English Pointer, English Setter, Gordon Setter, Irish Red and White Setter, Irish Red Setter, Small Munsterlander <strong>Laurent Heinesche<\/strong><br>other <strong>Esa Ruotsalainen<\/strong><br><br><strong>FCI 8<\/strong><br><em>Reserve judge for FCI 8 breeds <strong>Reia Leikola-Walden<\/strong><\/em><br>Cocker Spaniel, French Water Dog, Portuguese Water Dog, Spanish Water Dog <strong>Anett Finnig<\/strong><br>English Springer Spaniel <strong>Hans Van Den Berg<\/strong>, The Netherlands<br>Lagotto Romagnolo, Nova Scotia Duck Tolling Retriever <strong>Jussi Liimatainen<\/strong><br>Clumber Spaniel, Flat Coated Retriever, Sussex Spaniel <strong>Mervi Raisaari<\/strong><br>Curly Coated Retriever, Golden Retriever, Irish Water Spaniel <strong>Riitta Niemel\u00e4<\/strong><br>Labrador Retriever <strong>Tarja Kallio<\/strong><br>American Cocker Spaniel, American Water Spaniel, Chesapeake Bay Retriever, German Spaniel, Polish Hunting Spaniel, Russian Spaniel, Welsh Springer Spaniel, Wetterhoun <strong>Tarmo Wallin<\/strong><br>Field Spaniel, Nederlandse Kooikerhondje <strong>Tino Pehar<\/strong>, Croatia<br><br><strong>FCI 9<\/strong><br><em>Reserve judge for FCI 9 breeds <strong>Janette Fr\u00f6berg<\/strong><\/em><br>Maltese, Pekingese, Pra\u017esk\u00fd Krysar\u00edk, Pug, Shih Tzu <strong>Branislav Rajic<\/strong>, Slovenia<br>French Bulldog, Havanese <strong>Helin Tenson<\/strong><br>Chihuahuas Tibetan Spaniel <strong>Janette Fr\u00f6berg<\/strong><br>Poodles <strong>Jean-Francois Vanaken<\/strong>, Belgium<br>Chinese Crested Dog, Lhasa Apso, Little Lion Dog, Markiesje, Papillon, Phal\u00e8ne <strong>Jussi Liimatainen<\/strong><br>Bichon Frise, Bolognese, Boston Terrier, Cavalier King Charles Spaniel, Griffon Belge, Griffon Bruxellois, Japanese Chin, King Charles Spaniel, Petit Braban\u00e7on, Russian Toys, Russkaja Tsvetnaja Bolonka, Tibetan Terrier <strong>P\u00e4ivi Eerola<\/strong><br>Coton de Tulear, Kromfohrl\u00e4nder <strong>Tarmo Wallin<\/strong><br><br><strong>FCI 10<\/strong><br><em>Reserve judge for FCI 10 breeds <strong>Mervi Raisaari<\/strong><\/em><br>Azawakh, Deerhound, Hungarian Greyhound, Polish Greyhound, Saluki, Sloughi <strong>Charlotte H\u00f6ier<\/strong>, Denmark<br>Irish Wolfhound <strong>Ger Philpott<\/strong>, Ireland<br>Greyhound, Italian Greyhound, Kazakh Tazy, Silken Windhound, Spanish Greyhound <strong>Jean-Francois Vanaken<\/strong>, Belgium<br>Whippet <strong>Patric Ragnarson<\/strong>, Sweden<br>Afghan Hound, Borzoi <strong>Robert Kotlar<\/strong>, Hungary<\/p>\n\n\n\n<p>Junior Handler <strong>Anna-Maija Mellin<\/strong><\/p>\n\n\n\n<p><br>Finals<br>1<strong>Tino Pehar<\/strong><br>2<strong>Mervi Raisaari<\/strong><br>3<strong>Wim Wellens<\/strong><br>4<strong>Reia Leikola-Walden<\/strong><br>5<strong>Riitta Niemel\u00e4<\/strong><br>6<strong>Virpi Montonen<\/strong><br>7<strong>Esa Ruotsalainen<\/strong><br>8<strong>Anett Finnig<\/strong><br>9<strong>P\u00e4ivi Eerola<\/strong><br>10<strong>Jean-Francois Vanaken<\/strong><\/p>\n\n\n\n<p>Best veteran <strong>Jussi Liimatainen<\/strong><br>Best breeder group <strong>Branislav Rajic<\/strong><br>Best junior<strong> Laurent Heinesche<\/strong><br>Best in Show<strong> Hans Van Den Berg<\/strong><\/p>\n","protected":false},"excerpt":{"rendered":"<p>FCI 1Reserve judge for FCI 1 breeds Hans Van Den Berg, The NetherlandsGerman Shepherd Dogs Anett FinnigBerger de Beauce, Bohemian Shepherd Dog, Czechoslovakian Wolfdog, Old English Sheepdog, Pyrenean Sheepdog, Long-haired, Pyrenean Sheepdog, Smooth-faced, Saarloos Wolfhond, Shetland Sheepdog, Slovakian Chuvach, White Swiss Shepherd Dog Branislav Rajic, SloveniaCollie Smooth Charlotte H\u00f6ier, DenmarkBelgian Shepherd Dogs, Border Collie, Briard <a href=\"https:\/\/www.showlink.fi\/shows\/tampere2026\/in-english\/judges\/\" class=\"more-link\">...jatka lukemista<span class=\"screen-reader-text\"> \"Judges 2.5. NORD\"<\/span><\/a><\/p>\n","protected":false},"author":1,"featured_media":0,"parent":137,"menu_order":1,"comment_status":"closed","ping_status":"closed","template":"","meta":{"footnotes":""},"class_list":["post-141","page","type-page","status-publish","h-entry","hentry","h-as-page"],"_links":{"self":[{"href":"https:\/\/www.showlink.fi\/shows\/tampere2026\/wp-json\/wp\/v2\/pages\/141","targetHints":{"allow":["GET"]}}],"collection":[{"href":"https:\/\/www.showlink.fi\/shows\/tampere2026\/wp-json\/wp\/v2\/pages"}],"about":[{"href":"https:\/\/www.showlink.fi\/shows\/tampere2026\/wp-json\/wp\/v2\/types\/page"}],"author":[{"embeddable":true,"href":"https:\/\/www.showlink.fi\/shows\/tampere2026\/wp-json\/wp\/v2\/users\/1"}],"replies":[{"embeddable":true,"href":"https:\/\/www.showlink.fi\/shows\/tampere2026\/wp-json\/wp\/v2\/comments?post=141"}],"version-history":[{"count":22,"href":"https:\/\/www.showlink.fi\/shows\/tampere2026\/wp-json\/wp\/v2\/pages\/141\/revisions"}],"predecessor-version":[{"id":442,"href":"https:\/\/www.showlink.fi\/shows\/tampere2026\/wp-json\/wp\/v2\/pages\/141\/revisions\/442"}],"up":[{"embeddable":true,"href":"https:\/\/www.showlink.fi\/shows\/tampere2026\/wp-json\/wp\/v2\/pages\/137"}],"wp:attachment":[{"href":"https:\/\/www.showlink.fi\/shows\/tampere2026\/wp-json\/wp\/v2\/media?parent=141"}],"curies":[{"name":"wp","href":"https:\/\/api.w.org\/{rel}","templated":true}]}}