{"id":169,"date":"2022-12-15T14:45:44","date_gmt":"2022-12-15T12:45:44","guid":{"rendered":"https:\/\/www.showlink.fi\/shows\/tampere2024malliksihyvaks\/?page_id=169"},"modified":"2026-02-17T09:56:27","modified_gmt":"2026-02-17T07:56:27","slug":"judges-30-4","status":"publish","type":"page","link":"https:\/\/www.showlink.fi\/shows\/tampere2026\/in-english\/judges-30-4\/","title":{"rendered":"Judges 3.5. INT"},"content":{"rendered":"\n<p class=\"has-luminous-vivid-amber-background-color has-background\">Update 9.1. Irish Wolfhounds will be judged by <strong>Erika H\u00e4kkinen<\/strong>.<\/p>\n\n\n\n<p><strong>FCI 1<\/strong><br><em>Reserve judge for FCI 1 breeds <strong>Helin Tenson<\/strong><\/em><br>Bouvier des Ardennes, East European Shepherd, Maremma and the Abruzzes Sheepdog, Mudi, Picardy Sheepdog, Pyrenean Sheepdog, Long-haired, Pyrenean Sheepdog, Smooth-faced, Slovakian Chuvach, Tatra Shepherd Dog <strong>Anett Finnig<\/strong><br>Australian Cattle Dog, Bouvier des Flandres, Briard, Collie Rough, Schipperke <strong>Charlotte H\u00f6ier<\/strong>, Denmark<br>German Shepherd Dogs, Lancashire Heeler, Old English Sheepdog <strong>Darren Clarke<\/strong>, Great Britain<br>Australian Kelpie, Australian Stumpy Tail Cattle Dog <strong>Esa Ruotsalainen<\/strong><br>Bearded Collie, Border Collie <strong>Janette Fr\u00f6berg<\/strong><br>Shetland Sheepdog <strong>Jussi Liimatainen<\/strong><br>Belgian Shepherd Dogs, Berger de Beauce, Bohemian Shepherd Dog, Catalan Sheepdog, Dutch Schapendoes, Dutch Shepherd Dogs, Polish Lowland Sheepdog, Portuguese Sheepdog, Small Medimurje Dog - Medi, White Swiss Shepherd Dog <strong>P\u00e4ivi Eerola<\/strong><br>Pulis, Pumi <strong>Robert Kotlar<\/strong>, Hungary<br>Welsh Corgis <strong>Tarja Kallio<\/strong><br>Australian Shepherd, Bergamasco Shepherd Dog, Collie Smooth, Croatian Shepherd Dog, Czechoslovakian Wolfdog, Komondor, Kuvasz, Majorca Shepherd Dog, Miniature American Shepherd, Romanian Carpathian Shepherd Dog, Romanian Mioritic Shepherd Dog, Saarloos Wolfhond, South Russian Shepherd Dog <strong>Virpi Montonen<\/strong>, Norway<br><br><strong>FCI 2<\/strong><br><em>Reserve judge for FCI 2 breeds <strong>Sanna Vakkilainen<\/strong><\/em><br>Dogo Argentino, Fila Brasileiro, Mastiff, Neapolitan Mastiff, Shar Pei, Tornjak (Bosnian And Herzegovinian - Croatian Shepherd Dog), Yugoslavian Shepherd Dog - Sharplanina <strong>Anett Finnig<\/strong><br>Giant Schnauzers, Great Danes, Schnauzers <strong>Ante Lucin<\/strong>, Croatia<br>Bullmastiff, Leonberger <strong>Charlotte H\u00f6ier<\/strong>, Denmark<br>Atlas Mountain Dog (Aidi), Austrian Pinscher, Brazilian Campeiro Budddog, Bulldog, Castro Laboreiro Dog, Caucasian Shepherd Dog, Central Asia Shepherd Dog, Cimarr\u00f3n Uruguayo, Ciob\u0103nesc Rom\u00e2nesc Corb, Danish-Swedish Farmdog, Dutch Smoushond, Karst Shepherd Dog, Landseer (European Continental Type), Newfoundland, Rafeiro of Alentejo, Romanian Bucovina Shepherd, Transmontano Mastiff <strong>Mervi Raisaari<\/strong><br>Miniature Schnauzers <strong>Patric Ragnarson<\/strong>, Sweden<br>Appenzell Cattle Dog, Bernese Mountain Dog, Entlebuch Cattle Dog, Great Swiss Mountain Dog, Miniature Pinscher, Russian Black Terrier <strong>Reia Leikola-Walden<\/strong><br>Hovawart <strong>Tarja Kallio<\/strong><br>other <strong>Sanna Vakkilainen<\/strong><br><br><strong>FCI 3<\/strong><br><em>Reserve judge for FCI 3 breeds <strong>P\u00e4ivi Eerola<\/strong><\/em><br>Brazilian Terrier, Bull Terrier, Cesky Terrier, Irish Terrier, Japanese Terrier, Miniature Bull Terrier, Sealyham Terrier <strong>Ante Lucin<\/strong>, Croatia<br>Airedale Terrier, Fox Terrier, Smooth-haired, Fox Terrier, Wire-haired, Irish Glen Of Imaal Terrier, Jack Russell Terrier <strong>Hans Van Den Berg<\/strong>, The Netherlands<br>Manchester Terrier, Norfolk Terrier, Norwich Terrier, West Highland White Terrier <strong>Jussi Liimatainen<\/strong><br>Dandie Dinmont Terrier, Irish Soft Coated Wheaten Terrier <strong>P\u00e4ivi Eerola<\/strong><br>American Hairless Terrier, American Toy Fox Terrier, Biewer Terrier, Rat Terrier, Ratonero Bodeguero Andaluz, Tenterfield Terrier, Valencian Terrier <strong>Tarmo Wallin<\/strong><br>American Staffordshire Terrier, Parson Russell Terrier, Staffordshire Bull Terrier <strong>Tiina Illukka<\/strong><br>German Hunting Terrier, Lakeland Terrier, Welsh Terrier <strong>Tino Pehar<\/strong>, Croatia<br>other <strong>Ger Philpott<\/strong>, Ireland<br><br><strong>FCI 4<\/strong><br><em>Reserve judge for FCI 4 breeds <strong>Trond Are Karlsen<\/strong>, Norway<\/em><br>all breed <strong>Jean-Francois Vanaken<\/strong>, Belgium<br><br><strong>FCI 5<\/strong><br><em>Reserve judge for FCI 5 breeds <strong>Helin Tenson<\/strong><\/em><br>Alaskan Malamute, American Eskimo Dog, Black Spitz, Canadian Eskimo Dog, Canarian Warren Hound, Danish Spitz, East Siberian Laika, H\u00e4lleforshund, Ibizan Podencos, Norrbottenspitz, Norwegian Elkhound Black, Norwegian Elkhound Grey, Russian-European Laika, Swedish Elkhound, Swedish Lapphund, Swedish White Elkhound, West Siberian Laika <strong>Branislav Rajic<\/strong>, Slovenia<br>Norwegian Buhund, Siberian Husky <strong>Darren Clarke<\/strong>, Great Britain<br>Finnish Lapponian Dog, Yakutian Laika <strong>Erika H\u00e4kkinen<\/strong><br>Basenji, Chow Chow, Icelandic Sheepdog, Swedish Vallhund <strong>Esa Ruotsalainen<\/strong><br>Akita, American Akita, Eurasian, Giant Spitzs (Grosspitz), Pomeranian, Portuguese Podengos <strong>Helin Tenson<\/strong><br>Samoyed <strong>Riitta Niemel\u00e4<\/strong><br>Finnish Spitz, Karelian Bear Dog, Lapponian Herder <strong>Tarja Kallio<\/strong><br>Cirneco dell'Etna, Hokkaido, Japanese Spitz, Kai, Keeshond (Wolfspitz), Kishu, Medium Size Spitzs (Mittelspitz), Miniature Spitzs (Kleinspitz), Norwegian Lundehund, Pharaoh Hound, Shiba, Shikoku <strong>Tino Pehar<\/strong>, Croatia<br>Canaan Dog, Greenland Dog, Italian Volpino, Kintamani-Bali Dog, Korea Jindo Dog, Peruvian Hairless Dogs, Taiwan Dog, Thai Bangkaew Dog, Thai Ridgeback Dog, Xoloitzcuintles <strong>Virpi Montonen<\/strong>, Norway<br><br><strong>FCI 6<\/strong><br><em>Reserve judge for FCI 6 breeds <strong>Juha Putkonen<\/strong><\/em><br>Dalmatian <strong>Ante Lucin<\/strong>, Croatia<br>Grand Basset Griffon Vend\u00e9en, Petit Basset Griffon Vend\u00e9en, Rhodesian Ridgeback <strong>Juha Putkonen<\/strong><br>Finnish Hound <strong>Tarja Kallio<\/strong><br>other <strong>Helin Tenson<\/strong><br><br><strong>FCI 7<\/strong><br><em>Reserve judge for FCI 7 breeds <strong>Riitta Niemel\u00e4<\/strong><\/em><br>English Setter, German Long-haired Pointing Dog, German Short-haired Pointing Dog, German Wire-haired Pointing Dog, Gordon Setter, Irish Red and White Setter, Irish Red Setter <strong>Branislav Rajic<\/strong>, Slovenia<br>other <strong>Riitta Niemel\u00e4<\/strong><br><br><strong>FCI 8<\/strong><br><em>Reserve judge for FCI 8 breeds <strong>Anett Finnig<\/strong><\/em><br>Curly Coated Retriever, Nederlandse Kooikerhondje <strong>Anett Finnig<\/strong><br>American Cocker Spaniel, Cocker Spaniel, Field Spaniel, Flat Coated Retriever, German Spaniel, Polish Hunting Spaniel, Russian Spaniel, Welsh Springer Spaniel, Wetterhoun <strong>Christina Daniels<\/strong>, Sweden<br>Labrador Retriever <strong>Esa Ruotsalainen<\/strong><br>Nova Scotia Duck Tolling Retriever <strong>Hans Van Den Berg<\/strong>, The Netherlands<br>American Water Spaniel, Chesapeake Bay Retriever, Clumber Spaniel, Irish Water Spaniel, Lagotto Romagnolo, Sussex Spaniel <strong>Janette Fr\u00f6berg<\/strong><br>English Springer Spaniel <strong>Juha Putkonen<\/strong><br>Golden Retriever, Portuguese Water Dog <strong>Laurent Heinesche<\/strong><br>French Water Dog, Spanish Water Dog <strong>Tiina Illukka<\/strong><br><br><strong>FCI 9<\/strong><br><em>Reserve judge for FCI 9 breeds <strong>Tino Pehar<\/strong>, Croatia<\/em><br>French Bulldog <strong>Darren Clarke<\/strong>, Great Britain<br>Coton de Tulear <strong>Janette Fr\u00f6berg<\/strong><br>Chinese Crested Dog, Kromfohrl\u00e4nder, Markiesje <strong>Juha Putkonen<\/strong><br>Cavalier King Charles Spaniel <strong>Laurent Heinesche<\/strong><br>Shih Tzu, Tibetan Spaniel <strong>Patric Ragnarson<\/strong>, Sweden<br>Chihuahuas <strong>Paula Valakari<\/strong><br>Boston Terrier, Lhasa Apso, Maltese, Papillon, Pekingese, Phal\u00e8ne, Pug, Russian Toys, Russkaja Tsvetnaja Bolonka, Tibetan Terrier <strong>Robert Kotlar<\/strong>, Hungary<br>Japanese Chin, King Charles Spaniel, Little Lion Dog, Poodles <strong>Tarmo Wallin<\/strong><br>Bichon Frise, Bolognese, Griffon Belge, Griffon Bruxellois, Havanese, Petit Braban\u00e7on <strong>Wim Wellens<\/strong>, The Netherlands<br><br><strong>FCI 10<\/strong><br><em>Reserve judge for FCI 10 breeds <strong>Tarmo Wallin<\/strong><\/em><br>Afghan Hound, Hungarian Greyhound, Polish Greyhound, Spanish Greyhound, Whippet <strong>Trond Are Karlsen<\/strong>, Norway<br>Borzoi, Saluki <strong>Wim Wellens<\/strong>, The Netherlands<br>other <strong>Erika H\u00e4kkinen<\/strong><\/p>\n\n\n\n<p>Junior Handler&nbsp;<strong>Juulia Nemlander<\/strong><br><br>Finals<br>1<strong> Charlotte H\u00f6ier<\/strong><br>2<strong> Sanna Vakkilainen<\/strong><br>3<strong> Ger Philpott<\/strong><br>4<strong> Jean-Francois Vanaken<\/strong><br>5<strong> Branislav Rajic<\/strong><br>6<strong> Helin Tenson<\/strong><br>7<strong> Riitta Niemel\u00e4<\/strong><br>8<strong> Christina Daniels<\/strong><br>9<strong> Tarmo Wallin<\/strong><br>10<strong> Erika H\u00e4kkinen<\/strong><br><br>Best junior <strong>Jussi Liimatainen<\/strong><br>Best veteran <strong>Hans Van Den Berg<\/strong><br>Best breeder group <strong>Esa Ruotsalainen<\/strong><br>Best in Show<strong> Juha Putkonen<\/strong><\/p>\n","protected":false},"excerpt":{"rendered":"<p>Update 9.1. Irish Wolfhounds will be judged by Erika H\u00e4kkinen. FCI 1Reserve judge for FCI 1 breeds Helin TensonBouvier des Ardennes, East European Shepherd, Maremma and the Abruzzes Sheepdog, Mudi, Picardy Sheepdog, Pyrenean Sheepdog, Long-haired, Pyrenean Sheepdog, Smooth-faced, Slovakian Chuvach, Tatra Shepherd Dog Anett FinnigAustralian Cattle Dog, Bouvier des Flandres, Briard, Collie Rough, Schipperke Charlotte <a href=\"https:\/\/www.showlink.fi\/shows\/tampere2026\/in-english\/judges-30-4\/\" class=\"more-link\">...jatka lukemista<span class=\"screen-reader-text\"> \"Judges 3.5. INT\"<\/span><\/a><\/p>\n","protected":false},"author":1,"featured_media":0,"parent":137,"menu_order":2,"comment_status":"closed","ping_status":"closed","template":"","meta":{"footnotes":""},"class_list":["post-169","page","type-page","status-publish","h-entry","hentry","h-as-page"],"_links":{"self":[{"href":"https:\/\/www.showlink.fi\/shows\/tampere2026\/wp-json\/wp\/v2\/pages\/169","targetHints":{"allow":["GET"]}}],"collection":[{"href":"https:\/\/www.showlink.fi\/shows\/tampere2026\/wp-json\/wp\/v2\/pages"}],"about":[{"href":"https:\/\/www.showlink.fi\/shows\/tampere2026\/wp-json\/wp\/v2\/types\/page"}],"author":[{"embeddable":true,"href":"https:\/\/www.showlink.fi\/shows\/tampere2026\/wp-json\/wp\/v2\/users\/1"}],"replies":[{"embeddable":true,"href":"https:\/\/www.showlink.fi\/shows\/tampere2026\/wp-json\/wp\/v2\/comments?post=169"}],"version-history":[{"count":14,"href":"https:\/\/www.showlink.fi\/shows\/tampere2026\/wp-json\/wp\/v2\/pages\/169\/revisions"}],"predecessor-version":[{"id":443,"href":"https:\/\/www.showlink.fi\/shows\/tampere2026\/wp-json\/wp\/v2\/pages\/169\/revisions\/443"}],"up":[{"embeddable":true,"href":"https:\/\/www.showlink.fi\/shows\/tampere2026\/wp-json\/wp\/v2\/pages\/137"}],"wp:attachment":[{"href":"https:\/\/www.showlink.fi\/shows\/tampere2026\/wp-json\/wp\/v2\/media?parent=169"}],"curies":[{"name":"wp","href":"https:\/\/api.w.org\/{rel}","templated":true}]}}