{"id":14,"date":"2019-10-09T11:15:39","date_gmt":"2019-10-09T08:15:39","guid":{"rendered":"http:\/\/www.showlink.fi\/shows\/tornio2021-tupla\/?page_id=14"},"modified":"2024-02-23T13:07:05","modified_gmt":"2024-02-23T11:07:05","slug":"tulokset","status":"publish","type":"page","link":"https:\/\/www.showlink.fi\/shows\/tornio2pvRN2024\/tulokset\/","title":{"rendered":"Tulokset"},"content":{"rendered":"\n<p>N\u00e4yttelyiss\u00e4mme on reaaliaikainen tulospalvelu.<br><br><strong>Lauantain n\u00e4yttely 24.2.2024 \u2013 FCI 2 &amp; 4 &amp; 9<\/strong><br><strong>\u00bb<\/strong> <strong><a href=\"https:\/\/tulospalvelu.kennelliitto.fi\/nayttelyt\/frmTuloksetRyhma.aspx?N=13216&amp;Lang=FIN\">Siirry n\u00e4yttelyn tuloksiin<\/a><\/strong><\/p>\n\n\n\n<p><strong>Sunnuntain n\u00e4yttely 25.2.2024 <strong>\u2013<\/strong> FCI 1 &amp; 3 &amp; 10<\/strong><br><strong>\u00bb<\/strong> <strong><a href=\"https:\/\/tulospalvelu.kennelliitto.fi\/nayttelyt\/frmTuloksetRyhma.aspx?N=13217&amp;Lang=FIN\">Siirry n\u00e4yttelyn tuloksiin<\/a><\/strong><\/p>\n\n\n\n<hr class=\"wp-block-separator has-text-color has-alpha-channel-opacity has-background\" style=\"background-color:#b8b8b836;color:#b8b8b836\"\/>\n\n\n<div class=\"wp-block-image\">\n<figure class=\"aligncenter size-full\"><a href=\"https:\/\/fi.monsterpetfood.com\/\"><img loading=\"lazy\" decoding=\"async\" width=\"1528\" height=\"716\" src=\"https:\/\/www.showlink.fi\/shows\/tornio2pvRN2024esikatselu\/wp-content\/uploads\/sites\/275\/2023\/10\/monsterbanneri.jpeg\" alt=\"\" class=\"wp-image-486\"\/><\/a><\/figure>\n<\/div>","protected":false},"excerpt":{"rendered":"<p>N\u00e4yttelyiss\u00e4mme on reaaliaikainen tulospalvelu. Lauantain n\u00e4yttely 24.2.2024 \u2013 FCI 2 &amp; 4 &amp; 9\u00bb Siirry n\u00e4yttelyn tuloksiin Sunnuntain n\u00e4yttely 25.2.2024 \u2013 FCI 1 &amp; 3 &amp; 10\u00bb Siirry n\u00e4yttelyn tuloksiin<\/p>\n","protected":false},"author":1,"featured_media":0,"parent":0,"menu_order":5,"comment_status":"closed","ping_status":"closed","template":"","meta":{"footnotes":""},"class_list":["post-14","page","type-page","status-publish","h-entry","hentry","h-as-page"],"_links":{"self":[{"href":"https:\/\/www.showlink.fi\/shows\/tornio2pvRN2024\/wp-json\/wp\/v2\/pages\/14","targetHints":{"allow":["GET"]}}],"collection":[{"href":"https:\/\/www.showlink.fi\/shows\/tornio2pvRN2024\/wp-json\/wp\/v2\/pages"}],"about":[{"href":"https:\/\/www.showlink.fi\/shows\/tornio2pvRN2024\/wp-json\/wp\/v2\/types\/page"}],"author":[{"embeddable":true,"href":"https:\/\/www.showlink.fi\/shows\/tornio2pvRN2024\/wp-json\/wp\/v2\/users\/1"}],"replies":[{"embeddable":true,"href":"https:\/\/www.showlink.fi\/shows\/tornio2pvRN2024\/wp-json\/wp\/v2\/comments?post=14"}],"version-history":[{"count":20,"href":"https:\/\/www.showlink.fi\/shows\/tornio2pvRN2024\/wp-json\/wp\/v2\/pages\/14\/revisions"}],"predecessor-version":[{"id":636,"href":"https:\/\/www.showlink.fi\/shows\/tornio2pvRN2024\/wp-json\/wp\/v2\/pages\/14\/revisions\/636"}],"wp:attachment":[{"href":"https:\/\/www.showlink.fi\/shows\/tornio2pvRN2024\/wp-json\/wp\/v2\/media?parent=14"}],"curies":[{"name":"wp","href":"https:\/\/api.w.org\/{rel}","templated":true}]}}