{"id":291,"date":"2022-02-11T17:01:42","date_gmt":"2022-02-11T15:01:42","guid":{"rendered":"https:\/\/www.showlink.fi\/shows\/torniorn2023luonnos\/?page_id=291"},"modified":"2023-11-14T16:53:46","modified_gmt":"2023-11-14T14:53:46","slug":"tuomarit-2","status":"publish","type":"page","link":"https:\/\/www.showlink.fi\/shows\/tornio2pvRN2024\/tuomarit-2\/","title":{"rendered":"Tuomarit"},"content":{"rendered":"\n<h4 class=\"wp-block-heading\">Lauantaina arvostellaan ryhm\u00e4t FCI 2, FCI 4 ja FCI 9<br>Sunnuntaina arvostellaan ryhm\u00e4t FCI 1, FCI 3 ja FCI 10<\/h4>\n\n\n\n<hr class=\"wp-block-separator has-text-color has-white-color has-alpha-channel-opacity has-white-background-color has-background\"\/>\n\n\n\n<h3 class=\"wp-block-heading\"><em>Lauantai 24.2.2024<\/em><\/h3>\n\n\n\n<p><strong>Ryhm\u00e4 2<\/strong><br>apinapinseri, bokseri, bordeauxindoggi, bullmastiffi, dobermanni, espanjanmastiffi, estrelanvuoristokoirat, hovawart, it\u00e4vallanpinseri, k\u00e4\u00e4pi\u00f6snautserit, landseer, leonberginkoira, mastiffi, napolinmastiffi, pinseri, pyreneittenkoira, pyreneittenmastiffi, snautserit, suursnautserit, ven\u00e4j\u00e4nmustaterrieri <strong>Jari Laakso<\/strong><br>aidi, alentejonkoira, appenzellinpaimenkoira, broholminkoira, bukovinankoira, cane corso, castro laboreironkoira, continental bulldog, dogo argentino, englanninbulldoggi, entlebuchinpaimenkoira, fila brasileiro, hollanninrottakoira, isosveitsinpaimenkoira, kanariandoggi, kangalinkoira, karstinpaimenkoira, kaukasiankoira, keskiaasiankoira, mallorcandoggi, newfoundlandinkoira, rottweiler, sao miguelinfila, sarplaninac, shar pei, tanskalais-ruotsalainen pihakoira, tiibetinmastiffi, tornjak, tosa, transmontano mastiff, uruguayncimarron <strong>Marjo Nyg\u00e5rd<\/strong><br>bernhardinkoirat, berninpaimenkoira, k\u00e4\u00e4pi\u00f6pinseri, tanskandoggit <strong>Veli-Pekka Kumpum\u00e4ki<\/strong><br><br><strong>Ryhm\u00e4 4<\/strong><br>lyhytkarvainen m\u00e4yr\u00e4koira <strong>Karin Bergbom<\/strong><br>pitk\u00e4karvainen m\u00e4yr\u00e4koira <strong>Ligita Zake<\/strong>, Latvia<br>muut <strong>Marjo Nyg\u00e5rd<\/strong><br><br><strong>Ryhm\u00e4 9<\/strong><br>mopsi, ranskanbulldoggi <strong>Jari Laakso<\/strong><br>markiesje, villakoirat <strong>Karin Bergbom<\/strong><br>bichon fris\u00e9, bolognese, bostoninterrieri, griffon belge, griffon bruxellois, havannankoira, japanese chin, kiinanharjakoira, kiinanpalatsikoira, kromfohrl\u00e4nder, maltankoira, petit brabancon, prahanrottakoira, ven\u00e4j\u00e4nbolonka <strong>Leila Stenlund<\/strong><br>chihuahuat <strong>Ligita Zake<\/strong>, Latvia<br>coton de tul\u00e9ar, kingcharlesinspanieli, lhasa apso, l\u00f6wchen, shih tzu, tiibetinspanieli, tiibetinterrieri, ven\u00e4j\u00e4ntoyt <strong>Maija Lehtonen<\/strong><br>cavalier kingcharlesinspanieli, papillon, phal\u00e8ne <strong>Marjo Nyg\u00e5rd<\/strong><br><br><strong>Ryhm\u00e4kilpailut<\/strong><br>FCI 2<strong> Jari Laakso<\/strong><br>FCI 4<strong> Marjo Nyg\u00e5rd<\/strong><br>FCI 9<strong> Leila Stenlund<\/strong><br>Paras juniori <strong>Ligita Zake<\/strong>, Latvia<br>Paras veteraani <strong>Ligita Zake<\/strong>, Latvia<br>Paras kasvattajaryhm\u00e4 <strong>Veli-Pekka Kumpum\u00e4ki<\/strong><br><br>Best in Show<strong> Maija Lehtonen<\/strong><\/p>\n\n\n\n<hr class=\"wp-block-separator has-text-color has-white-color has-alpha-channel-opacity has-white-background-color has-background\"\/>\n\n\n\n<h3 class=\"wp-block-heading\"><em>Sunnuntai 25.2.2024<\/em><\/h3>\n\n\n\n<p><strong>Ryhm\u00e4 1<\/strong><br>ceskoslovensky vlciak, katalonianpaimenkoira, kroatianpaimenkoira, lancashirenkarjakoira, lyhytkarvainen pyreneittenpaimenkoira, maremmano-abruzzese, picardienpaimenkoira, pieniamerikanpaimenkoira, saarlooswolfhond, schapendoes, slovakiancuvac, valkoinenpaimenkoira, welsh corgi cardigan, welsh corgi pembroke&nbsp;<strong>Jari Laakso<\/strong><br>bouvier, komondor, kuvasz, mudi, puli, muut v\u00e4rit, puli, valkoinen, pumi&nbsp;<strong>Karin Bergbom<\/strong><br>australianpaimenkoira, shetlanninlammaskoira&nbsp;<strong>Leila Stenlund<\/strong><br>pitk\u00e4karvainen collie, sile\u00e4karvainen collie&nbsp;<strong>Ligita Zake<\/strong>, Latvia<br>ardennienkarjakoira, australian t\u00f6p\u00f6h\u00e4nt\u00e4inen karjakoira, beaucenpaimenkoira \/ beauceron, etel\u00e4ven\u00e4j\u00e4nkoira, karpaattienkoira, mallorcanpaimenkoira, medimurjenkoira, owczarek podhalanski, pitk\u00e4karvainen pyreneittenpaimenkoira, polski owczarek nizinny, romanianpaimenkoira, saksanpaimenkoira, saksanpaimenkoira, pitk\u00e4karvainen, serra de airesinpaimenkoira&nbsp;<strong>Maija Lehtonen<\/strong><br>australiankarjakoira, australiankelpie, belgianpaimenkoira, groenendael, belgianpaimenkoira, laekenois, belgianpaimenkoira, malinois, belgianpaimenkoira, tervueren, bergamonpaimenkoira, bordercollie, brienpaimenkoira \/ briardi, hollanninpaimenkoira, karkeakarvainen, hollanninpaimenkoira, lyhytkarvainen, hollanninpaimenkoira, pitk\u00e4karvainen, it\u00e4euroopanpaimenkoira, partacollie, schipperke, tsekinpaimenkoira, vanhaenglanninlammaskoira&nbsp;<strong>Veli-Pekka Kumpum\u00e4ki<\/strong><\/p>\n\n\n\n<p><strong>Ryhm\u00e4 3<\/strong><br>bullterrieri, k\u00e4\u00e4pi\u00f6bullterrieri, lakelandinterrieri&nbsp;<strong>Jari Laakso<\/strong><br>brasilianterrieri, cairnterrieri, glen of imaalinterrieri, jackrussellinterrieri, norfolkinterrieri, norwichinterrieri, parsonrussellinterrieri, sealyhaminterrieri, silkkiterrieri, skotlanninterrieri, skyenterrieri, tenterfieldinterrieri, valkoinen l\u00e4nsiyl\u00e4maanterrieri&nbsp;<strong>Karin Bergbom<\/strong><br>airedalenterrieri, amerikankarvatonterrieri, amerikank\u00e4\u00e4pi\u00f6kettuterrieri, amerikanrottaterrieri, amerikanstaffordshirenterrieri, andalusianrottakoira, australianterrieri, bedlingtoninterrieri, borderterrieri, englannink\u00e4\u00e4pi\u00f6terrieri, irlanninterrieri, karkeakarvainen kettuterrieri, kerrynterrieri, sile\u00e4karvainen kettuterrieri, staffordshirenbullterrieri, walesinterrieri, vehn\u00e4terrieri&nbsp;<strong>Marjo Nyg\u00e5rd<\/strong><br>biewerterrieri, ceskyterrieri, dandiedinmontinterrieri, japaninterrieri, manchesterinterrieri, saksanmets\u00e4stysterrieri, valencianrottaterrieri, yorkshirenterrieri&nbsp;<strong>Veli-Pekka Kumpum\u00e4ki<\/strong><\/p>\n\n\n\n<p><strong>Ryhm\u00e4 10<\/strong><br>whippet&nbsp;<strong>Ligita Zake<\/strong>, Latvia<br>afgaaninvinttikoira, azawakh, englanninvinttikoira, espanjanvinttikoira, irlanninsusikoira, italianvinttikoira, puolanvinttikoira, saluki, skotlanninhirvikoira, sloughi, unkarinvinttikoira, ven\u00e4j\u00e4nvinttikoira&nbsp;<strong>Maija Lehtonen<\/strong><\/p>\n\n\n\n<p><strong>Ryhm\u00e4kilpailut<\/strong><br>FCI 1<strong>\u00a0Leila Stenlund<\/strong><br>FCI 3<strong>\u00a0Veli-Pekka Kumpum\u00e4ki<\/strong><br>FCI 10<strong>\u00a0Maija Lehtonen<\/strong><br>Paras juniori\u00a0<strong>Leila Stenlund<\/strong><br>Paras veteraani\u00a0<strong>Maija Lehtonen<\/strong><br>Paras kasvattajaryhm\u00e4\u00a0<strong>Karin Bergbom<\/strong><\/p>\n\n\n\n<p>Best in Show<strong>&nbsp;Ligita Zake<\/strong>, Latvia<\/p>\n\n\n\n<hr class=\"wp-block-separator has-text-color has-white-color has-alpha-channel-opacity has-white-background-color has-background\"\/>\n\n\n\n<hr class=\"wp-block-separator has-text-color has-alpha-channel-opacity has-background\" style=\"background-color:#b8b8b836;color:#b8b8b836\"\/>\n\n\n<div class=\"wp-block-image\">\n<figure class=\"aligncenter size-full\"><a href=\"https:\/\/fi.monsterpetfood.com\/\"><img loading=\"lazy\" decoding=\"async\" width=\"1528\" height=\"716\" src=\"https:\/\/www.showlink.fi\/shows\/tornio2pvRN2024esikatselu\/wp-content\/uploads\/sites\/275\/2023\/10\/monsterbanneri.jpeg\" alt=\"\" class=\"wp-image-486\"\/><\/a><\/figure>\n<\/div>","protected":false},"excerpt":{"rendered":"<p>Lauantaina arvostellaan ryhm\u00e4t FCI 2, FCI 4 ja FCI 9Sunnuntaina arvostellaan ryhm\u00e4t FCI 1, FCI 3 ja FCI 10 Lauantai 24.2.2024 Ryhm\u00e4 2apinapinseri, bokseri, bordeauxindoggi, bullmastiffi, dobermanni, espanjanmastiffi, estrelanvuoristokoirat, hovawart, it\u00e4vallanpinseri, k\u00e4\u00e4pi\u00f6snautserit, landseer, leonberginkoira, mastiffi, napolinmastiffi, pinseri, pyreneittenkoira, pyreneittenmastiffi, snautserit, suursnautserit, ven\u00e4j\u00e4nmustaterrieri Jari Laaksoaidi, alentejonkoira, appenzellinpaimenkoira, broholminkoira, bukovinankoira, cane corso, castro laboreironkoira, continental bulldog, dogo <a href=\"https:\/\/www.showlink.fi\/shows\/tornio2pvRN2024\/tuomarit-2\/\" class=\"more-link\">...jatka lukemista<span class=\"screen-reader-text\"> \"Tuomarit\"<\/span><\/a><\/p>\n","protected":false},"author":1,"featured_media":0,"parent":0,"menu_order":0,"comment_status":"closed","ping_status":"closed","template":"","meta":{"footnotes":""},"class_list":["post-291","page","type-page","status-publish","h-entry","hentry","h-as-page"],"_links":{"self":[{"href":"https:\/\/www.showlink.fi\/shows\/tornio2pvRN2024\/wp-json\/wp\/v2\/pages\/291","targetHints":{"allow":["GET"]}}],"collection":[{"href":"https:\/\/www.showlink.fi\/shows\/tornio2pvRN2024\/wp-json\/wp\/v2\/pages"}],"about":[{"href":"https:\/\/www.showlink.fi\/shows\/tornio2pvRN2024\/wp-json\/wp\/v2\/types\/page"}],"author":[{"embeddable":true,"href":"https:\/\/www.showlink.fi\/shows\/tornio2pvRN2024\/wp-json\/wp\/v2\/users\/1"}],"replies":[{"embeddable":true,"href":"https:\/\/www.showlink.fi\/shows\/tornio2pvRN2024\/wp-json\/wp\/v2\/comments?post=291"}],"version-history":[{"count":17,"href":"https:\/\/www.showlink.fi\/shows\/tornio2pvRN2024\/wp-json\/wp\/v2\/pages\/291\/revisions"}],"predecessor-version":[{"id":586,"href":"https:\/\/www.showlink.fi\/shows\/tornio2pvRN2024\/wp-json\/wp\/v2\/pages\/291\/revisions\/586"}],"wp:attachment":[{"href":"https:\/\/www.showlink.fi\/shows\/tornio2pvRN2024\/wp-json\/wp\/v2\/media?parent=291"}],"curies":[{"name":"wp","href":"https:\/\/api.w.org\/{rel}","templated":true}]}}