{"id":6,"date":"2019-10-09T11:14:25","date_gmt":"2019-10-09T08:14:25","guid":{"rendered":"http:\/\/www.showlink.fi\/shows\/tornio2021-tupla\/?page_id=6"},"modified":"2024-02-21T13:14:44","modified_gmt":"2024-02-21T11:14:44","slug":"tervetuloa-tornion-ryhmanayttelyihin-22-3-23-3-2020","status":"publish","type":"page","link":"https:\/\/www.showlink.fi\/shows\/tornio2pvRN2024\/","title":{"rendered":"Tervetuloa Tornion ryhm\u00e4n\u00e4yttelyihin 24. ja 25.2.2024!"},"content":{"rendered":"\n<p class=\"has-background\" style=\"background-color:#c4cfd2\"><strong><em>Tiedote 21.2.2024<\/em><\/strong><br><strong>Tornio RN, lauantai 24.2.2024<\/strong><br>Rotuja lk kaniinim\u00e4yr\u00e4koira, pk kaniinim\u00e4yr\u00e4koira, pk k\u00e4\u00e4pi\u00f6m\u00e4yr\u00e4koira, kk k\u00e4\u00e4pi\u00f6m\u00e4yr\u00e4koira ja kk m\u00e4yr\u00e4koira koskien aikatauluissa ja aikataulukirjeess\u00e4 on ollut virhe.<strong> Kyseisten rotujen tuomarimuutokset oikeuttavat maksunpalautukseen, mik\u00e4li ilmoittautuminen perutaan tuomarimuutoksesta johtuen.<\/strong><br>Rotujen tuomarimuutokset on korjattu Aikataulut-v\u00e4lilehdell\u00e4 oleviin aikatauluihin merkityiksi *-merkill\u00e4, sek\u00e4 aikataulukirjeeseen.<\/p>\n\n\n\n<p><strong>Lauantaina 24.2.2024 arvostellaan FCI:n ryhm\u00e4t 2, 4 &amp; 9<\/strong><br><strong>FCI 2<\/strong>&nbsp;- Pinserit, snautserit, molossityyppiset ja sveitsinpaimenkoirat<br><strong>FCI 4&nbsp;<\/strong>- M\u00e4yr\u00e4koirat<br><strong>FCI 9<\/strong>&nbsp;- Seurakoirat ja k\u00e4\u00e4pi\u00f6koirat<\/p>\n\n\n\n<p><strong>Sunnuntaina 25.2.2024 arvostellaan FCI:n ryhm\u00e4t 1, 3 &amp; 10<\/strong><br><strong>FCI 1<\/strong> - Lammas- ja karjakoirat (paitsi sveitsinpaimenkoirat)<br><strong>FCI 3<\/strong> - Terrierit<br><strong>FCI 10 <\/strong>- Vinttikoirat<\/p>\n\n\n\n<p>N\u00e4yttelyss\u00e4 arvostellaan my\u00f6s pennut (7 kk <em>\u2013<\/em> alle 9 kk).<\/p>\n\n\n\n<p class=\"has-black-color has-text-color has-background\" style=\"background-color:#c4cfd2\"><strong>N\u00e4yttelyn koiram\u00e4\u00e4r\u00e4 on rajoitettu 650 koiraan \/ p\u00e4iv\u00e4.<\/strong><\/p>\n\n\n\n<h4 class=\"wp-block-heading\">N\u00e4yttelypaikka<\/h4>\n\n\n\n<p><strong>Vauhtikoira Areena<\/strong><br><strong>Osoite:<\/strong> Matkailijantie 4, 95420 Tornio (sis\u00e4n\u00e4yttely)<br>HUOM! Hallin sis\u00e4l\u00e4mp\u00f6tila on noin 10 astetta.<\/p>\n\n\n\n<p>Arvostelu alkaa klo 9:00.<\/p>\n\n\n<div class=\"wp-block-image\">\n<figure class=\"aligncenter size-full is-resized\"><img loading=\"lazy\" decoding=\"async\" width=\"267\" height=\"227\" src=\"https:\/\/www.showlink.fi\/shows\/tornio2pvRN2024esikatselu\/wp-content\/uploads\/sites\/275\/2023\/11\/Tornion-Kennelkerho-pieni.jpg\" alt=\"\" class=\"wp-image-530\" style=\"aspect-ratio:1.1762114537444934;width:227px;height:auto\"\/><\/figure>\n<\/div>\n\n\n<p class=\"has-text-align-center\"><strong>J\u00e4rjest\u00e4j\u00e4: <\/strong><a href=\"https:\/\/tornionkennelkerho.net\/\">Tornion Kennelkerho<\/a><\/p>\n\n\n\n<hr class=\"wp-block-separator has-text-color has-alpha-channel-opacity has-background\" style=\"background-color:#b8b8b836;color:#b8b8b836\"\/>\n\n\n<div class=\"wp-block-image\">\n<figure class=\"aligncenter size-full\"><a href=\"https:\/\/en.monsterpetfood.com\/\"><img loading=\"lazy\" decoding=\"async\" width=\"1528\" height=\"716\" src=\"https:\/\/www.showlink.fi\/shows\/tornio2pvRN2024esikatselu\/wp-content\/uploads\/sites\/275\/2023\/10\/monsterbanneri.jpeg\" alt=\"\" class=\"wp-image-486\"\/><\/a><\/figure>\n<\/div>","protected":false},"excerpt":{"rendered":"<p>Tiedote 21.2.2024Tornio RN, lauantai 24.2.2024Rotuja lk kaniinim\u00e4yr\u00e4koira, pk kaniinim\u00e4yr\u00e4koira, pk k\u00e4\u00e4pi\u00f6m\u00e4yr\u00e4koira, kk k\u00e4\u00e4pi\u00f6m\u00e4yr\u00e4koira ja kk m\u00e4yr\u00e4koira koskien aikatauluissa ja aikataulukirjeess\u00e4 on ollut virhe. Kyseisten rotujen tuomarimuutokset oikeuttavat maksunpalautukseen, mik\u00e4li ilmoittautuminen perutaan tuomarimuutoksesta johtuen.Rotujen tuomarimuutokset on korjattu Aikataulut-v\u00e4lilehdell\u00e4 oleviin aikatauluihin merkityiksi *-merkill\u00e4, sek\u00e4 aikataulukirjeeseen. Lauantaina 24.2.2024 arvostellaan FCI:n ryhm\u00e4t 2, 4 &amp; 9FCI 2&nbsp;- Pinserit, snautserit, <a href=\"https:\/\/www.showlink.fi\/shows\/tornio2pvRN2024\/\" class=\"more-link\">...jatka lukemista<span class=\"screen-reader-text\"> \"Tervetuloa Tornion ryhm\u00e4n\u00e4yttelyihin 24. ja 25.2.2024!\"<\/span><\/a><\/p>\n","protected":false},"author":1,"featured_media":0,"parent":0,"menu_order":0,"comment_status":"closed","ping_status":"closed","template":"","meta":{"footnotes":""},"class_list":["post-6","page","type-page","status-publish","h-entry","hentry","h-as-page"],"_links":{"self":[{"href":"https:\/\/www.showlink.fi\/shows\/tornio2pvRN2024\/wp-json\/wp\/v2\/pages\/6","targetHints":{"allow":["GET"]}}],"collection":[{"href":"https:\/\/www.showlink.fi\/shows\/tornio2pvRN2024\/wp-json\/wp\/v2\/pages"}],"about":[{"href":"https:\/\/www.showlink.fi\/shows\/tornio2pvRN2024\/wp-json\/wp\/v2\/types\/page"}],"author":[{"embeddable":true,"href":"https:\/\/www.showlink.fi\/shows\/tornio2pvRN2024\/wp-json\/wp\/v2\/users\/1"}],"replies":[{"embeddable":true,"href":"https:\/\/www.showlink.fi\/shows\/tornio2pvRN2024\/wp-json\/wp\/v2\/comments?post=6"}],"version-history":[{"count":98,"href":"https:\/\/www.showlink.fi\/shows\/tornio2pvRN2024\/wp-json\/wp\/v2\/pages\/6\/revisions"}],"predecessor-version":[{"id":639,"href":"https:\/\/www.showlink.fi\/shows\/tornio2pvRN2024\/wp-json\/wp\/v2\/pages\/6\/revisions\/639"}],"wp:attachment":[{"href":"https:\/\/www.showlink.fi\/shows\/tornio2pvRN2024\/wp-json\/wp\/v2\/media?parent=6"}],"curies":[{"name":"wp","href":"https:\/\/api.w.org\/{rel}","templated":true}]}}