{"id":10,"date":"2018-10-02T13:06:42","date_gmt":"2018-10-02T10:06:42","guid":{"rendered":"http:\/\/www.showlink.fi\/shows\/hameenlinnarn2019\/?page_id=10"},"modified":"2025-12-18T14:39:00","modified_gmt":"2025-12-18T12:39:00","slug":"ilmoittautuminen","status":"publish","type":"page","link":"https:\/\/www.showlink.fi\/shows\/turkuhelarn2026\/ilmoittautuminen\/","title":{"rendered":"Ilmoittautuminen"},"content":{"rendered":"\n<p><strong>Ilmoittautuminen n\u00e4yttelyyn tulee tehd\u00e4 internetiss\u00e4.<\/strong> Ilmoittaessaan koiransa n\u00e4yttelyyn n\u00e4ytteilleasettaja sitoutuu noudattamaan Suomen Kennelliiton voimassa olevia n\u00e4yttelys\u00e4\u00e4nt\u00f6j\u00e4 ja niit\u00e4 t\u00e4ydent\u00e4vi\u00e4 ohjeita sek\u00e4 rokotusm\u00e4\u00e4r\u00e4yksi\u00e4.&nbsp; S\u00e4\u00e4nn\u00f6t l\u00f6ytyv\u00e4t&nbsp;<a href=\"http:\/\/www.kennelliitto.fi\/kennelliitto\/lomakkeet-ja-saannot\/nayttelyt\"><strong>Kennelliiton kotisivuilta<\/strong><\/a><\/p>\n\n\n\n<p><strong>Ilmoittautumiset tulee suorittaa viimeist\u00e4\u00e4n 30.3. \/ 13.4. \/ 24.4.<\/strong><\/p>\n\n\n\n<h3 class=\"wp-block-heading\"><strong>Online-ilmoittautuminen&nbsp;<\/strong><\/h3>\n\n\n\n<p>Ilmoittaudu osoitteessa&nbsp;<a href=\"http:\/\/www.showlink.fi\/\">www.showlink.fi<\/a> \u2192<strong>&nbsp;<\/strong><a href=\"http:\/\/ilmoittautuminen.kennelliitto.fi\/\"><strong>ILMOITTAUDU N\u00c4YTTELYYN<\/strong><\/a><\/p>\n\n\n\n<p>Online-ilmoittautumisesta tulee aina vahvistus s\u00e4hk\u00f6postiisi. <strong>Jos et saa vahvistusta noin tunnin sis\u00e4ll\u00e4 OTA YHTEYTT\u00c4<\/strong> info@showlink.fi s\u00e4hk\u00f6postiosoitteseen. Vain vahvistusviestin saaneet netti-ilmoittautumiset voidaan hyv\u00e4ksy\u00e4 n\u00e4yttelyyn. Tarkasta ilmoittautumisesta koirasi tiedot ja kilpailuluokka.<\/p>\n\n\n\n<p><strong>Kaikki n\u00e4yttelykutsut tullaan l\u00e4hett\u00e4m\u00e4\u00e4n s\u00e4hk\u00f6isesti.<br><\/strong>Kutsuja ei l\u00e4hetet\u00e4 postitse.<\/p>\n\n\n\n<hr class=\"wp-block-separator has-text-color has-alpha-channel-opacity has-background\" style=\"background-color:#d9d9d9;color:#d9d9d9\"\/>\n\n\n\n<h3 class=\"wp-block-heading\"><strong>Ilmoittautumismaksut&nbsp;<\/strong><\/h3>\n\n\n\n<p><strong>Ilmoittautumismaksut 30.3. menness\u00e4:&nbsp;<\/strong><br>ensimm\u00e4inen koira<strong> 40 \u20ac<\/strong><br>saman omistajan <strong>2. jne<\/strong> koira <strong>35 \u20ac<\/strong><br>pennut ja yli 10-vuotiaat veteraanit <strong>28 \u20ac<\/strong><br><br><strong>Ilmoittautumismaksut 31.3.\u201313.4. v\u00e4lisen\u00e4 aikana:<br><\/strong>ensimm\u00e4inen koira<strong> 43 \u20ac<\/strong><br>saman omistajan <strong>2. jne<\/strong> koira <strong>38 \u20ac<\/strong><br>pennut ja yli 10-vuotiaat veteraanit <strong>33 \u20ac<\/strong><br><br><strong>Ilmoittautumismaksut 14.\u201324.4. v\u00e4lisen\u00e4 aikana<\/strong>:<br><strong>55 \u20ac <\/strong>\/ koira, kaikki luokat<\/p>\n\n\n\n<hr class=\"wp-block-separator has-text-color has-alpha-channel-opacity has-background\" style=\"background-color:#d9d9d9;color:#d9d9d9\"\/>\n\n\n\n<p><strong>Ilmoittautumisia ja kasvattajaryhmi\u00e4 koskevat tiedustelut&nbsp;<\/strong><br><strong>Showlink Oy<\/strong>&nbsp; arkisin klo 11-17 puh. 09 887 30320 tai e-mail: info@showlink.fi<\/p>\n\n\n\n<p><strong><em>Mainitsethan tiedustelussasi \/ s\u00e4hk\u00f6postissasi n\u00e4yttelyn nimen sek\u00e4 koiran rekisterinumeron, jota tiedustelu koskee.<\/em><\/strong><em>&nbsp;Netti-ilmoittautumisesta tulee aina vahvistus s\u00e4hk\u00f6postiisi. Jollet saa noin tunnin sis\u00e4ll\u00e4 vahvistusta ilmoittautumisen j\u00e4lkeen, ota heti yhteytt\u00e4 asiakaspalveluumme. Tarkasta ilmoittautumisesta koirasi tiedot ja kilpailuluokka.<\/em><\/p>\n\n\n\n<h3 class=\"wp-block-heading\">Lis\u00e4tietoa<\/h3>\n\n\n\n<p>Ilmoittautumisajan p\u00e4\u00e4ttymisen j\u00e4lkeen koiraa ei voida siirt\u00e4\u00e4 toiseen luokkaan (ellei kysymyksess\u00e4 ole j\u00e4rjest\u00e4j\u00e4st\u00e4 johtuva virhe).<br>Uros, jolla ei ole normaalit kivekset saa hyl\u00e4tyn.<\/p>\n\n\n\n<p>K\u00e4ytt\u00f6- ja valioluokkaan ilmoitettaessa Kennelliitossa rekister\u00f6idyilt\u00e4 koirilta ei vaadita todistusta n\u00e4ihin luokkiin vaadittavista tuloksista. Muiden maiden rekisteriss\u00e4 olevilla koirilla on oltava valionarvotodistus ja\/tai k\u00e4ytt\u00f6luokkatodistus ilmoittautumisen liitteen\u00e4.<\/p>\n\n\n\n<p><strong>Huom!\u00a0<\/strong>Alennuksen (saman omistajan toinen jne. koira) saaminen edellytt\u00e4\u00e4 sit\u00e4, ett\u00e4 ilmoittautuminen<strong>\u00a0<\/strong>tehd\u00e4\u00e4n samalla netti-ilmoittautumiskerralla. Samaksi omistajaksi tulkitaan ilmoittautumistapahtuman ensimm\u00e4iselle koiralle ensimm\u00e4iseksi omistajaksi merkitty henkil\u00f6.<br><strong>Alennus lasketaan vain t\u00e4ysihintaisista ilmoittautumismaksuista (ei pentujen tai veteraanien maksuista)<\/strong>.<\/p>\n\n\n\n<p>Ilmoittautuminen on teht\u00e4v\u00e4 kirjallisesti - pelkk\u00e4 n\u00e4yttelymaksun suoritus ei ole ilmoittautuminen! Kirjallisen ilmoittautumisen voit tehd\u00e4 vahvistettuna netti-ilmoittautumisena.<\/p>\n\n\n\n<p><strong>Rokotusm\u00e4\u00e4r\u00e4ykset Suomen Kennelliitto-Finska Kennelklubben ry:n m\u00e4\u00e4r\u00e4ysten mukaan.<br>N\u00e4yttelyyn osallistuvan koiran tulee olla tunnistusmerkitty.<\/strong><br>Suomen lain vastasesti typistetyt koirat eiv\u00e4t saa osallistua n\u00e4yttelyyn.<\/p>\n\n\n\n<p><strong>Antidoping \u2013valvonta<\/strong><br>Dopingvalvonta koskee kaikkia Suomen Kennelliiton my\u00f6nt\u00e4mi\u00e4 n\u00e4yttelyit\u00e4, kilpailuja ja kokeita.<br>Ajankohtaisinta tietoa osoitteessa&nbsp;<a href=\"https:\/\/www.kennelliitto.fi\/koiraharrastukset\/tietoa-antidopingsaannoista-kaytanteista-ja-valvonnasta\">KENNELLIITTO \/ ANTIDOPING<\/a><\/p>\n","protected":false},"excerpt":{"rendered":"<p>Ilmoittautuminen n\u00e4yttelyyn tulee tehd\u00e4 internetiss\u00e4. Ilmoittaessaan koiransa n\u00e4yttelyyn n\u00e4ytteilleasettaja sitoutuu noudattamaan Suomen Kennelliiton voimassa olevia n\u00e4yttelys\u00e4\u00e4nt\u00f6j\u00e4 ja niit\u00e4 t\u00e4ydent\u00e4vi\u00e4 ohjeita sek\u00e4 rokotusm\u00e4\u00e4r\u00e4yksi\u00e4.&nbsp; S\u00e4\u00e4nn\u00f6t l\u00f6ytyv\u00e4t&nbsp;Kennelliiton kotisivuilta Ilmoittautumiset tulee suorittaa viimeist\u00e4\u00e4n 30.3. \/ 13.4. \/ 24.4. Online-ilmoittautuminen&nbsp; Ilmoittaudu osoitteessa&nbsp;www.showlink.fi \u2192&nbsp;ILMOITTAUDU N\u00c4YTTELYYN Online-ilmoittautumisesta tulee aina vahvistus s\u00e4hk\u00f6postiisi. Jos et saa vahvistusta noin tunnin sis\u00e4ll\u00e4 OTA YHTEYTT\u00c4 info@showlink.fi s\u00e4hk\u00f6postiosoitteseen. <a href=\"https:\/\/www.showlink.fi\/shows\/turkuhelarn2026\/ilmoittautuminen\/\" class=\"more-link\">...jatka lukemista<span class=\"screen-reader-text\"> \"Ilmoittautuminen\"<\/span><\/a><\/p>\n","protected":false},"author":1,"featured_media":0,"parent":0,"menu_order":3,"comment_status":"closed","ping_status":"closed","template":"","meta":{"footnotes":""},"class_list":["post-10","page","type-page","status-publish","h-entry","hentry","h-as-page"],"_links":{"self":[{"href":"https:\/\/www.showlink.fi\/shows\/turkuhelarn2026\/wp-json\/wp\/v2\/pages\/10","targetHints":{"allow":["GET"]}}],"collection":[{"href":"https:\/\/www.showlink.fi\/shows\/turkuhelarn2026\/wp-json\/wp\/v2\/pages"}],"about":[{"href":"https:\/\/www.showlink.fi\/shows\/turkuhelarn2026\/wp-json\/wp\/v2\/types\/page"}],"author":[{"embeddable":true,"href":"https:\/\/www.showlink.fi\/shows\/turkuhelarn2026\/wp-json\/wp\/v2\/users\/1"}],"replies":[{"embeddable":true,"href":"https:\/\/www.showlink.fi\/shows\/turkuhelarn2026\/wp-json\/wp\/v2\/comments?post=10"}],"version-history":[{"count":26,"href":"https:\/\/www.showlink.fi\/shows\/turkuhelarn2026\/wp-json\/wp\/v2\/pages\/10\/revisions"}],"predecessor-version":[{"id":316,"href":"https:\/\/www.showlink.fi\/shows\/turkuhelarn2026\/wp-json\/wp\/v2\/pages\/10\/revisions\/316"}],"wp:attachment":[{"href":"https:\/\/www.showlink.fi\/shows\/turkuhelarn2026\/wp-json\/wp\/v2\/media?parent=10"}],"curies":[{"name":"wp","href":"https:\/\/api.w.org\/{rel}","templated":true}]}}