{"id":51,"date":"2021-03-30T14:30:59","date_gmt":"2021-03-30T11:30:59","guid":{"rendered":"https:\/\/www.showlink.fi\/shows\/mynamakirn2023hyvaksyttavaksi-tark\/?page_id=51"},"modified":"2025-12-30T13:53:57","modified_gmt":"2025-12-30T11:53:57","slug":"tuomarit-lauantai","status":"publish","type":"page","link":"https:\/\/www.showlink.fi\/shows\/turkuhelarn2026\/tuomarit-lauantai\/","title":{"rendered":"Tuomarit &#8211; FCI 1, 2, 3 &amp; 5"},"content":{"rendered":"\n<p><strong>TORSTAI 14.5.2026<\/strong><\/p>\n\n\n\n<p><strong>Ryhm\u00e4 1<\/strong><br>australiankelpie, australianpaimenkoira, belgianpaimenkoirat, kuvasz&nbsp;<strong>Anders Tunold-Hanssen<\/strong>, Norja<br>hollanninpaimenkoirat, saksanpaimenkoirat&nbsp;<strong>Bjarke Sabroe<\/strong>, Tanska<br>ardennienkarjakoira, australian t\u00f6p\u00f6h\u00e4nt\u00e4inen karjakoira, australiankarjakoira, etel\u00e4ven\u00e4j\u00e4nkoira, karpaattienkoira, katalonianpaimenkoira, lancashirenkarjakoira, mallorcanpaimenkoira, maremmano-abruzzese, medimurjenkoira, picardienpaimenkoira, pieniamerikanpaimenkoira, saarlooswolfhond, valkoinenpaimenkoira, welsh corgi cardigan, welsh corgi pembroke&nbsp;<strong>Jari Laakso<\/strong><br>beaucenpaimenkoira \/ beauceron, bergamonpaimenkoira, bordercollie, bouvier, brienpaimenkoira \/ briardi, ceskoslovensky vlciak, it\u00e4euroopanpaimenkoira, komondor, kroatianpaimenkoira, pyreneittenpaimenkoirat, mudi, owczarek podhalanski, partacollie, pitk\u00e4karvainen collie, polski owczarek nizinny, pulit, pumi, romanianpaimenkoira, schapendoes, schipperke, serra de airesinpaimenkoira, shetlanninlammaskoira, sile\u00e4karvainen collie, slovakiancuvac, tsekinpaimenkoira, vanhaenglanninlammaskoira&nbsp;<strong>Robert Kotlar<\/strong>, Unkari<\/p>\n\n\n\n<p><strong>Ryhm\u00e4 2<\/strong><br>aidi, alentejonkoira, apinapinseri, fila brasileiro, hollanninrottakoira, it\u00e4vallanpinseri, k\u00e4\u00e4pi\u00f6pinseri, k\u00e4\u00e4pi\u00f6snautserit, shar pei, snautserit, tanskandoggit <strong>Anders Tunold-Hanssen<\/strong>, Norja<br>appenzellinpaimenkoira, berninpaimenkoira, bokseri, broholminkoira, bukovinankoira, cane corso, castro laboreironkoira, continental bulldog, dobermanni, dogo argentino, entlebuchinpaimenkoira, espanjanmastiffi, estrelanvuoristokoirat, isosveitsinpaimenkoira, kanariandoggi, landseer, leonberginkoira, mallorcandoggi, mastiffi, napolinmastiffi, newfoundlandinkoira, pinseri, pyreneittenkoira, pyreneittenmastiffi, rottweiler, tanskalais-ruotsalainen pihakoira, tornjak, tosa, transmontano mastiff, uruguayncimarron, ven\u00e4j\u00e4nmustaterrieri <strong>Bjarke Sabroe<\/strong>, Tanska<br>bernhardinkoirat, bordeauxindoggi, bullmastiffi, englanninbulldoggi, hovawart, kangalinkoira, karstinpaimenkoira, kaukasiankoira, keskiaasiankoira, musta romanianvuoristokoira, sao miguelinfila, sarplaninac, suursnautserit, tiibetinmastiffi <strong>Jari Laakso<\/strong><\/p>\n\n\n\n<p><strong>Ryhm\u00e4 3<\/strong><br>andalusianrottakoira, australianterrieri, bedlingtoninterrieri, biewerterrieri, brasilianterrieri, bullterrieri, dandiedinmontinterrieri, englannink\u00e4\u00e4pi\u00f6terrieri, irlanninterrieri, jackrussellinterrieri, japaninterrieri, kerrynterrieri, k\u00e4\u00e4pi\u00f6bullterrieri, norfolkinterrieri, norwichinterrieri, sealyhaminterrieri, silkkiterrieri, skotlanninterrieri, tenterfieldinterrieri, valencianrottaterrieri, valkoinen l\u00e4nsiyl\u00e4maanterrieri&nbsp;<strong>Helene Vanninen<\/strong><br>amerikankarvatonterrieri, amerikank\u00e4\u00e4pi\u00f6kettuterrieri, amerikanrottaterrieri, amerikanstaffordshirenterrieri, borderterrieri, cairnterrieri, ceskyterrieri, glen of imaalinterrieri, kettuterrierit, lakelandinterrieri, manchesterinterrieri, parsonrussellinterrieri, staffordshirenbullterrieri, walesinterrieri, vehn\u00e4terrieri&nbsp;<strong>Marja-Kaarina Salminen<\/strong><br>skyenterrieri, yorkshirenterrieri&nbsp;<strong>Robert Kotlar<\/strong>, Unkari<br>airedalenterrieri, saksanmets\u00e4stysterrieri&nbsp;<strong>Vibeke R\u00f8rdam<\/strong>, Tanska<\/p>\n\n\n\n<p><strong>Ryhm\u00e4 5<\/strong><br>alaskanmalamuutti, american eskimo dog, amerikanakita, basenji, buhund, eurasier, gr\u00f6nlanninkoira, harmaa norjanhirvikoira, hokkaidonkoira, h\u00e4lleforsinkoira, ibizanpodencot, it\u00e4siperianlaika, jakutianlaika, japaninpystykorva, j\u00e4mtlanninpystykorva, kaanaankoira, kainkoira, kanadaneskimokoira, kanarianpodenco, karjalankarhukoira, kishunkoira, koreanjindonkoira, lapinporokoira, l\u00e4nsig\u00f6\u00f6tanmaanpystykorva, l\u00e4nsisiperianlaika, meksikonkarvatonkoirat, pohjanpystykorva, ruotsinlapinkoira, samojedinkoira, siperianhusky, suomenlapinkoira, suomenpystykorva, thai ridgeback, thaimaanpystykorva, valkoinen ruotsinhirvikoira, ven\u00e4l\u00e4is-eurooppalainen laika&nbsp;<strong>Mari Lackman<\/strong><br>akita, chow chow, etnankoira, faaraokoira, islanninlammaskoira, kintamani-balinkoira, lunnikoira, musta norjanhirvikoira, musta tanskanpystykorva, perunkarvatonkoirat, portugalinpodengot, grosspitzit, keeshond, kleinspitzit, mittelspitzit, pomeranian, shiba, shikokunkoira, taiwaninkoira, tanskanpystykorva, volpino italiano&nbsp;<strong>Vibeke R\u00f8rdam<\/strong>, Tanska<\/p>\n\n\n\n<p>Ryhm\u00e4kilpailut<br>FCI 1<strong>&nbsp;Jari Laakso<\/strong><br>FCI 2<strong>&nbsp;Bjarke Sabroe<\/strong>, Tanska<br>FCI 3<strong>&nbsp;Marja-Kaarina Salminen<\/strong><br>FCI 5<strong>&nbsp;Vibeke R\u00f8rdam<\/strong>, Tanska<br><br>Paras veteraani&nbsp;<strong>Anders Tunold-Hanssen<\/strong>, Norja<br>Paras kasvattajaryhm\u00e4&nbsp;<strong>Robert Kotlar<\/strong>, Unkari<br>Paras juniori<strong>&nbsp;Anders Tunold-Hanssen<\/strong>, Norja<br>Best in Show<strong>&nbsp;Robert Kotlar<\/strong>, Unkari<strong><br><br><\/strong><\/p>\n","protected":false},"excerpt":{"rendered":"<p>TORSTAI 14.5.2026 Ryhm\u00e4 1australiankelpie, australianpaimenkoira, belgianpaimenkoirat, kuvasz&nbsp;Anders Tunold-Hanssen, Norjahollanninpaimenkoirat, saksanpaimenkoirat&nbsp;Bjarke Sabroe, Tanskaardennienkarjakoira, australian t\u00f6p\u00f6h\u00e4nt\u00e4inen karjakoira, australiankarjakoira, etel\u00e4ven\u00e4j\u00e4nkoira, karpaattienkoira, katalonianpaimenkoira, lancashirenkarjakoira, mallorcanpaimenkoira, maremmano-abruzzese, medimurjenkoira, picardienpaimenkoira, pieniamerikanpaimenkoira, saarlooswolfhond, valkoinenpaimenkoira, welsh corgi cardigan, welsh corgi pembroke&nbsp;Jari Laaksobeaucenpaimenkoira \/ beauceron, bergamonpaimenkoira, bordercollie, bouvier, brienpaimenkoira \/ briardi, ceskoslovensky vlciak, it\u00e4euroopanpaimenkoira, komondor, kroatianpaimenkoira, pyreneittenpaimenkoirat, mudi, owczarek podhalanski, partacollie, pitk\u00e4karvainen collie, polski <a href=\"https:\/\/www.showlink.fi\/shows\/turkuhelarn2026\/tuomarit-lauantai\/\" class=\"more-link\">...jatka lukemista<span class=\"screen-reader-text\"> \"Tuomarit &#8211; FCI 1, 2, 3 &amp; 5\"<\/span><\/a><\/p>\n","protected":false},"author":1,"featured_media":0,"parent":0,"menu_order":0,"comment_status":"closed","ping_status":"closed","template":"","meta":{"footnotes":""},"class_list":["post-51","page","type-page","status-publish","h-entry","hentry","h-as-page"],"_links":{"self":[{"href":"https:\/\/www.showlink.fi\/shows\/turkuhelarn2026\/wp-json\/wp\/v2\/pages\/51","targetHints":{"allow":["GET"]}}],"collection":[{"href":"https:\/\/www.showlink.fi\/shows\/turkuhelarn2026\/wp-json\/wp\/v2\/pages"}],"about":[{"href":"https:\/\/www.showlink.fi\/shows\/turkuhelarn2026\/wp-json\/wp\/v2\/types\/page"}],"author":[{"embeddable":true,"href":"https:\/\/www.showlink.fi\/shows\/turkuhelarn2026\/wp-json\/wp\/v2\/users\/1"}],"replies":[{"embeddable":true,"href":"https:\/\/www.showlink.fi\/shows\/turkuhelarn2026\/wp-json\/wp\/v2\/comments?post=51"}],"version-history":[{"count":28,"href":"https:\/\/www.showlink.fi\/shows\/turkuhelarn2026\/wp-json\/wp\/v2\/pages\/51\/revisions"}],"predecessor-version":[{"id":320,"href":"https:\/\/www.showlink.fi\/shows\/turkuhelarn2026\/wp-json\/wp\/v2\/pages\/51\/revisions\/320"}],"wp:attachment":[{"href":"https:\/\/www.showlink.fi\/shows\/turkuhelarn2026\/wp-json\/wp\/v2\/media?parent=51"}],"curies":[{"name":"wp","href":"https:\/\/api.w.org\/{rel}","templated":true}]}}