{"id":6,"date":"2018-10-02T12:56:24","date_gmt":"2018-10-02T09:56:24","guid":{"rendered":"http:\/\/www.showlink.fi\/shows\/hameenlinnarn2019\/?page_id=6"},"modified":"2026-01-14T17:35:00","modified_gmt":"2026-01-14T15:35:00","slug":"tervetuloa-hyvinkaan-ryhmanayttelyhin","status":"publish","type":"page","link":"https:\/\/www.showlink.fi\/shows\/turkuhelarn2026\/","title":{"rendered":"Tervetuloa ryhm\u00e4n\u00e4yttelyyn helatorstaina 14.5.2026 Paimioon!"},"content":{"rendered":"\n<p><strong>N\u00e4yttelypaikka:<\/strong> Liikenneturvallisuuskeskus (keh\u00e4t asfalttikent\u00e4ll\u00e4)<br><strong>Osoite:<\/strong> Ajurintie 3, Paimio<br><br>N\u00e4yttelyss\u00e4 arvostellaan <strong>FCI:n ryhm\u00e4t 1, 2, 3<\/strong>, <strong>5<\/strong><br>N\u00e4yttelyss\u00e4 arvostellaan my\u00f6s pennut (7 kk - alle 9 kk)<\/p>\n\n\n\n<p><strong>FCI 1&nbsp;<\/strong>- Lammas- ja karjakoirat (paitsi sveitsinpaimenkoirat)<br><strong>FCI 2&nbsp;<\/strong>- Pinserit, snautserit, molossityypiset ja sveitsinpaimenkoirat<br><strong>FCI 3<\/strong>&nbsp;- Terrierit<strong><br>FCI 5&nbsp;<\/strong>- Pystykorvat ja alkukantaiset koirat<strong><br><\/strong><br>J\u00e4rjest\u00e4j\u00e4: Varsinais-Suomen Kennelpiiri<\/p>\n\n\n\n<h2 class=\"wp-block-heading\">Tiedustelut<\/h2>\n\n\n\n<p><strong>Ilmoittautumisia koskevat tiedustelut<\/strong><br>Showlink Oy<br>arkisin klo 11 \u2013 17 puh. (09) 8873 0320 <br>tai email: info@showlink.fi<br><em>Mainitsethan tiedustelussasi \/ s\u00e4hk\u00f6postissasi n\u00e4yttelyn sek\u00e4 koiran rekisterinumeron, jota tiedustelu koskee.<\/em><\/p>\n\n\n\n<p><br><strong>Muut tiedustelut<\/strong><br>vskennelpiiri@gmail.com<br><br><strong>Keh\u00e4toimitsijat<\/strong><br>asa.liljeqvist@gmail.com<br>erica.nyman@utu.fi<\/p>\n\n\n\n<p><strong>Myyntipaikat<\/strong><br>jaanaylikauppila@gmail.com <\/p>\n\n\n\n<p><\/p>\n","protected":false},"excerpt":{"rendered":"<p>N\u00e4yttelypaikka: Liikenneturvallisuuskeskus (keh\u00e4t asfalttikent\u00e4ll\u00e4)Osoite: Ajurintie 3, Paimio N\u00e4yttelyss\u00e4 arvostellaan FCI:n ryhm\u00e4t 1, 2, 3, 5N\u00e4yttelyss\u00e4 arvostellaan my\u00f6s pennut (7 kk - alle 9 kk) FCI 1&nbsp;- Lammas- ja karjakoirat (paitsi sveitsinpaimenkoirat)FCI 2&nbsp;- Pinserit, snautserit, molossityypiset ja sveitsinpaimenkoiratFCI 3&nbsp;- TerrieritFCI 5&nbsp;- Pystykorvat ja alkukantaiset koiratJ\u00e4rjest\u00e4j\u00e4: Varsinais-Suomen Kennelpiiri Tiedustelut Ilmoittautumisia koskevat tiedustelutShowlink Oyarkisin klo 11 \u2013 17 <a href=\"https:\/\/www.showlink.fi\/shows\/turkuhelarn2026\/\" class=\"more-link\">...jatka lukemista<span class=\"screen-reader-text\"> \"Tervetuloa ryhm\u00e4n\u00e4yttelyyn helatorstaina 14.5.2026 Paimioon!\"<\/span><\/a><\/p>\n","protected":false},"author":1,"featured_media":0,"parent":0,"menu_order":0,"comment_status":"closed","ping_status":"closed","template":"","meta":{"footnotes":""},"class_list":["post-6","page","type-page","status-publish","h-entry","hentry","h-as-page"],"_links":{"self":[{"href":"https:\/\/www.showlink.fi\/shows\/turkuhelarn2026\/wp-json\/wp\/v2\/pages\/6","targetHints":{"allow":["GET"]}}],"collection":[{"href":"https:\/\/www.showlink.fi\/shows\/turkuhelarn2026\/wp-json\/wp\/v2\/pages"}],"about":[{"href":"https:\/\/www.showlink.fi\/shows\/turkuhelarn2026\/wp-json\/wp\/v2\/types\/page"}],"author":[{"embeddable":true,"href":"https:\/\/www.showlink.fi\/shows\/turkuhelarn2026\/wp-json\/wp\/v2\/users\/1"}],"replies":[{"embeddable":true,"href":"https:\/\/www.showlink.fi\/shows\/turkuhelarn2026\/wp-json\/wp\/v2\/comments?post=6"}],"version-history":[{"count":38,"href":"https:\/\/www.showlink.fi\/shows\/turkuhelarn2026\/wp-json\/wp\/v2\/pages\/6\/revisions"}],"predecessor-version":[{"id":322,"href":"https:\/\/www.showlink.fi\/shows\/turkuhelarn2026\/wp-json\/wp\/v2\/pages\/6\/revisions\/322"}],"wp:attachment":[{"href":"https:\/\/www.showlink.fi\/shows\/turkuhelarn2026\/wp-json\/wp\/v2\/media?parent=6"}],"curies":[{"name":"wp","href":"https:\/\/api.w.org\/{rel}","templated":true}]}}