{"id":12,"date":"2019-05-07T11:56:53","date_gmt":"2019-05-07T08:56:53","guid":{"rendered":"http:\/\/www.showlink.fi\/shows\/kauhava2019\/?page_id=12"},"modified":"2025-01-08T11:43:58","modified_gmt":"2025-01-08T09:43:58","slug":"tuomarit","status":"publish","type":"page","link":"https:\/\/www.showlink.fi\/shows\/turkukv2025\/tuomarit\/","title":{"rendered":"Tuomarit"},"content":{"rendered":"\n<p><strong>\u00bb Lauantaina 28.6. arvostellaan FCI:n ryhm\u00e4t 1, 3, 6, 8, 10<br>\u00bb Sunnuntaina 29.6. arvostellaan FCI:n ryhm\u00e4t 2, 4, 5, 7, 9<\/strong><\/p>\n\n\n\n<hr class=\"wp-block-separator has-text-color has-alpha-channel-opacity has-background\" style=\"background-color:#d0cfad14;color:#d0cfad14\"\/>\n\n\n\n<h2 class=\"wp-block-heading\"><em><mark style=\"background-color:rgba(0, 0, 0, 0);color:#bdbc63\" class=\"has-inline-color\"><mark style=\"background-color:rgba(0, 0, 0, 0);color:#bdbc63\" class=\"has-inline-color\"><\/mark><\/mark><\/em><\/h2>\n\n\n\n<h2 class=\"wp-block-heading\"><em>Lauantai<\/em><\/h2>\n\n\n<p><strong>Ryhm\u00e4 1<\/strong><br \/>bordercollie <strong>Elina Haapaniemi<\/strong><br \/>ardennienkarjakoira, belgianpaimenkoirat, etel\u00e4ven\u00e4j\u00e4nkoira, it\u00e4euroopanpaimenkoira, karpaattienkoira, katalonianpaimenkoira, komondor, kroatianpaimenkoira, mallorcanpaimenkoira, mudi, picardienpaimenkoira, pulit, pumi, romanianpaimenkoira, serra de airesinpaimenkoira, shetlanninlammaskoira <strong>Guido Sch\u00e4fer<\/strong>, Saksa<br \/>australian t\u00f6p\u00f6h\u00e4nt\u00e4inen karjakoira, australiankarjakoira, australiankelpie, saksanpaimenkoirat, sile\u00e4karvainen collie, vanhaenglanninlammaskoira, welsh corgit <strong>Janelle Robbins<\/strong>, Australia<br \/>australianpaimenkoira, pieniamerikanpaimenkoira <strong>Klaus Strack<\/strong>, Saksa<br \/>beaucenpaimenkoira, bergamonpaimenkoira, bouvier, brienpaimenkoira, ceskoslovensky vlciak, hollanninpaimenkoirat, kuvasz, lancashirenkarjakoira, maremmano-abruzzese, owczarek podhalanski, pitk\u00e4karvainen collie, pyreneittenpaimenkoirat, polski owczarek nizinny, saarlooswolfhond, schapendoes <strong>Maritha \u00d6stlund-Holmsten<\/strong>, Ruotsi<br \/>medimurjenkoira, partacollie, schipperke, slovakiancuvac, tsekinpaimenkoira, valkoinenpaimenkoira <strong>Robert Kotlar<\/strong>, Unkari<\/p>\n<p><strong>Ryhm\u00e4 3<\/strong><br \/>airedalenterrieri, amerikankarvatonterrieri, amerikank\u00e4\u00e4pi\u00f6kettuterrieri, amerikanrottaterrieri, andalusianrottakoira, australianterrieri, bullterrieri, cairnterrieri, englannink\u00e4\u00e4pi\u00f6terrieri, k\u00e4\u00e4pi\u00f6bullterrieri, manchesterinterrieri, parsonrussellinterrieri, saksanmets\u00e4stysterrieri, skotlanninterrieri, valkoinen l\u00e4nsiyl\u00e4maanterrieri <strong>Arne Foss<\/strong>, Norja<br \/>glen of imaalinterrieri, jackrussellinterrieri, staffordshirenbullterrieri <strong>Charlotta Mellin<\/strong>, Ruotsi<br \/>irlanninterrieri, vehn\u00e4terrieri <strong>Elina Haapaniemi<\/strong><br \/>amerikanstaffordshirenterrieri, karkeakarvainen kettuterrieri, sile\u00e4karvainen kettuterrieri, yorkshirenterrieri <strong>Erwin Manders<\/strong>, Alankomaat<br \/>ceskyterrieri, japaninterrieri, lakelandinterrieri, norfolkinterrieri, norwichinterrieri, sealyhaminterrieri, walesinterrieri <strong>Marjo Jaakkola<\/strong><br \/>bedlingtoninterrieri, biewerterrieri, borderterrieri, brasilianterrieri, dandiedinmontinterrieri, kerrynterrieri, silkkiterrieri, skyenterrieri, tenterfieldinterrieri, valencianrottaterrieri <strong>Robert Kotlar<\/strong>, Unkari<\/p>\n<p><strong>Ryhm\u00e4 6<\/strong><br \/>basset hound, bluetick coonhound, englanninkettukoira, grand basset griffon vend\u00e9en, harrieri, pesukarhukoira, petit basset griffon vend\u00e9en, saukkokoira, vihikoira <strong>Janelle Robbins<\/strong>, Australia<br \/>muut <strong>Tapani Pukkila<\/strong><\/p>\n<p><strong>Ryhm\u00e4 8<\/strong><br \/>amerikanvesispanieli, barbet, chesapeakelahdennoutaja, clumberinspanieli, espanjanvesikoira, friisinvesikoira, irlanninvesispanieli, kiharakarvainen noutaja, kooikerhondje, labradorinnoutaja, lagotto romagnolo, portugalinvesikoira, sussexinspanieli <strong>Axel Komorowski<\/strong>, Saksa<br \/>sile\u00e4karvainen noutaja <strong>Elina Haapaniemi<\/strong><br \/>amerikancockerspanieli, cockerspanieli, englanninspringerspanieli, fieldspanieli, walesinspringerspanieli <strong>Joel Lantz<\/strong>, Ruotsi<br \/>kultainennoutaja, novascotiannoutaja, puolanmets\u00e4stysspanieli, ven\u00e4j\u00e4nspanieli, viiri\u00e4iskoira <strong>Marjo Jaakkola<\/strong><\/p>\n<p><strong>Ryhm\u00e4 10<\/strong><br \/>afgaaninvinttikoira, whippet <strong>Arnaldo Cotugno<\/strong>, Italia<br \/>saluki <strong>Elina Haapaniemi<\/strong><br \/>azawakh, englanninvinttikoira, espanjanvinttikoira, irlanninsusikoira, italianvinttikoira, kazakh tazy, puolanvinttikoira, skotlanninhirvikoira, sloughi, unkarinvinttikoira, ven\u00e4j\u00e4nvinttikoira <strong>Klaus Strack<\/strong>, Saksa<\/p>\n<p>Junior Handler <strong>Siru Rajala<\/strong><\/p>\n<p>Ryhm\u00e4kilpailut<br \/>1<strong> Guido Sch\u00e4fer<\/strong><br \/>3<strong> Robert Kotlar<\/strong><br \/>6<strong> Arne Foss<\/strong><br \/>8<strong> Marjo Jaakkola<\/strong><br \/>10<strong> Klaus Strack <\/strong><br \/>Paras juniori <strong>Janelle Robbins<\/strong><br \/>Paras veteraani <strong>Charlotta Mellin<\/strong><br \/>Paras kasvattajaryhm\u00e4 <strong>Elina Haapaniemi<\/strong><\/p>\n\n\n<hr class=\"wp-block-separator has-text-color has-alpha-channel-opacity has-background\" style=\"background-color:#d0cfad14;color:#d0cfad14\"\/>\n\n\n\n<h2 class=\"wp-block-heading\"><em><mark style=\"background-color:rgba(0, 0, 0, 0);color:#bdbc63\" class=\"has-inline-color\"><\/mark><\/em><\/h2>\n\n\n\n<h2 class=\"wp-block-heading\"><em>Sunnuntai<\/em><\/h2>\n\n\n<p><strong>Ryhm\u00e4 2<\/strong><br \/>bullmastiffi <strong>Arnaldo Cotugno<\/strong>, Italia<br \/>berninpaimenkoira, bokseri, cane corso, ciob\u0103nesc rom\u00e2nesc corb, dobermanni, dogo argentino, espanjanmastiffi, estrelanvuoristokoirat, fila brasileiro, kanariandoggi, kaukasiankoira, keskiaasiankoira, mallorcandoggi, pyreneittenkoira, pyreneittenmastiffi, rottweiler, sarplaninac, tanskalais-ruotsalainen pihakoira, ven\u00e4j\u00e4nmustaterrieri <strong>Charlotta Mellin<\/strong>, Ruotsi<br \/>bernhardinkoirat, leonberginkoira, tiibetinmastiffi <strong>Elina Haapaniemi<\/strong><br \/>aidi, alentejonkoira, apinapinseri, bukovinankoira, castro laboreironkoira, continental bulldog, englanninbulldoggi, hollanninrottakoira, it\u00e4vallanpinseri, kangalinkoira, karstinpaimenkoira, k\u00e4\u00e4pi\u00f6pinseri, k\u00e4\u00e4pi\u00f6snautserit, pinseri, sao miguelinfila, tornjak, tosa, transmontano mastiff, uruguayncimarron <strong>Guido Sch\u00e4fer<\/strong>, Saksa<br \/>landseer, snautserit, suursnautserit <strong>Janelle Robbins<\/strong>, Australia<br \/>tanskandoggit <strong>Joel Lantz<\/strong>, Ruotsi<br \/>hovawart <strong>Maritha \u00d6stlund-Holmsten<\/strong>, Ruotsi<br \/>appenzellinpaimenkoira, bordeauxindoggi, broholminkoira, entlebuchinpaimenkoira, isosveitsinpaimenkoira, mastiffi, napolinmastiffi, newfoundlandinkoira, shar pei <strong>Marjo Jaakkola<\/strong><\/p>\n<p><strong>Ryhm\u00e4 4<\/strong><br \/>karkeakarvaiset m\u00e4yr\u00e4koirat, lyhytkarvaiset m\u00e4yr\u00e4koirat <strong>Axel Komorowski<\/strong>, Saksa<br \/>pitk\u00e4karvaiset m\u00e4yr\u00e4koirat <strong>Robert Kotlar<\/strong>, Unkari<\/p>\n<p><strong>Ryhm\u00e4 5<\/strong><br \/>akita, alaskanmalamuutti, amerikanakita, etnankoira, kanarianpodenco, koreanjindonkoira, samojedinkoira, shiba, taiwaninkoira, volpino italiano <strong>Arnaldo Cotugno<\/strong>, Italia<br \/>chow chow <strong>Elina Haapaniemi<\/strong><br \/>ibizanpodencot, portugalinpodengot <strong>Guido Sch\u00e4fer<\/strong>, Saksa<br \/>keeshond <strong>Janelle Robbins<\/strong>, Australia<br \/>basenji, eurasier, faaraokoira, hokkaidonkoira, jakutianlaika, kaanaankoira, kainkoira, kishunkoira, meksikonkarvatonkoirat, perunkarvatonkoirat, shikokunkoira, siperianhusky, thai ridgeback, thaimaanpystykorva <strong>Klaus Strack<\/strong>, Saksa<br \/>buhund, gr\u00f6nlanninkoira, islanninlammaskoira, lunnikoira <strong>Maritha \u00d6stlund-Holmsten<\/strong>, Ruotsi<br \/>grosspitzit, japaninpystykorva, kleinspitzit, mittelspitzit, pomeranian <strong>Siru Rajala<\/strong><br \/>american eskimo dog, harmaa norjanhirvikoira, h\u00e4lleforsinkoira, it\u00e4siperianlaika, j\u00e4mtlanninpystykorva, kanadaneskimokoira, karjalankarhukoira, kintamani-balinkoira, lapinporokoira, l\u00e4nsig\u00f6\u00f6tanmaanpystykorva, l\u00e4nsisiperianlaika, musta norjanhirvikoira, musta tanskanpystykorva, pohjanpystykorva, ruotsinlapinkoira, suomenlapinkoira, suomenpystykorva, tanskanpystykorva, valkoinen ruotsinhirvikoira, ven\u00e4l\u00e4is-eurooppalainen laika <strong>Tapani Pukkila<\/strong><\/p>\n<p><strong>Ryhm\u00e4 7<\/strong><br \/>bretoni, burgosinseisoja, picardienspanieli, pienim\u00fcnsterinseisoja, pont-audemerinspanieli <strong>Charlotta Mellin<\/strong>, Ruotsi<br \/>gordoninsetteri, italianseisoja, karkeakarvainen saksanseisoja, lyhytkarvainen saksanseisoja, pitk\u00e4karvainen saksanseisoja, pointteri, punavalkoinen irlanninsetteri, unkarinvizslat <strong>Elina Haapaniemi<\/strong><br \/>englanninsetteri, punainen irlanninsetteri, ranskanspanieli, saint-usugenspanieli, sininenpicardienspanieli, spinone, weimarinseisojat <strong>Marjo Jaakkola<\/strong><br \/>ariegenseisoja, auvergnenseisoja, bourbonnaisinseisoja, harjaskarvainen saksanseisoja, hollanninpeltopyykoira, isom\u00fcnsterinseisoja, karkeakarvainen slovakianseisoja, korthalsingriffoni, portugalinseisoja, ranskanseisojat, saintgermaininseisoja, stabijhoun, tsekinseisoja, vanhatanskankanakoira, villakoirapointteri <strong>Tapani Pukkila<\/strong><\/p>\n<p><strong>Ryhm\u00e4 9<\/strong><br \/>villakoirat <strong>Arne Foss<\/strong>, Norja<br \/>lhasa apso, shih tzu <strong>Elina Haapaniemi<\/strong><br \/>chihuahuat, griffon belge, griffon bruxellois, japanese chin, kromfohrl\u00e4nder, maltankoira, markiesje, petit brabancon <strong>Erwin Manders<\/strong>, Alankomaat<br \/>bostoninterrieri, kiinanpalatsikoira, papillon, phal\u00e8ne, tiibetinterrieri <strong>Janelle Robbins<\/strong>, Australia<br \/>bichon fris\u00e9, l\u00f6wchen, tiibetinspanieli <strong>Joel Lantz<\/strong>, Ruotsi<br \/>kiinanharjakoira <strong>Klaus Strack<\/strong>, Saksa<br \/>coton de tul\u00e9ar, havannankoira, kingcharlesinspanieli, mopsi, prahanrottakoira, ven\u00e4j\u00e4nbolonka, ven\u00e4j\u00e4ntoyt <strong>Maritha \u00d6stlund-Holmsten<\/strong>, Ruotsi<br \/>bolognese, cavalier kingcharlesinspanieli, ranskanbulldoggi <strong>Robert Kotlar<\/strong>, Unkari<\/p>\n<p>Ryhm\u00e4kilpailut<br \/>2<strong> Maritha \u00d6stlund-Holmsten<\/strong><br \/>4<strong> Axel Komorowski<br \/><\/strong>5<strong> Arnaldo Cotugno<\/strong><br \/>7<strong> Charlotta Mellin<\/strong><br \/>9<strong> Erwin Manders<\/strong><br \/>Paras juniori <strong>Janelle Robbins<\/strong><br \/>Paras veteraani <strong>Arne Foss<\/strong><br \/>Paras kasvattajaryhm\u00e4 <strong>Robert Kotlar<\/strong><br \/>Best in Show<strong> Elina Haapaniemi<\/strong><\/p>\n<p>\u00a0<\/p>\n\n\n<p><br><br><\/p>\n","protected":false},"excerpt":{"rendered":"<p>\u00bb Lauantaina 28.6. arvostellaan FCI:n ryhm\u00e4t 1, 3, 6, 8, 10\u00bb Sunnuntaina 29.6. arvostellaan FCI:n ryhm\u00e4t 2, 4, 5, 7, 9 Lauantai Ryhm\u00e4 1bordercollie Elina &hellip;<\/p>\n","protected":false},"author":1,"featured_media":0,"parent":0,"menu_order":3,"comment_status":"closed","ping_status":"closed","template":"","meta":{"footnotes":""},"class_list":["post-12","page","type-page","status-publish","hentry"],"_links":{"self":[{"href":"https:\/\/www.showlink.fi\/shows\/turkukv2025\/wp-json\/wp\/v2\/pages\/12","targetHints":{"allow":["GET"]}}],"collection":[{"href":"https:\/\/www.showlink.fi\/shows\/turkukv2025\/wp-json\/wp\/v2\/pages"}],"about":[{"href":"https:\/\/www.showlink.fi\/shows\/turkukv2025\/wp-json\/wp\/v2\/types\/page"}],"author":[{"embeddable":true,"href":"https:\/\/www.showlink.fi\/shows\/turkukv2025\/wp-json\/wp\/v2\/users\/1"}],"replies":[{"embeddable":true,"href":"https:\/\/www.showlink.fi\/shows\/turkukv2025\/wp-json\/wp\/v2\/comments?post=12"}],"version-history":[{"count":30,"href":"https:\/\/www.showlink.fi\/shows\/turkukv2025\/wp-json\/wp\/v2\/pages\/12\/revisions"}],"predecessor-version":[{"id":541,"href":"https:\/\/www.showlink.fi\/shows\/turkukv2025\/wp-json\/wp\/v2\/pages\/12\/revisions\/541"}],"wp:attachment":[{"href":"https:\/\/www.showlink.fi\/shows\/turkukv2025\/wp-json\/wp\/v2\/media?parent=12"}],"curies":[{"name":"wp","href":"https:\/\/api.w.org\/{rel}","templated":true}]}}