{"id":48,"date":"2019-08-15T12:04:44","date_gmt":"2019-08-15T09:04:44","guid":{"rendered":"http:\/\/www.showlink.fi\/shows\/kauhava2019\/?page_id=48"},"modified":"2025-06-25T14:58:01","modified_gmt":"2025-06-25T11:58:01","slug":"tulokset","status":"publish","type":"page","link":"https:\/\/www.showlink.fi\/shows\/turkukv2025\/tulokset\/","title":{"rendered":"Tulokset"},"content":{"rendered":"\n<p>N\u00e4yttelyss\u00e4 toteutetaan reaaliaikainen tulospalvelu. <\/p>\n\n\n\n<p><strong>Lauantaina 28.6. arvostellaan FCI:n ryhm\u00e4t 1, 3, 6, 8, 10<br>Sunnuntaina 29.6. arvostellaan FCI:n ryhm\u00e4t 2, 4, 5, 7, 9<\/strong><\/p>\n\n\n\n<p><strong><a href=\"https:\/\/tulospalvelu.kennelliitto.fi\/nayttelyt\/frmTuloksetRyhma.aspx?N=13371&amp;Lang=FIN\">\u00bb <em>SIIRRY TULOKSIIN<\/em><\/a><\/strong><\/p>\n","protected":false},"excerpt":{"rendered":"<p>N\u00e4yttelyss\u00e4 toteutetaan reaaliaikainen tulospalvelu. Lauantaina 28.6. arvostellaan FCI:n ryhm\u00e4t 1, 3, 6, 8, 10Sunnuntaina 29.6. arvostellaan FCI:n ryhm\u00e4t 2, 4, 5, 7, 9 \u00bb SIIRRY &hellip;<\/p>\n","protected":false},"author":1,"featured_media":0,"parent":0,"menu_order":5,"comment_status":"closed","ping_status":"closed","template":"","meta":{"footnotes":""},"class_list":["post-48","page","type-page","status-publish","hentry"],"_links":{"self":[{"href":"https:\/\/www.showlink.fi\/shows\/turkukv2025\/wp-json\/wp\/v2\/pages\/48","targetHints":{"allow":["GET"]}}],"collection":[{"href":"https:\/\/www.showlink.fi\/shows\/turkukv2025\/wp-json\/wp\/v2\/pages"}],"about":[{"href":"https:\/\/www.showlink.fi\/shows\/turkukv2025\/wp-json\/wp\/v2\/types\/page"}],"author":[{"embeddable":true,"href":"https:\/\/www.showlink.fi\/shows\/turkukv2025\/wp-json\/wp\/v2\/users\/1"}],"replies":[{"embeddable":true,"href":"https:\/\/www.showlink.fi\/shows\/turkukv2025\/wp-json\/wp\/v2\/comments?post=48"}],"version-history":[{"count":11,"href":"https:\/\/www.showlink.fi\/shows\/turkukv2025\/wp-json\/wp\/v2\/pages\/48\/revisions"}],"predecessor-version":[{"id":560,"href":"https:\/\/www.showlink.fi\/shows\/turkukv2025\/wp-json\/wp\/v2\/pages\/48\/revisions\/560"}],"wp:attachment":[{"href":"https:\/\/www.showlink.fi\/shows\/turkukv2025\/wp-json\/wp\/v2\/media?parent=48"}],"curies":[{"name":"wp","href":"https:\/\/api.w.org\/{rel}","templated":true}]}}