{"id":18,"date":"2018-12-04T09:53:44","date_gmt":"2018-12-04T07:53:44","guid":{"rendered":"http:\/\/www.showlink.fi\/shows\/tuusulasummershow2019-malli\/?page_id=18"},"modified":"2025-01-23T14:49:05","modified_gmt":"2025-01-23T12:49:05","slug":"tuomarit","status":"publish","type":"page","link":"https:\/\/www.showlink.fi\/shows\/tuusulasummershow2025\/tuomarit\/","title":{"rendered":"Tuomarit"},"content":{"rendered":"\n<p><strong><strong>Lauantaina 5.7. arvostellaan FCI:n ryhm\u00e4t<strong>\u00a02, 4, 6, 9 ja 10<\/strong><\/strong><\/strong><br><strong><strong>Sunnuntaina 6.7. arvostellaan FCI:n ryhm\u00e4t <strong>1, 3, 5, 7 ja 8<\/strong><\/strong><\/strong><\/p>\n\n\n\n<hr class=\"wp-block-separator has-text-color has-alpha-channel-opacity has-background\" style=\"background-color:#e7e7e566;color:#e7e7e566\"\/>\n\n\n\n<h2 class=\"wp-block-heading\">Lauantai <\/h2>\n\n\n\n<p><strong>Ryhm\u00e4 2<\/strong><br><em>Varalla kaikille ryhm\u00e4 2 roduille&nbsp;<strong>Rob Douma<\/strong>, Alankomaat<\/em><br>bokseri, continental bulldog, englanninbulldoggi, k\u00e4\u00e4pi\u00f6snautserit&nbsp;<strong>Hedi Kumm<\/strong>, Viro<br>dogo argentino, k\u00e4\u00e4pi\u00f6pinseri, pinseri, pyreneittenkoira&nbsp;<strong>Leila Stenlund<\/strong><br>berninpaimenkoira, dobermanni, hovawart, rottweiler&nbsp;<strong>Perttu St\u00e5hlberg<\/strong><br>appenzellinpaimenkoira, bordeauxindoggi, broholminkoira, bullmastiffi, cane corso, entlebuchinpaimenkoira, isosveitsinpaimenkoira, kangalinkoira, karstinpaimenkoira, landseer, leonberginkoira, sarplaninac, tanskalais-ruotsalainen pihakoira, tanskandoggit <strong>Reia Leikola-Walden<\/strong><br>aidi, alentejonkoira, apinapinseri, bernhardinkoirat, bukovinankoira, castro laboreironkoira, Ciob\u0103nesc Rom\u00e2nesc Corb, espanjanmastiffi, estrelanvuoristokoirat, fila brasileiro, hollanninrottakoira, it\u00e4vallanpinseri, kanariandoggi, kaukasiankoira, keskiaasiankoira, mallorcandoggi, mastiffi, napolinmastiffi, newfoundlandinkoira, pyreneittenmastiffi, sao miguelinfila, shar pei, snautserit, suursnautserit, tiibetinmastiffi, tornjak, tosa, transmontano mastiff, uruguayncimarron, ven\u00e4j\u00e4nmustaterrieri&nbsp;<strong>Rob Douma<\/strong>, Alankomaat<br><br><strong>Ryhm\u00e4 4<\/strong><br><em>Varalla kaikille muille paitsi m\u00e4yr\u00e4koira karkeakarvainen <strong>St\u00e5hlberg Perttu<\/strong><\/em><br>kaikki rodut&nbsp;<strong>Kati Taipale<\/strong><br><br><strong>Ryhm\u00e4 6<\/strong><br><em>Varalla kaikille ryhm\u00e4 6 roduille&nbsp;<strong>Leila Stenlund<\/strong><\/em><br>basset art\u00e9sien normand, basset hound, bretagnenbassetti, briquet griffon vend\u00e9en, grand basset griffon vend\u00e9en, grand griffon vend\u00e9en, griffon bleu de gascogne, griffon fauve de bretagne, griffon nivernais, petit basset griffon vend\u00e9en&nbsp;<strong>Leila Stenlund<br><\/strong>muut <strong>Kirsi Honkanen<\/strong><br><br><strong>Ryhm\u00e4 9<\/strong><br><em>Varalla kaikille ryhm\u00e4 9 roduille&nbsp;<strong>Leila Stenlund<\/strong><\/em><br>havannankoira, maltankoira, prahanrottakoira, villakoirat <strong>Anne Klaas<\/strong>, Viro<br>bostoninterrieri, lhasa apso, ranskanbulldoggi, shih tzu&nbsp;<strong>Hedi Kumm<\/strong>, Viro<br>bichon fris\u00e9, bolognese, papillon, phal\u00e8ne, ven\u00e4j\u00e4ntoyt&nbsp;<strong>Leila Stenlund<\/strong><br>chihuahuat, kromfohrl\u00e4nder, tiibetinterrieri&nbsp;<strong>Perttu St\u00e5hlberg<\/strong><br>tiibetinspanieli&nbsp;<strong>Rob Douma<\/strong>, Alankomaat<br>cavalier kingcharlesinspanieli, coton de tul\u00e9ar, griffon belge, griffon bruxellois, japanese chin, kiinanharjakoira, kiinanpalatsikoira, kingcharlesinspanieli, l\u00f6wchen, markiesje, mopsi, petit brabancon, ven\u00e4j\u00e4nbolonka&nbsp;<strong>Tarja L\u00f6fman<\/strong><br><br><strong>Ryhm\u00e4 10<\/strong><br><em>Varalla kaikille muille paitsi ven\u00e4j\u00e4nvinttikoira <strong>Janger Nina<\/strong><\/em><br>azawakh, espanjanvinttikoira, Kazakh Tazy, puolanvinttikoira, sloughi, unkarinvinttikoira&nbsp;<strong>Kirsi Honkanen<\/strong><br>afgaaninvinttikoira, englanninvinttikoira, irlanninsusikoira, italianvinttikoira, saluki, skotlanninhirvikoira, ven\u00e4j\u00e4nvinttikoira, whippet&nbsp;<strong>Minna Puukko<\/strong><\/p>\n\n\n\n<p>Junior Handler&nbsp;<strong>Anna Juvonen<\/strong><\/p>\n\n\n\n<p><strong>Ryhm\u00e4kilpailut<\/strong><br>2<strong>&nbsp;Rob Douma<\/strong>, Alankomaat<br>4<strong>&nbsp;Kati Taipale<\/strong><br>6<strong>&nbsp;Kirsi Honkanen<\/strong><br>9<strong>&nbsp;Hedi Kumm<\/strong>, Viro<br>10<strong>&nbsp;Minna Puukko<\/strong><br>Paras juniori&nbsp;<strong>Perttu St\u00e5hlberg<\/strong><br>Paras veteraani&nbsp;<strong>Rob Douma<\/strong>, Alankomaat<br>Paras kasvattajaryhm\u00e4&nbsp;<strong>Leila Stenlund<\/strong><\/p>\n\n\n\n<hr class=\"wp-block-separator has-text-color has-alpha-channel-opacity has-background\" style=\"background-color:#e7e7e566;color:#e7e7e566\"\/>\n\n\n\n<h2 class=\"wp-block-heading\">Sunnuntai<\/h2>\n\n\n\n<p><strong>Ryhm\u00e4 1<\/strong><br><em>Varalla kaikille ryhm\u00e4 1 roduille&nbsp;<strong>Tarja L\u00f6fman<\/strong><\/em><br>belgianpaimenkoirat, bordercollie, it\u00e4euroopanpaimenkoira&nbsp;<strong>Perttu St\u00e5hlberg<\/strong><br>pitk\u00e4karvainen collie, polski owczarek nizinny, sile\u00e4karvainen collie, welsh corgit <strong>Rob Douma<\/strong>, Alankomaat<br>ardennienkarjakoira, australian t\u00f6p\u00f6h\u00e4nt\u00e4inen karjakoira, australiankarjakoira, australianpaimenkoira, beaucenpaimenkoira, bergamonpaimenkoira, bouvier, brienpaimenkoira, etel\u00e4ven\u00e4j\u00e4nkoira, hollanninpaimenkoirat, karpaattienkoira, katalonianpaimenkoira, komondor, kroatianpaimenkoira, kuvasz, lancashirenkarjakoira, mallorcanpaimenkoira, maremmano-abruzzese, medimurjenkoira, mudi, owczarek podhalanski, partacollie, picardienpaimenkoira, pyreneittenpaimenkoirat, pulit, pumi, romanianpaimenkoira, saksanpaimenkoirat, schipperke, serra de airesinpaimenkoira, slovakiancuvac, tsekinpaimenkoira&nbsp;<strong>Tarja L\u00f6fman<\/strong><br>australiankelpie, ceskoslovensky vlciak, pieniamerikanpaimenkoira, saarlooswolfhond, schapendoes, shetlanninlammaskoira, valkoinenpaimenkoira, vanhaenglanninlammaskoira&nbsp;<strong>Tino Jalonen<\/strong><br><br><strong>Ryhm\u00e4 3<\/strong><br><em>Varalla kaikille ryhm\u00e4 3 roduille&nbsp;<strong>Nina Janger<\/strong><\/em><br>airedalenterrieri, amerikankarvatonterrieri, amerikank\u00e4\u00e4pi\u00f6kettuterrieri, amerikanrottaterrieri, amerikanstaffordshirenterrieri, australianterrieri, biewerterrieri, ceskyterrieri, glen of imaalinterrieri, irlanninterrieri, jackrussellinterrieri, japaninterrieri, norfolkinterrieri, norwichinterrieri, parsonrussellinterrieri, saksanmets\u00e4stysterrieri, silkkiterrieri, skyenterrieri, tenterfieldinterrieri, valencianrottaterrieri, valkoinen l\u00e4nsiyl\u00e4maanterrieri, yorkshirenterrieri&nbsp;<strong>Anne Klaas<\/strong>, Viro<br>andalusianrottakoira, bedlingtoninterrieri, brasilianterrieri, bullterrieri, dandiedinmontinterrieri, englannink\u00e4\u00e4pi\u00f6terrieri, k\u00e4\u00e4pi\u00f6bullterrieri, manchesterinterrieri, sealyhaminterrieri, skotlanninterrieri&nbsp;<strong>Kati Taipale<\/strong><br>borderterrieri, cairnterrieri, karkeakarvainen kettuterrieri, kerrynterrieri, lakelandinterrieri, sile\u00e4karvainen kettuterrieri, staffordshirenbullterrieri, walesinterrieri, vehn\u00e4terrieri&nbsp;<strong>Perttu St\u00e5hlberg<\/strong><br><br><strong>Ryhm\u00e4 5<\/strong><br><em>Varalla kaikille ryhm\u00e4 5 roduille&nbsp;<strong>Nina Janger<\/strong><\/em><br>grosspitz, keeshond, kleinspitz, mittelspitz, pomeranian, samojedinkoira&nbsp;<strong>Hedi Kumm<\/strong>, Viro<br>alaskanmalamuutti, amerikanakita, eurasier, hokkaidonkoira, h\u00e4lleforsinkoira, it\u00e4siperianlaika, jakutianlaika, japaninpystykorva, kainkoira, karjalankarhukoira, kintamani-balinkoira, kishunkoira, koreanjindonkoira, l\u00e4nsig\u00f6\u00f6tanmaanpystykorva, l\u00e4nsisiperianlaika, pohjanpystykorva, ruotsinlapinkoira, shiba, shikokunkoira, siperianhusky, suomenpystykorva, taiwaninkoira, tanskanpystykorva, thai ridgeback, thaimaanpystykorva, valkoinen ruotsinhirvikoira, ven\u00e4l\u00e4is-eurooppalainen laika, volpino italiano&nbsp;<strong>Kirsi Honkanen<\/strong><br>muut&nbsp;<strong>Leila Stenlund<\/strong><br><br><strong>Ryhm\u00e4 7<\/strong><br><em>Varalla kaikille ryhm\u00e4 7 roduille&nbsp;<strong>Reia Leikola-Walden<\/strong><\/em><br>kaikki rodut&nbsp;<strong>Kati Taipale<\/strong><br><br><strong>Ryhm\u00e4 8<\/strong><br><em>Varalla kaikille ryhm\u00e4 8 roduille&nbsp;<strong>Perttu St\u00e5hlberg<\/strong><\/em><br>barbet, kiharakarvainen noutaja, kultainennoutaja&nbsp;<strong>Leila Stenlund<\/strong><br>chesapeakelahdennoutaja, novascotiannoutaja&nbsp;<strong>Perttu St\u00e5hlberg<\/strong><br>amerikancockerspanieli, amerikanvesispanieli, clumberinspanieli, cockerspanieli, englanninspringerspanieli, espanjanvesikoira, fieldspanieli, friisinvesikoira, irlanninvesispanieli, kooikerhondje, labradorinnoutaja, lagotto romagnolo, portugalinvesikoira, puolanmets\u00e4stysspanieli, sile\u00e4karvainen noutaja, sussexinspanieli, walesinspringerspanieli, ven\u00e4j\u00e4nspanieli, viiri\u00e4iskoira&nbsp;<strong>Reia Leikola-Walden<\/strong><\/p>\n\n\n\n<p>Junior Handler&nbsp;<strong>Lotta Saruaho<\/strong><\/p>\n\n\n\n<p><strong>Ryhm\u00e4kilpailut<\/strong><br>1<strong>&nbsp;Tarja L\u00f6fman<\/strong><br>3<strong>&nbsp;Anne Klaas<\/strong>, Viro<br>5<strong>&nbsp;Kirsi Honkanen<\/strong><br>7<strong>&nbsp;Kati Taipale<\/strong><br>8<strong>&nbsp;Reia Leikola-Walden<\/strong><br>Paras juniori&nbsp;<strong>Leila Stenlund<\/strong><br>Paras veteraani&nbsp;<strong>Perttu St\u00e5hlberg<\/strong><br>Paras kasvattajaryhm\u00e4&nbsp;<strong>Nina Janger<\/strong><br>Best in Show<strong>&nbsp;Leila Stenlund<\/strong><\/p>\n","protected":false},"excerpt":{"rendered":"<p>Lauantaina 5.7. arvostellaan FCI:n ryhm\u00e4t\u00a02, 4, 6, 9 ja 10Sunnuntaina 6.7. arvostellaan FCI:n ryhm\u00e4t 1, 3, 5, 7 ja 8 Lauantai Ryhm\u00e4 2Varalla kaikille ryhm\u00e4 2 roduille&nbsp;Rob Douma, Alankomaatbokseri, continental bulldog, englanninbulldoggi, k\u00e4\u00e4pi\u00f6snautserit&nbsp;Hedi Kumm, Virodogo argentino, k\u00e4\u00e4pi\u00f6pinseri, pinseri, pyreneittenkoira&nbsp;Leila Stenlundberninpaimenkoira, dobermanni, hovawart, rottweiler&nbsp;Perttu St\u00e5hlbergappenzellinpaimenkoira, bordeauxindoggi, broholminkoira, bullmastiffi, cane corso, entlebuchinpaimenkoira, isosveitsinpaimenkoira, kangalinkoira, karstinpaimenkoira, landseer, leonberginkoira, <a href=\"https:\/\/www.showlink.fi\/shows\/tuusulasummershow2025\/tuomarit\/\" class=\"more-link\">...jatka lukemista<span class=\"screen-reader-text\"> \"Tuomarit\"<\/span><\/a><\/p>\n","protected":false},"author":1,"featured_media":0,"parent":0,"menu_order":3,"comment_status":"closed","ping_status":"closed","template":"","meta":{"footnotes":""},"class_list":["post-18","page","type-page","status-publish","h-entry","hentry","h-as-page"],"_links":{"self":[{"href":"https:\/\/www.showlink.fi\/shows\/tuusulasummershow2025\/wp-json\/wp\/v2\/pages\/18","targetHints":{"allow":["GET"]}}],"collection":[{"href":"https:\/\/www.showlink.fi\/shows\/tuusulasummershow2025\/wp-json\/wp\/v2\/pages"}],"about":[{"href":"https:\/\/www.showlink.fi\/shows\/tuusulasummershow2025\/wp-json\/wp\/v2\/types\/page"}],"author":[{"embeddable":true,"href":"https:\/\/www.showlink.fi\/shows\/tuusulasummershow2025\/wp-json\/wp\/v2\/users\/1"}],"replies":[{"embeddable":true,"href":"https:\/\/www.showlink.fi\/shows\/tuusulasummershow2025\/wp-json\/wp\/v2\/comments?post=18"}],"version-history":[{"count":21,"href":"https:\/\/www.showlink.fi\/shows\/tuusulasummershow2025\/wp-json\/wp\/v2\/pages\/18\/revisions"}],"predecessor-version":[{"id":298,"href":"https:\/\/www.showlink.fi\/shows\/tuusulasummershow2025\/wp-json\/wp\/v2\/pages\/18\/revisions\/298"}],"wp:attachment":[{"href":"https:\/\/www.showlink.fi\/shows\/tuusulasummershow2025\/wp-json\/wp\/v2\/media?parent=18"}],"curies":[{"name":"wp","href":"https:\/\/api.w.org\/{rel}","templated":true}]}}