{"id":49,"date":"2018-12-04T10:54:31","date_gmt":"2018-12-04T08:54:31","guid":{"rendered":"http:\/\/www.showlink.fi\/shows\/tuusulasummershow2019-malli\/?page_id=49"},"modified":"2025-01-23T14:47:57","modified_gmt":"2025-01-23T12:47:57","slug":"judges","status":"publish","type":"page","link":"https:\/\/www.showlink.fi\/shows\/tuusulasummershow2025\/in-english\/judges\/","title":{"rendered":"Judges"},"content":{"rendered":"\n<p><strong>On Saturday 5.7. FCI groups 2, 4, 6, 9 and 10<\/strong><br><strong>On Sunday 6.7. FCI groups 1, 3, 5, 7 and 8<\/strong><\/p>\n\n\n\n<hr class=\"wp-block-separator has-text-color has-alpha-channel-opacity has-background\" style=\"background-color:#e7e7e566;color:#e7e7e566\"\/>\n\n\n\n<h2 class=\"wp-block-heading\">Saturday<\/h2>\n\n\n\n<p><strong>Group 2<\/strong><br><em>Reserve judge for all breeds in group 2&nbsp;<strong>Rob Douma<\/strong>, The Netherlands<\/em><br>Boxer, Bulldog, Continental Bulldog, Miniature Schnauzers&nbsp;<strong>Hedi Kumm<\/strong>, Estonia<br>Dogo Argentino, German Pinscher, Miniature Pinscher, Pyrenean Mountain Dog&nbsp;<strong>Leila Stenlund<\/strong><br>Bernese Mountain Dog, Dobermann, Hovawart, Rottweiler&nbsp;<strong>Perttu St\u00e5hlberg<\/strong><br>Appenzell Cattle Dog, Broholmer, Bullmastiff, Danish-Swedish Farmdog, Dogue de Bordeaux, Entlebuch Cattle Dog, Great Danes, Great Swiss Mountain Dog, Italian Cane Corso, Kangal Shepherd Dog, Karst Shepherd Dog, Landseer (European Continental Type), Leonberger, Yugoslavian Shepherd Dog - Sharplanina&nbsp;<strong>Reia Leikola-Walden<\/strong><br>Affenpinscher, Atlas Mountain Dog (Aidi), Austrian Pinscher, Castro Laboreiro Dog, Caucasian Shepherd Dog, Central Asia Shepherd Dog, Cimarr\u00f3n Uruguayo, Dutch Smoushond, Estrela Mountain Dogs, Fila Brasileiro, Giant Schnauzers, Majorca Mastiff, Mastiff, Neapolitan Mastiff, Newfoundland, Presa Canario, Pyrenean Mastiff, Rafeiro of Alentejo, Romanian Bucovina Shepherd, Russian Black Terrier, Saint Miguel Cattle Dog, Schnauzers, Shar Pei, Spanish Mastiff, St. Bernards, Tibetan Mastiff, Tornjak (Bosnian And Herzegovinian - Croatian Shepherd Dog), Tosa, Transmontano Mastiff&nbsp;<strong>Rob Douma<\/strong>, The Netherlands<\/p>\n\n\n\n<p><strong>Group 4<\/strong><br><em>Reserve judge for all breeds except for Standard Dachshund, Wire-haired<\/em><strong><em>&nbsp;St\u00e5hlberg Perttu<\/em><\/strong><br>all breeds <strong>Kati Taipale<\/strong><\/p>\n\n\n\n<p><strong>Group 6<\/strong><br><em>Reserve judge for all breeds in group<\/em> <em>6&nbsp;<strong>Leila Stenlund<\/strong><\/em><br>Basset Fauve De Bretagne, Basset Hound, Blue Gascony Griffon, Briquet Griffon Vend\u00e9en, Fawn Brittany Griffon, Grand Basset Griffon Vend\u00e9en, Grand Griffon Vend\u00e9en, Griffon Nivernais, Norman Artesien Basset, Petit Basset Griffon Vend\u00e9en&nbsp;<strong>Leila Stenlund<\/strong><br>other breeds <strong>Kirsi Honkanen<\/strong><\/p>\n\n\n\n<p><strong>Group 9<\/strong><br><em>Reserve judge for all breeds in group 9 <strong>Leila Stenlund<\/strong><\/em><br>Havanese, Maltese, Poodles, Pra\u017esk\u00fd Krysar\u00edk&nbsp;<strong>Anne Klaas<\/strong>, Estonia<br>Boston Terrier, French Bulldog, Lhasa Apso, Shih Tzu&nbsp;<strong>Hedi Kumm<\/strong>, Estonia<br>Bichon Frise, Bolognese, Papillon, Phal\u00e8ne, Russian Toys <strong>Leila Stenlund<\/strong><br>Chihuahuas, Kromfohrl\u00e4nder, Tibetan Terrier&nbsp;<strong>Perttu St\u00e5hlberg<\/strong><br>Tibetan Spaniel&nbsp;<strong>Rob Douma<\/strong>, The Netherlands<br>Cavalier King Charles Spaniel, Chinese Crested Dog, Coton de Tulear, Griffon Belge, Griffon Bruxellois, Japanese Chin, King Charles Spaniel, Little Lion Dog, Markiesje, Pekingese, Petit Braban\u00e7on, Pug, Russkaja Tsvetnaja Bolonka&nbsp;<strong>Tarja L\u00f6fman<\/strong><\/p>\n\n\n\n<p><strong>Group 10<\/strong><br><em>Reserve judge for all breeds except for Borzoi\u00a0<\/em><strong><em>Nina Janger<\/em><\/strong><br>Azawakh, Hungarian Greyhound, Polish Greyhound, Sloughi, Spanish Greyhound\u00a0<strong>Kirsi Honkanen<\/strong><br>Afghan Hound, Borzoi, Deerhound, Greyhound, Irish Wolfhound, Italian Greyhound, Saluki, Whippet\u00a0<strong>Minna Puukko<\/strong><\/p>\n\n\n\n<p>Junior Handler&nbsp;<strong>Anna Juvonen<\/strong><\/p>\n\n\n\n<p><strong>Group Finals<\/strong><br>2<strong>\u00a0Rob Douma<\/strong>, The Netherlands<br>4<strong>\u00a0Kati Taipale<\/strong><br>6<strong>\u00a0Kirsi Honkanen<\/strong><br>9<strong>\u00a0Hedi Kumm<\/strong>, Estonia<br>10<strong>\u00a0Minna Puukko<\/strong><br><br>Best in Show Junior\u00a0<strong>Perttu St\u00e5hlberg<\/strong><br>Best in Show Veteran\u00a0<strong>Rob Douma<\/strong>, The Netherlands<br>Best in Show Breeders Group\u00a0<strong>Leila Stenlund<\/strong><\/p>\n\n\n\n<hr class=\"wp-block-separator has-text-color has-alpha-channel-opacity has-background\" style=\"background-color:#e7e7e566;color:#e7e7e566\"\/>\n\n\n\n<h2 class=\"wp-block-heading\">Sunday<\/h2>\n\n\n\n<p><strong>Group 1<\/strong><br><em>Reserve judge for all breeds in group 1&nbsp;<strong>Tarja L\u00f6fman<\/strong><\/em><br>Belgian Shepherd Dogs, Border Collie, East European Shepherd&nbsp;<strong>Perttu St\u00e5hlberg<\/strong><br>Collie Rough, Collie Smooth, Polish Lowland Sheepdog, Welsh Corgis&nbsp;<strong>Rob Douma<\/strong>, The Netherlands<br>Australian Cattle Dog, Australian Shepherd, Australian Stumpy Tail Cattle Dog, Bearded Collie, Bergamasco Shepherd Dog, Berger de Beauce, Bohemian Shepherd Dog, Bouvier des Ardennes, Bouvier des Flandres, Briard, Catalan Sheepdog, Croatian Shepherd Dog, Dutch Shepherd Dogs, German Shepherd Dogs, Komondor, Kuvasz, Lancashire Heeler, Majorca Shepherd Dog, Maremma and the Abruzzes Sheepdog, Mudi, Picardy Sheepdog, Portuguese Sheepdog, Pulis, Pumi, Pyrenean Sheepdogs, Romanian Carpathian Shepherd Dog, Romanian Mioritic Shepherd Dog, Schipperke, Slovakian Chuvach, Small Medimurje Dog - Medi, South Russian Shepherd Dog, Tatra Shepherd Dog&nbsp;<strong>Tarja L\u00f6fman<\/strong><br>Australian Kelpie, Czechoslovakian Wolfdog, Dutch Schapendoes, Miniature American Shepherd, Old English Sheepdog, Saarloos Wolfhond, Shetland Sheepdog, White Swiss Shepherd Dog&nbsp;<strong>Tino Jalonen<\/strong><\/p>\n\n\n\n<p><strong>Group 3<\/strong><br><em>Reserve judge for all breeds in group 3 <strong>Nina Janger<\/strong><\/em><br>Airedale Terrier, American Hairless Terrier, American Staffordshire Terrier, American Toy Fox Terrier, Australian Silky Terrier, Australian Terrier, Biewer Terrier, Cesky Terrier, German Hunting Terrier, Irish Glen Of Imaal Terrier, Irish Terrier, Jack Russell Terrier, Japanese Terrier, Norfolk Terrier, Norwich Terrier, Parson Russell Terrier, Rat Terrier, Skye Terrier, Tenterfield Terrier, Valencian Terrier, West Highland White Terrier, Yorkshire Terrier&nbsp;<strong>Anne Klaas<\/strong>, Estonia<br>Bedlington Terrier, Brazilian Terrier, Bull Terrier, Dandie Dinmont Terrier, English Toy Terrier, Manchester Terrier, Miniature Bull Terrier, Ratonero Bodeguero Andaluz, Scottish Terrier, Sealyham Terrier&nbsp;<strong>Kati Taipale<\/strong><br>Border Terrier, Cairn Terrier, Fox Terrier, Smooth-haired, Fox Terrier, Wire-haired, Irish Soft Coated Wheaten Terrier, Kerry Blue Terrier, Lakeland Terrier, Staffordshire Bull Terrier, Welsh Terrier&nbsp;<strong>Perttu St\u00e5hlberg<\/strong><\/p>\n\n\n\n<p><strong>Group 5<\/strong><br><em><em>Reserve judge for all breeds in group<\/em><\/em> <em>5 <strong>Nina Janger<\/strong><\/em><br>Grosspitz, Keeshond, Kleinspitz, Mittelspitz, Pomeranian, Samoyed&nbsp;<strong>Hedi Kumm<\/strong>, Estonia<br>Alaskan Malamute, American Akita, Danish Spitz, East Siberian Laika, Eurasian, Finnish Spitz, Hokkaido, H\u00e4lleforshund, Italian Volpino, Japanese Spitz, Kai, Karelian Bear Dog, Kintamani-Bali Dog, Kishu, Korea Jindo Dog, Norrbottenspitz, Russian-European Laika, Shiba, Shikoku, Siberian Husky, Swedish Lapphund, Swedish Vallhund, Swedish White Elkhound, Taiwan Dog, Thai Bangkaew Dog, Thai Ridgeback Dog, West Siberian Laika, Yakutian Laika&nbsp;<strong>Kirsi Honkanen<\/strong><br>other breeds&nbsp;<strong>Leila Stenlund<\/strong><\/p>\n\n\n\n<p><strong>Group 7<\/strong><br><em><em><em>Reserve judge for all breeds in group<\/em><\/em><\/em> <em>7 <strong>Reia Leikola-Walden<\/strong><\/em><br>all breeds&nbsp;<strong>Kati Taipale<\/strong><\/p>\n\n\n\n<p><strong>Group 8<\/strong><br><em><em><em>Reserve judge for all breeds in group<\/em><\/em> 8 <strong>Perttu St\u00e5hlberg<\/strong><\/em><br>Curly Coated Retriever, French Water Dog, Golden Retriever\u00a0<strong>Leila Stenlund<\/strong><br>Chesapeake Bay Retriever, Nova Scotia Duck Tolling Retriever\u00a0<strong>Perttu St\u00e5hlberg<\/strong><br>American Cocker Spaniel, American Water Spaniel, Clumber Spaniel, Cocker Spaniel, English Springer Spaniel, Field Spaniel, Flat Coated Retriever, German Spaniel, Irish Water Spaniel, Labrador Retriever, Lagotto Romagnolo, Nederlandse Kooikerhondje, Polish Hunting Spaniel, Portuguese Water Dog, Russian Spaniel, Spanish Water Dog, Sussex Spaniel, Welsh Springer Spaniel, Wetterhoun\u00a0<strong>Reia Leikola-Walden<\/strong><\/p>\n\n\n\n<p>Junior Handler&nbsp;<strong>Lotta Saruaho<\/strong><\/p>\n\n\n\n<p><strong>Group Finals<\/strong><br>1<strong>\u00a0Tarja L\u00f6fman<\/strong><br>3<strong>\u00a0Anne Klaas<\/strong>, Estonia<br>5<strong>\u00a0Kirsi Honkanen<\/strong><br>7<strong>\u00a0Kati Taipale<\/strong><br>8<strong>\u00a0Reia Leikola-Walden<\/strong><br><br>Best in Show Junior <strong>Leila Stenlund<\/strong><br>Best in Show Veteran\u00a0<strong>Perttu St\u00e5hlberg<\/strong><br>Best in Show Breeders Group\u00a0<strong>Nina Janger<\/strong><br>Best in Show<strong>\u00a0Leila Stenlund<\/strong><\/p>\n","protected":false},"excerpt":{"rendered":"<p>On Saturday 5.7. FCI groups 2, 4, 6, 9 and 10On Sunday 6.7. FCI groups 1, 3, 5, 7 and 8 Saturday Group 2Reserve judge for all breeds in group 2&nbsp;Rob Douma, The NetherlandsBoxer, Bulldog, Continental Bulldog, Miniature Schnauzers&nbsp;Hedi Kumm, EstoniaDogo Argentino, German Pinscher, Miniature Pinscher, Pyrenean Mountain Dog&nbsp;Leila StenlundBernese Mountain Dog, Dobermann, Hovawart, Rottweiler&nbsp;Perttu <a href=\"https:\/\/www.showlink.fi\/shows\/tuusulasummershow2025\/in-english\/judges\/\" class=\"more-link\">...jatka lukemista<span class=\"screen-reader-text\"> \"Judges\"<\/span><\/a><\/p>\n","protected":false},"author":1,"featured_media":0,"parent":24,"menu_order":1,"comment_status":"closed","ping_status":"closed","template":"","meta":{"footnotes":""},"class_list":["post-49","page","type-page","status-publish","h-entry","hentry","h-as-page"],"_links":{"self":[{"href":"https:\/\/www.showlink.fi\/shows\/tuusulasummershow2025\/wp-json\/wp\/v2\/pages\/49","targetHints":{"allow":["GET"]}}],"collection":[{"href":"https:\/\/www.showlink.fi\/shows\/tuusulasummershow2025\/wp-json\/wp\/v2\/pages"}],"about":[{"href":"https:\/\/www.showlink.fi\/shows\/tuusulasummershow2025\/wp-json\/wp\/v2\/types\/page"}],"author":[{"embeddable":true,"href":"https:\/\/www.showlink.fi\/shows\/tuusulasummershow2025\/wp-json\/wp\/v2\/users\/1"}],"replies":[{"embeddable":true,"href":"https:\/\/www.showlink.fi\/shows\/tuusulasummershow2025\/wp-json\/wp\/v2\/comments?post=49"}],"version-history":[{"count":15,"href":"https:\/\/www.showlink.fi\/shows\/tuusulasummershow2025\/wp-json\/wp\/v2\/pages\/49\/revisions"}],"predecessor-version":[{"id":296,"href":"https:\/\/www.showlink.fi\/shows\/tuusulasummershow2025\/wp-json\/wp\/v2\/pages\/49\/revisions\/296"}],"up":[{"embeddable":true,"href":"https:\/\/www.showlink.fi\/shows\/tuusulasummershow2025\/wp-json\/wp\/v2\/pages\/24"}],"wp:attachment":[{"href":"https:\/\/www.showlink.fi\/shows\/tuusulasummershow2025\/wp-json\/wp\/v2\/media?parent=49"}],"curies":[{"name":"wp","href":"https:\/\/api.w.org\/{rel}","templated":true}]}}