{"id":133,"date":"2018-12-10T09:51:56","date_gmt":"2018-12-10T07:51:56","guid":{"rendered":"http:\/\/www.showlink.fi\/shows\/vaasa2019\/?page_id=133"},"modified":"2025-09-23T10:56:14","modified_gmt":"2025-09-23T07:56:14","slug":"overnattning","status":"publish","type":"page","link":"https:\/\/www.showlink.fi\/shows\/vaasakv2026\/overnattning\/","title":{"rendered":"\u00d6vernattning"},"content":{"rendered":"\n<p class=\"has-medium-font-size\"><strong>Husbilar och -vagnar<\/strong><\/p>\n\n\n\n<p>Elplats till husbilar och -vagnar finns tillg\u00e4ngligt f\u00f6r en avgift om 20 \u20ac \/ dygn. Antalet platser \u00e4r begr\u00e4nsat.<\/p>\n\n\n\n<p>Platsen b\u00f6r reserveras P\u00c5 F\u00d6RHAND genom att s\u00e4nda kontaktuppgifter och ifr\u00e5gavarande bils\/vagns registernummer till adressen&nbsp;<a href=\"mailto:vaasadogshow@gmail.com\">vaasadogshow@gmail.com<\/a>&nbsp;<br>Svarsmeddelandet inneh\u00e5ller bekr\u00e4ftelse p\u00e5 plats samt betalningsuppgifter.&nbsp;<\/p>\n","protected":false},"excerpt":{"rendered":"<p>Husbilar och -vagnar Elplats till husbilar och -vagnar finns tillg\u00e4ngligt f\u00f6r en avgift om 20 \u20ac \/ dygn. Antalet platser \u00e4r begr\u00e4nsat. Platsen b\u00f6r reserveras P\u00c5 F\u00d6RHAND genom att s\u00e4nda kontaktuppgifter och ifr\u00e5gavarande bils\/vagns registernummer till adressen&nbsp;vaasadogshow@gmail.com&nbsp;Svarsmeddelandet inneh\u00e5ller bekr\u00e4ftelse p\u00e5 plats samt betalningsuppgifter.&nbsp;<\/p>\n","protected":false},"author":1,"featured_media":0,"parent":0,"menu_order":12,"comment_status":"closed","ping_status":"closed","template":"","meta":{"footnotes":""},"class_list":["post-133","page","type-page","status-publish","h-entry","hentry","h-as-page"],"_links":{"self":[{"href":"https:\/\/www.showlink.fi\/shows\/vaasakv2026\/wp-json\/wp\/v2\/pages\/133","targetHints":{"allow":["GET"]}}],"collection":[{"href":"https:\/\/www.showlink.fi\/shows\/vaasakv2026\/wp-json\/wp\/v2\/pages"}],"about":[{"href":"https:\/\/www.showlink.fi\/shows\/vaasakv2026\/wp-json\/wp\/v2\/types\/page"}],"author":[{"embeddable":true,"href":"https:\/\/www.showlink.fi\/shows\/vaasakv2026\/wp-json\/wp\/v2\/users\/1"}],"replies":[{"embeddable":true,"href":"https:\/\/www.showlink.fi\/shows\/vaasakv2026\/wp-json\/wp\/v2\/comments?post=133"}],"version-history":[{"count":28,"href":"https:\/\/www.showlink.fi\/shows\/vaasakv2026\/wp-json\/wp\/v2\/pages\/133\/revisions"}],"predecessor-version":[{"id":1294,"href":"https:\/\/www.showlink.fi\/shows\/vaasakv2026\/wp-json\/wp\/v2\/pages\/133\/revisions\/1294"}],"wp:attachment":[{"href":"https:\/\/www.showlink.fi\/shows\/vaasakv2026\/wp-json\/wp\/v2\/media?parent=133"}],"curies":[{"name":"wp","href":"https:\/\/api.w.org\/{rel}","templated":true}]}}